{"id":3451,"date":"2020-12-04T21:06:28","date_gmt":"2020-12-04T21:06:28","guid":{"rendered":"https:\/\/www.marchantschmidt.com\/field-service\/"},"modified":"2021-02-05T20:37:28","modified_gmt":"2021-02-05T20:37:28","slug":"field-service","status":"publish","type":"page","link":"https:\/\/www.marchantschmidt.com\/es\/field-service\/","title":{"rendered":"Servicio de Campo"},"content":{"rendered":"<div class=\"row\">\r\n\t<div class=\"break\">\r\n\t<\/div>\r\n<\/div>\n\n\n<div style=\"height:50px\" aria-hidden=\"true\" class=\"wp-block-spacer\"><\/div>\n\n\n\n<div class=\"wp-block-image\"><figure class=\"aligncenter size-large\"><img decoding=\"async\" width=\"700\" height=\"316\" src=\"https:\/\/www.marchantschmidt.com\/wp-content\/uploads\/2021\/01\/FIELD-SERVICE-MAIN-v2-700x316.jpg\" alt=\"\" class=\"wp-image-5108\" srcset=\"https:\/\/www.marchantschmidt.com\/wp-content\/uploads\/2021\/01\/FIELD-SERVICE-MAIN-v2-700x316.jpg 700w, https:\/\/www.marchantschmidt.com\/wp-content\/uploads\/2021\/01\/FIELD-SERVICE-MAIN-v2-250x113.jpg 250w, https:\/\/www.marchantschmidt.com\/wp-content\/uploads\/2021\/01\/FIELD-SERVICE-MAIN-v2-768x346.jpg 768w, https:\/\/www.marchantschmidt.com\/wp-content\/uploads\/2021\/01\/FIELD-SERVICE-MAIN-v2-1536x693.jpg 1536w, https:\/\/www.marchantschmidt.com\/wp-content\/uploads\/2021\/01\/FIELD-SERVICE-MAIN-v2-2048x924.jpg 2048w, https:\/\/www.marchantschmidt.com\/wp-content\/uploads\/2021\/01\/FIELD-SERVICE-MAIN-v2-120x54.jpg 120w, https:\/\/www.marchantschmidt.com\/wp-content\/uploads\/2021\/01\/FIELD-SERVICE-MAIN-v2-600x271.jpg 600w\" sizes=\"(max-width: 700px) 100vw, 700px\" \/><\/figure><\/div>\n\n\n\n<p>Marchant Schmidt est\u00e1 comprometido con la satisfacci\u00f3n del cliente. Respaldamos ese compromiso con un grupo de ingenieros y t\u00e9cnicos de servicio calificados. Proporcionan una puesta en marcha r\u00e1pida en el sitio con soporte mec\u00e1nico y el\u00e9ctrico. Nuestros t\u00e9cnicos capacitar\u00e1n a sus operadores para hacer funcionar la maquinaria de manera eficiente y diagnosticar r\u00e1pidamente las condiciones que pueden causar tiempo de inactividad. Nosotros tambi\u00e9n trabajamos contigo para establecer un programa de mantenimiento Preventivo y asegurar que el equipo se conserve en Optimas Condiciones<\/p>\n","protected":false},"excerpt":{"rendered":"Marchant Schmidt est\u00e1 comprometido con la satisfacci\u00f3n del cliente. Respaldamos ese compromiso con un grupo de ingenieros y t\u00e9cnicos de servicio calificados. Proporcionan una puesta en marcha r\u00e1pida en el sitio con soporte mec\u00e1nico y el\u00e9ctrico. Nuestros t\u00e9cnicos capacitar\u00e1n a sus operadores para hacer funcionar la maquinaria de manera eficiente y diagnosticar r\u00e1pidamente las condiciones&#8230; ","protected":false},"author":1,"featured_media":0,"parent":0,"menu_order":0,"comment_status":"open","ping_status":"open","template":"","meta":{"_acf_changed":false,"footnotes":""},"class_list":["post-3451","page","type-page","status-publish","hentry"],"acf":[],"yoast_head":"<!-- This site is optimized with the Yoast SEO plugin v27.2 - https:\/\/yoast.com\/product\/yoast-seo-wordpress\/ -->\n<title>Servicio de Campo - Marchant Schmidt<\/title>\n<meta name=\"robots\" content=\"index, follow, max-snippet:-1, max-image-preview:large, max-video-preview:-1\" \/>\n<link rel=\"canonical\" href=\"https:\/\/www.marchantschmidt.com\/es\/field-service\/\" \/>\n<meta property=\"og:locale\" content=\"es_MX\" \/>\n<meta property=\"og:type\" content=\"article\" \/>\n<meta property=\"og:title\" content=\"Servicio de Campo - Marchant Schmidt\" \/>\n<meta property=\"og:description\" content=\"Marchant Schmidt est\u00e1 comprometido con la satisfacci\u00f3n del cliente. Respaldamos ese compromiso con un grupo de ingenieros y t\u00e9cnicos de servicio calificados. Proporcionan una puesta en marcha r\u00e1pida en el sitio con soporte mec\u00e1nico y el\u00e9ctrico. Nuestros t\u00e9cnicos capacitar\u00e1n a sus operadores para hacer funcionar la maquinaria de manera eficiente y diagnosticar r\u00e1pidamente las condiciones...\" \/>\n<meta property=\"og:url\" content=\"https:\/\/www.marchantschmidt.com\/es\/field-service\/\" \/>\n<meta property=\"og:site_name\" content=\"Marchant Schmidt\" \/>\n<meta property=\"article:modified_time\" content=\"2021-02-05T20:37:28+00:00\" \/>\n<meta property=\"og:image\" content=\"https:\/\/www.marchantschmidt.com\/wp-content\/uploads\/2021\/01\/FIELD-SERVICE-MAIN-v2-700x316.jpg\" \/>\n<meta name=\"twitter:card\" content=\"summary_large_image\" \/>\n<!-- \/ Yoast SEO plugin. -->","yoast_head_json":{"title":"Servicio de Campo - Marchant Schmidt","robots":{"index":"index","follow":"follow","max-snippet":"max-snippet:-1","max-image-preview":"max-image-preview:large","max-video-preview":"max-video-preview:-1"},"canonical":"https:\/\/www.marchantschmidt.com\/es\/field-service\/","og_locale":"es_MX","og_type":"article","og_title":"Servicio de Campo - Marchant Schmidt","og_description":"Marchant Schmidt est\u00e1 comprometido con la satisfacci\u00f3n del cliente. Respaldamos ese compromiso con un grupo de ingenieros y t\u00e9cnicos de servicio calificados. Proporcionan una puesta en marcha r\u00e1pida en el sitio con soporte mec\u00e1nico y el\u00e9ctrico. Nuestros t\u00e9cnicos capacitar\u00e1n a sus operadores para hacer funcionar la maquinaria de manera eficiente y diagnosticar r\u00e1pidamente las condiciones...","og_url":"https:\/\/www.marchantschmidt.com\/es\/field-service\/","og_site_name":"Marchant Schmidt","article_modified_time":"2021-02-05T20:37:28+00:00","og_image":[{"url":"https:\/\/www.marchantschmidt.com\/wp-content\/uploads\/2021\/01\/FIELD-SERVICE-MAIN-v2-700x316.jpg","type":"","width":"","height":""}],"twitter_card":"summary_large_image","schema":{"@context":"https:\/\/schema.org","@graph":[{"@type":"WebPage","@id":"https:\/\/www.marchantschmidt.com\/es\/field-service\/","url":"https:\/\/www.marchantschmidt.com\/es\/field-service\/","name":"Servicio de Campo - Marchant Schmidt","isPartOf":{"@id":"https:\/\/www.marchantschmidt.com\/#website"},"primaryImageOfPage":{"@id":"https:\/\/www.marchantschmidt.com\/es\/field-service\/#primaryimage"},"image":{"@id":"https:\/\/www.marchantschmidt.com\/es\/field-service\/#primaryimage"},"thumbnailUrl":"https:\/\/www.marchantschmidt.com\/wp-content\/uploads\/2021\/01\/FIELD-SERVICE-MAIN-v2-700x316.jpg","datePublished":"2020-12-04T21:06:28+00:00","dateModified":"2021-02-05T20:37:28+00:00","breadcrumb":{"@id":"https:\/\/www.marchantschmidt.com\/es\/field-service\/#breadcrumb"},"inLanguage":"es","potentialAction":[{"@type":"ReadAction","target":["https:\/\/www.marchantschmidt.com\/es\/field-service\/"]}]},{"@type":"ImageObject","inLanguage":"es","@id":"https:\/\/www.marchantschmidt.com\/es\/field-service\/#primaryimage","url":"https:\/\/www.marchantschmidt.com\/wp-content\/uploads\/2021\/01\/FIELD-SERVICE-MAIN-v2-700x316.jpg","contentUrl":"https:\/\/www.marchantschmidt.com\/wp-content\/uploads\/2021\/01\/FIELD-SERVICE-MAIN-v2-700x316.jpg"},{"@type":"BreadcrumbList","@id":"https:\/\/www.marchantschmidt.com\/es\/field-service\/#breadcrumb","itemListElement":[{"@type":"ListItem","position":1,"name":"Home","item":"https:\/\/www.marchantschmidt.com\/es\/"},{"@type":"ListItem","position":2,"name":"Servicio de Campo"}]},{"@type":"WebSite","@id":"https:\/\/www.marchantschmidt.com\/#website","url":"https:\/\/www.marchantschmidt.com\/","name":"Marchant Schmidt","description":"","publisher":{"@id":"https:\/\/www.marchantschmidt.com\/#organization"},"potentialAction":[{"@type":"SearchAction","target":{"@type":"EntryPoint","urlTemplate":"https:\/\/www.marchantschmidt.com\/?s={search_term_string}"},"query-input":{"@type":"PropertyValueSpecification","valueRequired":true,"valueName":"search_term_string"}}],"inLanguage":"es"},{"@type":"Organization","@id":"https:\/\/www.marchantschmidt.com\/#organization","name":"Marchant Schmidt, Inc.","url":"https:\/\/www.marchantschmidt.com\/","logo":{"@type":"ImageObject","inLanguage":"es","@id":"https:\/\/www.marchantschmidt.com\/#\/schema\/logo\/image\/","url":"https:\/\/www.marchantschmidt.com\/wp-content\/uploads\/2019\/08\/Marchant-Schmidt-Logo-Revised.png","contentUrl":"https:\/\/www.marchantschmidt.com\/wp-content\/uploads\/2019\/08\/Marchant-Schmidt-Logo-Revised.png","width":701,"height":117,"caption":"Marchant Schmidt, Inc."},"image":{"@id":"https:\/\/www.marchantschmidt.com\/#\/schema\/logo\/image\/"}}]}},"_links":{"self":[{"href":"https:\/\/www.marchantschmidt.com\/es\/wp-json\/wp\/v2\/pages\/3451","targetHints":{"allow":["GET"]}}],"collection":[{"href":"https:\/\/www.marchantschmidt.com\/es\/wp-json\/wp\/v2\/pages"}],"about":[{"href":"https:\/\/www.marchantschmidt.com\/es\/wp-json\/wp\/v2\/types\/page"}],"author":[{"embeddable":true,"href":"https:\/\/www.marchantschmidt.com\/es\/wp-json\/wp\/v2\/users\/1"}],"replies":[{"embeddable":true,"href":"https:\/\/www.marchantschmidt.com\/es\/wp-json\/wp\/v2\/comments?post=3451"}],"version-history":[{"count":11,"href":"https:\/\/www.marchantschmidt.com\/es\/wp-json\/wp\/v2\/pages\/3451\/revisions"}],"predecessor-version":[{"id":5502,"href":"https:\/\/www.marchantschmidt.com\/es\/wp-json\/wp\/v2\/pages\/3451\/revisions\/5502"}],"wp:attachment":[{"href":"https:\/\/www.marchantschmidt.com\/es\/wp-json\/wp\/v2\/media?parent=3451"}],"curies":[{"name":"wp","href":"https:\/\/api.w.org\/{rel}","templated":true}]}}