{"id":3453,"date":"2020-12-04T21:06:38","date_gmt":"2020-12-04T21:06:38","guid":{"rendered":"https:\/\/www.marchantschmidt.com\/equipment-installation\/"},"modified":"2021-02-05T20:36:58","modified_gmt":"2021-02-05T20:36:58","slug":"equipment-installation","status":"publish","type":"page","link":"https:\/\/www.marchantschmidt.com\/es\/equipment-installation\/","title":{"rendered":"Equipo de Instalaci\u00f3n"},"content":{"rendered":"<div class=\"row\">\r\n\t<div class=\"break\">\r\n\t<\/div>\r\n<\/div>\n\n\n<div style=\"height:50px\" aria-hidden=\"true\" class=\"wp-block-spacer\"><\/div>\n\n\n\n<div class=\"wp-block-image\"><figure class=\"aligncenter size-large\"><img decoding=\"async\" width=\"700\" height=\"379\" src=\"https:\/\/www.marchantschmidt.com\/wp-content\/uploads\/2021\/01\/EQUIPMENT-INSTALLATION-MAIN-v2-700x379.jpg\" alt=\"\" class=\"wp-image-5106\" srcset=\"https:\/\/www.marchantschmidt.com\/wp-content\/uploads\/2021\/01\/EQUIPMENT-INSTALLATION-MAIN-v2-700x379.jpg 700w, https:\/\/www.marchantschmidt.com\/wp-content\/uploads\/2021\/01\/EQUIPMENT-INSTALLATION-MAIN-v2-250x135.jpg 250w, https:\/\/www.marchantschmidt.com\/wp-content\/uploads\/2021\/01\/EQUIPMENT-INSTALLATION-MAIN-v2-768x416.jpg 768w, https:\/\/www.marchantschmidt.com\/wp-content\/uploads\/2021\/01\/EQUIPMENT-INSTALLATION-MAIN-v2-1536x832.jpg 1536w, https:\/\/www.marchantschmidt.com\/wp-content\/uploads\/2021\/01\/EQUIPMENT-INSTALLATION-MAIN-v2-2048x1110.jpg 2048w, https:\/\/www.marchantschmidt.com\/wp-content\/uploads\/2021\/01\/EQUIPMENT-INSTALLATION-MAIN-v2-120x65.jpg 120w, https:\/\/www.marchantschmidt.com\/wp-content\/uploads\/2021\/01\/EQUIPMENT-INSTALLATION-MAIN-v2-600x325.jpg 600w\" sizes=\"(max-width: 700px) 100vw, 700px\" \/><\/figure><\/div>\n\n\n\n<p>Nuestro equipo de instalaci\u00f3n mec\u00e1nica se encargar\u00e1 de todos los detalles para configurar su l\u00ednea de producci\u00f3n. Desde la coordinaci\u00f3n del equipo de alquiler hasta el desmontado y la colocaci\u00f3n de maquinaria, deje que nuestros expertos se encarguen del trabajo pesado. El posicionamiento preciso de los equipos, la instalaci\u00f3n de grandes plataformas de acceso, las b\u00e1sculas de multi cabezales colgantes, la modificaci\u00f3n de transportadores y el posicionamiento de los equipos de empaque se realizan con un acabado sanitario como prioridad.<\/p>\n","protected":false},"excerpt":{"rendered":"Nuestro equipo de instalaci\u00f3n mec\u00e1nica se encargar\u00e1 de todos los detalles para configurar su l\u00ednea de producci\u00f3n. Desde la coordinaci\u00f3n del equipo de alquiler hasta el desmontado y la colocaci\u00f3n de maquinaria, deje que nuestros expertos se encarguen del trabajo pesado. El posicionamiento preciso de los equipos, la instalaci\u00f3n de grandes plataformas de acceso, las&#8230; ","protected":false},"author":1,"featured_media":0,"parent":0,"menu_order":0,"comment_status":"open","ping_status":"open","template":"","meta":{"_acf_changed":false,"footnotes":""},"class_list":["post-3453","page","type-page","status-publish","hentry"],"acf":[],"yoast_head":"<!-- This site is optimized with the Yoast SEO plugin v27.2 - https:\/\/yoast.com\/product\/yoast-seo-wordpress\/ -->\n<title>Equipo de Instalaci\u00f3n - Marchant Schmidt<\/title>\n<meta name=\"robots\" content=\"index, follow, max-snippet:-1, max-image-preview:large, max-video-preview:-1\" \/>\n<link rel=\"canonical\" href=\"https:\/\/www.marchantschmidt.com\/es\/equipment-installation\/\" \/>\n<meta property=\"og:locale\" content=\"es_MX\" \/>\n<meta property=\"og:type\" content=\"article\" \/>\n<meta property=\"og:title\" content=\"Equipo de Instalaci\u00f3n - Marchant Schmidt\" \/>\n<meta property=\"og:description\" content=\"Nuestro equipo de instalaci\u00f3n mec\u00e1nica se encargar\u00e1 de todos los detalles para configurar su l\u00ednea de producci\u00f3n. Desde la coordinaci\u00f3n del equipo de alquiler hasta el desmontado y la colocaci\u00f3n de maquinaria, deje que nuestros expertos se encarguen del trabajo pesado. El posicionamiento preciso de los equipos, la instalaci\u00f3n de grandes plataformas de acceso, las...\" \/>\n<meta property=\"og:url\" content=\"https:\/\/www.marchantschmidt.com\/es\/equipment-installation\/\" \/>\n<meta property=\"og:site_name\" content=\"Marchant Schmidt\" \/>\n<meta property=\"article:modified_time\" content=\"2021-02-05T20:36:58+00:00\" \/>\n<meta property=\"og:image\" content=\"https:\/\/www.marchantschmidt.com\/wp-content\/uploads\/2021\/01\/EQUIPMENT-INSTALLATION-MAIN-v2-700x379.jpg\" \/>\n<meta name=\"twitter:card\" content=\"summary_large_image\" \/>\n<!-- \/ Yoast SEO plugin. -->","yoast_head_json":{"title":"Equipo de Instalaci\u00f3n - Marchant Schmidt","robots":{"index":"index","follow":"follow","max-snippet":"max-snippet:-1","max-image-preview":"max-image-preview:large","max-video-preview":"max-video-preview:-1"},"canonical":"https:\/\/www.marchantschmidt.com\/es\/equipment-installation\/","og_locale":"es_MX","og_type":"article","og_title":"Equipo de Instalaci\u00f3n - Marchant Schmidt","og_description":"Nuestro equipo de instalaci\u00f3n mec\u00e1nica se encargar\u00e1 de todos los detalles para configurar su l\u00ednea de producci\u00f3n. Desde la coordinaci\u00f3n del equipo de alquiler hasta el desmontado y la colocaci\u00f3n de maquinaria, deje que nuestros expertos se encarguen del trabajo pesado. El posicionamiento preciso de los equipos, la instalaci\u00f3n de grandes plataformas de acceso, las...","og_url":"https:\/\/www.marchantschmidt.com\/es\/equipment-installation\/","og_site_name":"Marchant Schmidt","article_modified_time":"2021-02-05T20:36:58+00:00","og_image":[{"url":"https:\/\/www.marchantschmidt.com\/wp-content\/uploads\/2021\/01\/EQUIPMENT-INSTALLATION-MAIN-v2-700x379.jpg","type":"","width":"","height":""}],"twitter_card":"summary_large_image","schema":{"@context":"https:\/\/schema.org","@graph":[{"@type":"WebPage","@id":"https:\/\/www.marchantschmidt.com\/es\/equipment-installation\/","url":"https:\/\/www.marchantschmidt.com\/es\/equipment-installation\/","name":"Equipo de Instalaci\u00f3n - Marchant Schmidt","isPartOf":{"@id":"https:\/\/www.marchantschmidt.com\/#website"},"primaryImageOfPage":{"@id":"https:\/\/www.marchantschmidt.com\/es\/equipment-installation\/#primaryimage"},"image":{"@id":"https:\/\/www.marchantschmidt.com\/es\/equipment-installation\/#primaryimage"},"thumbnailUrl":"https:\/\/www.marchantschmidt.com\/wp-content\/uploads\/2021\/01\/EQUIPMENT-INSTALLATION-MAIN-v2-700x379.jpg","datePublished":"2020-12-04T21:06:38+00:00","dateModified":"2021-02-05T20:36:58+00:00","breadcrumb":{"@id":"https:\/\/www.marchantschmidt.com\/es\/equipment-installation\/#breadcrumb"},"inLanguage":"es","potentialAction":[{"@type":"ReadAction","target":["https:\/\/www.marchantschmidt.com\/es\/equipment-installation\/"]}]},{"@type":"ImageObject","inLanguage":"es","@id":"https:\/\/www.marchantschmidt.com\/es\/equipment-installation\/#primaryimage","url":"https:\/\/www.marchantschmidt.com\/wp-content\/uploads\/2021\/01\/EQUIPMENT-INSTALLATION-MAIN-v2-700x379.jpg","contentUrl":"https:\/\/www.marchantschmidt.com\/wp-content\/uploads\/2021\/01\/EQUIPMENT-INSTALLATION-MAIN-v2-700x379.jpg"},{"@type":"BreadcrumbList","@id":"https:\/\/www.marchantschmidt.com\/es\/equipment-installation\/#breadcrumb","itemListElement":[{"@type":"ListItem","position":1,"name":"Home","item":"https:\/\/www.marchantschmidt.com\/es\/"},{"@type":"ListItem","position":2,"name":"Equipo de Instalaci\u00f3n"}]},{"@type":"WebSite","@id":"https:\/\/www.marchantschmidt.com\/#website","url":"https:\/\/www.marchantschmidt.com\/","name":"Marchant Schmidt","description":"","publisher":{"@id":"https:\/\/www.marchantschmidt.com\/#organization"},"potentialAction":[{"@type":"SearchAction","target":{"@type":"EntryPoint","urlTemplate":"https:\/\/www.marchantschmidt.com\/?s={search_term_string}"},"query-input":{"@type":"PropertyValueSpecification","valueRequired":true,"valueName":"search_term_string"}}],"inLanguage":"es"},{"@type":"Organization","@id":"https:\/\/www.marchantschmidt.com\/#organization","name":"Marchant Schmidt, Inc.","url":"https:\/\/www.marchantschmidt.com\/","logo":{"@type":"ImageObject","inLanguage":"es","@id":"https:\/\/www.marchantschmidt.com\/#\/schema\/logo\/image\/","url":"https:\/\/www.marchantschmidt.com\/wp-content\/uploads\/2019\/08\/Marchant-Schmidt-Logo-Revised.png","contentUrl":"https:\/\/www.marchantschmidt.com\/wp-content\/uploads\/2019\/08\/Marchant-Schmidt-Logo-Revised.png","width":701,"height":117,"caption":"Marchant Schmidt, Inc."},"image":{"@id":"https:\/\/www.marchantschmidt.com\/#\/schema\/logo\/image\/"}}]}},"_links":{"self":[{"href":"https:\/\/www.marchantschmidt.com\/es\/wp-json\/wp\/v2\/pages\/3453","targetHints":{"allow":["GET"]}}],"collection":[{"href":"https:\/\/www.marchantschmidt.com\/es\/wp-json\/wp\/v2\/pages"}],"about":[{"href":"https:\/\/www.marchantschmidt.com\/es\/wp-json\/wp\/v2\/types\/page"}],"author":[{"embeddable":true,"href":"https:\/\/www.marchantschmidt.com\/es\/wp-json\/wp\/v2\/users\/1"}],"replies":[{"embeddable":true,"href":"https:\/\/www.marchantschmidt.com\/es\/wp-json\/wp\/v2\/comments?post=3453"}],"version-history":[{"count":6,"href":"https:\/\/www.marchantschmidt.com\/es\/wp-json\/wp\/v2\/pages\/3453\/revisions"}],"predecessor-version":[{"id":5501,"href":"https:\/\/www.marchantschmidt.com\/es\/wp-json\/wp\/v2\/pages\/3453\/revisions\/5501"}],"wp:attachment":[{"href":"https:\/\/www.marchantschmidt.com\/es\/wp-json\/wp\/v2\/media?parent=3453"}],"curies":[{"name":"wp","href":"https:\/\/api.w.org\/{rel}","templated":true}]}}