{"id":3459,"date":"2020-12-04T21:07:13","date_gmt":"2020-12-04T21:07:13","guid":{"rendered":"https:\/\/www.marchantschmidt.com\/design-engineering\/"},"modified":"2021-02-05T21:10:12","modified_gmt":"2021-02-05T21:10:12","slug":"design-engineering","status":"publish","type":"page","link":"https:\/\/www.marchantschmidt.com\/es\/design-engineering\/","title":{"rendered":"Dise\u00f1o \/ Ingenier\u00eda"},"content":{"rendered":"<div class=\"row\">\r\n\t<div class=\"break\">\r\n\t<\/div>\r\n<\/div>\n\n\n<div style=\"height:50px\" aria-hidden=\"true\" class=\"wp-block-spacer\"><\/div>\n\n\n\n<div class=\"wp-block-image\"><figure class=\"aligncenter size-large\"><img decoding=\"async\" width=\"532\" height=\"260\" src=\"https:\/\/www.marchantschmidt.com\/wp-content\/uploads\/2021\/01\/DESIGN-AND-ENGINEERING-MAIN-v2.jpg\" alt=\"\" class=\"wp-image-5104\" srcset=\"https:\/\/www.marchantschmidt.com\/wp-content\/uploads\/2021\/01\/DESIGN-AND-ENGINEERING-MAIN-v2.jpg 532w, https:\/\/www.marchantschmidt.com\/wp-content\/uploads\/2021\/01\/DESIGN-AND-ENGINEERING-MAIN-v2-250x122.jpg 250w, https:\/\/www.marchantschmidt.com\/wp-content\/uploads\/2021\/01\/DESIGN-AND-ENGINEERING-MAIN-v2-120x59.jpg 120w\" sizes=\"(max-width: 532px) 100vw, 532px\" \/><\/figure><\/div>\n\n\n\n<p>Marchant Schmidt es una organizaci\u00f3n centrada en la ingenier\u00eda. M\u00e1s del 30% de nuestro personal son ingenieros comprometidos con la tecnolog\u00eda de punta. Proporcionan soluciones completas llave en mano que integran equipos de proceso y envasado. El grupo de ingenier\u00eda de Marchant Schmidt tiene experiencia en incorporar principios de dise\u00f1o sanitario en cada art\u00edculo fabricado. Han trabajado en estrecha colaboraci\u00f3n con las agencias reguladoras en el desarrollo de dise\u00f1os de equipos de f\u00e1cil limpieza que cumplan con los complejos est\u00e1ndares 3-A y USDA Los clientes comienzan nuestro proceso con ingenier\u00eda de ventas complementaria donde conceptualizamos varios dise\u00f1os para su proyecto. Una vez que se ha creado una orden de compra, un Gerente de Proyecto lidera un equipo de ingenieros que finalizan el dise\u00f1o y definen los detalles de su equipo de proceso y empaque. Nuestro equipo de desarrollo de productos especializado a menudo participa en proyectos de clientes donde se requieren soluciones \u00fanicas.<\/p>\n","protected":false},"excerpt":{"rendered":"Marchant Schmidt es una organizaci\u00f3n centrada en la ingenier\u00eda. M\u00e1s del 30% de nuestro personal son ingenieros comprometidos con la tecnolog\u00eda de punta. Proporcionan soluciones completas llave en mano que integran equipos de proceso y envasado. El grupo de ingenier\u00eda de Marchant Schmidt tiene experiencia en incorporar principios de dise\u00f1o sanitario en cada art\u00edculo fabricado&#8230;. ","protected":false},"author":1,"featured_media":0,"parent":0,"menu_order":0,"comment_status":"open","ping_status":"open","template":"","meta":{"_acf_changed":false,"footnotes":""},"class_list":["post-3459","page","type-page","status-publish","hentry"],"acf":[],"yoast_head":"<!-- This site is optimized with the Yoast SEO plugin v27.2 - https:\/\/yoast.com\/product\/yoast-seo-wordpress\/ -->\n<title>Dise\u00f1o \/ Ingenier\u00eda - Marchant Schmidt<\/title>\n<meta name=\"robots\" content=\"index, follow, max-snippet:-1, max-image-preview:large, max-video-preview:-1\" \/>\n<link rel=\"canonical\" href=\"https:\/\/www.marchantschmidt.com\/es\/design-engineering\/\" \/>\n<meta property=\"og:locale\" content=\"es_MX\" \/>\n<meta property=\"og:type\" content=\"article\" \/>\n<meta property=\"og:title\" content=\"Dise\u00f1o \/ Ingenier\u00eda - Marchant Schmidt\" \/>\n<meta property=\"og:description\" content=\"Marchant Schmidt es una organizaci\u00f3n centrada en la ingenier\u00eda. M\u00e1s del 30% de nuestro personal son ingenieros comprometidos con la tecnolog\u00eda de punta. Proporcionan soluciones completas llave en mano que integran equipos de proceso y envasado. El grupo de ingenier\u00eda de Marchant Schmidt tiene experiencia en incorporar principios de dise\u00f1o sanitario en cada art\u00edculo fabricado....\" \/>\n<meta property=\"og:url\" content=\"https:\/\/www.marchantschmidt.com\/es\/design-engineering\/\" \/>\n<meta property=\"og:site_name\" content=\"Marchant Schmidt\" \/>\n<meta property=\"article:modified_time\" content=\"2021-02-05T21:10:12+00:00\" \/>\n<meta property=\"og:image\" content=\"https:\/\/www.marchantschmidt.com\/wp-content\/uploads\/2021\/01\/DESIGN-AND-ENGINEERING-MAIN-v2.jpg\" \/>\n<meta name=\"twitter:card\" content=\"summary_large_image\" \/>\n<meta name=\"twitter:label1\" content=\"Tiempo de lectura\" \/>\n\t<meta name=\"twitter:data1\" content=\"1 minuto\" \/>\n<!-- \/ Yoast SEO plugin. -->","yoast_head_json":{"title":"Dise\u00f1o \/ Ingenier\u00eda - Marchant Schmidt","robots":{"index":"index","follow":"follow","max-snippet":"max-snippet:-1","max-image-preview":"max-image-preview:large","max-video-preview":"max-video-preview:-1"},"canonical":"https:\/\/www.marchantschmidt.com\/es\/design-engineering\/","og_locale":"es_MX","og_type":"article","og_title":"Dise\u00f1o \/ Ingenier\u00eda - Marchant Schmidt","og_description":"Marchant Schmidt es una organizaci\u00f3n centrada en la ingenier\u00eda. M\u00e1s del 30% de nuestro personal son ingenieros comprometidos con la tecnolog\u00eda de punta. Proporcionan soluciones completas llave en mano que integran equipos de proceso y envasado. El grupo de ingenier\u00eda de Marchant Schmidt tiene experiencia en incorporar principios de dise\u00f1o sanitario en cada art\u00edculo fabricado....","og_url":"https:\/\/www.marchantschmidt.com\/es\/design-engineering\/","og_site_name":"Marchant Schmidt","article_modified_time":"2021-02-05T21:10:12+00:00","og_image":[{"url":"https:\/\/www.marchantschmidt.com\/wp-content\/uploads\/2021\/01\/DESIGN-AND-ENGINEERING-MAIN-v2.jpg","type":"","width":"","height":""}],"twitter_card":"summary_large_image","twitter_misc":{"Tiempo de lectura":"1 minuto"},"schema":{"@context":"https:\/\/schema.org","@graph":[{"@type":"WebPage","@id":"https:\/\/www.marchantschmidt.com\/es\/design-engineering\/","url":"https:\/\/www.marchantschmidt.com\/es\/design-engineering\/","name":"Dise\u00f1o \/ Ingenier\u00eda - Marchant Schmidt","isPartOf":{"@id":"https:\/\/www.marchantschmidt.com\/#website"},"primaryImageOfPage":{"@id":"https:\/\/www.marchantschmidt.com\/es\/design-engineering\/#primaryimage"},"image":{"@id":"https:\/\/www.marchantschmidt.com\/es\/design-engineering\/#primaryimage"},"thumbnailUrl":"https:\/\/www.marchantschmidt.com\/wp-content\/uploads\/2021\/01\/DESIGN-AND-ENGINEERING-MAIN-v2.jpg","datePublished":"2020-12-04T21:07:13+00:00","dateModified":"2021-02-05T21:10:12+00:00","breadcrumb":{"@id":"https:\/\/www.marchantschmidt.com\/es\/design-engineering\/#breadcrumb"},"inLanguage":"es","potentialAction":[{"@type":"ReadAction","target":["https:\/\/www.marchantschmidt.com\/es\/design-engineering\/"]}]},{"@type":"ImageObject","inLanguage":"es","@id":"https:\/\/www.marchantschmidt.com\/es\/design-engineering\/#primaryimage","url":"https:\/\/www.marchantschmidt.com\/wp-content\/uploads\/2021\/01\/DESIGN-AND-ENGINEERING-MAIN-v2.jpg","contentUrl":"https:\/\/www.marchantschmidt.com\/wp-content\/uploads\/2021\/01\/DESIGN-AND-ENGINEERING-MAIN-v2.jpg"},{"@type":"BreadcrumbList","@id":"https:\/\/www.marchantschmidt.com\/es\/design-engineering\/#breadcrumb","itemListElement":[{"@type":"ListItem","position":1,"name":"Home","item":"https:\/\/www.marchantschmidt.com\/es\/"},{"@type":"ListItem","position":2,"name":"Dise\u00f1o \/ Ingenier\u00eda"}]},{"@type":"WebSite","@id":"https:\/\/www.marchantschmidt.com\/#website","url":"https:\/\/www.marchantschmidt.com\/","name":"Marchant Schmidt","description":"","publisher":{"@id":"https:\/\/www.marchantschmidt.com\/#organization"},"potentialAction":[{"@type":"SearchAction","target":{"@type":"EntryPoint","urlTemplate":"https:\/\/www.marchantschmidt.com\/?s={search_term_string}"},"query-input":{"@type":"PropertyValueSpecification","valueRequired":true,"valueName":"search_term_string"}}],"inLanguage":"es"},{"@type":"Organization","@id":"https:\/\/www.marchantschmidt.com\/#organization","name":"Marchant Schmidt, Inc.","url":"https:\/\/www.marchantschmidt.com\/","logo":{"@type":"ImageObject","inLanguage":"es","@id":"https:\/\/www.marchantschmidt.com\/#\/schema\/logo\/image\/","url":"https:\/\/www.marchantschmidt.com\/wp-content\/uploads\/2019\/08\/Marchant-Schmidt-Logo-Revised.png","contentUrl":"https:\/\/www.marchantschmidt.com\/wp-content\/uploads\/2019\/08\/Marchant-Schmidt-Logo-Revised.png","width":701,"height":117,"caption":"Marchant Schmidt, Inc."},"image":{"@id":"https:\/\/www.marchantschmidt.com\/#\/schema\/logo\/image\/"}}]}},"_links":{"self":[{"href":"https:\/\/www.marchantschmidt.com\/es\/wp-json\/wp\/v2\/pages\/3459","targetHints":{"allow":["GET"]}}],"collection":[{"href":"https:\/\/www.marchantschmidt.com\/es\/wp-json\/wp\/v2\/pages"}],"about":[{"href":"https:\/\/www.marchantschmidt.com\/es\/wp-json\/wp\/v2\/types\/page"}],"author":[{"embeddable":true,"href":"https:\/\/www.marchantschmidt.com\/es\/wp-json\/wp\/v2\/users\/1"}],"replies":[{"embeddable":true,"href":"https:\/\/www.marchantschmidt.com\/es\/wp-json\/wp\/v2\/comments?post=3459"}],"version-history":[{"count":6,"href":"https:\/\/www.marchantschmidt.com\/es\/wp-json\/wp\/v2\/pages\/3459\/revisions"}],"predecessor-version":[{"id":5543,"href":"https:\/\/www.marchantschmidt.com\/es\/wp-json\/wp\/v2\/pages\/3459\/revisions\/5543"}],"wp:attachment":[{"href":"https:\/\/www.marchantschmidt.com\/es\/wp-json\/wp\/v2\/media?parent=3459"}],"curies":[{"name":"wp","href":"https:\/\/api.w.org\/{rel}","templated":true}]}}