{"id":3463,"date":"2020-12-04T21:07:48","date_gmt":"2020-12-04T21:07:48","guid":{"rendered":"https:\/\/www.marchantschmidt.com\/history\/"},"modified":"2021-02-05T20:38:19","modified_gmt":"2021-02-05T20:38:19","slug":"history","status":"publish","type":"page","link":"https:\/\/www.marchantschmidt.com\/es\/history\/","title":{"rendered":"Historia"},"content":{"rendered":"<div class=\"row\">\r\n\t<div class=\"break\">\r\n\t<\/div>\r\n<\/div>\n\n\n<div style=\"height:30px\" aria-hidden=\"true\" class=\"wp-block-spacer\"><\/div>\n\n\n\n<div class=\"wp-block-image\"><figure class=\"aligncenter size-large\"><img decoding=\"async\" width=\"700\" height=\"402\" src=\"https:\/\/www.marchantschmidt.com\/wp-content\/uploads\/2020\/07\/COMPANY-VALUE-PROPOSITION-PHOTO-700x402.jpg\" alt=\"\" class=\"wp-image-3005\" srcset=\"https:\/\/www.marchantschmidt.com\/wp-content\/uploads\/2020\/07\/COMPANY-VALUE-PROPOSITION-PHOTO-700x402.jpg 700w, https:\/\/www.marchantschmidt.com\/wp-content\/uploads\/2020\/07\/COMPANY-VALUE-PROPOSITION-PHOTO-600x344.jpg 600w, https:\/\/www.marchantschmidt.com\/wp-content\/uploads\/2020\/07\/COMPANY-VALUE-PROPOSITION-PHOTO-250x144.jpg 250w, https:\/\/www.marchantschmidt.com\/wp-content\/uploads\/2020\/07\/COMPANY-VALUE-PROPOSITION-PHOTO-768x441.jpg 768w, https:\/\/www.marchantschmidt.com\/wp-content\/uploads\/2020\/07\/COMPANY-VALUE-PROPOSITION-PHOTO-120x69.jpg 120w, https:\/\/www.marchantschmidt.com\/wp-content\/uploads\/2020\/07\/COMPANY-VALUE-PROPOSITION-PHOTO.jpg 1000w\" sizes=\"(max-width: 700px) 100vw, 700px\" \/><\/figure><\/div>\n\n\n\n<p>Marchant Schmidt es una empresa de Manufactura de tercera generaci\u00f3n con sede en Fond du Lac, WI, EE. UU. La empresa fue fundada en 1963 por Harold Marchant y Lyle C. Schmidt. El objetivo original de la empresa era ayudar a los agricultores locales y las empresas del \u00e1rea en la fabricaci\u00f3n, soldadura y reparaci\u00f3n de maquinaria.<\/p>\n\n\n\n<p>Durante m\u00e1s de 30 a\u00f1os, Marchant Schmidt trabaj\u00f3 desde su ubicaci\u00f3n en la calle 9 haciendo crecer el negocio y apoyando las necesidades de los clientes. Mientras continuaban su educaci\u00f3n, Lyle Jr. y Rick comenzaron a trabajar para su padre en la f\u00e1brica. En 1978, el Se\u00f1or Marchant se jubil\u00f3 y el Se\u00f1or Lyle compr\u00f3 su participaci\u00f3n comercial. La prematura muerte del Se\u00f1or Lyle en 1979 trajo nuevos desaf\u00edos a la empresa. Nyleen Schmidt esposa del Se\u00f1or Lyle asumi\u00f3 el cargo de dirigir la empresa familiar y hoy mantiene el puesto de CEO \/ Presidente.<\/p>\n\n\n\n<p>A principios de la d\u00e9cada de 1980, Marchant Schmidt ampli\u00f3 su base de clientes para incluir f\u00e1bricas de quesos y conservas de verduras locales. Desde entonces, la compa\u00f1\u00eda ha operado bajo dos divisiones: la Divisi\u00f3n de V\u00e1lvulas y Mecanizado (VMS) y la Divisi\u00f3n de Fabricaci\u00f3n de Acero Inoxidable. Esto permiti\u00f3 a la empresa diversificar su operaci\u00f3n y base de clientes.<\/p>\n\n\n\n<p>La divisi\u00f3n VMS, dirigida por Lyle M. Schmidt, contin\u00faa avanzando en su negocio principal de reparaci\u00f3n, reconstrucci\u00f3n y fabricaci\u00f3n de repuestos para cocedores continuos FMC y Stork. La divisi\u00f3n VMS tambi\u00e9n es un distribuidor autorizado de productos de calidad relacionados con su negocio principal. Esto les ha permitido diversificarse en otros segmentos de la industria alimentaria.<\/p>\n\n\n\n<p>La divisi\u00f3n de Fabricaci\u00f3n de acero inoxidable est\u00e1 dirigida por Richard F. Schmidt y se ha convertido en un fabricante l\u00edder de equipos higi\u00e9nicos de conversi\u00f3n de alimentos. Durante la d\u00e9cada de 1990, la Divisi\u00f3n de Fabricaci\u00f3n de Acero Inoxidable desarroll\u00f3 una l\u00ednea de productos de equipos de conversi\u00f3n de queso que inclu\u00eda l\u00edneas de rallado de queso y sistemas de corte de queso. Hoy en d\u00eda hay m\u00e1s de 500 l\u00edneas de producci\u00f3n completas instaladas en todo el mundo.<\/p>\n\n\n\n<p>En el oto\u00f1o de 1995, Marchant Schmidt se mud\u00f3 a un nuevo sitio de fabricaci\u00f3n m\u00e1s grande. En 2000 se abri\u00f3 una instalaci\u00f3n adicional para albergar al equipo de Controles e Integraci\u00f3n. En 2009, la instalaci\u00f3n duplic\u00f3 su tama\u00f1o para adaptarse al crecimiento empresarial.<\/p>\n\n\n\n<p>En 2007, Marchant Schmidt fue galardonado con el Premio al Logro de Exportaci\u00f3n del Gobernador del Estado de Wisconsin por los mejores resultados en ventas internacionales. En ese momento, las ventas internacionales representaban el 27% de sus ventas totales y estaban creciendo r\u00e1pidamente. Con el aumento de las exportaciones internacionales, Marchant Schmidt abri\u00f3 una sucursal europea en 2008 en el Reino Unido. En 2012, Marchant Schmidt lanz\u00f3 Marchant Schmidt Europe. Esta nueva instalaci\u00f3n ubicada cerca de Birmingham, Reino Unido, es un sitio de fabricaci\u00f3n de servicio completo con ventas, ingenier\u00eda, repuestos y servicio. <\/p>\n\n\n\n<p>Marchant Schmidt form\u00f3 un grupo de desarrollo de nuevos productos en 2018. M\u00e1s que un grupo de I + D de m\u00e1quinas, su misi\u00f3n es crear soluciones innovadoras para los desaf\u00edos de la industria alimentaria. . Utilizando un enfoque de causa ra\u00edz, est\u00e1n desarrollando respuestas pioneras a problemas comunes de la industria.<\/p>\n\n\n\n<p>Atribuimos nuestro continuo crecimiento y \u00e9xito a nuestra filosof\u00eda de asociaciones de por vida con clientes y proveedores.<\/p>\n","protected":false},"excerpt":{"rendered":"Marchant Schmidt es una empresa de Manufactura de tercera generaci\u00f3n con sede en Fond du Lac, WI, EE. UU. La empresa fue fundada en 1963 por Harold Marchant y Lyle C. Schmidt. El objetivo original de la empresa era ayudar a los agricultores locales y las empresas del \u00e1rea en la fabricaci\u00f3n, soldadura y reparaci\u00f3n&#8230; ","protected":false},"author":1,"featured_media":0,"parent":0,"menu_order":0,"comment_status":"open","ping_status":"open","template":"","meta":{"_acf_changed":false,"footnotes":""},"class_list":["post-3463","page","type-page","status-publish","hentry"],"acf":[],"yoast_head":"<!-- This site is optimized with the Yoast SEO plugin v27.2 - https:\/\/yoast.com\/product\/yoast-seo-wordpress\/ -->\n<title>Historia - Marchant Schmidt<\/title>\n<meta name=\"robots\" content=\"index, follow, max-snippet:-1, max-image-preview:large, max-video-preview:-1\" \/>\n<link rel=\"canonical\" href=\"https:\/\/www.marchantschmidt.com\/es\/history\/\" \/>\n<meta property=\"og:locale\" content=\"es_MX\" \/>\n<meta property=\"og:type\" content=\"article\" \/>\n<meta property=\"og:title\" content=\"Historia - Marchant Schmidt\" \/>\n<meta property=\"og:description\" content=\"Marchant Schmidt es una empresa de Manufactura de tercera generaci\u00f3n con sede en Fond du Lac, WI, EE. UU. La empresa fue fundada en 1963 por Harold Marchant y Lyle C. Schmidt. El objetivo original de la empresa era ayudar a los agricultores locales y las empresas del \u00e1rea en la fabricaci\u00f3n, soldadura y reparaci\u00f3n...\" \/>\n<meta property=\"og:url\" content=\"https:\/\/www.marchantschmidt.com\/es\/history\/\" \/>\n<meta property=\"og:site_name\" content=\"Marchant Schmidt\" \/>\n<meta property=\"article:modified_time\" content=\"2021-02-05T20:38:19+00:00\" \/>\n<meta property=\"og:image\" content=\"https:\/\/www.marchantschmidt.com\/wp-content\/uploads\/2020\/07\/COMPANY-VALUE-PROPOSITION-PHOTO-700x402.jpg\" \/>\n<meta name=\"twitter:card\" content=\"summary_large_image\" \/>\n<meta name=\"twitter:label1\" content=\"Tiempo de lectura\" \/>\n\t<meta name=\"twitter:data1\" content=\"3 minutos\" \/>\n<!-- \/ Yoast SEO plugin. -->","yoast_head_json":{"title":"Historia - Marchant Schmidt","robots":{"index":"index","follow":"follow","max-snippet":"max-snippet:-1","max-image-preview":"max-image-preview:large","max-video-preview":"max-video-preview:-1"},"canonical":"https:\/\/www.marchantschmidt.com\/es\/history\/","og_locale":"es_MX","og_type":"article","og_title":"Historia - Marchant Schmidt","og_description":"Marchant Schmidt es una empresa de Manufactura de tercera generaci\u00f3n con sede en Fond du Lac, WI, EE. UU. La empresa fue fundada en 1963 por Harold Marchant y Lyle C. Schmidt. El objetivo original de la empresa era ayudar a los agricultores locales y las empresas del \u00e1rea en la fabricaci\u00f3n, soldadura y reparaci\u00f3n...","og_url":"https:\/\/www.marchantschmidt.com\/es\/history\/","og_site_name":"Marchant Schmidt","article_modified_time":"2021-02-05T20:38:19+00:00","og_image":[{"url":"https:\/\/www.marchantschmidt.com\/wp-content\/uploads\/2020\/07\/COMPANY-VALUE-PROPOSITION-PHOTO-700x402.jpg","type":"","width":"","height":""}],"twitter_card":"summary_large_image","twitter_misc":{"Tiempo de lectura":"3 minutos"},"schema":{"@context":"https:\/\/schema.org","@graph":[{"@type":"WebPage","@id":"https:\/\/www.marchantschmidt.com\/es\/history\/","url":"https:\/\/www.marchantschmidt.com\/es\/history\/","name":"Historia - Marchant Schmidt","isPartOf":{"@id":"https:\/\/www.marchantschmidt.com\/#website"},"primaryImageOfPage":{"@id":"https:\/\/www.marchantschmidt.com\/es\/history\/#primaryimage"},"image":{"@id":"https:\/\/www.marchantschmidt.com\/es\/history\/#primaryimage"},"thumbnailUrl":"https:\/\/www.marchantschmidt.com\/wp-content\/uploads\/2020\/07\/COMPANY-VALUE-PROPOSITION-PHOTO-700x402.jpg","datePublished":"2020-12-04T21:07:48+00:00","dateModified":"2021-02-05T20:38:19+00:00","breadcrumb":{"@id":"https:\/\/www.marchantschmidt.com\/es\/history\/#breadcrumb"},"inLanguage":"es","potentialAction":[{"@type":"ReadAction","target":["https:\/\/www.marchantschmidt.com\/es\/history\/"]}]},{"@type":"ImageObject","inLanguage":"es","@id":"https:\/\/www.marchantschmidt.com\/es\/history\/#primaryimage","url":"https:\/\/www.marchantschmidt.com\/wp-content\/uploads\/2020\/07\/COMPANY-VALUE-PROPOSITION-PHOTO-700x402.jpg","contentUrl":"https:\/\/www.marchantschmidt.com\/wp-content\/uploads\/2020\/07\/COMPANY-VALUE-PROPOSITION-PHOTO-700x402.jpg"},{"@type":"BreadcrumbList","@id":"https:\/\/www.marchantschmidt.com\/es\/history\/#breadcrumb","itemListElement":[{"@type":"ListItem","position":1,"name":"Home","item":"https:\/\/www.marchantschmidt.com\/es\/"},{"@type":"ListItem","position":2,"name":"Historia"}]},{"@type":"WebSite","@id":"https:\/\/www.marchantschmidt.com\/#website","url":"https:\/\/www.marchantschmidt.com\/","name":"Marchant Schmidt","description":"","publisher":{"@id":"https:\/\/www.marchantschmidt.com\/#organization"},"potentialAction":[{"@type":"SearchAction","target":{"@type":"EntryPoint","urlTemplate":"https:\/\/www.marchantschmidt.com\/?s={search_term_string}"},"query-input":{"@type":"PropertyValueSpecification","valueRequired":true,"valueName":"search_term_string"}}],"inLanguage":"es"},{"@type":"Organization","@id":"https:\/\/www.marchantschmidt.com\/#organization","name":"Marchant Schmidt, Inc.","url":"https:\/\/www.marchantschmidt.com\/","logo":{"@type":"ImageObject","inLanguage":"es","@id":"https:\/\/www.marchantschmidt.com\/#\/schema\/logo\/image\/","url":"https:\/\/www.marchantschmidt.com\/wp-content\/uploads\/2019\/08\/Marchant-Schmidt-Logo-Revised.png","contentUrl":"https:\/\/www.marchantschmidt.com\/wp-content\/uploads\/2019\/08\/Marchant-Schmidt-Logo-Revised.png","width":701,"height":117,"caption":"Marchant Schmidt, Inc."},"image":{"@id":"https:\/\/www.marchantschmidt.com\/#\/schema\/logo\/image\/"}}]}},"_links":{"self":[{"href":"https:\/\/www.marchantschmidt.com\/es\/wp-json\/wp\/v2\/pages\/3463","targetHints":{"allow":["GET"]}}],"collection":[{"href":"https:\/\/www.marchantschmidt.com\/es\/wp-json\/wp\/v2\/pages"}],"about":[{"href":"https:\/\/www.marchantschmidt.com\/es\/wp-json\/wp\/v2\/types\/page"}],"author":[{"embeddable":true,"href":"https:\/\/www.marchantschmidt.com\/es\/wp-json\/wp\/v2\/users\/1"}],"replies":[{"embeddable":true,"href":"https:\/\/www.marchantschmidt.com\/es\/wp-json\/wp\/v2\/comments?post=3463"}],"version-history":[{"count":6,"href":"https:\/\/www.marchantschmidt.com\/es\/wp-json\/wp\/v2\/pages\/3463\/revisions"}],"predecessor-version":[{"id":5503,"href":"https:\/\/www.marchantschmidt.com\/es\/wp-json\/wp\/v2\/pages\/3463\/revisions\/5503"}],"wp:attachment":[{"href":"https:\/\/www.marchantschmidt.com\/es\/wp-json\/wp\/v2\/media?parent=3463"}],"curies":[{"name":"wp","href":"https:\/\/api.w.org\/{rel}","templated":true}]}}