{"id":3465,"date":"2020-12-04T21:08:22","date_gmt":"2020-12-04T21:08:22","guid":{"rendered":"https:\/\/www.marchantschmidt.com\/hygienic-automation\/"},"modified":"2021-02-05T20:41:48","modified_gmt":"2021-02-05T20:41:48","slug":"hygienic-automation","status":"publish","type":"page","link":"https:\/\/www.marchantschmidt.com\/es\/hygienic-automation\/","title":{"rendered":"Automatizaci\u00f3n Higi\u00e9nica"},"content":{"rendered":"<div class=\"alt-color row\">\n\t<div class=\"summary-container \">\n\t\t<div class=\"d-flex align-items-center justify-content-center flex-wrap\">\n\t\t\t<div class=\"col-12 col-md-6  \">\n\t\t\t\t\n\t\t\t\t\t\t\t\t\t\t<img decoding=\"async\" src=\"https:\/\/www.marchantschmidt.com\/wp-content\/uploads\/2020\/07\/HYGIENIC-AUTOMATION_WHERE-PROCESS-AUTOMATION-AND-ROBOTICS-MEET.jpg\" alt=\"hygienic food converting machinery\" title=\"HYGIENIC AUTOMATION_WHERE PROCESS AUTOMATION AND ROBOTICS MEET\" class=\"w-100\">\n\t\t\t\t\n\t\t\t<\/div>\n\t\t\t<div class=\"col-12 col-md-6  \">\n\t\t\t\t\t\t\t\t<div class=\"summary-content\">\n\t\t\t\t\t<h2 class=\"smry-title\">Procesos de Automatizaci\u00f3n con Rob\u00f3tica<\/h2>\n\t\t\t\t\t<p>La automatizaci\u00f3n higi\u00e9nica es el punto donde se encuentran la automatizaci\u00f3n de procesos y la rob\u00f3tica. En un entorno de fabricaci\u00f3n de alimentos de alto cuidado, la atenci\u00f3n a la higiene es fundamental. Marchant Schmidt tiene la capacidad \u00fanica de implementar rob\u00f3tica ultra higi\u00e9nica con \u00e9nfasis en la automatizaci\u00f3n de procesos. Nuestro fuerte enfoque de ingenier\u00eda y nuestras grandes experiencias acumuladas de talento nos convierten en l\u00edderes en automatizaci\u00f3n higi\u00e9nica.   <\/p>\n\t\t\t\t\t\t\t\t\t<\/div>\n\t\t\t<\/div>\n\t\t<\/div>\n\t<\/div>\n<\/div>\n\n<div class=\"alt-color row\">\n\t<div class=\"summary-container \">\n\t\t<div class=\"d-flex align-items-center justify-content-center flex-wrap\">\n\t\t\t<div class=\"col-12 col-md-6  order-md-2\">\n\t\t\t\t\n\t\t\t\t\t\t\t\t\t\t<img decoding=\"async\" src=\"https:\/\/www.marchantschmidt.com\/wp-content\/uploads\/2020\/07\/HYGIENIC-AUTOMATION_MOST-HYGIENIC-MACHINE-DESIGN.jpg\" alt=\"hygienic food converting machinery\" title=\"HYGIENIC AUTOMATION_MOST HYGIENIC MACHINE DESIGN\" class=\"w-100\">\n\t\t\t\t\n\t\t\t<\/div>\n\t\t\t<div class=\"col-12 col-md-6 order-md-1 \">\n\t\t\t\t\t\t\t\t<div class=\"summary-content\">\n\t\t\t\t\t<h2 class=\"smry-title\">Dise\u00f1o de Maquinas con mayor Higiene <\/h2>\n\t\t\t\t\t<p>Muchos proveedores tienen las habilidades para integrar la rob\u00f3tica. Marchant Schmidt es especial con m\u00e1s de 50 a\u00f1os de experiencia en el dise\u00f1o de equipos ultra higi\u00e9nicos. Gran parte de esta experiencia se ha producido en el \u00e1rea cr\u00edtica de Conversi\u00f3n de Queso listo para consumir, donde los requisitos de productos l\u00e1cteos del USDA empujan las especificaciones de dise\u00f1o. Es posible que su aplicaci\u00f3n no requiera la aprobaci\u00f3n del gobierno, pero mitigar el riesgo con un dise\u00f1o altamente higi\u00e9nico es inteligente para su negocio. <\/p>\n\t\t\t\t\t\t\t\t\t<\/div>\n\t\t\t<\/div>\n\t\t<\/div>\n\t<\/div>\n<\/div>\n\n<div class=\"alt-color row\">\n\t<div class=\"summary-container \">\n\t\t<div class=\"d-flex align-items-center justify-content-center flex-wrap\">\n\t\t\t<div class=\"col-12 col-md-6  \">\n\t\t\t\t\n\t\t\t\t\t\t\t\t\t\t<img decoding=\"async\" src=\"https:\/\/www.marchantschmidt.com\/wp-content\/uploads\/2023\/03\/CHEESE-BLOCKS-ON-CONVEYOR-PROCESS-AUTOMATION.jpg\" alt=\"hygienic food converting machinery, industrial washing machinery\" title=\"Consistently Clean\" class=\"w-100\">\n\t\t\t\t\n\t\t\t<\/div>\n\t\t\t<div class=\"col-12 col-md-6  \">\n\t\t\t\t\t\t\t\t<div class=\"summary-content\">\n\t\t\t\t\t<h2 class=\"smry-title\">Mejora de procesos mediante la consistencia en la fabricaci\u00f3n <\/h2>\n\t\t\t\t\t<p>En t\u00e9rminos generales, la automatizaci\u00f3n elimina variables de su proceso de fabricaci\u00f3n. La aplicaci\u00f3n segura e higi\u00e9nica de la rob\u00f3tica y la automatizaci\u00f3n de procesos a la fabricaci\u00f3n de alimentos ha sido un desaf\u00edo. Al adoptar un enfoque cuidadoso con la automatizaci\u00f3n de contacto directo con los alimentos, lo ayudaremos a mejorar su proceso, aumentar su velocidad y producir productos de alta calidad m\u00e1s consistentes.<\/p>\n\t\t\t\t\t\t\t\t\t<\/div>\n\t\t\t<\/div>\n\t\t<\/div>\n\t<\/div>\n<\/div>\n\n\n<div style=\"height:100px\" aria-hidden=\"true\" class=\"wp-block-spacer\"><\/div>\n\n\n\r\n\r\n<div class=\"container-fluid\">\r\n    <div id=\"carousel1\" class=\"carousel multi-slider slide\" data-ride=\"carousel\" data-interval=\"false\">\r\n        <div class=\"carousel-inner multi-inner row w-90 mx-auto\" role=\"listbox\">\r\n\t\t\t\t\t\t\t<div class=\"carousel-item col-12 col-sm-6 col-md-4 col-lg-3 active\">\r\n\t\t\t\t\t<div class=\"slide-box\">\r\n\t\t\t\t\t\t<img decoding=\"async\" class=\"img-fluid mx-auto d-block\" src=\"https:\/\/www.marchantschmidt.com\/wp-content\/uploads\/2021\/01\/ROBOTICS-600.jpg\">\r\n\t\t\t\t\t\t<div class=\"multi-carousel-caption\">\r\n\t\t\t\t\t\t\t<a href=\"https:\/\/www.marchantschmidt.com\/es\/hygienic-automation\/robotics\/\"><h4>Rob\u00f3tica<\/h4><\/a>\r\n\t\t\t\t\t\t<\/div>\r\n\t\t\t\t\t<\/div>\r\n\t\t\t\t<\/div>\r\n\t\t\t\t\t\t\t\t<div class=\"carousel-item col-12 col-sm-6 col-md-4 col-lg-3 \">\r\n\t\t\t\t\t<div class=\"slide-box\">\r\n\t\t\t\t\t\t<img decoding=\"async\" class=\"img-fluid mx-auto d-block\" src=\"https:\/\/www.marchantschmidt.com\/wp-content\/uploads\/2021\/01\/HYGIENIC-CURVED-CONVEYOR.jpg\">\r\n\t\t\t\t\t\t<div class=\"multi-carousel-caption\">\r\n\t\t\t\t\t\t\t<a href=\"https:\/\/www.marchantschmidt.com\/es\/hygienic-automation\/conveyors\/\"><h4>Transportadores<\/h4><\/a>\r\n\t\t\t\t\t\t<\/div>\r\n\t\t\t\t\t<\/div>\r\n\t\t\t\t<\/div>\r\n\t\t\t\t\t\t\t\t<div class=\"carousel-item col-12 col-sm-6 col-md-4 col-lg-3 \">\r\n\t\t\t\t\t<div class=\"slide-box\">\r\n\t\t\t\t\t\t<img decoding=\"async\" class=\"img-fluid mx-auto d-block\" src=\"https:\/\/www.marchantschmidt.com\/wp-content\/uploads\/2019\/09\/platformdualscaledetail2.jpg\">\r\n\t\t\t\t\t\t<div class=\"multi-carousel-caption\">\r\n\t\t\t\t\t\t\t<a href=\"https:\/\/www.marchantschmidt.com\/es\/hygienic-automation\/platforms\/\"><h4>Plataformas<\/h4><\/a>\r\n\t\t\t\t\t\t<\/div>\r\n\t\t\t\t\t<\/div>\r\n\t\t\t\t<\/div>\r\n\t\t\t\t\t\t\t\t<div class=\"carousel-item col-12 col-sm-6 col-md-4 col-lg-3 \">\r\n\t\t\t\t\t<div class=\"slide-box\">\r\n\t\t\t\t\t\t<img decoding=\"async\" class=\"img-fluid mx-auto d-block\" src=\"https:\/\/www.marchantschmidt.com\/wp-content\/uploads\/2021\/01\/DUMPERS-600.jpg\">\r\n\t\t\t\t\t\t<div class=\"multi-carousel-caption\">\r\n\t\t\t\t\t\t\t<a href=\"https:\/\/www.marchantschmidt.com\/es\/hygienic-automation\/dumpers\/\"><h4>Volteadores<\/h4><\/a>\r\n\t\t\t\t\t\t<\/div>\r\n\t\t\t\t\t<\/div>\r\n\t\t\t\t<\/div>\r\n\t\t\t\t\t\t\t\t<div class=\"carousel-item col-12 col-sm-6 col-md-4 col-lg-3 \">\r\n\t\t\t\t\t<div class=\"slide-box\">\r\n\t\t\t\t\t\t<img decoding=\"async\" class=\"img-fluid mx-auto d-block\" src=\"https:\/\/www.marchantschmidt.com\/wp-content\/uploads\/2021\/01\/VACUUM-DELIVERY-SYSTEM-600.jpg\">\r\n\t\t\t\t\t\t<div class=\"multi-carousel-caption\">\r\n\t\t\t\t\t\t\t<a href=\"https:\/\/www.marchantschmidt.com\/es\/hygienic-automation\/vacuum-delivery-system\/\"><h4>Sistema de Transporte de Polvo por Vac\u00edo<\/h4><\/a>\r\n\t\t\t\t\t\t<\/div>\r\n\t\t\t\t\t<\/div>\r\n\t\t\t\t<\/div>\r\n\t\t\t\t\t\t\t\t<div class=\"carousel-item col-12 col-sm-6 col-md-4 col-lg-3 \">\r\n\t\t\t\t\t<div class=\"slide-box\">\r\n\t\t\t\t\t\t<img decoding=\"async\" class=\"img-fluid mx-auto d-block\" src=\"https:\/\/www.marchantschmidt.com\/wp-content\/uploads\/2020\/08\/POWDER-AND-LIQUID-APPLICATIONS-MAIN.jpg\">\r\n\t\t\t\t\t\t<div class=\"multi-carousel-caption\">\r\n\t\t\t\t\t\t\t<a href=\"https:\/\/www.marchantschmidt.com\/es\/hygienic-automation\/powder-and-liquid-applications\/\"><h4>Aplicaciones para Polvos y L\u00edquidos<\/h4><\/a>\r\n\t\t\t\t\t\t<\/div>\r\n\t\t\t\t\t<\/div>\r\n\t\t\t\t<\/div>\r\n\t\t\t\t\t\t\t\t<div class=\"carousel-item col-12 col-sm-6 col-md-4 col-lg-3 \">\r\n\t\t\t\t\t<div class=\"slide-box\">\r\n\t\t\t\t\t\t<img decoding=\"async\" class=\"img-fluid mx-auto d-block\" src=\"https:\/\/www.marchantschmidt.com\/wp-content\/uploads\/2019\/08\/sanitarydustcollectionmain.jpg\">\r\n\t\t\t\t\t\t<div class=\"multi-carousel-caption\">\r\n\t\t\t\t\t\t\t<a href=\"https:\/\/www.marchantschmidt.com\/es\/hygienic-automation\/dust-collection\/\"><h4>Colectores de Polvo<\/h4><\/a>\r\n\t\t\t\t\t\t<\/div>\r\n\t\t\t\t\t<\/div>\r\n\t\t\t\t<\/div>\r\n\t\t\t\t        <\/div>\r\n        <a class=\"carousel-control-prev\" href=\"#carousel1\" role=\"button\" data-slide=\"prev\">\r\n            <i class=\"fa fa-chevron-left fa-lg text-muted\"><\/i>\r\n            <span class=\"sr-only\">Previous<\/span>\r\n        <\/a>\r\n        <a class=\"carousel-control-next text-faded\" href=\"#carousel1\" role=\"button\" data-slide=\"next\">\r\n            <i class=\"fa fa-chevron-right fa-lg text-muted\"><\/i>\r\n            <span class=\"sr-only\">Next<\/span>\r\n        <\/a>\r\n    <\/div>\r\n<\/div>\r\n\r\n<script>\r\njQuery(document).ready(function($) {\r\n    $('#carousel1').on('slide.bs.carousel', function (e) {\r\n        var $e = $(e.relatedTarget);\r\n        var idx = $e.index();\r\n\t\tif ($(window).width() <= 767){\r\n\t\t\tvar itemsPerSlide = 2;\r\n\t\t} else if ($(window).width() <= 991){\r\n\t\tvar itemsPerSlide = 3;\r\n\t\t} else {\r\n\t\t\tvar itemsPerSlide = 4;\r\n\t\t}\r\n\t\t\r\n        var totalItems = $('.multi-inner .carousel-item').length;\r\n\t\t\r\n        if (idx >= (totalItems-(itemsPerSlide-1))) {\r\n            var it = itemsPerSlide - (totalItems - idx);\r\n            for (var i=0; i<it; i++) {\r\n                if (e.direction==\"left\") {\r\n                    $('.multi-inner .carousel-item').eq(i).appendTo('.multi-inner');\r\n                }\r\n                else {\r\n                    $('.multi-inner .carousel-item').eq(0).appendTo('.multi-inner');\r\n                }\r\n            }\r\n        }\r\n    });\r\n\r\n    $(window).on('load resize', function() {\r\n        if ($(window).width() >= 991 && $('.multi-inner .carousel-item').length < 5) {\r\n            $('.carousel-control-prev, .carousel-control-next').hide();\r\n        } else if ($(window).width() >= 768 && $('.multi-inner .carousel-item').length < 4) {\r\n            $('.carousel-control-prev, .carousel-control-next').hide();\r\n        } else if ($(window).width() >= 576 && $('.multi-inner .carousel-item').length < 3) {\r\n            $('.carousel-control-prev, .carousel-control-next').hide();\r\n        } else if ($('.multi-inner .carousel-item').length < 2) {\r\n            $('.carousel-control-prev, .carousel-control-next').hide();\r\n        } else {\r\n            $('.carousel-control-prev, .carousel-control-next').show();\r\n        }\r\n    });\r\n});\r\n<\/script>\r\n\r\n\r\n\r\n\r\n\r\n\r\n\r\n\n\n\n<div style=\"height:100px\" aria-hidden=\"true\" class=\"wp-block-spacer\"><\/div>\n","protected":false},"excerpt":{"rendered":"","protected":false},"author":1,"featured_media":0,"parent":0,"menu_order":0,"comment_status":"closed","ping_status":"closed","template":"","meta":{"_acf_changed":false,"footnotes":""},"class_list":["post-3465","page","type-page","status-publish","hentry"],"acf":[],"yoast_head":"<!-- This site is optimized with the Yoast SEO plugin v27.2 - https:\/\/yoast.com\/product\/yoast-seo-wordpress\/ -->\n<title>La maquinaria m\u00e1s higi\u00e9nica para conversi\u00f3n de alimentos | Marchant Schmidt<\/title>\n<meta name=\"description\" content=\"La maquinaria m\u00e1s higi\u00e9nica para conversi\u00f3n de alimentos se utiliza en entornos de fabricaci\u00f3n de productos donde la atenci\u00f3n a la higiene es fundamental en los procesos de automatizaci\u00f3n y rob\u00f3tica.\" \/>\n<meta name=\"robots\" content=\"index, follow, max-snippet:-1, max-image-preview:large, max-video-preview:-1\" \/>\n<link rel=\"canonical\" href=\"https:\/\/www.marchantschmidt.com\/es\/hygienic-automation\/\" \/>\n<meta property=\"og:locale\" content=\"es_MX\" \/>\n<meta property=\"og:type\" content=\"article\" \/>\n<meta property=\"og:title\" content=\"La maquinaria m\u00e1s higi\u00e9nica para conversi\u00f3n de alimentos | Marchant Schmidt\" \/>\n<meta property=\"og:description\" content=\"La maquinaria m\u00e1s higi\u00e9nica para conversi\u00f3n de alimentos se utiliza en entornos de fabricaci\u00f3n de productos donde la atenci\u00f3n a la higiene es fundamental en los procesos de automatizaci\u00f3n y rob\u00f3tica.\" \/>\n<meta property=\"og:url\" content=\"https:\/\/www.marchantschmidt.com\/es\/hygienic-automation\/\" \/>\n<meta property=\"og:site_name\" content=\"Marchant Schmidt\" \/>\n<meta property=\"article:modified_time\" content=\"2021-02-05T20:41:48+00:00\" \/>\n<meta name=\"twitter:card\" content=\"summary_large_image\" \/>\n<!-- \/ Yoast SEO plugin. -->","yoast_head_json":{"title":"La maquinaria m\u00e1s higi\u00e9nica para conversi\u00f3n de alimentos | Marchant Schmidt","description":"La maquinaria m\u00e1s higi\u00e9nica para conversi\u00f3n de alimentos se utiliza en entornos de fabricaci\u00f3n de productos donde la atenci\u00f3n a la higiene es fundamental en los procesos de automatizaci\u00f3n y rob\u00f3tica.","robots":{"index":"index","follow":"follow","max-snippet":"max-snippet:-1","max-image-preview":"max-image-preview:large","max-video-preview":"max-video-preview:-1"},"canonical":"https:\/\/www.marchantschmidt.com\/es\/hygienic-automation\/","og_locale":"es_MX","og_type":"article","og_title":"La maquinaria m\u00e1s higi\u00e9nica para conversi\u00f3n de alimentos | Marchant Schmidt","og_description":"La maquinaria m\u00e1s higi\u00e9nica para conversi\u00f3n de alimentos se utiliza en entornos de fabricaci\u00f3n de productos donde la atenci\u00f3n a la higiene es fundamental en los procesos de automatizaci\u00f3n y rob\u00f3tica.","og_url":"https:\/\/www.marchantschmidt.com\/es\/hygienic-automation\/","og_site_name":"Marchant Schmidt","article_modified_time":"2021-02-05T20:41:48+00:00","twitter_card":"summary_large_image","schema":{"@context":"https:\/\/schema.org","@graph":[{"@type":"WebPage","@id":"https:\/\/www.marchantschmidt.com\/es\/hygienic-automation\/","url":"https:\/\/www.marchantschmidt.com\/es\/hygienic-automation\/","name":"La maquinaria m\u00e1s higi\u00e9nica para conversi\u00f3n de alimentos | Marchant Schmidt","isPartOf":{"@id":"https:\/\/www.marchantschmidt.com\/#website"},"datePublished":"2020-12-04T21:08:22+00:00","dateModified":"2021-02-05T20:41:48+00:00","description":"La maquinaria m\u00e1s higi\u00e9nica para conversi\u00f3n de alimentos se utiliza en entornos de fabricaci\u00f3n de productos donde la atenci\u00f3n a la higiene es fundamental en los procesos de automatizaci\u00f3n y rob\u00f3tica.","breadcrumb":{"@id":"https:\/\/www.marchantschmidt.com\/es\/hygienic-automation\/#breadcrumb"},"inLanguage":"es","potentialAction":[{"@type":"ReadAction","target":["https:\/\/www.marchantschmidt.com\/es\/hygienic-automation\/"]}]},{"@type":"BreadcrumbList","@id":"https:\/\/www.marchantschmidt.com\/es\/hygienic-automation\/#breadcrumb","itemListElement":[{"@type":"ListItem","position":1,"name":"Home","item":"https:\/\/www.marchantschmidt.com\/es\/"},{"@type":"ListItem","position":2,"name":"Automatizaci\u00f3n Higi\u00e9nica"}]},{"@type":"WebSite","@id":"https:\/\/www.marchantschmidt.com\/#website","url":"https:\/\/www.marchantschmidt.com\/","name":"Marchant Schmidt","description":"","publisher":{"@id":"https:\/\/www.marchantschmidt.com\/#organization"},"potentialAction":[{"@type":"SearchAction","target":{"@type":"EntryPoint","urlTemplate":"https:\/\/www.marchantschmidt.com\/?s={search_term_string}"},"query-input":{"@type":"PropertyValueSpecification","valueRequired":true,"valueName":"search_term_string"}}],"inLanguage":"es"},{"@type":"Organization","@id":"https:\/\/www.marchantschmidt.com\/#organization","name":"Marchant Schmidt, Inc.","url":"https:\/\/www.marchantschmidt.com\/","logo":{"@type":"ImageObject","inLanguage":"es","@id":"https:\/\/www.marchantschmidt.com\/#\/schema\/logo\/image\/","url":"https:\/\/www.marchantschmidt.com\/wp-content\/uploads\/2019\/08\/Marchant-Schmidt-Logo-Revised.png","contentUrl":"https:\/\/www.marchantschmidt.com\/wp-content\/uploads\/2019\/08\/Marchant-Schmidt-Logo-Revised.png","width":701,"height":117,"caption":"Marchant Schmidt, Inc."},"image":{"@id":"https:\/\/www.marchantschmidt.com\/#\/schema\/logo\/image\/"}}]}},"_links":{"self":[{"href":"https:\/\/www.marchantschmidt.com\/es\/wp-json\/wp\/v2\/pages\/3465","targetHints":{"allow":["GET"]}}],"collection":[{"href":"https:\/\/www.marchantschmidt.com\/es\/wp-json\/wp\/v2\/pages"}],"about":[{"href":"https:\/\/www.marchantschmidt.com\/es\/wp-json\/wp\/v2\/types\/page"}],"author":[{"embeddable":true,"href":"https:\/\/www.marchantschmidt.com\/es\/wp-json\/wp\/v2\/users\/1"}],"replies":[{"embeddable":true,"href":"https:\/\/www.marchantschmidt.com\/es\/wp-json\/wp\/v2\/comments?post=3465"}],"version-history":[{"count":28,"href":"https:\/\/www.marchantschmidt.com\/es\/wp-json\/wp\/v2\/pages\/3465\/revisions"}],"predecessor-version":[{"id":5509,"href":"https:\/\/www.marchantschmidt.com\/es\/wp-json\/wp\/v2\/pages\/3465\/revisions\/5509"}],"wp:attachment":[{"href":"https:\/\/www.marchantschmidt.com\/es\/wp-json\/wp\/v2\/media?parent=3465"}],"curies":[{"name":"wp","href":"https:\/\/api.w.org\/{rel}","templated":true}]}}