{"id":3469,"date":"2020-12-04T21:09:36","date_gmt":"2020-12-04T21:09:36","guid":{"rendered":"https:\/\/www.marchantschmidt.com\/hygienic-automation\/dumpers\/"},"modified":"2021-03-08T20:24:00","modified_gmt":"2021-03-08T20:24:00","slug":"dumpers","status":"publish","type":"page","link":"https:\/\/www.marchantschmidt.com\/es\/hygienic-automation\/dumpers\/","title":{"rendered":"Volteadores"},"content":{"rendered":"<div class=\"alt-color row\">\n\t<div class=\"summary-container \">\n\t\t<div class=\"d-flex align-items-center justify-content-center flex-wrap\">\n\t\t\t<div class=\"col-12 col-md-6  \">\n\t\t\t\t\n\t\t\t\t\t\t\t\t\t\t<img decoding=\"async\" src=\"https:\/\/www.marchantschmidt.com\/wp-content\/uploads\/2020\/12\/ROBUST-INDUSTRIAL-CONSTRUCTION-DUMPERS-e1611157172306.jpg\" alt=\"food processing dumping equipment\" title=\"ROBUST INDUSTRIAL CONSTRUCTION DUMPERS\" class=\"w-100\">\n\t\t\t\t\n\t\t\t<\/div>\n\t\t\t<div class=\"col-12 col-md-6  \">\n\t\t\t\t\t\t\t\t<div class=\"summary-content\">\n\t\t\t\t\t<h2 class=\"smry-title\">Construcci\u00f3n Industrial Robusta<\/h2>\n\t\t\t\t\t<p>Marchant Schmidt fabrica sistemas de descarga industriales resistentes y de servicio pesado. Nuestro equipo est\u00e1 dise\u00f1ado para durar y Prolongar su vida \u00fatil. <\/p>\n\t\t\t\t\t\t\t\t\t<\/div>\n\t\t\t<\/div>\n\t\t<\/div>\n\t<\/div>\n<\/div>\n\n<div class=\"alt-color row\">\n\t<div class=\"summary-container \">\n\t\t<div class=\"d-flex align-items-center justify-content-center flex-wrap\">\n\t\t\t<div class=\"col-12 col-md-6  order-md-2\">\n\t\t\t\t\n\t\t\t\t\t\t\t\t\t\t<img decoding=\"async\" src=\"https:\/\/www.marchantschmidt.com\/wp-content\/uploads\/2020\/12\/SAFE-OPERATION_DUMPERS-e1611157327394.jpg\" alt=\"food processing dumping equipment\" title=\"SAFE OPERATION_DUMPERS\" class=\"w-100\">\n\t\t\t\t\n\t\t\t<\/div>\n\t\t\t<div class=\"col-12 col-md-6 order-md-1 \">\n\t\t\t\t\t\t\t\t<div class=\"summary-content\">\n\t\t\t\t\t<h2 class=\"smry-title\">Operaci\u00f3n Segura<\/h2>\n\t\t\t\t\t<p>Nuestros volteadores de columna y contenedores est\u00e1n dise\u00f1ados con la seguridad como prioridad. Desde control de accion a dos manos hasta sistemas totalmente automatizados con resguardos perimetrales y circuitos de seguridad integrados.<\/p>\n\t\t\t\t\t\t\t\t\t<\/div>\n\t\t\t<\/div>\n\t\t<\/div>\n\t<\/div>\n<\/div>\n\n<div class=\"alt-color row\">\n\t<div class=\"summary-container \">\n\t\t<div class=\"d-flex align-items-center justify-content-center flex-wrap\">\n\t\t\t<div class=\"col-12 col-md-6  \">\n\t\t\t\t\n\t\t\t\t\t\t\t\t\t\t<img decoding=\"async\" src=\"https:\/\/www.marchantschmidt.com\/wp-content\/uploads\/2021\/01\/HYGIENIC-DESIGN-DUMPERS-e1611157367619.jpg\" alt=\"food processing dumping equipment\" title=\"SONY DSC\" class=\"w-100\">\n\t\t\t\t\n\t\t\t<\/div>\n\t\t\t<div class=\"col-12 col-md-6  \">\n\t\t\t\t\t\t\t\t<div class=\"summary-content\">\n\t\t\t\t\t<h2 class=\"smry-title\">Dise\u00f1o Higi\u00e9nico<\/h2>\n\t\t\t\t\t<p>We only build dumpers for the food industry and are always concerned about hygienic clean design. Count on Marchant Schmidt to deliver a safe solution that is suitable to your food application. <\/p>\n\t\t\t\t\t\t\t\t\t<\/div>\n\t\t\t<\/div>\n\t\t<\/div>\n\t<\/div>\n<\/div>\n\n\n<div style=\"height:100px\" aria-hidden=\"true\" class=\"wp-block-spacer\"><\/div>\n\n\n\r\n\r\n<div class=\"container-fluid\">\r\n    <div id=\"carousel1\" class=\"carousel multi-slider slide\" data-ride=\"carousel\" data-interval=\"false\">\r\n        <div class=\"carousel-inner multi-inner row w-90 mx-auto\" role=\"listbox\">\r\n\t\t\t\t\t\t\t<div class=\"carousel-item col-12 col-sm-6 col-md-4 col-lg-3 active\">\r\n\t\t\t\t\t<div class=\"slide-box\">\r\n\t\t\t\t\t\t<img decoding=\"async\" class=\"img-fluid mx-auto d-block\" src=\"https:\/\/www.marchantschmidt.com\/wp-content\/uploads\/2021\/01\/COLUMN-DUMPER.jpg\">\r\n\t\t\t\t\t\t<div class=\"multi-carousel-caption\">\r\n\t\t\t\t\t\t\t<a href=\"https:\/\/www.marchantschmidt.com\/es\/product\/hygienic-automation-es\/dumpers-es\/column-dumpers\/\"><h4>Volteadores de Columna<\/h4><\/a>\r\n\t\t\t\t\t\t<\/div>\r\n\t\t\t\t\t<\/div>\r\n\t\t\t\t<\/div>\r\n\t\t\t\t\t\t\t\t<div class=\"carousel-item col-12 col-sm-6 col-md-4 col-lg-3 \">\r\n\t\t\t\t\t<div class=\"slide-box\">\r\n\t\t\t\t\t\t<img decoding=\"async\" class=\"img-fluid mx-auto d-block\" src=\"https:\/\/www.marchantschmidt.com\/wp-content\/uploads\/2020\/08\/PRODUCT-DUMPERS-MAIN-1.jpg\">\r\n\t\t\t\t\t\t<div class=\"multi-carousel-caption\">\r\n\t\t\t\t\t\t\t<a href=\"https:\/\/www.marchantschmidt.com\/es\/product\/hygienic-automation-es\/dumpers-es\/auto-blending-copy\/\"><h4>Volteadores de Barril<\/h4><\/a>\r\n\t\t\t\t\t\t<\/div>\r\n\t\t\t\t\t<\/div>\r\n\t\t\t\t<\/div>\r\n\t\t\t\t        <\/div>\r\n        <a class=\"carousel-control-prev\" href=\"#carousel1\" role=\"button\" data-slide=\"prev\">\r\n            <i class=\"fa fa-chevron-left fa-lg text-muted\"><\/i>\r\n            <span class=\"sr-only\">Previous<\/span>\r\n        <\/a>\r\n        <a class=\"carousel-control-next text-faded\" href=\"#carousel1\" role=\"button\" data-slide=\"next\">\r\n            <i class=\"fa fa-chevron-right fa-lg text-muted\"><\/i>\r\n            <span class=\"sr-only\">Next<\/span>\r\n        <\/a>\r\n    <\/div>\r\n<\/div>\r\n\r\n<script>\r\njQuery(document).ready(function($) {\r\n    $('#carousel1').on('slide.bs.carousel', function (e) {\r\n        var $e = $(e.relatedTarget);\r\n        var idx = $e.index();\r\n\t\tif ($(window).width() <= 767){\r\n\t\t\tvar itemsPerSlide = 2;\r\n\t\t} else if ($(window).width() <= 991){\r\n\t\tvar itemsPerSlide = 3;\r\n\t\t} else {\r\n\t\t\tvar itemsPerSlide = 4;\r\n\t\t}\r\n\t\t\r\n        var totalItems = $('.multi-inner .carousel-item').length;\r\n\t\t\r\n        if (idx >= (totalItems-(itemsPerSlide-1))) {\r\n            var it = itemsPerSlide - (totalItems - idx);\r\n            for (var i=0; i<it; i++) {\r\n                if (e.direction==\"left\") {\r\n                    $('.multi-inner .carousel-item').eq(i).appendTo('.multi-inner');\r\n                }\r\n                else {\r\n                    $('.multi-inner .carousel-item').eq(0).appendTo('.multi-inner');\r\n                }\r\n            }\r\n        }\r\n    });\r\n\r\n    $(window).on('load resize', function() {\r\n        if ($(window).width() >= 991 && $('.multi-inner .carousel-item').length < 5) {\r\n            $('.carousel-control-prev, .carousel-control-next').hide();\r\n        } else if ($(window).width() >= 768 && $('.multi-inner .carousel-item').length < 4) {\r\n            $('.carousel-control-prev, .carousel-control-next').hide();\r\n        } else if ($(window).width() >= 576 && $('.multi-inner .carousel-item').length < 3) {\r\n            $('.carousel-control-prev, .carousel-control-next').hide();\r\n        } else if ($('.multi-inner .carousel-item').length < 2) {\r\n            $('.carousel-control-prev, .carousel-control-next').hide();\r\n        } else {\r\n            $('.carousel-control-prev, .carousel-control-next').show();\r\n        }\r\n    });\r\n});\r\n<\/script>\r\n\r\n\r\n\r\n\r\n\r\n\r\n\r\n\n\n\n<div style=\"height:100px\" aria-hidden=\"true\" class=\"wp-block-spacer\"><\/div>\n\n\n\n<p><\/p>\n","protected":false},"excerpt":{"rendered":"","protected":false},"author":1,"featured_media":0,"parent":3465,"menu_order":0,"comment_status":"closed","ping_status":"closed","template":"","meta":{"_acf_changed":false,"footnotes":""},"class_list":["post-3469","page","type-page","status-publish","hentry"],"acf":[],"yoast_head":"<!-- This site is optimized with the Yoast SEO plugin v27.2 - https:\/\/yoast.com\/product\/yoast-seo-wordpress\/ -->\n<title>Volteadores - Marchant Schmidt<\/title>\n<meta name=\"robots\" content=\"index, follow, max-snippet:-1, max-image-preview:large, max-video-preview:-1\" \/>\n<link rel=\"canonical\" href=\"https:\/\/www.marchantschmidt.com\/es\/hygienic-automation\/dumpers\/\" \/>\n<meta property=\"og:locale\" content=\"es_MX\" \/>\n<meta property=\"og:type\" content=\"article\" \/>\n<meta property=\"og:title\" content=\"Volteadores - Marchant Schmidt\" \/>\n<meta property=\"og:url\" content=\"https:\/\/www.marchantschmidt.com\/es\/hygienic-automation\/dumpers\/\" \/>\n<meta property=\"og:site_name\" content=\"Marchant Schmidt\" \/>\n<meta property=\"article:modified_time\" content=\"2021-03-08T20:24:00+00:00\" \/>\n<meta name=\"twitter:card\" content=\"summary_large_image\" \/>\n<!-- \/ Yoast SEO plugin. -->","yoast_head_json":{"title":"Volteadores - Marchant Schmidt","robots":{"index":"index","follow":"follow","max-snippet":"max-snippet:-1","max-image-preview":"max-image-preview:large","max-video-preview":"max-video-preview:-1"},"canonical":"https:\/\/www.marchantschmidt.com\/es\/hygienic-automation\/dumpers\/","og_locale":"es_MX","og_type":"article","og_title":"Volteadores - Marchant Schmidt","og_url":"https:\/\/www.marchantschmidt.com\/es\/hygienic-automation\/dumpers\/","og_site_name":"Marchant Schmidt","article_modified_time":"2021-03-08T20:24:00+00:00","twitter_card":"summary_large_image","schema":{"@context":"https:\/\/schema.org","@graph":[{"@type":"WebPage","@id":"https:\/\/www.marchantschmidt.com\/es\/hygienic-automation\/dumpers\/","url":"https:\/\/www.marchantschmidt.com\/es\/hygienic-automation\/dumpers\/","name":"Volteadores - Marchant Schmidt","isPartOf":{"@id":"https:\/\/www.marchantschmidt.com\/#website"},"datePublished":"2020-12-04T21:09:36+00:00","dateModified":"2021-03-08T20:24:00+00:00","breadcrumb":{"@id":"https:\/\/www.marchantschmidt.com\/es\/hygienic-automation\/dumpers\/#breadcrumb"},"inLanguage":"es","potentialAction":[{"@type":"ReadAction","target":["https:\/\/www.marchantschmidt.com\/es\/hygienic-automation\/dumpers\/"]}]},{"@type":"BreadcrumbList","@id":"https:\/\/www.marchantschmidt.com\/es\/hygienic-automation\/dumpers\/#breadcrumb","itemListElement":[{"@type":"ListItem","position":1,"name":"Home","item":"https:\/\/www.marchantschmidt.com\/es\/"},{"@type":"ListItem","position":2,"name":"Automatizaci\u00f3n Higi\u00e9nica","item":"https:\/\/www.marchantschmidt.com\/es\/hygienic-automation\/"},{"@type":"ListItem","position":3,"name":"Volteadores"}]},{"@type":"WebSite","@id":"https:\/\/www.marchantschmidt.com\/#website","url":"https:\/\/www.marchantschmidt.com\/","name":"Marchant Schmidt","description":"","publisher":{"@id":"https:\/\/www.marchantschmidt.com\/#organization"},"potentialAction":[{"@type":"SearchAction","target":{"@type":"EntryPoint","urlTemplate":"https:\/\/www.marchantschmidt.com\/?s={search_term_string}"},"query-input":{"@type":"PropertyValueSpecification","valueRequired":true,"valueName":"search_term_string"}}],"inLanguage":"es"},{"@type":"Organization","@id":"https:\/\/www.marchantschmidt.com\/#organization","name":"Marchant Schmidt, Inc.","url":"https:\/\/www.marchantschmidt.com\/","logo":{"@type":"ImageObject","inLanguage":"es","@id":"https:\/\/www.marchantschmidt.com\/#\/schema\/logo\/image\/","url":"https:\/\/www.marchantschmidt.com\/wp-content\/uploads\/2019\/08\/Marchant-Schmidt-Logo-Revised.png","contentUrl":"https:\/\/www.marchantschmidt.com\/wp-content\/uploads\/2019\/08\/Marchant-Schmidt-Logo-Revised.png","width":701,"height":117,"caption":"Marchant Schmidt, Inc."},"image":{"@id":"https:\/\/www.marchantschmidt.com\/#\/schema\/logo\/image\/"}}]}},"_links":{"self":[{"href":"https:\/\/www.marchantschmidt.com\/es\/wp-json\/wp\/v2\/pages\/3469","targetHints":{"allow":["GET"]}}],"collection":[{"href":"https:\/\/www.marchantschmidt.com\/es\/wp-json\/wp\/v2\/pages"}],"about":[{"href":"https:\/\/www.marchantschmidt.com\/es\/wp-json\/wp\/v2\/types\/page"}],"author":[{"embeddable":true,"href":"https:\/\/www.marchantschmidt.com\/es\/wp-json\/wp\/v2\/users\/1"}],"replies":[{"embeddable":true,"href":"https:\/\/www.marchantschmidt.com\/es\/wp-json\/wp\/v2\/comments?post=3469"}],"version-history":[{"count":24,"href":"https:\/\/www.marchantschmidt.com\/es\/wp-json\/wp\/v2\/pages\/3469\/revisions"}],"predecessor-version":[{"id":5906,"href":"https:\/\/www.marchantschmidt.com\/es\/wp-json\/wp\/v2\/pages\/3469\/revisions\/5906"}],"up":[{"embeddable":true,"href":"https:\/\/www.marchantschmidt.com\/es\/wp-json\/wp\/v2\/pages\/3465"}],"wp:attachment":[{"href":"https:\/\/www.marchantschmidt.com\/es\/wp-json\/wp\/v2\/media?parent=3469"}],"curies":[{"name":"wp","href":"https:\/\/api.w.org\/{rel}","templated":true}]}}