{"id":3475,"date":"2020-12-04T21:10:48","date_gmt":"2020-12-04T21:10:48","guid":{"rendered":"https:\/\/www.marchantschmidt.com\/hygienic-automation\/powder-and-liquid-applications\/"},"modified":"2021-03-08T19:42:54","modified_gmt":"2021-03-08T19:42:54","slug":"powder-and-liquid-applications","status":"publish","type":"page","link":"https:\/\/www.marchantschmidt.com\/es\/hygienic-automation\/powder-and-liquid-applications\/","title":{"rendered":"Aplicaciones para Polvos y L\u00edquidos"},"content":{"rendered":"<div class=\"alt-color row\">\n\t<div class=\"summary-container \">\n\t\t<div class=\"d-flex align-items-center justify-content-center flex-wrap\">\n\t\t\t<div class=\"col-12 col-md-6  \">\n\t\t\t\t\n\t\t\t\t\t\t\t\t\t\t<img decoding=\"async\" src=\"https:\/\/www.marchantschmidt.com\/wp-content\/uploads\/2020\/08\/POWDER-AND-LIQUID-APPLICATIONS-DETAIL-4.jpg\" alt=\"industrial food mixing equipment, volumetric dispensing system for food production\" title=\"POWDER AND LIQUID APPLICATIONS DETAIL 4\" class=\"w-100\">\n\t\t\t\t\n\t\t\t<\/div>\n\t\t\t<div class=\"col-12 col-md-6  \">\n\t\t\t\t\t\t\t\t<div class=\"summary-content\">\n\t\t\t\t\t<h2 class=\"smry-title\">Dispensador Volum\u00e9trico<\/h2>\n\t\t\t\t\t<p>Marchant Schmidt produce una l\u00ednea completa de dispensadores volum\u00e9tricos adecuados para polvos y productos granulares utilizados en la producci\u00f3n de alimentos. Los rompedores de cavernas o puentes de polvos en las tolvas y vibradores proporcionan un control total de materiales dif\u00edciles de transferir. Una b\u00e1scula integral puede ser utilizada para validar la operaci\u00f3n para una verdadera funci\u00f3n de control de peso.<\/p>\n\t\t\t\t\t\t\t\t\t<\/div>\n\t\t\t<\/div>\n\t\t<\/div>\n\t<\/div>\n<\/div>\n\n<div class=\"alt-color row\">\n\t<div class=\"summary-container \">\n\t\t<div class=\"d-flex align-items-center justify-content-center flex-wrap\">\n\t\t\t<div class=\"col-12 col-md-6  order-md-2\">\n\t\t\t\t\n\t\t\t\t\t\t\t\t\t\t<img decoding=\"async\" src=\"https:\/\/www.marchantschmidt.com\/wp-content\/uploads\/2020\/12\/PD2000-ARM-DISPENSING-POWDER-ONTO-SHRED-PRECISE-POWDER-ON-SHREDDED-CHEESE-e1611158072662.jpg\" alt=\"industrial food mixing equipment, precise powder on shredded cheese\" title=\"PD2000 ARM DISPENSING POWDER ONTO SHRED PRECISE POWDER ON SHREDDED CHEESE\" class=\"w-100\">\n\t\t\t\t\n\t\t\t<\/div>\n\t\t\t<div class=\"col-12 col-md-6 order-md-1 \">\n\t\t\t\t\t\t\t\t<div class=\"summary-content\">\n\t\t\t\t\t<h2 class=\"smry-title\">Precisi\u00f3n y Consistencia<\/h2>\n\t\t\t\t\t<p>Un transportador tipo helicoidal tornillo produce una dosificaci\u00f3n muy consistente, repetible. Cuando la cantidad es ajustada al tama\u00f1o el polvo y productos granulares. <\/p>\n\t\t\t\t\t\t\t\t\t<\/div>\n\t\t\t<\/div>\n\t\t<\/div>\n\t<\/div>\n<\/div>\n\n<div class=\"alt-color row\">\n\t<div class=\"summary-container \">\n\t\t<div class=\"d-flex align-items-center justify-content-center flex-wrap\">\n\t\t\t<div class=\"col-12 col-md-6  \">\n\t\t\t\t\n\t\t\t\t\t\t\t\t\t\t<img decoding=\"async\" src=\"https:\/\/www.marchantschmidt.com\/wp-content\/uploads\/2021\/01\/HYGIENIC-CONSTRUCTION-POWDER-DISPENSER-scaled.jpg\" alt=\"industrial food mixing equipment\" title=\"SONY DSC\" class=\"w-100\">\n\t\t\t\t\n\t\t\t<\/div>\n\t\t\t<div class=\"col-12 col-md-6  \">\n\t\t\t\t\t\t\t\t<div class=\"summary-content\">\n\t\t\t\t\t<h2 class=\"smry-title\">Construcci\u00f3n Higi\u00e9nica<\/h2>\n\t\t\t\t\t<p>Dise\u00f1ados originalmente para la aplicaci\u00f3n USDA-Lacteos, nuestros aplicadores de polvo y l\u00edquido son extremadamente higi\u00e9nicos. No solo tienen un dise\u00f1o limpio, sino que nuestros dispensadores de polvo tambi\u00e9n son f\u00e1ciles de limpiar de manera r\u00e1pida y eficiente. <\/p>\n\t\t\t\t\t\t\t\t\t<\/div>\n\t\t\t<\/div>\n\t\t<\/div>\n\t<\/div>\n<\/div>\n\n\n<div style=\"height:100px\" aria-hidden=\"true\" class=\"wp-block-spacer\"><\/div>\n\n\n\r\n\r\n<div class=\"container-fluid\">\r\n    <div id=\"carousel1\" class=\"carousel multi-slider slide\" data-ride=\"carousel\" data-interval=\"false\">\r\n        <div class=\"carousel-inner multi-inner row w-90 mx-auto\" role=\"listbox\">\r\n\t\t\t\t\t\t\t<div class=\"carousel-item col-12 col-sm-6 col-md-4 col-lg-3 active\">\r\n\t\t\t\t\t<div class=\"slide-box\">\r\n\t\t\t\t\t\t<img decoding=\"async\" class=\"img-fluid mx-auto d-block\" src=\"https:\/\/www.marchantschmidt.com\/wp-content\/uploads\/2020\/08\/POWDER-AND-LIQUID-APPLICATIONS-MAIN.jpg\">\r\n\t\t\t\t\t\t<div class=\"multi-carousel-caption\">\r\n\t\t\t\t\t\t\t<a href=\"https:\/\/www.marchantschmidt.com\/es\/product\/hygienic-automation-es\/powder-and-liquid-applications-es\/volumetric-powder-dispensing\/\"><h4>Dispensador Volum\u00e9rico De Polvo<\/h4><\/a>\r\n\t\t\t\t\t\t<\/div>\r\n\t\t\t\t\t<\/div>\r\n\t\t\t\t<\/div>\r\n\t\t\t\t\t\t\t\t<div class=\"carousel-item col-12 col-sm-6 col-md-4 col-lg-3 \">\r\n\t\t\t\t\t<div class=\"slide-box\">\r\n\t\t\t\t\t\t<img decoding=\"async\" class=\"img-fluid mx-auto d-block\" src=\"https:\/\/www.marchantschmidt.com\/wp-content\/uploads\/2020\/08\/LIQUID-SPRAY-SYSTEM.jpg\">\r\n\t\t\t\t\t\t<div class=\"multi-carousel-caption\">\r\n\t\t\t\t\t\t\t<a href=\"https:\/\/www.marchantschmidt.com\/es\/product\/hygienic-automation-es\/powder-and-liquid-applications-es\/liquid-spray-applicator\/\"><h4>Aplicador de Liquido por Aspersi\u00f3n<\/h4><\/a>\r\n\t\t\t\t\t\t<\/div>\r\n\t\t\t\t\t<\/div>\r\n\t\t\t\t<\/div>\r\n\t\t\t\t        <\/div>\r\n        <a class=\"carousel-control-prev\" href=\"#carousel1\" role=\"button\" data-slide=\"prev\">\r\n            <i class=\"fa fa-chevron-left fa-lg text-muted\"><\/i>\r\n            <span class=\"sr-only\">Previous<\/span>\r\n        <\/a>\r\n        <a class=\"carousel-control-next text-faded\" href=\"#carousel1\" role=\"button\" data-slide=\"next\">\r\n            <i class=\"fa fa-chevron-right fa-lg text-muted\"><\/i>\r\n            <span class=\"sr-only\">Next<\/span>\r\n        <\/a>\r\n    <\/div>\r\n<\/div>\r\n\r\n<script>\r\njQuery(document).ready(function($) {\r\n    $('#carousel1').on('slide.bs.carousel', function (e) {\r\n        var $e = $(e.relatedTarget);\r\n        var idx = $e.index();\r\n\t\tif ($(window).width() <= 767){\r\n\t\t\tvar itemsPerSlide = 2;\r\n\t\t} else if ($(window).width() <= 991){\r\n\t\tvar itemsPerSlide = 3;\r\n\t\t} else {\r\n\t\t\tvar itemsPerSlide = 4;\r\n\t\t}\r\n\t\t\r\n        var totalItems = $('.multi-inner .carousel-item').length;\r\n\t\t\r\n        if (idx >= (totalItems-(itemsPerSlide-1))) {\r\n            var it = itemsPerSlide - (totalItems - idx);\r\n            for (var i=0; i<it; i++) {\r\n                if (e.direction==\"left\") {\r\n                    $('.multi-inner .carousel-item').eq(i).appendTo('.multi-inner');\r\n                }\r\n                else {\r\n                    $('.multi-inner .carousel-item').eq(0).appendTo('.multi-inner');\r\n                }\r\n            }\r\n        }\r\n    });\r\n\r\n    $(window).on('load resize', function() {\r\n        if ($(window).width() >= 991 && $('.multi-inner .carousel-item').length < 5) {\r\n            $('.carousel-control-prev, .carousel-control-next').hide();\r\n        } else if ($(window).width() >= 768 && $('.multi-inner .carousel-item').length < 4) {\r\n            $('.carousel-control-prev, .carousel-control-next').hide();\r\n        } else if ($(window).width() >= 576 && $('.multi-inner .carousel-item').length < 3) {\r\n            $('.carousel-control-prev, .carousel-control-next').hide();\r\n        } else if ($('.multi-inner .carousel-item').length < 2) {\r\n            $('.carousel-control-prev, .carousel-control-next').hide();\r\n        } else {\r\n            $('.carousel-control-prev, .carousel-control-next').show();\r\n        }\r\n    });\r\n});\r\n<\/script>\r\n\r\n\r\n\r\n\r\n\r\n\r\n\r\n\n\n\n<div style=\"height:100px\" aria-hidden=\"true\" class=\"wp-block-spacer\"><\/div>\n","protected":false},"excerpt":{"rendered":"","protected":false},"author":1,"featured_media":0,"parent":3465,"menu_order":0,"comment_status":"closed","ping_status":"closed","template":"","meta":{"_acf_changed":false,"footnotes":""},"class_list":["post-3475","page","type-page","status-publish","hentry"],"acf":[],"yoast_head":"<!-- This site is optimized with the Yoast SEO plugin v27.2 - https:\/\/yoast.com\/product\/yoast-seo-wordpress\/ -->\n<title>Aplicaciones para Polvos y L\u00edquidos - Marchant Schmidt<\/title>\n<meta name=\"robots\" content=\"index, follow, max-snippet:-1, max-image-preview:large, max-video-preview:-1\" \/>\n<link rel=\"canonical\" href=\"https:\/\/www.marchantschmidt.com\/es\/hygienic-automation\/powder-and-liquid-applications\/\" \/>\n<meta property=\"og:locale\" content=\"es_MX\" \/>\n<meta property=\"og:type\" content=\"article\" \/>\n<meta property=\"og:title\" content=\"Aplicaciones para Polvos y L\u00edquidos - Marchant Schmidt\" \/>\n<meta property=\"og:url\" content=\"https:\/\/www.marchantschmidt.com\/es\/hygienic-automation\/powder-and-liquid-applications\/\" \/>\n<meta property=\"og:site_name\" content=\"Marchant Schmidt\" \/>\n<meta property=\"article:modified_time\" content=\"2021-03-08T19:42:54+00:00\" \/>\n<meta name=\"twitter:card\" content=\"summary_large_image\" \/>\n<!-- \/ Yoast SEO plugin. -->","yoast_head_json":{"title":"Aplicaciones para Polvos y L\u00edquidos - Marchant Schmidt","robots":{"index":"index","follow":"follow","max-snippet":"max-snippet:-1","max-image-preview":"max-image-preview:large","max-video-preview":"max-video-preview:-1"},"canonical":"https:\/\/www.marchantschmidt.com\/es\/hygienic-automation\/powder-and-liquid-applications\/","og_locale":"es_MX","og_type":"article","og_title":"Aplicaciones para Polvos y L\u00edquidos - Marchant Schmidt","og_url":"https:\/\/www.marchantschmidt.com\/es\/hygienic-automation\/powder-and-liquid-applications\/","og_site_name":"Marchant Schmidt","article_modified_time":"2021-03-08T19:42:54+00:00","twitter_card":"summary_large_image","schema":{"@context":"https:\/\/schema.org","@graph":[{"@type":"WebPage","@id":"https:\/\/www.marchantschmidt.com\/es\/hygienic-automation\/powder-and-liquid-applications\/","url":"https:\/\/www.marchantschmidt.com\/es\/hygienic-automation\/powder-and-liquid-applications\/","name":"Aplicaciones para Polvos y L\u00edquidos - Marchant Schmidt","isPartOf":{"@id":"https:\/\/www.marchantschmidt.com\/#website"},"datePublished":"2020-12-04T21:10:48+00:00","dateModified":"2021-03-08T19:42:54+00:00","breadcrumb":{"@id":"https:\/\/www.marchantschmidt.com\/es\/hygienic-automation\/powder-and-liquid-applications\/#breadcrumb"},"inLanguage":"es","potentialAction":[{"@type":"ReadAction","target":["https:\/\/www.marchantschmidt.com\/es\/hygienic-automation\/powder-and-liquid-applications\/"]}]},{"@type":"BreadcrumbList","@id":"https:\/\/www.marchantschmidt.com\/es\/hygienic-automation\/powder-and-liquid-applications\/#breadcrumb","itemListElement":[{"@type":"ListItem","position":1,"name":"Home","item":"https:\/\/www.marchantschmidt.com\/es\/"},{"@type":"ListItem","position":2,"name":"Automatizaci\u00f3n Higi\u00e9nica","item":"https:\/\/www.marchantschmidt.com\/es\/hygienic-automation\/"},{"@type":"ListItem","position":3,"name":"Aplicaciones para Polvos y L\u00edquidos"}]},{"@type":"WebSite","@id":"https:\/\/www.marchantschmidt.com\/#website","url":"https:\/\/www.marchantschmidt.com\/","name":"Marchant Schmidt","description":"","publisher":{"@id":"https:\/\/www.marchantschmidt.com\/#organization"},"potentialAction":[{"@type":"SearchAction","target":{"@type":"EntryPoint","urlTemplate":"https:\/\/www.marchantschmidt.com\/?s={search_term_string}"},"query-input":{"@type":"PropertyValueSpecification","valueRequired":true,"valueName":"search_term_string"}}],"inLanguage":"es"},{"@type":"Organization","@id":"https:\/\/www.marchantschmidt.com\/#organization","name":"Marchant Schmidt, Inc.","url":"https:\/\/www.marchantschmidt.com\/","logo":{"@type":"ImageObject","inLanguage":"es","@id":"https:\/\/www.marchantschmidt.com\/#\/schema\/logo\/image\/","url":"https:\/\/www.marchantschmidt.com\/wp-content\/uploads\/2019\/08\/Marchant-Schmidt-Logo-Revised.png","contentUrl":"https:\/\/www.marchantschmidt.com\/wp-content\/uploads\/2019\/08\/Marchant-Schmidt-Logo-Revised.png","width":701,"height":117,"caption":"Marchant Schmidt, Inc."},"image":{"@id":"https:\/\/www.marchantschmidt.com\/#\/schema\/logo\/image\/"}}]}},"_links":{"self":[{"href":"https:\/\/www.marchantschmidt.com\/es\/wp-json\/wp\/v2\/pages\/3475","targetHints":{"allow":["GET"]}}],"collection":[{"href":"https:\/\/www.marchantschmidt.com\/es\/wp-json\/wp\/v2\/pages"}],"about":[{"href":"https:\/\/www.marchantschmidt.com\/es\/wp-json\/wp\/v2\/types\/page"}],"author":[{"embeddable":true,"href":"https:\/\/www.marchantschmidt.com\/es\/wp-json\/wp\/v2\/users\/1"}],"replies":[{"embeddable":true,"href":"https:\/\/www.marchantschmidt.com\/es\/wp-json\/wp\/v2\/comments?post=3475"}],"version-history":[{"count":20,"href":"https:\/\/www.marchantschmidt.com\/es\/wp-json\/wp\/v2\/pages\/3475\/revisions"}],"predecessor-version":[{"id":5882,"href":"https:\/\/www.marchantschmidt.com\/es\/wp-json\/wp\/v2\/pages\/3475\/revisions\/5882"}],"up":[{"embeddable":true,"href":"https:\/\/www.marchantschmidt.com\/es\/wp-json\/wp\/v2\/pages\/3465"}],"wp:attachment":[{"href":"https:\/\/www.marchantschmidt.com\/es\/wp-json\/wp\/v2\/media?parent=3475"}],"curies":[{"name":"wp","href":"https:\/\/api.w.org\/{rel}","templated":true}]}}