{"id":3483,"date":"2020-12-04T21:12:08","date_gmt":"2020-12-04T21:12:08","guid":{"rendered":"https:\/\/www.marchantschmidt.com\/line-optimization\/"},"modified":"2021-02-05T20:59:44","modified_gmt":"2021-02-05T20:59:44","slug":"line-optimization","status":"publish","type":"page","link":"https:\/\/www.marchantschmidt.com\/es\/line-optimization\/","title":{"rendered":"L\u00ednea de Optimizaci\u00f3n"},"content":{"rendered":"<div class=\"row\">\r\n\t<div class=\"break\">\r\n\t<\/div>\r\n<\/div>\n\n\n<div style=\"height:60px\" aria-hidden=\"true\" class=\"wp-block-spacer\"><\/div>\n\n\n\n<div class=\"wp-block-image\"><figure class=\"aligncenter size-large\"><img decoding=\"async\" width=\"700\" height=\"233\" src=\"https:\/\/www.marchantschmidt.com\/wp-content\/uploads\/2020\/09\/LINE-OPTIMIZATION-700x233.jpg\" alt=\"\" class=\"wp-image-3324\" srcset=\"https:\/\/www.marchantschmidt.com\/wp-content\/uploads\/2020\/09\/LINE-OPTIMIZATION-700x233.jpg 700w, https:\/\/www.marchantschmidt.com\/wp-content\/uploads\/2020\/09\/LINE-OPTIMIZATION-600x200.jpg 600w, https:\/\/www.marchantschmidt.com\/wp-content\/uploads\/2020\/09\/LINE-OPTIMIZATION-250x83.jpg 250w, https:\/\/www.marchantschmidt.com\/wp-content\/uploads\/2020\/09\/LINE-OPTIMIZATION-768x256.jpg 768w, https:\/\/www.marchantschmidt.com\/wp-content\/uploads\/2020\/09\/LINE-OPTIMIZATION-1536x512.jpg 1536w, https:\/\/www.marchantschmidt.com\/wp-content\/uploads\/2020\/09\/LINE-OPTIMIZATION-120x40.jpg 120w, https:\/\/www.marchantschmidt.com\/wp-content\/uploads\/2020\/09\/LINE-OPTIMIZATION.jpg 1800w\" sizes=\"(max-width: 700px) 100vw, 700px\" \/><\/figure><\/div>\n\n\n\n<div style=\"height:20px\" aria-hidden=\"true\" class=\"wp-block-spacer\"><\/div>\n\n\n\n<p>Marchant Schmidt puede ayudarlo a sacar m\u00e1s provecho de sus l\u00edneas de producci\u00f3n existentes y ofrece servicios de optimizaci\u00f3n de l\u00ednea. Nuestro equipo estudiar\u00e1 su operaci\u00f3n actual y trabajar\u00e1 para comprender cuidadosamente los objetivos de su empresa para el futuro. Bas\u00e1ndonos en nuestra amplia experiencia y observaciones, definiremos soluciones que aumentar\u00e1n la eficiencia general de la l\u00ednea. Nuestro objetivo es ayudarlo a maximizar la cantidad de empaques que env\u00eda por la puerta listos para la venta. Logramos esto reduciendo el tiempo de inactividad, eliminando los reprocesos del producto, haciendo que los cambios sean m\u00e1s eficientes e introduciendo la automatizaci\u00f3n cuando es requerida. El resultado es una mayor calidad y consistencia, reducci\u00f3n de recortes, desperdicios y en general, una mayor producci\u00f3n.<\/p>\n\n\n\n<div style=\"height:100px\" aria-hidden=\"true\" class=\"wp-block-spacer\"><\/div>\n","protected":false},"excerpt":{"rendered":"Marchant Schmidt puede ayudarlo a sacar m\u00e1s provecho de sus l\u00edneas de producci\u00f3n existentes y ofrece servicios de optimizaci\u00f3n de l\u00ednea. Nuestro equipo estudiar\u00e1 su operaci\u00f3n actual y trabajar\u00e1 para comprender cuidadosamente los objetivos de su empresa para el futuro. Bas\u00e1ndonos en nuestra amplia experiencia y observaciones, definiremos soluciones que aumentar\u00e1n la eficiencia general de&#8230; ","protected":false},"author":1,"featured_media":0,"parent":0,"menu_order":0,"comment_status":"open","ping_status":"open","template":"","meta":{"_acf_changed":false,"footnotes":""},"class_list":["post-3483","page","type-page","status-publish","hentry"],"acf":[],"yoast_head":"<!-- This site is optimized with the Yoast SEO plugin v27.2 - https:\/\/yoast.com\/product\/yoast-seo-wordpress\/ -->\n<title>L\u00ednea de Optimizaci\u00f3n - Marchant Schmidt<\/title>\n<meta name=\"robots\" content=\"index, follow, max-snippet:-1, max-image-preview:large, max-video-preview:-1\" \/>\n<link rel=\"canonical\" href=\"https:\/\/www.marchantschmidt.com\/es\/line-optimization\/\" \/>\n<meta property=\"og:locale\" content=\"es_MX\" \/>\n<meta property=\"og:type\" content=\"article\" \/>\n<meta property=\"og:title\" content=\"L\u00ednea de Optimizaci\u00f3n - Marchant Schmidt\" \/>\n<meta property=\"og:description\" content=\"Marchant Schmidt puede ayudarlo a sacar m\u00e1s provecho de sus l\u00edneas de producci\u00f3n existentes y ofrece servicios de optimizaci\u00f3n de l\u00ednea. Nuestro equipo estudiar\u00e1 su operaci\u00f3n actual y trabajar\u00e1 para comprender cuidadosamente los objetivos de su empresa para el futuro. Bas\u00e1ndonos en nuestra amplia experiencia y observaciones, definiremos soluciones que aumentar\u00e1n la eficiencia general de...\" \/>\n<meta property=\"og:url\" content=\"https:\/\/www.marchantschmidt.com\/es\/line-optimization\/\" \/>\n<meta property=\"og:site_name\" content=\"Marchant Schmidt\" \/>\n<meta property=\"article:modified_time\" content=\"2021-02-05T20:59:44+00:00\" \/>\n<meta property=\"og:image\" content=\"https:\/\/www.marchantschmidt.com\/wp-content\/uploads\/2020\/09\/LINE-OPTIMIZATION-700x233.jpg\" \/>\n<meta name=\"twitter:card\" content=\"summary_large_image\" \/>\n<meta name=\"twitter:label1\" content=\"Tiempo de lectura\" \/>\n\t<meta name=\"twitter:data1\" content=\"1 minuto\" \/>\n<!-- \/ Yoast SEO plugin. -->","yoast_head_json":{"title":"L\u00ednea de Optimizaci\u00f3n - Marchant Schmidt","robots":{"index":"index","follow":"follow","max-snippet":"max-snippet:-1","max-image-preview":"max-image-preview:large","max-video-preview":"max-video-preview:-1"},"canonical":"https:\/\/www.marchantschmidt.com\/es\/line-optimization\/","og_locale":"es_MX","og_type":"article","og_title":"L\u00ednea de Optimizaci\u00f3n - Marchant Schmidt","og_description":"Marchant Schmidt puede ayudarlo a sacar m\u00e1s provecho de sus l\u00edneas de producci\u00f3n existentes y ofrece servicios de optimizaci\u00f3n de l\u00ednea. Nuestro equipo estudiar\u00e1 su operaci\u00f3n actual y trabajar\u00e1 para comprender cuidadosamente los objetivos de su empresa para el futuro. Bas\u00e1ndonos en nuestra amplia experiencia y observaciones, definiremos soluciones que aumentar\u00e1n la eficiencia general de...","og_url":"https:\/\/www.marchantschmidt.com\/es\/line-optimization\/","og_site_name":"Marchant Schmidt","article_modified_time":"2021-02-05T20:59:44+00:00","og_image":[{"url":"https:\/\/www.marchantschmidt.com\/wp-content\/uploads\/2020\/09\/LINE-OPTIMIZATION-700x233.jpg","type":"","width":"","height":""}],"twitter_card":"summary_large_image","twitter_misc":{"Tiempo de lectura":"1 minuto"},"schema":{"@context":"https:\/\/schema.org","@graph":[{"@type":"WebPage","@id":"https:\/\/www.marchantschmidt.com\/es\/line-optimization\/","url":"https:\/\/www.marchantschmidt.com\/es\/line-optimization\/","name":"L\u00ednea de Optimizaci\u00f3n - Marchant Schmidt","isPartOf":{"@id":"https:\/\/www.marchantschmidt.com\/#website"},"primaryImageOfPage":{"@id":"https:\/\/www.marchantschmidt.com\/es\/line-optimization\/#primaryimage"},"image":{"@id":"https:\/\/www.marchantschmidt.com\/es\/line-optimization\/#primaryimage"},"thumbnailUrl":"https:\/\/www.marchantschmidt.com\/wp-content\/uploads\/2020\/09\/LINE-OPTIMIZATION-700x233.jpg","datePublished":"2020-12-04T21:12:08+00:00","dateModified":"2021-02-05T20:59:44+00:00","breadcrumb":{"@id":"https:\/\/www.marchantschmidt.com\/es\/line-optimization\/#breadcrumb"},"inLanguage":"es","potentialAction":[{"@type":"ReadAction","target":["https:\/\/www.marchantschmidt.com\/es\/line-optimization\/"]}]},{"@type":"ImageObject","inLanguage":"es","@id":"https:\/\/www.marchantschmidt.com\/es\/line-optimization\/#primaryimage","url":"https:\/\/www.marchantschmidt.com\/wp-content\/uploads\/2020\/09\/LINE-OPTIMIZATION-700x233.jpg","contentUrl":"https:\/\/www.marchantschmidt.com\/wp-content\/uploads\/2020\/09\/LINE-OPTIMIZATION-700x233.jpg"},{"@type":"BreadcrumbList","@id":"https:\/\/www.marchantschmidt.com\/es\/line-optimization\/#breadcrumb","itemListElement":[{"@type":"ListItem","position":1,"name":"Home","item":"https:\/\/www.marchantschmidt.com\/es\/"},{"@type":"ListItem","position":2,"name":"L\u00ednea de Optimizaci\u00f3n"}]},{"@type":"WebSite","@id":"https:\/\/www.marchantschmidt.com\/#website","url":"https:\/\/www.marchantschmidt.com\/","name":"Marchant Schmidt","description":"","publisher":{"@id":"https:\/\/www.marchantschmidt.com\/#organization"},"potentialAction":[{"@type":"SearchAction","target":{"@type":"EntryPoint","urlTemplate":"https:\/\/www.marchantschmidt.com\/?s={search_term_string}"},"query-input":{"@type":"PropertyValueSpecification","valueRequired":true,"valueName":"search_term_string"}}],"inLanguage":"es"},{"@type":"Organization","@id":"https:\/\/www.marchantschmidt.com\/#organization","name":"Marchant Schmidt, Inc.","url":"https:\/\/www.marchantschmidt.com\/","logo":{"@type":"ImageObject","inLanguage":"es","@id":"https:\/\/www.marchantschmidt.com\/#\/schema\/logo\/image\/","url":"https:\/\/www.marchantschmidt.com\/wp-content\/uploads\/2019\/08\/Marchant-Schmidt-Logo-Revised.png","contentUrl":"https:\/\/www.marchantschmidt.com\/wp-content\/uploads\/2019\/08\/Marchant-Schmidt-Logo-Revised.png","width":701,"height":117,"caption":"Marchant Schmidt, Inc."},"image":{"@id":"https:\/\/www.marchantschmidt.com\/#\/schema\/logo\/image\/"}}]}},"_links":{"self":[{"href":"https:\/\/www.marchantschmidt.com\/es\/wp-json\/wp\/v2\/pages\/3483","targetHints":{"allow":["GET"]}}],"collection":[{"href":"https:\/\/www.marchantschmidt.com\/es\/wp-json\/wp\/v2\/pages"}],"about":[{"href":"https:\/\/www.marchantschmidt.com\/es\/wp-json\/wp\/v2\/types\/page"}],"author":[{"embeddable":true,"href":"https:\/\/www.marchantschmidt.com\/es\/wp-json\/wp\/v2\/users\/1"}],"replies":[{"embeddable":true,"href":"https:\/\/www.marchantschmidt.com\/es\/wp-json\/wp\/v2\/comments?post=3483"}],"version-history":[{"count":10,"href":"https:\/\/www.marchantschmidt.com\/es\/wp-json\/wp\/v2\/pages\/3483\/revisions"}],"predecessor-version":[{"id":5539,"href":"https:\/\/www.marchantschmidt.com\/es\/wp-json\/wp\/v2\/pages\/3483\/revisions\/5539"}],"wp:attachment":[{"href":"https:\/\/www.marchantschmidt.com\/es\/wp-json\/wp\/v2\/media?parent=3483"}],"curies":[{"name":"wp","href":"https:\/\/api.w.org\/{rel}","templated":true}]}}