{"id":3487,"date":"2020-12-04T21:13:40","date_gmt":"2020-12-04T21:13:40","guid":{"rendered":"https:\/\/www.marchantschmidt.com\/manufacturing\/"},"modified":"2021-03-03T21:02:19","modified_gmt":"2021-03-03T21:02:19","slug":"manufacturing","status":"publish","type":"page","link":"https:\/\/www.marchantschmidt.com\/es\/manufacturing\/","title":{"rendered":"Manufactura"},"content":{"rendered":"<div class=\"row\">\r\n\t<div class=\"break\">\r\n\t<\/div>\r\n<\/div>\n\n\n<div style=\"height:50px\" aria-hidden=\"true\" class=\"wp-block-spacer\"><\/div>\n\n\n\n<div class=\"wp-block-image\"><figure class=\"aligncenter size-large\"><img decoding=\"async\" width=\"700\" height=\"367\" src=\"https:\/\/www.marchantschmidt.com\/wp-content\/uploads\/2021\/01\/MANUFACTURING-MAIN-v2-700x367.jpg\" alt=\"\" class=\"wp-image-5117\" srcset=\"https:\/\/www.marchantschmidt.com\/wp-content\/uploads\/2021\/01\/MANUFACTURING-MAIN-v2-700x367.jpg 700w, https:\/\/www.marchantschmidt.com\/wp-content\/uploads\/2021\/01\/MANUFACTURING-MAIN-v2-250x131.jpg 250w, https:\/\/www.marchantschmidt.com\/wp-content\/uploads\/2021\/01\/MANUFACTURING-MAIN-v2-768x402.jpg 768w, https:\/\/www.marchantschmidt.com\/wp-content\/uploads\/2021\/01\/MANUFACTURING-MAIN-v2-1536x805.jpg 1536w, https:\/\/www.marchantschmidt.com\/wp-content\/uploads\/2021\/01\/MANUFACTURING-MAIN-v2-120x63.jpg 120w, https:\/\/www.marchantschmidt.com\/wp-content\/uploads\/2021\/01\/MANUFACTURING-MAIN-v2-600x314.jpg 600w, https:\/\/www.marchantschmidt.com\/wp-content\/uploads\/2021\/01\/MANUFACTURING-MAIN-v2.jpg 1952w\" sizes=\"(max-width: 700px) 100vw, 700px\" \/><\/figure><\/div>\n\n\n\n<p>Marchant Schmidt est\u00e1 orgulloso de nuestro proceso de fabricaci\u00f3n. A lo largo de los a\u00f1os, hemos invertido mucho en amplias capacidades internas. Nos esforzamos por producir maquinaria de la m\u00e1s alta calidad todos los d\u00edas. Para nosotros es importante que muchos de nuestros procesos cr\u00edticos sean autosuficientes. Cuando es econ\u00f3micamente prudente, nos asociamos con proveedores para producir los mejores resultados generales. Le damos la bienvenida a recorrer nuestras instalaciones donde encontrar\u00e1 centros de mecanizado CNC de \u00faltima generaci\u00f3n, prensas plegadoras, cortadoras l\u00e1ser, fresas, tornos, junto con nuestra propia cabina de acabado de perlas de vidrio. Conocer\u00e1 a nuestros talentosos y altamente calificados fabricantes, montadores de m\u00e1quinas y operadores de acabado de metales. Nuestro equipo de fabricaci\u00f3n se caracteriza por ser verdaderos artesanos, con a\u00f1os de experiencia y talento en la construcci\u00f3n de equipos hermosos, robustos e higi\u00e9nicos.<\/p>\n\n\n\n<div style=\"height:60px\" aria-hidden=\"true\" class=\"wp-block-spacer\"><\/div>\n","protected":false},"excerpt":{"rendered":"Marchant Schmidt est\u00e1 orgulloso de nuestro proceso de fabricaci\u00f3n. A lo largo de los a\u00f1os, hemos invertido mucho en amplias capacidades internas. Nos esforzamos por producir maquinaria de la m\u00e1s alta calidad todos los d\u00edas. Para nosotros es importante que muchos de nuestros procesos cr\u00edticos sean autosuficientes. Cuando es econ\u00f3micamente prudente, nos asociamos con proveedores&#8230; ","protected":false},"author":1,"featured_media":0,"parent":0,"menu_order":0,"comment_status":"open","ping_status":"open","template":"","meta":{"_acf_changed":false,"footnotes":""},"class_list":["post-3487","page","type-page","status-publish","hentry"],"acf":[],"yoast_head":"<!-- This site is optimized with the Yoast SEO plugin v27.2 - https:\/\/yoast.com\/product\/yoast-seo-wordpress\/ -->\n<title>Manufactura - Marchant Schmidt<\/title>\n<meta name=\"robots\" content=\"index, follow, max-snippet:-1, max-image-preview:large, max-video-preview:-1\" \/>\n<link rel=\"canonical\" href=\"https:\/\/www.marchantschmidt.com\/es\/manufacturing\/\" \/>\n<meta property=\"og:locale\" content=\"es_MX\" \/>\n<meta property=\"og:type\" content=\"article\" \/>\n<meta property=\"og:title\" content=\"Manufactura - Marchant Schmidt\" \/>\n<meta property=\"og:description\" content=\"Marchant Schmidt est\u00e1 orgulloso de nuestro proceso de fabricaci\u00f3n. A lo largo de los a\u00f1os, hemos invertido mucho en amplias capacidades internas. Nos esforzamos por producir maquinaria de la m\u00e1s alta calidad todos los d\u00edas. Para nosotros es importante que muchos de nuestros procesos cr\u00edticos sean autosuficientes. Cuando es econ\u00f3micamente prudente, nos asociamos con proveedores...\" \/>\n<meta property=\"og:url\" content=\"https:\/\/www.marchantschmidt.com\/es\/manufacturing\/\" \/>\n<meta property=\"og:site_name\" content=\"Marchant Schmidt\" \/>\n<meta property=\"article:modified_time\" content=\"2021-03-03T21:02:19+00:00\" \/>\n<meta property=\"og:image\" content=\"https:\/\/www.marchantschmidt.com\/wp-content\/uploads\/2021\/01\/MANUFACTURING-MAIN-v2-700x367.jpg\" \/>\n<meta name=\"twitter:card\" content=\"summary_large_image\" \/>\n<meta name=\"twitter:label1\" content=\"Tiempo de lectura\" \/>\n\t<meta name=\"twitter:data1\" content=\"1 minuto\" \/>\n<!-- \/ Yoast SEO plugin. -->","yoast_head_json":{"title":"Manufactura - Marchant Schmidt","robots":{"index":"index","follow":"follow","max-snippet":"max-snippet:-1","max-image-preview":"max-image-preview:large","max-video-preview":"max-video-preview:-1"},"canonical":"https:\/\/www.marchantschmidt.com\/es\/manufacturing\/","og_locale":"es_MX","og_type":"article","og_title":"Manufactura - Marchant Schmidt","og_description":"Marchant Schmidt est\u00e1 orgulloso de nuestro proceso de fabricaci\u00f3n. A lo largo de los a\u00f1os, hemos invertido mucho en amplias capacidades internas. Nos esforzamos por producir maquinaria de la m\u00e1s alta calidad todos los d\u00edas. Para nosotros es importante que muchos de nuestros procesos cr\u00edticos sean autosuficientes. Cuando es econ\u00f3micamente prudente, nos asociamos con proveedores...","og_url":"https:\/\/www.marchantschmidt.com\/es\/manufacturing\/","og_site_name":"Marchant Schmidt","article_modified_time":"2021-03-03T21:02:19+00:00","og_image":[{"url":"https:\/\/www.marchantschmidt.com\/wp-content\/uploads\/2021\/01\/MANUFACTURING-MAIN-v2-700x367.jpg","type":"","width":"","height":""}],"twitter_card":"summary_large_image","twitter_misc":{"Tiempo de lectura":"1 minuto"},"schema":{"@context":"https:\/\/schema.org","@graph":[{"@type":"WebPage","@id":"https:\/\/www.marchantschmidt.com\/es\/manufacturing\/","url":"https:\/\/www.marchantschmidt.com\/es\/manufacturing\/","name":"Manufactura - Marchant Schmidt","isPartOf":{"@id":"https:\/\/www.marchantschmidt.com\/#website"},"primaryImageOfPage":{"@id":"https:\/\/www.marchantschmidt.com\/es\/manufacturing\/#primaryimage"},"image":{"@id":"https:\/\/www.marchantschmidt.com\/es\/manufacturing\/#primaryimage"},"thumbnailUrl":"https:\/\/www.marchantschmidt.com\/wp-content\/uploads\/2021\/01\/MANUFACTURING-MAIN-v2-700x367.jpg","datePublished":"2020-12-04T21:13:40+00:00","dateModified":"2021-03-03T21:02:19+00:00","breadcrumb":{"@id":"https:\/\/www.marchantschmidt.com\/es\/manufacturing\/#breadcrumb"},"inLanguage":"es","potentialAction":[{"@type":"ReadAction","target":["https:\/\/www.marchantschmidt.com\/es\/manufacturing\/"]}]},{"@type":"ImageObject","inLanguage":"es","@id":"https:\/\/www.marchantschmidt.com\/es\/manufacturing\/#primaryimage","url":"https:\/\/www.marchantschmidt.com\/wp-content\/uploads\/2021\/01\/MANUFACTURING-MAIN-v2-700x367.jpg","contentUrl":"https:\/\/www.marchantschmidt.com\/wp-content\/uploads\/2021\/01\/MANUFACTURING-MAIN-v2-700x367.jpg"},{"@type":"BreadcrumbList","@id":"https:\/\/www.marchantschmidt.com\/es\/manufacturing\/#breadcrumb","itemListElement":[{"@type":"ListItem","position":1,"name":"Home","item":"https:\/\/www.marchantschmidt.com\/es\/"},{"@type":"ListItem","position":2,"name":"Manufactura"}]},{"@type":"WebSite","@id":"https:\/\/www.marchantschmidt.com\/#website","url":"https:\/\/www.marchantschmidt.com\/","name":"Marchant Schmidt","description":"","publisher":{"@id":"https:\/\/www.marchantschmidt.com\/#organization"},"potentialAction":[{"@type":"SearchAction","target":{"@type":"EntryPoint","urlTemplate":"https:\/\/www.marchantschmidt.com\/?s={search_term_string}"},"query-input":{"@type":"PropertyValueSpecification","valueRequired":true,"valueName":"search_term_string"}}],"inLanguage":"es"},{"@type":"Organization","@id":"https:\/\/www.marchantschmidt.com\/#organization","name":"Marchant Schmidt, Inc.","url":"https:\/\/www.marchantschmidt.com\/","logo":{"@type":"ImageObject","inLanguage":"es","@id":"https:\/\/www.marchantschmidt.com\/#\/schema\/logo\/image\/","url":"https:\/\/www.marchantschmidt.com\/wp-content\/uploads\/2019\/08\/Marchant-Schmidt-Logo-Revised.png","contentUrl":"https:\/\/www.marchantschmidt.com\/wp-content\/uploads\/2019\/08\/Marchant-Schmidt-Logo-Revised.png","width":701,"height":117,"caption":"Marchant Schmidt, Inc."},"image":{"@id":"https:\/\/www.marchantschmidt.com\/#\/schema\/logo\/image\/"}}]}},"_links":{"self":[{"href":"https:\/\/www.marchantschmidt.com\/es\/wp-json\/wp\/v2\/pages\/3487","targetHints":{"allow":["GET"]}}],"collection":[{"href":"https:\/\/www.marchantschmidt.com\/es\/wp-json\/wp\/v2\/pages"}],"about":[{"href":"https:\/\/www.marchantschmidt.com\/es\/wp-json\/wp\/v2\/types\/page"}],"author":[{"embeddable":true,"href":"https:\/\/www.marchantschmidt.com\/es\/wp-json\/wp\/v2\/users\/1"}],"replies":[{"embeddable":true,"href":"https:\/\/www.marchantschmidt.com\/es\/wp-json\/wp\/v2\/comments?post=3487"}],"version-history":[{"count":11,"href":"https:\/\/www.marchantschmidt.com\/es\/wp-json\/wp\/v2\/pages\/3487\/revisions"}],"predecessor-version":[{"id":5735,"href":"https:\/\/www.marchantschmidt.com\/es\/wp-json\/wp\/v2\/pages\/3487\/revisions\/5735"}],"wp:attachment":[{"href":"https:\/\/www.marchantschmidt.com\/es\/wp-json\/wp\/v2\/media?parent=3487"}],"curies":[{"name":"wp","href":"https:\/\/api.w.org\/{rel}","templated":true}]}}