{"id":3502,"date":"2020-12-04T21:17:03","date_gmt":"2020-12-04T21:17:03","guid":{"rendered":"https:\/\/www.marchantschmidt.com\/loaf-and-portion-cutting\/"},"modified":"2021-03-08T21:36:08","modified_gmt":"2021-03-08T21:36:08","slug":"loaf-portion","status":"publish","type":"page","link":"https:\/\/www.marchantschmidt.com\/es\/cheese-converting\/loaf-portion\/","title":{"rendered":"Cortador de Barras y Porciones"},"content":{"rendered":"<div class=\"alt-color row\">\n\t<div class=\"summary-container \">\n\t\t<div class=\"d-flex align-items-center justify-content-center flex-wrap\">\n\t\t\t<div class=\"col-12 col-md-6  \">\n\t\t\t\t\n\t\t\t\t\t\t\t\t\t\t<img decoding=\"async\" src=\"https:\/\/www.marchantschmidt.com\/wp-content\/uploads\/2020\/07\/LOAF-AND-PORTION_VERSATILE-PORTABLE-SIMPLE-TO-OPERATE.jpg\" alt=\"loaf and portion cheese cutting equipment\" title=\"LOAF AND PORTION_VERSATILE PORTABLE SIMPLE TO OPERATE\" class=\"w-100\">\n\t\t\t\t\n\t\t\t<\/div>\n\t\t\t<div class=\"col-12 col-md-6  \">\n\t\t\t\t\t\t\t\t<div class=\"summary-content\">\n\t\t\t\t\t<h2 class=\"smry-title\">Vers\u00e1til, port\u00e1til, f\u00e1cil de operar<\/h2>\n\t\t\t\t\t<p>La flexibilidad es clave para muchas aplicaciones de conversi\u00f3n de queso. Nuestra l\u00ednea de cortadores EC es f\u00e1cil de configurar y operar. M\u00e1s importante a\u00fan, un operador puede cambiar r\u00e1pidamente de un tama\u00f1o de corte a otro en cuesti\u00f3n de minutos. Esto es ideal cuando necesita producir una variedad de rebanadas, cu\u00f1as, barras, trozos, tiras y porciones de queso. La construcci\u00f3n port\u00e1til robusta hace que muchas de estas m\u00e1quinas sean f\u00e1ciles de mover y dejar de producir seg\u00fan sea necesario. <\/p>\n\t\t\t\t\t\t\t\t\t<\/div>\n\t\t\t<\/div>\n\t\t<\/div>\n\t<\/div>\n<\/div>\n\n<div class=\"alt-color row\">\n\t<div class=\"summary-container \">\n\t\t<div class=\"d-flex align-items-center justify-content-center flex-wrap\">\n\t\t\t<div class=\"col-12 col-md-6  order-md-2\">\n\t\t\t\t\n\t\t\t\t\t\t\t\t\t\t<img decoding=\"async\" src=\"https:\/\/www.marchantschmidt.com\/wp-content\/uploads\/2020\/07\/CONSISTENT-LOAF-CUTTING.jpg\" alt=\"loaf and portion cheese cutting equipment\" title=\"CONSISTENT-LOAF-CUTTING\" class=\"w-100\">\n\t\t\t\t\n\t\t\t<\/div>\n\t\t\t<div class=\"col-12 col-md-6 order-md-1 \">\n\t\t\t\t\t\t\t\t<div class=\"summary-content\">\n\t\t\t\t\t<h2 class=\"smry-title\">Corte Consistentes de Rebanadas<\/h2>\n\t\t\t\t\t<p>Los bloques de queso son irregulares y sus dimensiones var\u00edan dr\u00e1sticamente. Las m\u00e1quinas cortadoras de alambre fijo comunes producen tiras irregulares o crean una cantidad significativa de recortes. Nuestro exclusivo dise\u00f1o de m\u00e1quina centraliza autom\u00e1ticamente el bloque de queso y ajusta el alambre horizontal para crear barras y porciones con dimensiones similares. Las barras consistentes dan como resultado un mejor control del peso y una apariencia m\u00e1s homog\u00e9nea en el empaque terminado.<\/p>\n\t\t\t\t\t\t\t\t\t<\/div>\n\t\t\t<\/div>\n\t\t<\/div>\n\t<\/div>\n<\/div>\n\n<div class=\"alt-color row\">\n\t<div class=\"summary-container \">\n\t\t<div class=\"d-flex align-items-center justify-content-center flex-wrap\">\n\t\t\t<div class=\"col-12 col-md-6  \">\n\t\t\t\t\n\t\t\t\t\t\t\t\t\t\t<img decoding=\"async\" src=\"https:\/\/www.marchantschmidt.com\/wp-content\/uploads\/2020\/07\/LOAF-AND-PORTION_QUICK-CHANGE-PARTS.jpg\" alt=\"loaf and portion cheese cutting equipment\" title=\"LOAF AND PORTION_QUICK CHANGE PARTS\" class=\"w-100\">\n\t\t\t\t\n\t\t\t<\/div>\n\t\t\t<div class=\"col-12 col-md-6  \">\n\t\t\t\t\t\t\t\t<div class=\"summary-content\">\n\t\t\t\t\t<h2 class=\"smry-title\">F\u00e1cil de Limpiar<\/h2>\n\t\t\t\t\t<p>Marchant Schmidt es bien conocido por su maquinaria ultra higi\u00e9nica. Fabricar un equipo que sea f\u00e1cil de limpiar es tan importante como uno que cumpla con las especificaciones sanitarias. Ya sea que su proceso de saneamiento sea diario o semanal, desmontar\u00e1 y lavar\u00e1 la maquinaria miles de veces durante su vida \u00fatil. Nuestros dise\u00f1os ahorran tiempo de limpieza y exponen todas las \u00e1reas cr\u00edticas. Esto brinda a nuestros clientes la mejor oportunidad para un proceso limpio y reduce el riesgo de contaminaci\u00f3n.<\/p>\n\t\t\t\t\t\t\t\t\t<\/div>\n\t\t\t<\/div>\n\t\t<\/div>\n\t<\/div>\n<\/div>\n\n\n<div style=\"height:100px\" aria-hidden=\"true\" class=\"wp-block-spacer\"><\/div>\n\n\n\r\n\r\n<div class=\"container-fluid\">\r\n    <div id=\"carousel1\" class=\"carousel multi-slider slide\" data-ride=\"carousel\" data-interval=\"false\">\r\n        <div class=\"carousel-inner multi-inner row w-90 mx-auto\" role=\"listbox\">\r\n\t\t\t\t\t\t\t<div class=\"carousel-item col-12 col-sm-6 col-md-4 col-lg-3 active\">\r\n\t\t\t\t\t<div class=\"slide-box\">\r\n\t\t\t\t\t\t<img decoding=\"async\" class=\"img-fluid mx-auto d-block\" src=\"https:\/\/www.marchantschmidt.com\/wp-content\/uploads\/2020\/08\/EC01-MANUAL-CUTTER-MAIN.jpg\">\r\n\t\t\t\t\t\t<div class=\"multi-carousel-caption\">\r\n\t\t\t\t\t\t\t<a href=\"https:\/\/www.marchantschmidt.com\/es\/product\/cheese-converting-es\/loaf-and-portion\/ec01-manual-cheese-cutter\/\"><h4>Manual Cutting<\/h4><\/a>\r\n\t\t\t\t\t\t<\/div>\r\n\t\t\t\t\t<\/div>\r\n\t\t\t\t<\/div>\r\n\t\t\t\t\t\t\t\t<div class=\"carousel-item col-12 col-sm-6 col-md-4 col-lg-3 \">\r\n\t\t\t\t\t<div class=\"slide-box\">\r\n\t\t\t\t\t\t<img decoding=\"async\" class=\"img-fluid mx-auto d-block\" src=\"https:\/\/www.marchantschmidt.com\/wp-content\/uploads\/2019\/08\/ec12stickcutmain.jpg\">\r\n\t\t\t\t\t\t<div class=\"multi-carousel-caption\">\r\n\t\t\t\t\t\t\t<a href=\"https:\/\/www.marchantschmidt.com\/es\/product\/cheese-converting-es\/loaf-and-portion\/ec12-vertical-cheese-cutter\/\"><h4>Cortadora Vertical de Etapa Simple<\/h4><\/a>\r\n\t\t\t\t\t\t<\/div>\r\n\t\t\t\t\t<\/div>\r\n\t\t\t\t<\/div>\r\n\t\t\t\t\t\t\t\t<div class=\"carousel-item col-12 col-sm-6 col-md-4 col-lg-3 \">\r\n\t\t\t\t\t<div class=\"slide-box\">\r\n\t\t\t\t\t\t<img decoding=\"async\" class=\"img-fluid mx-auto d-block\" src=\"https:\/\/www.marchantschmidt.com\/wp-content\/uploads\/2019\/08\/ec10precuttermain.jpg\">\r\n\t\t\t\t\t\t<div class=\"multi-carousel-caption\">\r\n\t\t\t\t\t\t\t<a href=\"https:\/\/www.marchantschmidt.com\/es\/product\/cheese-converting-es\/loaf-and-portion\/ec10-single-stage-cheese-cutter\/\"><h4>Cortadoras Horizontales de Etapa Simple<\/h4><\/a>\r\n\t\t\t\t\t\t<\/div>\r\n\t\t\t\t\t<\/div>\r\n\t\t\t\t<\/div>\r\n\t\t\t\t\t\t\t\t<div class=\"carousel-item col-12 col-sm-6 col-md-4 col-lg-3 \">\r\n\t\t\t\t\t<div class=\"slide-box\">\r\n\t\t\t\t\t\t<img decoding=\"async\" class=\"img-fluid mx-auto d-block\" src=\"https:\/\/www.marchantschmidt.com\/wp-content\/uploads\/2019\/09\/2022-EC16-PROFILE-CUTTER-CATEGORY-ICON-1.jpg\">\r\n\t\t\t\t\t\t<div class=\"multi-carousel-caption\">\r\n\t\t\t\t\t\t\t<a href=\"https:\/\/www.marchantschmidt.com\/es\/cheese-converting\/loaf-portion\/cortadoras-de-perfiles\/\"><h4>Cortadoras de Perfiles<\/h4><\/a>\r\n\t\t\t\t\t\t<\/div>\r\n\t\t\t\t\t<\/div>\r\n\t\t\t\t<\/div>\r\n\t\t\t\t\t\t\t\t<div class=\"carousel-item col-12 col-sm-6 col-md-4 col-lg-3 \">\r\n\t\t\t\t\t<div class=\"slide-box\">\r\n\t\t\t\t\t\t<img decoding=\"async\" class=\"img-fluid mx-auto d-block\" src=\"https:\/\/www.marchantschmidt.com\/wp-content\/uploads\/2021\/01\/2022-EC14-PROFILE-CUTTER-CATEGORY-ICON.jpg\">\r\n\t\t\t\t\t\t<div class=\"multi-carousel-caption\">\r\n\t\t\t\t\t\t\t<a href=\"https:\/\/www.marchantschmidt.com\/es\/cheese-converting\/loaf-portion\/wire-portion-cutting\/\"><h4>Cortadora de Alambre para Porciones de Queso<\/h4><\/a>\r\n\t\t\t\t\t\t<\/div>\r\n\t\t\t\t\t<\/div>\r\n\t\t\t\t<\/div>\r\n\t\t\t\t\t\t\t\t<div class=\"carousel-item col-12 col-sm-6 col-md-4 col-lg-3 \">\r\n\t\t\t\t\t<div class=\"slide-box\">\r\n\t\t\t\t\t\t<img decoding=\"async\" class=\"img-fluid mx-auto d-block\" src=\"\">\r\n\t\t\t\t\t\t<div class=\"multi-carousel-caption\">\r\n\t\t\t\t\t\t\t<a href=\"https:\/\/www.marchantschmidt.com\/es\/cheese-converting\/loaf-portion\/wheel-wedge-cutting\/\"><h4>Cortadora de Cu\u00f1as de Ruedas de Queso<\/h4><\/a>\r\n\t\t\t\t\t\t<\/div>\r\n\t\t\t\t\t<\/div>\r\n\t\t\t\t<\/div>\r\n\t\t\t\t        <\/div>\r\n        <a class=\"carousel-control-prev\" href=\"#carousel1\" role=\"button\" data-slide=\"prev\">\r\n            <i class=\"fa fa-chevron-left fa-lg text-muted\"><\/i>\r\n            <span class=\"sr-only\">Previous<\/span>\r\n        <\/a>\r\n        <a class=\"carousel-control-next text-faded\" href=\"#carousel1\" role=\"button\" data-slide=\"next\">\r\n            <i class=\"fa fa-chevron-right fa-lg text-muted\"><\/i>\r\n            <span class=\"sr-only\">Next<\/span>\r\n        <\/a>\r\n    <\/div>\r\n<\/div>\r\n\r\n<script>\r\njQuery(document).ready(function($) {\r\n    $('#carousel1').on('slide.bs.carousel', function (e) {\r\n        var $e = $(e.relatedTarget);\r\n        var idx = $e.index();\r\n\t\tif ($(window).width() <= 767){\r\n\t\t\tvar itemsPerSlide = 2;\r\n\t\t} else if ($(window).width() <= 991){\r\n\t\tvar itemsPerSlide = 3;\r\n\t\t} else {\r\n\t\t\tvar itemsPerSlide = 4;\r\n\t\t}\r\n\t\t\r\n        var totalItems = $('.multi-inner .carousel-item').length;\r\n\t\t\r\n        if (idx >= (totalItems-(itemsPerSlide-1))) {\r\n            var it = itemsPerSlide - (totalItems - idx);\r\n            for (var i=0; i<it; i++) {\r\n                if (e.direction==\"left\") {\r\n                    $('.multi-inner .carousel-item').eq(i).appendTo('.multi-inner');\r\n                }\r\n                else {\r\n                    $('.multi-inner .carousel-item').eq(0).appendTo('.multi-inner');\r\n                }\r\n            }\r\n        }\r\n    });\r\n\r\n    $(window).on('load resize', function() {\r\n        if ($(window).width() >= 991 && $('.multi-inner .carousel-item').length < 5) {\r\n            $('.carousel-control-prev, .carousel-control-next').hide();\r\n        } else if ($(window).width() >= 768 && $('.multi-inner .carousel-item').length < 4) {\r\n            $('.carousel-control-prev, .carousel-control-next').hide();\r\n        } else if ($(window).width() >= 576 && $('.multi-inner .carousel-item').length < 3) {\r\n            $('.carousel-control-prev, .carousel-control-next').hide();\r\n        } else if ($('.multi-inner .carousel-item').length < 2) {\r\n            $('.carousel-control-prev, .carousel-control-next').hide();\r\n        } else {\r\n            $('.carousel-control-prev, .carousel-control-next').show();\r\n        }\r\n    });\r\n});\r\n<\/script>\r\n\r\n\r\n\r\n\r\n\r\n\r\n\r\n\n\n\n<div style=\"height:100px\" aria-hidden=\"true\" class=\"wp-block-spacer\"><\/div>\n\n\n\n<p><\/p>\n","protected":false},"excerpt":{"rendered":"","protected":false},"author":1,"featured_media":0,"parent":3531,"menu_order":0,"comment_status":"open","ping_status":"open","template":"","meta":{"_acf_changed":false,"footnotes":""},"class_list":["post-3502","page","type-page","status-publish","hentry"],"acf":[],"yoast_head":"<!-- This site is optimized with the Yoast SEO plugin v27.2 - https:\/\/yoast.com\/product\/yoast-seo-wordpress\/ -->\n<title>Cortador de Barras y Porciones - Marchant Schmidt<\/title>\n<meta name=\"robots\" content=\"index, follow, max-snippet:-1, max-image-preview:large, max-video-preview:-1\" \/>\n<link rel=\"canonical\" href=\"https:\/\/www.marchantschmidt.com\/es\/cheese-converting\/loaf-portion\/\" \/>\n<meta property=\"og:locale\" content=\"es_MX\" \/>\n<meta property=\"og:type\" content=\"article\" \/>\n<meta property=\"og:title\" content=\"Cortador de Barras y Porciones - Marchant Schmidt\" \/>\n<meta property=\"og:url\" content=\"https:\/\/www.marchantschmidt.com\/es\/cheese-converting\/loaf-portion\/\" \/>\n<meta property=\"og:site_name\" content=\"Marchant Schmidt\" \/>\n<meta property=\"article:modified_time\" content=\"2021-03-08T21:36:08+00:00\" \/>\n<meta name=\"twitter:card\" content=\"summary_large_image\" \/>\n<!-- \/ Yoast SEO plugin. -->","yoast_head_json":{"title":"Cortador de Barras y Porciones - Marchant Schmidt","robots":{"index":"index","follow":"follow","max-snippet":"max-snippet:-1","max-image-preview":"max-image-preview:large","max-video-preview":"max-video-preview:-1"},"canonical":"https:\/\/www.marchantschmidt.com\/es\/cheese-converting\/loaf-portion\/","og_locale":"es_MX","og_type":"article","og_title":"Cortador de Barras y Porciones - Marchant Schmidt","og_url":"https:\/\/www.marchantschmidt.com\/es\/cheese-converting\/loaf-portion\/","og_site_name":"Marchant Schmidt","article_modified_time":"2021-03-08T21:36:08+00:00","twitter_card":"summary_large_image","schema":{"@context":"https:\/\/schema.org","@graph":[{"@type":"WebPage","@id":"https:\/\/www.marchantschmidt.com\/es\/cheese-converting\/loaf-portion\/","url":"https:\/\/www.marchantschmidt.com\/es\/cheese-converting\/loaf-portion\/","name":"Cortador de Barras y Porciones - Marchant Schmidt","isPartOf":{"@id":"https:\/\/www.marchantschmidt.com\/#website"},"datePublished":"2020-12-04T21:17:03+00:00","dateModified":"2021-03-08T21:36:08+00:00","breadcrumb":{"@id":"https:\/\/www.marchantschmidt.com\/es\/cheese-converting\/loaf-portion\/#breadcrumb"},"inLanguage":"es","potentialAction":[{"@type":"ReadAction","target":["https:\/\/www.marchantschmidt.com\/es\/cheese-converting\/loaf-portion\/"]}]},{"@type":"BreadcrumbList","@id":"https:\/\/www.marchantschmidt.com\/es\/cheese-converting\/loaf-portion\/#breadcrumb","itemListElement":[{"@type":"ListItem","position":1,"name":"Home","item":"https:\/\/www.marchantschmidt.com\/es\/"},{"@type":"ListItem","position":2,"name":"Conversi\u00f3n de Queso","item":"https:\/\/www.marchantschmidt.com\/es\/cheese-converting\/"},{"@type":"ListItem","position":3,"name":"Cortador de Barras y Porciones"}]},{"@type":"WebSite","@id":"https:\/\/www.marchantschmidt.com\/#website","url":"https:\/\/www.marchantschmidt.com\/","name":"Marchant Schmidt","description":"","publisher":{"@id":"https:\/\/www.marchantschmidt.com\/#organization"},"potentialAction":[{"@type":"SearchAction","target":{"@type":"EntryPoint","urlTemplate":"https:\/\/www.marchantschmidt.com\/?s={search_term_string}"},"query-input":{"@type":"PropertyValueSpecification","valueRequired":true,"valueName":"search_term_string"}}],"inLanguage":"es"},{"@type":"Organization","@id":"https:\/\/www.marchantschmidt.com\/#organization","name":"Marchant Schmidt, Inc.","url":"https:\/\/www.marchantschmidt.com\/","logo":{"@type":"ImageObject","inLanguage":"es","@id":"https:\/\/www.marchantschmidt.com\/#\/schema\/logo\/image\/","url":"https:\/\/www.marchantschmidt.com\/wp-content\/uploads\/2019\/08\/Marchant-Schmidt-Logo-Revised.png","contentUrl":"https:\/\/www.marchantschmidt.com\/wp-content\/uploads\/2019\/08\/Marchant-Schmidt-Logo-Revised.png","width":701,"height":117,"caption":"Marchant Schmidt, Inc."},"image":{"@id":"https:\/\/www.marchantschmidt.com\/#\/schema\/logo\/image\/"}}]}},"_links":{"self":[{"href":"https:\/\/www.marchantschmidt.com\/es\/wp-json\/wp\/v2\/pages\/3502","targetHints":{"allow":["GET"]}}],"collection":[{"href":"https:\/\/www.marchantschmidt.com\/es\/wp-json\/wp\/v2\/pages"}],"about":[{"href":"https:\/\/www.marchantschmidt.com\/es\/wp-json\/wp\/v2\/types\/page"}],"author":[{"embeddable":true,"href":"https:\/\/www.marchantschmidt.com\/es\/wp-json\/wp\/v2\/users\/1"}],"replies":[{"embeddable":true,"href":"https:\/\/www.marchantschmidt.com\/es\/wp-json\/wp\/v2\/comments?post=3502"}],"version-history":[{"count":34,"href":"https:\/\/www.marchantschmidt.com\/es\/wp-json\/wp\/v2\/pages\/3502\/revisions"}],"predecessor-version":[{"id":5976,"href":"https:\/\/www.marchantschmidt.com\/es\/wp-json\/wp\/v2\/pages\/3502\/revisions\/5976"}],"up":[{"embeddable":true,"href":"https:\/\/www.marchantschmidt.com\/es\/wp-json\/wp\/v2\/pages\/3531"}],"wp:attachment":[{"href":"https:\/\/www.marchantschmidt.com\/es\/wp-json\/wp\/v2\/media?parent=3502"}],"curies":[{"name":"wp","href":"https:\/\/api.w.org\/{rel}","templated":true}]}}