{"id":3504,"date":"2020-12-04T21:17:14","date_gmt":"2020-12-04T21:17:14","guid":{"rendered":"https:\/\/www.marchantschmidt.com\/startup-and-commissioning\/"},"modified":"2021-02-05T19:56:16","modified_gmt":"2021-02-05T19:56:16","slug":"arranque-y-puesta-en-marcha","status":"publish","type":"page","link":"https:\/\/www.marchantschmidt.com\/es\/arranque-y-puesta-en-marcha\/","title":{"rendered":"Arranque y puesta en Marcha"},"content":{"rendered":"<div class=\"row\">\r\n\t<div class=\"break\">\r\n\t<\/div>\r\n<\/div>\n\n\n<div style=\"height:60px\" aria-hidden=\"true\" class=\"wp-block-spacer\"><\/div>\n\n\n\n<p>Marchant Schmidt est\u00e1 comprometido con el r\u00e1pido despliegue de su nueva l\u00ednea. Nuestro objetivo es proporcionar un proceso de inicio fluido y eficiente. Una vez que su equipo se haya colocado en la sala de operaci\u00f3n y se haya cableado, nuestros t\u00e9cnicos verificar\u00e1n cuidadosamente las terminaciones y confirmar\u00e1n que todos los componentes funcionan como se dise\u00f1aron. Cuidamos especialmente la formaci\u00f3n de los operadores de l\u00ednea, t\u00e9cnicos de mantenimiento y equipo de saneamiento. La capacitaci\u00f3n es una combinaci\u00f3n de operaci\u00f3n de la m\u00e1quina en el aula y pr\u00e1ctica. Durante la puesta en servicio, guiamos a los operadores a trav\u00e9s de la configuraci\u00f3n de recetas y ajustes espec\u00edficos de los equipos. Antes de partir, nuestro t\u00e9cnico afinar\u00e1 y optimizar\u00e1 la l\u00ednea para lograr un rendimiento \u00f3ptimo repetible. El programa de puesta en marcha sigue un plan cuidadoso destinado a reducir las complicaciones y conducir a una puesta en servicio exitosa de la l\u00ednea.<\/p>\n","protected":false},"excerpt":{"rendered":"Marchant Schmidt est\u00e1 comprometido con el r\u00e1pido despliegue de su nueva l\u00ednea. Nuestro objetivo es proporcionar un proceso de inicio fluido y eficiente. Una vez que su equipo se haya colocado en la sala de operaci\u00f3n y se haya cableado, nuestros t\u00e9cnicos verificar\u00e1n cuidadosamente las terminaciones y confirmar\u00e1n que todos los componentes funcionan como se&#8230; ","protected":false},"author":1,"featured_media":0,"parent":0,"menu_order":0,"comment_status":"open","ping_status":"open","template":"","meta":{"_acf_changed":false,"footnotes":""},"class_list":["post-3504","page","type-page","status-publish","hentry"],"acf":[],"yoast_head":"<!-- This site is optimized with the Yoast SEO plugin v27.2 - https:\/\/yoast.com\/product\/yoast-seo-wordpress\/ -->\n<title>Arranque y puesta en Marcha - Marchant Schmidt<\/title>\n<meta name=\"robots\" content=\"index, follow, max-snippet:-1, max-image-preview:large, max-video-preview:-1\" \/>\n<link rel=\"canonical\" href=\"https:\/\/www.marchantschmidt.com\/es\/arranque-y-puesta-en-marcha\/\" \/>\n<meta property=\"og:locale\" content=\"es_MX\" \/>\n<meta property=\"og:type\" content=\"article\" \/>\n<meta property=\"og:title\" content=\"Arranque y puesta en Marcha - Marchant Schmidt\" \/>\n<meta property=\"og:description\" content=\"Marchant Schmidt est\u00e1 comprometido con el r\u00e1pido despliegue de su nueva l\u00ednea. Nuestro objetivo es proporcionar un proceso de inicio fluido y eficiente. Una vez que su equipo se haya colocado en la sala de operaci\u00f3n y se haya cableado, nuestros t\u00e9cnicos verificar\u00e1n cuidadosamente las terminaciones y confirmar\u00e1n que todos los componentes funcionan como se...\" \/>\n<meta property=\"og:url\" content=\"https:\/\/www.marchantschmidt.com\/es\/arranque-y-puesta-en-marcha\/\" \/>\n<meta property=\"og:site_name\" content=\"Marchant Schmidt\" \/>\n<meta property=\"article:modified_time\" content=\"2021-02-05T19:56:16+00:00\" \/>\n<meta name=\"twitter:card\" content=\"summary_large_image\" \/>\n<meta name=\"twitter:label1\" content=\"Tiempo de lectura\" \/>\n\t<meta name=\"twitter:data1\" content=\"1 minuto\" \/>\n<!-- \/ Yoast SEO plugin. -->","yoast_head_json":{"title":"Arranque y puesta en Marcha - Marchant Schmidt","robots":{"index":"index","follow":"follow","max-snippet":"max-snippet:-1","max-image-preview":"max-image-preview:large","max-video-preview":"max-video-preview:-1"},"canonical":"https:\/\/www.marchantschmidt.com\/es\/arranque-y-puesta-en-marcha\/","og_locale":"es_MX","og_type":"article","og_title":"Arranque y puesta en Marcha - Marchant Schmidt","og_description":"Marchant Schmidt est\u00e1 comprometido con el r\u00e1pido despliegue de su nueva l\u00ednea. Nuestro objetivo es proporcionar un proceso de inicio fluido y eficiente. Una vez que su equipo se haya colocado en la sala de operaci\u00f3n y se haya cableado, nuestros t\u00e9cnicos verificar\u00e1n cuidadosamente las terminaciones y confirmar\u00e1n que todos los componentes funcionan como se...","og_url":"https:\/\/www.marchantschmidt.com\/es\/arranque-y-puesta-en-marcha\/","og_site_name":"Marchant Schmidt","article_modified_time":"2021-02-05T19:56:16+00:00","twitter_card":"summary_large_image","twitter_misc":{"Tiempo de lectura":"1 minuto"},"schema":{"@context":"https:\/\/schema.org","@graph":[{"@type":"WebPage","@id":"https:\/\/www.marchantschmidt.com\/es\/arranque-y-puesta-en-marcha\/","url":"https:\/\/www.marchantschmidt.com\/es\/arranque-y-puesta-en-marcha\/","name":"Arranque y puesta en Marcha - Marchant Schmidt","isPartOf":{"@id":"https:\/\/www.marchantschmidt.com\/#website"},"datePublished":"2020-12-04T21:17:14+00:00","dateModified":"2021-02-05T19:56:16+00:00","breadcrumb":{"@id":"https:\/\/www.marchantschmidt.com\/es\/arranque-y-puesta-en-marcha\/#breadcrumb"},"inLanguage":"es","potentialAction":[{"@type":"ReadAction","target":["https:\/\/www.marchantschmidt.com\/es\/arranque-y-puesta-en-marcha\/"]}]},{"@type":"BreadcrumbList","@id":"https:\/\/www.marchantschmidt.com\/es\/arranque-y-puesta-en-marcha\/#breadcrumb","itemListElement":[{"@type":"ListItem","position":1,"name":"Home","item":"https:\/\/www.marchantschmidt.com\/es\/"},{"@type":"ListItem","position":2,"name":"Arranque y puesta en Marcha"}]},{"@type":"WebSite","@id":"https:\/\/www.marchantschmidt.com\/#website","url":"https:\/\/www.marchantschmidt.com\/","name":"Marchant Schmidt","description":"","publisher":{"@id":"https:\/\/www.marchantschmidt.com\/#organization"},"potentialAction":[{"@type":"SearchAction","target":{"@type":"EntryPoint","urlTemplate":"https:\/\/www.marchantschmidt.com\/?s={search_term_string}"},"query-input":{"@type":"PropertyValueSpecification","valueRequired":true,"valueName":"search_term_string"}}],"inLanguage":"es"},{"@type":"Organization","@id":"https:\/\/www.marchantschmidt.com\/#organization","name":"Marchant Schmidt, Inc.","url":"https:\/\/www.marchantschmidt.com\/","logo":{"@type":"ImageObject","inLanguage":"es","@id":"https:\/\/www.marchantschmidt.com\/#\/schema\/logo\/image\/","url":"https:\/\/www.marchantschmidt.com\/wp-content\/uploads\/2019\/08\/Marchant-Schmidt-Logo-Revised.png","contentUrl":"https:\/\/www.marchantschmidt.com\/wp-content\/uploads\/2019\/08\/Marchant-Schmidt-Logo-Revised.png","width":701,"height":117,"caption":"Marchant Schmidt, Inc."},"image":{"@id":"https:\/\/www.marchantschmidt.com\/#\/schema\/logo\/image\/"}}]}},"_links":{"self":[{"href":"https:\/\/www.marchantschmidt.com\/es\/wp-json\/wp\/v2\/pages\/3504","targetHints":{"allow":["GET"]}}],"collection":[{"href":"https:\/\/www.marchantschmidt.com\/es\/wp-json\/wp\/v2\/pages"}],"about":[{"href":"https:\/\/www.marchantschmidt.com\/es\/wp-json\/wp\/v2\/types\/page"}],"author":[{"embeddable":true,"href":"https:\/\/www.marchantschmidt.com\/es\/wp-json\/wp\/v2\/users\/1"}],"replies":[{"embeddable":true,"href":"https:\/\/www.marchantschmidt.com\/es\/wp-json\/wp\/v2\/comments?post=3504"}],"version-history":[{"count":10,"href":"https:\/\/www.marchantschmidt.com\/es\/wp-json\/wp\/v2\/pages\/3504\/revisions"}],"predecessor-version":[{"id":5474,"href":"https:\/\/www.marchantschmidt.com\/es\/wp-json\/wp\/v2\/pages\/3504\/revisions\/5474"}],"wp:attachment":[{"href":"https:\/\/www.marchantschmidt.com\/es\/wp-json\/wp\/v2\/media?parent=3504"}],"curies":[{"name":"wp","href":"https:\/\/api.w.org\/{rel}","templated":true}]}}