{"id":3508,"date":"2020-12-04T21:18:16","date_gmt":"2020-12-04T21:18:16","guid":{"rendered":"https:\/\/www.marchantschmidt.com\/intelligent-cutting-systems\/"},"modified":"2021-03-08T21:00:55","modified_gmt":"2021-03-08T21:00:55","slug":"intelligent-cutting-systems","status":"publish","type":"page","link":"https:\/\/www.marchantschmidt.com\/es\/cheese-converting\/intelligent-cutting-systems\/","title":{"rendered":"Cortadores Inteligentes"},"content":{"rendered":"<div class=\"alt-color row\">\n\t<div class=\"summary-container \">\n\t\t<div class=\"d-flex align-items-center justify-content-center flex-wrap\">\n\t\t\t<div class=\"col-12 col-md-6  \">\n\t\t\t\t\n\t\t\t\t\t\t\t\t\t\t<img decoding=\"async\" src=\"https:\/\/www.marchantschmidt.com\/wp-content\/uploads\/2020\/07\/INTELLIGENT-CUTTING_OPTIMIZED-YIELD-GIVEAWAY.jpg\" alt=\"\" title=\"INTELLIGENT CUTTING_OPTIMIZED YIELD GIVEAWAY\" class=\"w-100\">\n\t\t\t\t\n\t\t\t<\/div>\n\t\t\t<div class=\"col-12 col-md-6  \">\n\t\t\t\t\t\t\t\t<div class=\"summary-content\">\n\t\t\t\t\t<h2 class=\"smry-title\">Rendimiento optimizado con Bajo Sobre Peso<\/h2>\n\t\t\t\t\t<p>Es importante considerar toda su operaci\u00f3n de conversi\u00f3n al seleccionar un sistema de corte inteligente Nuestras soluciones automatizadas ofrecen un rendimiento \u00f3ptimo y un bajo rendimiento. Una revisi\u00f3n cuidadosa de su aplicaci\u00f3n ayudar\u00e1 a definir el valor del sobre peso frente al rendimiento. Otros factores contribuyen a esta selecci\u00f3n, como la disponibilidad de una operaci\u00f3n de rallado o clasificaci\u00f3n y el perfil de sabor del queso que se produce. <\/p>\n\t\t\t\t\t\t\t\t\t<\/div>\n\t\t\t<\/div>\n\t\t<\/div>\n\t<\/div>\n<\/div>\n\n<div class=\"alt-color row\">\n\t<div class=\"summary-container \">\n\t\t<div class=\"d-flex align-items-center justify-content-center flex-wrap\">\n\t\t\t<div class=\"col-12 col-md-6  order-md-2\">\n\t\t\t\t\n\t\t\t\t\t\t\t\t\t\t<img decoding=\"async\" src=\"https:\/\/www.marchantschmidt.com\/wp-content\/uploads\/2020\/07\/INTELLIGENT-CUTTING_3D-SCANNING-FOR-IDEAL-CUT-SOLUTION.jpg\" alt=\"\" title=\"INTELLIGENT CUTTING_3D SCANNING FOR IDEAL CUT SOLUTION\" class=\"w-100\">\n\t\t\t\t\n\t\t\t<\/div>\n\t\t\t<div class=\"col-12 col-md-6 order-md-1 \">\n\t\t\t\t\t\t\t\t<div class=\"summary-content\">\n\t\t\t\t\t<h2 class=\"smry-title\">Escaneo 3D para una soluci\u00f3n de corte ideal<\/h2>\n\t\t\t\t\t<p>M\u00e1s datos producen mejores resultados. Nuestros sistemas de corte inteligentes utilizan tecnolog\u00eda de c\u00e1mara 3D para escanear visualmente toda la superficie exterior de la barra de queso. Estos datos son fundamentales para producir la soluci\u00f3n de corte ideal. Los cambios en la forma o el tama\u00f1o de la barra de queso se compensan en la guillotina cuando se corta la porci\u00f3n de peso exacto.<\/p>\n\t\t\t\t\t\t\t\t\t<\/div>\n\t\t\t<\/div>\n\t\t<\/div>\n\t<\/div>\n<\/div>\n\n<div class=\"alt-color row\">\n\t<div class=\"summary-container \">\n\t\t<div class=\"d-flex align-items-center justify-content-center flex-wrap\">\n\t\t\t<div class=\"col-12 col-md-6  \">\n\t\t\t\t\n\t\t\t\t\t\t\t\t\t\t<img decoding=\"async\" src=\"https:\/\/www.marchantschmidt.com\/wp-content\/uploads\/2020\/07\/INTELLIGENT-CUTTING_BETTER-CONTROL-OF-THE-PRODUCT-1.jpg\" alt=\"intelligent cheese cutting systems\" title=\"INTELLIGENT CUTTING_BETTER CONTROL OF THE PRODUCT\" class=\"w-100\">\n\t\t\t\t\n\t\t\t<\/div>\n\t\t\t<div class=\"col-12 col-md-6  \">\n\t\t\t\t\t\t\t\t<div class=\"summary-content\">\n\t\t\t\t\t<h2 class=\"smry-title\">Mejor control del producto<\/h2>\n\t\t\t\t\t<p>Las soluciones de corte precisas no valen nada si no puede realizar el corte f\u00edsicamente en la posici\u00f3n correcta. El movimiento de las barras y la compresi\u00f3n del queso son desaf\u00edos importantes para un control de peso preciso. El dise\u00f1o avanzado de sujeci\u00f3n del producto de Marchant Schmidt garantiza que la barra de queso se coloque con precisi\u00f3n cuando se realiza cada corte. Esto da como resultado una producci\u00f3n de porciones de peso fijo m\u00e1s consistente<\/p>\n\t\t\t\t\t\t\t\t\t<\/div>\n\t\t\t<\/div>\n\t\t<\/div>\n\t<\/div>\n<\/div>\n\n\n<div style=\"height:100px\" aria-hidden=\"true\" class=\"wp-block-spacer\"><\/div>\n\n\n\r\n\r\n<div class=\"container-fluid\">\r\n    <div id=\"carousel1\" class=\"carousel multi-slider slide\" data-ride=\"carousel\" data-interval=\"false\">\r\n        <div class=\"carousel-inner multi-inner row w-90 mx-auto\" role=\"listbox\">\r\n\t\t\t\t\t\t\t<div class=\"carousel-item col-12 col-sm-6 col-md-4 col-lg-3 active\">\r\n\t\t\t\t\t<div class=\"slide-box\">\r\n\t\t\t\t\t\t<img decoding=\"async\" class=\"img-fluid mx-auto d-block\" src=\"https:\/\/www.marchantschmidt.com\/wp-content\/uploads\/2023\/03\/2023-INTELLIGENT-PORTION-CUTTING.jpg\">\r\n\t\t\t\t\t\t<div class=\"multi-carousel-caption\">\r\n\t\t\t\t\t\t\t<a href=\"https:\/\/www.marchantschmidt.com\/es\/product\/cheese-converting-es\/intelligent-cutting-systems-es\/vcs-one-intelligent-portion-cutter\/\"><h4>Cortadora de Porciones Inteligente VCS ONE<\/h4><\/a>\r\n\t\t\t\t\t\t<\/div>\r\n\t\t\t\t\t<\/div>\r\n\t\t\t\t<\/div>\r\n\t\t\t\t\t\t\t\t<div class=\"carousel-item col-12 col-sm-6 col-md-4 col-lg-3 \">\r\n\t\t\t\t\t<div class=\"slide-box\">\r\n\t\t\t\t\t\t<img decoding=\"async\" class=\"img-fluid mx-auto d-block\" src=\"https:\/\/www.marchantschmidt.com\/wp-content\/uploads\/2020\/08\/VCS40-MAIN.jpg\">\r\n\t\t\t\t\t\t<div class=\"multi-carousel-caption\">\r\n\t\t\t\t\t\t\t<a href=\"https:\/\/www.marchantschmidt.com\/es\/product\/cheese-converting-es\/intelligent-cutting-systems-es\/vcs40-intelligent-portion-cutter\/\"><h4>VCS40<\/h4><\/a>\r\n\t\t\t\t\t\t<\/div>\r\n\t\t\t\t\t<\/div>\r\n\t\t\t\t<\/div>\r\n\t\t\t\t\t\t\t\t<div class=\"carousel-item col-12 col-sm-6 col-md-4 col-lg-3 \">\r\n\t\t\t\t\t<div class=\"slide-box\">\r\n\t\t\t\t\t\t<img decoding=\"async\" class=\"img-fluid mx-auto d-block\" src=\"\">\r\n\t\t\t\t\t\t<div class=\"multi-carousel-caption\">\r\n\t\t\t\t\t\t\t<a href=\"https:\/\/www.marchantschmidt.com\/es\/product\/cheese-converting-es\/intelligent-cutting-systems-es\/semi-intelligent-wedge-cut\/\"><h4>Cortadora de Cu\u00f1as Semi Inteligente<\/h4><\/a>\r\n\t\t\t\t\t\t<\/div>\r\n\t\t\t\t\t<\/div>\r\n\t\t\t\t<\/div>\r\n\t\t\t\t        <\/div>\r\n        <a class=\"carousel-control-prev\" href=\"#carousel1\" role=\"button\" data-slide=\"prev\">\r\n            <i class=\"fa fa-chevron-left fa-lg text-muted\"><\/i>\r\n            <span class=\"sr-only\">Previous<\/span>\r\n        <\/a>\r\n        <a class=\"carousel-control-next text-faded\" href=\"#carousel1\" role=\"button\" data-slide=\"next\">\r\n            <i class=\"fa fa-chevron-right fa-lg text-muted\"><\/i>\r\n            <span class=\"sr-only\">Next<\/span>\r\n        <\/a>\r\n    <\/div>\r\n<\/div>\r\n\r\n<script>\r\njQuery(document).ready(function($) {\r\n    $('#carousel1').on('slide.bs.carousel', function (e) {\r\n        var $e = $(e.relatedTarget);\r\n        var idx = $e.index();\r\n\t\tif ($(window).width() <= 767){\r\n\t\t\tvar itemsPerSlide = 2;\r\n\t\t} else if ($(window).width() <= 991){\r\n\t\tvar itemsPerSlide = 3;\r\n\t\t} else {\r\n\t\t\tvar itemsPerSlide = 4;\r\n\t\t}\r\n\t\t\r\n        var totalItems = $('.multi-inner .carousel-item').length;\r\n\t\t\r\n        if (idx >= (totalItems-(itemsPerSlide-1))) {\r\n            var it = itemsPerSlide - (totalItems - idx);\r\n            for (var i=0; i<it; i++) {\r\n                if (e.direction==\"left\") {\r\n                    $('.multi-inner .carousel-item').eq(i).appendTo('.multi-inner');\r\n                }\r\n                else {\r\n                    $('.multi-inner .carousel-item').eq(0).appendTo('.multi-inner');\r\n                }\r\n            }\r\n        }\r\n    });\r\n\r\n    $(window).on('load resize', function() {\r\n        if ($(window).width() >= 991 && $('.multi-inner .carousel-item').length < 5) {\r\n            $('.carousel-control-prev, .carousel-control-next').hide();\r\n        } else if ($(window).width() >= 768 && $('.multi-inner .carousel-item').length < 4) {\r\n            $('.carousel-control-prev, .carousel-control-next').hide();\r\n        } else if ($(window).width() >= 576 && $('.multi-inner .carousel-item').length < 3) {\r\n            $('.carousel-control-prev, .carousel-control-next').hide();\r\n        } else if ($('.multi-inner .carousel-item').length < 2) {\r\n            $('.carousel-control-prev, .carousel-control-next').hide();\r\n        } else {\r\n            $('.carousel-control-prev, .carousel-control-next').show();\r\n        }\r\n    });\r\n});\r\n<\/script>\r\n\r\n\r\n\r\n\r\n\r\n\r\n\r\n","protected":false},"excerpt":{"rendered":"","protected":false},"author":1,"featured_media":0,"parent":3531,"menu_order":0,"comment_status":"closed","ping_status":"closed","template":"","meta":{"_acf_changed":false,"footnotes":""},"class_list":["post-3508","page","type-page","status-publish","hentry"],"acf":[],"yoast_head":"<!-- This site is optimized with the Yoast SEO plugin v27.2 - https:\/\/yoast.com\/product\/yoast-seo-wordpress\/ -->\n<title>Cortadores Inteligentes - Marchant Schmidt<\/title>\n<meta name=\"robots\" content=\"index, follow, max-snippet:-1, max-image-preview:large, max-video-preview:-1\" \/>\n<link rel=\"canonical\" href=\"https:\/\/www.marchantschmidt.com\/es\/cheese-converting\/intelligent-cutting-systems\/\" \/>\n<meta property=\"og:locale\" content=\"es_MX\" \/>\n<meta property=\"og:type\" content=\"article\" \/>\n<meta property=\"og:title\" content=\"Cortadores Inteligentes - Marchant Schmidt\" \/>\n<meta property=\"og:url\" content=\"https:\/\/www.marchantschmidt.com\/es\/cheese-converting\/intelligent-cutting-systems\/\" \/>\n<meta property=\"og:site_name\" content=\"Marchant Schmidt\" \/>\n<meta property=\"article:modified_time\" content=\"2021-03-08T21:00:55+00:00\" \/>\n<meta name=\"twitter:card\" content=\"summary_large_image\" \/>\n<!-- \/ Yoast SEO plugin. -->","yoast_head_json":{"title":"Cortadores Inteligentes - Marchant Schmidt","robots":{"index":"index","follow":"follow","max-snippet":"max-snippet:-1","max-image-preview":"max-image-preview:large","max-video-preview":"max-video-preview:-1"},"canonical":"https:\/\/www.marchantschmidt.com\/es\/cheese-converting\/intelligent-cutting-systems\/","og_locale":"es_MX","og_type":"article","og_title":"Cortadores Inteligentes - Marchant Schmidt","og_url":"https:\/\/www.marchantschmidt.com\/es\/cheese-converting\/intelligent-cutting-systems\/","og_site_name":"Marchant Schmidt","article_modified_time":"2021-03-08T21:00:55+00:00","twitter_card":"summary_large_image","schema":{"@context":"https:\/\/schema.org","@graph":[{"@type":"WebPage","@id":"https:\/\/www.marchantschmidt.com\/es\/cheese-converting\/intelligent-cutting-systems\/","url":"https:\/\/www.marchantschmidt.com\/es\/cheese-converting\/intelligent-cutting-systems\/","name":"Cortadores Inteligentes - Marchant Schmidt","isPartOf":{"@id":"https:\/\/www.marchantschmidt.com\/#website"},"datePublished":"2020-12-04T21:18:16+00:00","dateModified":"2021-03-08T21:00:55+00:00","breadcrumb":{"@id":"https:\/\/www.marchantschmidt.com\/es\/cheese-converting\/intelligent-cutting-systems\/#breadcrumb"},"inLanguage":"es","potentialAction":[{"@type":"ReadAction","target":["https:\/\/www.marchantschmidt.com\/es\/cheese-converting\/intelligent-cutting-systems\/"]}]},{"@type":"BreadcrumbList","@id":"https:\/\/www.marchantschmidt.com\/es\/cheese-converting\/intelligent-cutting-systems\/#breadcrumb","itemListElement":[{"@type":"ListItem","position":1,"name":"Home","item":"https:\/\/www.marchantschmidt.com\/es\/"},{"@type":"ListItem","position":2,"name":"Conversi\u00f3n de Queso","item":"https:\/\/www.marchantschmidt.com\/es\/cheese-converting\/"},{"@type":"ListItem","position":3,"name":"Cortadores Inteligentes"}]},{"@type":"WebSite","@id":"https:\/\/www.marchantschmidt.com\/#website","url":"https:\/\/www.marchantschmidt.com\/","name":"Marchant Schmidt","description":"","publisher":{"@id":"https:\/\/www.marchantschmidt.com\/#organization"},"potentialAction":[{"@type":"SearchAction","target":{"@type":"EntryPoint","urlTemplate":"https:\/\/www.marchantschmidt.com\/?s={search_term_string}"},"query-input":{"@type":"PropertyValueSpecification","valueRequired":true,"valueName":"search_term_string"}}],"inLanguage":"es"},{"@type":"Organization","@id":"https:\/\/www.marchantschmidt.com\/#organization","name":"Marchant Schmidt, Inc.","url":"https:\/\/www.marchantschmidt.com\/","logo":{"@type":"ImageObject","inLanguage":"es","@id":"https:\/\/www.marchantschmidt.com\/#\/schema\/logo\/image\/","url":"https:\/\/www.marchantschmidt.com\/wp-content\/uploads\/2019\/08\/Marchant-Schmidt-Logo-Revised.png","contentUrl":"https:\/\/www.marchantschmidt.com\/wp-content\/uploads\/2019\/08\/Marchant-Schmidt-Logo-Revised.png","width":701,"height":117,"caption":"Marchant Schmidt, Inc."},"image":{"@id":"https:\/\/www.marchantschmidt.com\/#\/schema\/logo\/image\/"}}]}},"_links":{"self":[{"href":"https:\/\/www.marchantschmidt.com\/es\/wp-json\/wp\/v2\/pages\/3508","targetHints":{"allow":["GET"]}}],"collection":[{"href":"https:\/\/www.marchantschmidt.com\/es\/wp-json\/wp\/v2\/pages"}],"about":[{"href":"https:\/\/www.marchantschmidt.com\/es\/wp-json\/wp\/v2\/types\/page"}],"author":[{"embeddable":true,"href":"https:\/\/www.marchantschmidt.com\/es\/wp-json\/wp\/v2\/users\/1"}],"replies":[{"embeddable":true,"href":"https:\/\/www.marchantschmidt.com\/es\/wp-json\/wp\/v2\/comments?post=3508"}],"version-history":[{"count":29,"href":"https:\/\/www.marchantschmidt.com\/es\/wp-json\/wp\/v2\/pages\/3508\/revisions"}],"predecessor-version":[{"id":5939,"href":"https:\/\/www.marchantschmidt.com\/es\/wp-json\/wp\/v2\/pages\/3508\/revisions\/5939"}],"up":[{"embeddable":true,"href":"https:\/\/www.marchantschmidt.com\/es\/wp-json\/wp\/v2\/pages\/3531"}],"wp:attachment":[{"href":"https:\/\/www.marchantschmidt.com\/es\/wp-json\/wp\/v2\/media?parent=3508"}],"curies":[{"name":"wp","href":"https:\/\/api.w.org\/{rel}","templated":true}]}}