{"id":3512,"date":"2020-12-04T21:19:52","date_gmt":"2020-12-04T21:19:52","guid":{"rendered":"https:\/\/www.marchantschmidt.com\/supply-chain-management\/"},"modified":"2021-03-24T16:04:21","modified_gmt":"2021-03-24T16:04:21","slug":"supply-chain-management","status":"publish","type":"page","link":"https:\/\/www.marchantschmidt.com\/es\/supply-chain-management\/","title":{"rendered":"Gesti\u00f3n de la Cadena de Suministro"},"content":{"rendered":"<div class=\"row\">\r\n\t<div class=\"break\">\r\n\t<\/div>\r\n<\/div>\n\n\n<div style=\"height:60px\" aria-hidden=\"true\" class=\"wp-block-spacer\"><\/div>\n\n\n\n<div class=\"wp-block-image\"><figure class=\"aligncenter size-large\"><img decoding=\"async\" width=\"700\" height=\"350\" src=\"https:\/\/www.marchantschmidt.com\/wp-content\/uploads\/2020\/09\/SUPPLY-CHAIN-MANAGEMENT-700x350.jpg\" alt=\"\" class=\"wp-image-3330\" srcset=\"https:\/\/www.marchantschmidt.com\/wp-content\/uploads\/2020\/09\/SUPPLY-CHAIN-MANAGEMENT-700x350.jpg 700w, https:\/\/www.marchantschmidt.com\/wp-content\/uploads\/2020\/09\/SUPPLY-CHAIN-MANAGEMENT-600x300.jpg 600w, https:\/\/www.marchantschmidt.com\/wp-content\/uploads\/2020\/09\/SUPPLY-CHAIN-MANAGEMENT-250x125.jpg 250w, https:\/\/www.marchantschmidt.com\/wp-content\/uploads\/2020\/09\/SUPPLY-CHAIN-MANAGEMENT-768x384.jpg 768w, https:\/\/www.marchantschmidt.com\/wp-content\/uploads\/2020\/09\/SUPPLY-CHAIN-MANAGEMENT-1536x768.jpg 1536w, https:\/\/www.marchantschmidt.com\/wp-content\/uploads\/2020\/09\/SUPPLY-CHAIN-MANAGEMENT-120x60.jpg 120w, https:\/\/www.marchantschmidt.com\/wp-content\/uploads\/2020\/09\/SUPPLY-CHAIN-MANAGEMENT.jpg 1800w\" sizes=\"(max-width: 700px) 100vw, 700px\" \/><\/figure><\/div>\n\n\n\n<div style=\"height:40px\" aria-hidden=\"true\" class=\"wp-block-spacer\"><\/div>\n\n\n\n<h2 class=\"wp-block-heading\">Cadena de Suministro de Clase Mundial<\/h2>\n\n\n\n<p>Marchant Schmidt, Inc. cree que una cadena de suministro de clase mundial nos permite ofrecer a nuestros clientes productos y servicios de alta calidad. Seleccionamos proveedores cuyos est\u00e1ndares se alinean con nuestros valores, particularmente con respecto a la integridad comercial. Realizamos revisiones comerciales trimestrales de las actividades comerciales de nuestros proveedores, la estabilidad financiera, las pr\u00e1cticas de ingenier\u00eda y los procedimientos de calidad. Cuando sea necesario, solicitamos auditor\u00edas de terceros de las operaciones comerciales de un proveedor para evaluar su cumplimiento de cada punto de nuestro Programa de calidad para proveedores. A pesar de un modelo de negocio que requiere mucha subcontrataci\u00f3n, la estructura de gesti\u00f3n de la cadena de suministro de Marchant Schmidt nos brinda un control significativo sobre nuestra cadena de suministro, lo que nos ayuda a garantizar que los entregables cumplan con nuestras expectativas de costo, calidad y entrega.    <\/p>\n\n\n\n<div style=\"height:30px\" aria-hidden=\"true\" class=\"wp-block-spacer\"><\/div>\n\n\n\n<h2 class=\"wp-block-heading\">Convi\u00e9rtete en un Proveedor<\/h2>\n\n\n\n<p><strong>Si est\u00e1 interesado en suministrar a Marchant Schmidt, es importante que comprenda c\u00f3mo operamos. Tambi\u00e9n ayudar\u00e1 a comprender lo que buscamos de nuestros proveedores. Tambi\u00e9n ayudar\u00e1 a comprender lo que buscamos de nuestros proveedores.<\/strong><\/p>\n\n\n\n<p>Nuestras pol\u00edticas son sencillas. Todo lo que hagamos debe ser econ\u00f3micamente viable, socialmente aceptable y ambientalmente racional. Esperamos lo mismo de nuestros proveedores y sus cadenas de suministro.<\/p>\n\n\n\n<div style=\"height:30px\" aria-hidden=\"true\" class=\"wp-block-spacer\"><\/div>\n\n\n\n<h2 class=\"wp-block-heading\">Proceso de Evaluaci\u00f3n de Proveedores<\/h2>\n\n\n\n<p>Hemos dise\u00f1ado un formulario de evaluaci\u00f3n de proveedores simple para guiarlo a trav\u00e9s del proceso. Le dar\u00e1 la oportunidad de contarnos sobre sus operaciones comerciales y sus productos a medida que responde a una variedad de problemas que se incluyen en las siguientes categor\u00edas clave:<\/p>\n\n\n\n<ul class=\"wp-block-list\"><li>Estabilidad financiera<\/li><li>Productos de calidad (USDA, 3A, FDA)<\/li><li>Programa de calidad establecido<\/li><li>Informaci\u00f3n precisa y servicio al cliente receptivo<\/li><\/ul>\n\n\n\n<p>A medida que Marchant Schmidt contin\u00faa expandiendo su cartera de productos y su infraestructura de soporte, ventas y marketing global, una cadena de suministro s\u00f3lida se vuelve cada vez m\u00e1s cr\u00edtica para nuestro \u00e9xito continuo. Como resultado, nuestra empresa se compromete a desarrollar asociaciones con los mejores proveedores de su clase, desde proveedores de servicios de mecanizado y ensamblaje hasta distribuidores de suministro y fabricaci\u00f3n y empresas de transporte. Marchant Schmidt est\u00e1 abierto a compartir informaci\u00f3n y procesos como un medio para aprovechar mejor la relaci\u00f3n de cada proveedor y llevar productos de clase mundial a los clientes de una manera eficiente y rentable.<\/p>\n\n\n\n<p>Si es un proveedor interesado en hacer negocios con Marchant Schmidt, le recomendamos que utilice las herramientas y la informaci\u00f3n de este sitio web para evaluar el potencial de una relaci\u00f3n comercial de beneficio mutuo. Seleccionamos proveedores para brindar soporte a las unidades comerciales localizadas o para brindar un servicio global para m\u00faltiples unidades comerciales, oficinas e instalaciones de fabricaci\u00f3n.<\/p>\n\n\n\n<div style=\"height:30px\" aria-hidden=\"true\" class=\"wp-block-spacer\"><\/div>\n\n\n\n<h2 class=\"wp-block-heading\">T\u00e9rminos y Condiciones de Compra<\/h2>\n\n\n\n<p>Todos los pedidos de compra realizados con Marchant Schmidt est\u00e1n sujetos a estos t\u00e9rminos y condiciones espec\u00edficos.<\/p>\n\n\n\n<div style=\"height:30px\" aria-hidden=\"true\" class=\"wp-block-spacer\"><\/div>\n\n\n\n<h2 class=\"wp-block-heading\">Programa de Calidad de Proveedores<\/h2>\n\n\n\n<div style=\"height:30px\" aria-hidden=\"true\" class=\"wp-block-spacer\"><\/div>\n\n\n\n<div class=\"wp-block-buttons aligncenter is-layout-flex wp-block-buttons-is-layout-flex\">\n<div class=\"wp-block-button\"><a class=\"wp-block-button__link has-white-color has-text-color has-background no-border-radius\" href=\"\/wp-content\/uploads\/2023\/03\/MSI-TC-of-Purchase-8-1-2024.pdf\" style=\"background-color:#002b4d\" target=\"_blank\" rel=\"noreferrer noopener\">T\u00e9rminos y condiciones de compra de MSI<\/a><\/div>\n<\/div>\n\n\n\n<div style=\"height:30px\" aria-hidden=\"true\" class=\"wp-block-spacer\"><\/div>\n\n\n\n<div class=\"wp-block-buttons aligncenter is-layout-flex wp-block-buttons-is-layout-flex\">\n<div class=\"wp-block-button\"><a class=\"wp-block-button__link has-white-color has-text-color has-background no-border-radius\" href=\"https:\/\/www.marchantschmidt.com\/wp-content\/uploads\/2019\/09\/confidentialityagreement.pdf\" style=\"background-color:#002b4d\" target=\"_blank\" rel=\"noreferrer noopener\">Acuerdo de confidencialidad<\/a><\/div>\n<\/div>\n\n\n\n<div style=\"height:30px\" aria-hidden=\"true\" class=\"wp-block-spacer\"><\/div>\n\n\n\n<div class=\"wp-block-buttons aligncenter is-layout-flex wp-block-buttons-is-layout-flex\"><\/div>\n\n\n\n<div style=\"height:60px\" aria-hidden=\"true\" class=\"wp-block-spacer\"><\/div>\n","protected":false},"excerpt":{"rendered":"Cadena de Suministro de Clase Mundial Marchant Schmidt, Inc. cree que una cadena de suministro de clase mundial nos permite ofrecer a nuestros clientes productos y servicios de alta calidad. Seleccionamos proveedores cuyos est\u00e1ndares se alinean con nuestros valores, particularmente con respecto a la integridad comercial. Realizamos revisiones comerciales trimestrales de las actividades comerciales de&#8230; ","protected":false},"author":1,"featured_media":0,"parent":0,"menu_order":0,"comment_status":"open","ping_status":"open","template":"","meta":{"_acf_changed":false,"footnotes":""},"class_list":["post-3512","page","type-page","status-publish","hentry"],"acf":[],"yoast_head":"<!-- This site is optimized with the Yoast SEO plugin v27.2 - https:\/\/yoast.com\/product\/yoast-seo-wordpress\/ -->\n<title>Gesti\u00f3n de la Cadena de Suministro - Marchant Schmidt<\/title>\n<meta name=\"robots\" content=\"index, follow, max-snippet:-1, max-image-preview:large, max-video-preview:-1\" \/>\n<link rel=\"canonical\" href=\"https:\/\/www.marchantschmidt.com\/es\/supply-chain-management\/\" \/>\n<meta property=\"og:locale\" content=\"es_MX\" \/>\n<meta property=\"og:type\" content=\"article\" \/>\n<meta property=\"og:title\" content=\"Gesti\u00f3n de la Cadena de Suministro - Marchant Schmidt\" \/>\n<meta property=\"og:description\" content=\"Cadena de Suministro de Clase Mundial Marchant Schmidt, Inc. cree que una cadena de suministro de clase mundial nos permite ofrecer a nuestros clientes productos y servicios de alta calidad. Seleccionamos proveedores cuyos est\u00e1ndares se alinean con nuestros valores, particularmente con respecto a la integridad comercial. Realizamos revisiones comerciales trimestrales de las actividades comerciales de...\" \/>\n<meta property=\"og:url\" content=\"https:\/\/www.marchantschmidt.com\/es\/supply-chain-management\/\" \/>\n<meta property=\"og:site_name\" content=\"Marchant Schmidt\" \/>\n<meta property=\"article:modified_time\" content=\"2021-03-24T16:04:21+00:00\" \/>\n<meta property=\"og:image\" content=\"https:\/\/www.marchantschmidt.com\/wp-content\/uploads\/2020\/09\/SUPPLY-CHAIN-MANAGEMENT-700x350.jpg\" \/>\n<meta name=\"twitter:card\" content=\"summary_large_image\" \/>\n<meta name=\"twitter:label1\" content=\"Tiempo de lectura\" \/>\n\t<meta name=\"twitter:data1\" content=\"3 minutos\" \/>\n<!-- \/ Yoast SEO plugin. -->","yoast_head_json":{"title":"Gesti\u00f3n de la Cadena de Suministro - Marchant Schmidt","robots":{"index":"index","follow":"follow","max-snippet":"max-snippet:-1","max-image-preview":"max-image-preview:large","max-video-preview":"max-video-preview:-1"},"canonical":"https:\/\/www.marchantschmidt.com\/es\/supply-chain-management\/","og_locale":"es_MX","og_type":"article","og_title":"Gesti\u00f3n de la Cadena de Suministro - Marchant Schmidt","og_description":"Cadena de Suministro de Clase Mundial Marchant Schmidt, Inc. cree que una cadena de suministro de clase mundial nos permite ofrecer a nuestros clientes productos y servicios de alta calidad. Seleccionamos proveedores cuyos est\u00e1ndares se alinean con nuestros valores, particularmente con respecto a la integridad comercial. Realizamos revisiones comerciales trimestrales de las actividades comerciales de...","og_url":"https:\/\/www.marchantschmidt.com\/es\/supply-chain-management\/","og_site_name":"Marchant Schmidt","article_modified_time":"2021-03-24T16:04:21+00:00","og_image":[{"url":"https:\/\/www.marchantschmidt.com\/wp-content\/uploads\/2020\/09\/SUPPLY-CHAIN-MANAGEMENT-700x350.jpg","type":"","width":"","height":""}],"twitter_card":"summary_large_image","twitter_misc":{"Tiempo de lectura":"3 minutos"},"schema":{"@context":"https:\/\/schema.org","@graph":[{"@type":"WebPage","@id":"https:\/\/www.marchantschmidt.com\/es\/supply-chain-management\/","url":"https:\/\/www.marchantschmidt.com\/es\/supply-chain-management\/","name":"Gesti\u00f3n de la Cadena de Suministro - Marchant Schmidt","isPartOf":{"@id":"https:\/\/www.marchantschmidt.com\/#website"},"primaryImageOfPage":{"@id":"https:\/\/www.marchantschmidt.com\/es\/supply-chain-management\/#primaryimage"},"image":{"@id":"https:\/\/www.marchantschmidt.com\/es\/supply-chain-management\/#primaryimage"},"thumbnailUrl":"https:\/\/www.marchantschmidt.com\/wp-content\/uploads\/2020\/09\/SUPPLY-CHAIN-MANAGEMENT-700x350.jpg","datePublished":"2020-12-04T21:19:52+00:00","dateModified":"2021-03-24T16:04:21+00:00","breadcrumb":{"@id":"https:\/\/www.marchantschmidt.com\/es\/supply-chain-management\/#breadcrumb"},"inLanguage":"es","potentialAction":[{"@type":"ReadAction","target":["https:\/\/www.marchantschmidt.com\/es\/supply-chain-management\/"]}]},{"@type":"ImageObject","inLanguage":"es","@id":"https:\/\/www.marchantschmidt.com\/es\/supply-chain-management\/#primaryimage","url":"https:\/\/www.marchantschmidt.com\/wp-content\/uploads\/2020\/09\/SUPPLY-CHAIN-MANAGEMENT-700x350.jpg","contentUrl":"https:\/\/www.marchantschmidt.com\/wp-content\/uploads\/2020\/09\/SUPPLY-CHAIN-MANAGEMENT-700x350.jpg"},{"@type":"BreadcrumbList","@id":"https:\/\/www.marchantschmidt.com\/es\/supply-chain-management\/#breadcrumb","itemListElement":[{"@type":"ListItem","position":1,"name":"Home","item":"https:\/\/www.marchantschmidt.com\/es\/"},{"@type":"ListItem","position":2,"name":"Gesti\u00f3n de la Cadena de Suministro"}]},{"@type":"WebSite","@id":"https:\/\/www.marchantschmidt.com\/#website","url":"https:\/\/www.marchantschmidt.com\/","name":"Marchant Schmidt","description":"","publisher":{"@id":"https:\/\/www.marchantschmidt.com\/#organization"},"potentialAction":[{"@type":"SearchAction","target":{"@type":"EntryPoint","urlTemplate":"https:\/\/www.marchantschmidt.com\/?s={search_term_string}"},"query-input":{"@type":"PropertyValueSpecification","valueRequired":true,"valueName":"search_term_string"}}],"inLanguage":"es"},{"@type":"Organization","@id":"https:\/\/www.marchantschmidt.com\/#organization","name":"Marchant Schmidt, Inc.","url":"https:\/\/www.marchantschmidt.com\/","logo":{"@type":"ImageObject","inLanguage":"es","@id":"https:\/\/www.marchantschmidt.com\/#\/schema\/logo\/image\/","url":"https:\/\/www.marchantschmidt.com\/wp-content\/uploads\/2019\/08\/Marchant-Schmidt-Logo-Revised.png","contentUrl":"https:\/\/www.marchantschmidt.com\/wp-content\/uploads\/2019\/08\/Marchant-Schmidt-Logo-Revised.png","width":701,"height":117,"caption":"Marchant Schmidt, Inc."},"image":{"@id":"https:\/\/www.marchantschmidt.com\/#\/schema\/logo\/image\/"}}]}},"_links":{"self":[{"href":"https:\/\/www.marchantschmidt.com\/es\/wp-json\/wp\/v2\/pages\/3512","targetHints":{"allow":["GET"]}}],"collection":[{"href":"https:\/\/www.marchantschmidt.com\/es\/wp-json\/wp\/v2\/pages"}],"about":[{"href":"https:\/\/www.marchantschmidt.com\/es\/wp-json\/wp\/v2\/types\/page"}],"author":[{"embeddable":true,"href":"https:\/\/www.marchantschmidt.com\/es\/wp-json\/wp\/v2\/users\/1"}],"replies":[{"embeddable":true,"href":"https:\/\/www.marchantschmidt.com\/es\/wp-json\/wp\/v2\/comments?post=3512"}],"version-history":[{"count":11,"href":"https:\/\/www.marchantschmidt.com\/es\/wp-json\/wp\/v2\/pages\/3512\/revisions"}],"predecessor-version":[{"id":6377,"href":"https:\/\/www.marchantschmidt.com\/es\/wp-json\/wp\/v2\/pages\/3512\/revisions\/6377"}],"wp:attachment":[{"href":"https:\/\/www.marchantschmidt.com\/es\/wp-json\/wp\/v2\/media?parent=3512"}],"curies":[{"name":"wp","href":"https:\/\/api.w.org\/{rel}","templated":true}]}}