{"id":3529,"date":"2020-12-04T21:23:47","date_gmt":"2020-12-04T21:23:47","guid":{"rendered":"https:\/\/www.marchantschmidt.com\/careers\/"},"modified":"2021-03-22T12:34:25","modified_gmt":"2021-03-22T12:34:25","slug":"carreras","status":"publish","type":"page","link":"https:\/\/www.marchantschmidt.com\/es\/carreras\/","title":{"rendered":"Carreras"},"content":{"rendered":"<div class=\"row\">\r\n\t<div class=\"break\">\r\n\t<\/div>\r\n<\/div>\n\n\n<div style=\"height:60px\" aria-hidden=\"true\" class=\"wp-block-spacer\"><\/div>\n\n\n\n<div class=\"wp-block-image\"><figure class=\"aligncenter size-medium\"><img decoding=\"async\" width=\"250\" height=\"153\" src=\"https:\/\/www.marchantschmidt.com\/wp-content\/uploads\/2021\/02\/MODIFIED-TEAM-PHOTO-FOR-CAREER-PAGE-B-2-250x153.jpg\" alt=\"\" class=\"wp-image-5255\" srcset=\"https:\/\/www.marchantschmidt.com\/wp-content\/uploads\/2021\/02\/MODIFIED-TEAM-PHOTO-FOR-CAREER-PAGE-B-2-250x153.jpg 250w, https:\/\/www.marchantschmidt.com\/wp-content\/uploads\/2021\/02\/MODIFIED-TEAM-PHOTO-FOR-CAREER-PAGE-B-2-700x428.jpg 700w, https:\/\/www.marchantschmidt.com\/wp-content\/uploads\/2021\/02\/MODIFIED-TEAM-PHOTO-FOR-CAREER-PAGE-B-2-768x470.jpg 768w, https:\/\/www.marchantschmidt.com\/wp-content\/uploads\/2021\/02\/MODIFIED-TEAM-PHOTO-FOR-CAREER-PAGE-B-2-120x73.jpg 120w, https:\/\/www.marchantschmidt.com\/wp-content\/uploads\/2021\/02\/MODIFIED-TEAM-PHOTO-FOR-CAREER-PAGE-B-2-600x367.jpg 600w, https:\/\/www.marchantschmidt.com\/wp-content\/uploads\/2021\/02\/MODIFIED-TEAM-PHOTO-FOR-CAREER-PAGE-B-2.jpg 1000w\" sizes=\"(max-width: 250px) 100vw, 250px\" \/><\/figure><\/div>\n\n\n\n<div style=\"height:40px\" aria-hidden=\"true\" class=\"wp-block-spacer\"><\/div>\n\n\n\n<h3 class=\"has-text-align-center wp-block-heading\">Oportunidades de Empleo<\/h3>\n\n\n\n<p class=\"has-text-align-center\"><strong>Forme parte de una empresa emocionante y de r\u00e1pido crecimiento donde las oportunidades son infinitas.<\/strong><\/p>\n\n\n\n<p>Marchant Schmidt, Inc., l\u00edder en la industria de equipos de proceso de alimentos con intereses en ambos mercados nacionales e internacionales, contin\u00faa haciendo crecer nuestro negocio y creando oportunidades adicionales en una variedad de departamentos.<\/p>\n\n\n\n<p>Hemos estado en el negocio durante m\u00e1s de 50 a\u00f1os y hemos experimentado un crecimiento fuerte y constante durante ese tiempo. \u00a1Podemos ofrecerle un entorno de trabajo din\u00e1mico y desafiante junto con la oportunidad de crecer con una gran empresa!<\/p>\n\n\n\n<p>Para ser considerado para un puesto vacante en Marchant Schmidt, Inc., puede:<\/p>\n\n\n\n<ul class=\"wp-block-list\"><li>Complete nuestra <strong><a href=\"http:\/\/form.jotform.us\/form\/51266305427149\" target=\"_blank\" rel=\"noreferrer noopener\" aria-label=\" (opens in a new tab)\">Solicitud en linea<\/a><\/strong><\/li><li>Env\u00ede la carta de presentaci\u00f3n y el curr\u00edculum vitae a nuestra direcci\u00f3n postal: 24 W Larsen Dr, Fond du Lac, WI 54937 Attn: Human Resources<\/li><li>Env\u00ede por correo electr\u00f3nico la carta de presentaci\u00f3n y el curr\u00edculum a: <a href=\"mailto:sbuerger@marchantschmidt.com?subject=Application%20from%20Website\">hr@marchantschmidt.com<\/a><\/li><li>Visite nuestras instalaciones y complete una solicitud interna<\/li><\/ul>\n\n\n\n<p><\/p>\n\n\n\n<div style=\"height:30px\" aria-hidden=\"true\" class=\"wp-block-spacer\"><\/div>\n\n\n<div class=\"row\">\r\n\t<div class=\"break\">\r\n\t<\/div>\r\n<\/div>\n\n\n<div style=\"height:30px\" aria-hidden=\"true\" class=\"wp-block-spacer\"><\/div>\n\n\n\n<h2 class=\"has-text-align-center wp-block-heading\">Posiciones abiertas<\/h2>\n\n\n\n<div style=\"height:40px\" aria-hidden=\"true\" class=\"wp-block-spacer\"><\/div>\n\n\n \r\n\t<\/div>\r\n\t\r\n\r\n\t\t\n\n \r\n \r\n\r\n<div class=\"accordion md-accordion\" id=\"accordionEx\" role=\"tablist\" aria-multiselectable=\"true\">\r\n\t\t\t<div class=\"card\">\r\n\t\t\t<div class=\"card-header\" role=\"tab\" id=\"heading1\">\r\n\t\t\t\t<a class=\"collapsed\" data-toggle=\"collapse\" data-parent=\"#accordionEx\" href=\"#collapse1\" aria-expanded=\"false\" aria-controls=\"collapse1\">\r\n\t\t\t\t\t<h4>T\u00e9cnico de Servicio en el Campo <i class=\"fas fa-angle-down rotate-icon\"><\/i><\/h4>\r\n\t\t\t\t<\/a>\r\n\t\t\t<\/div>\r\n\t\t\t<div id=\"collapse1\" class=\"collapse\" role=\"tabpanel\" aria-labelledby=\"heading1\" data-parent=\"#accordionEx\">\r\n\t\t\t\t<div class=\"card-body\">\r\n\t\t\t\t\t<p>Tenemos una gran oportunidad para alguien a quien le gusta viajar y que disfruta de un ambiente de trabajo acelerado. Las responsabilidades incluyen una combinaci\u00f3n de trabajo en nuestro taller, as\u00ed como viajes diarios o nocturnos a los sitios del cliente para realizar una amplia variedad de tareas altamente t\u00e9cnicas, incluida la puesta en marcha y reparaci\u00f3n de equipos electr\u00f3nicos y mec\u00e1nicos complejos y sofisticados. El candidato ideal deber\u00e1 tener conocimientos de componentes hidr\u00e1ulicos y neum\u00e1ticos, RS Logix, Control Logix, Factory Talk ME y servo variadores. Debe poder leer esquemas y m\u00e1quinas de alambre. Los viajes incluir\u00e1n viajes nacionales e internacionales. De preferencia debe tener experiencia en mantenimiento de empresas de productos L\u00e1cteos y\/o Quesos.<\/p>\n<p class=\"has-text-align-center\"><a href=\"http:\/\/form.jotform.us\/form\/51266305427149\" target=\"_blank\" rel=\"noreferrer noopener\" aria-label=\"  Apply Online (opens in a new tab)\">Aplica Online<\/a><\/p>\n\t\t\t\t<\/div>\r\n\t\t\t<\/div>\r\n\t\t<\/div>\r\n\t\t\t<div class=\"card\">\r\n\t\t\t<div class=\"card-header\" role=\"tab\" id=\"heading2\">\r\n\t\t\t\t<a class=\"collapsed\" data-toggle=\"collapse\" data-parent=\"#accordionEx\" href=\"#collapse2\" aria-expanded=\"false\" aria-controls=\"collapse2\">\r\n\t\t\t\t\t<h4>Soldador TIG \/ Fabricante de maquinaria <i class=\"fas fa-angle-down rotate-icon\"><\/i><\/h4>\r\n\t\t\t\t<\/a>\r\n\t\t\t<\/div>\r\n\t\t\t<div id=\"collapse2\" class=\"collapse\" role=\"tabpanel\" aria-labelledby=\"heading2\" data-parent=\"#accordionEx\">\r\n\t\t\t\t<div class=\"card-body\">\r\n\t\t\t\t\t<p>Las responsabilidades incluyen dise\u00f1ar, colocar, alinear y ajustar los componentes seg\u00fan las especificaciones del plano para el ensamblaje final de los equipos para alimentos y l\u00e1cteos. El candidato ideal tendr\u00e1 la capacidad de leer e interpretar planos, dibujos, dise\u00f1os, la capacidad de asegurar y soldar piezas en equipos con atenci\u00f3n a la deformaci\u00f3n y la fatiga del metal. Las habilidades de comunicaci\u00f3n en equipo son importantes. Se prefiere un t\u00edtulo de asociado o equivalente de una universidad de dos a\u00f1os o una escuela t\u00e9cnica o de seis meses a un a\u00f1o de experiencia y \/ o capacitaci\u00f3n relacionada.<\/p>\n<p class=\"has-text-align-center\"><a href=\"http:\/\/form.jotform.us\/form\/51266305427149\" target=\"_blank\" rel=\"noreferrer noopener\">Aplica Online<\/a><\/p>\n\t\t\t\t<\/div>\r\n\t\t\t<\/div>\r\n\t\t<\/div>\r\n\t<\/div>\r\n \r\n\t\r\n\r\n\t\t\n\n \r\n\t<\/div>\r\n\t\r\n\r\n\t\t\n\n\n<div style=\"height:40px\" aria-hidden=\"true\" class=\"wp-block-spacer\"><\/div>\n\n\n\n<div style=\"height:30px\" aria-hidden=\"true\" class=\"wp-block-spacer\"><\/div>\n\n\n<div class=\"row\">\r\n\t<div class=\"break\">\r\n\t<\/div>\r\n<\/div>\n\n\n<div style=\"height:30px\" aria-hidden=\"true\" class=\"wp-block-spacer\"><\/div>\n\n\n\n<h2 class=\"has-text-align-center wp-block-heading\">Compensaci\u00f3n y Beneficios<\/h2>\n\n\n\n<p>Ofrecemos un paquete de beneficios excepcional que incluye un <strong>plan de beneficios flexible <\/strong>(plan de cafeter\u00eda), que le permite personalizar su programa de beneficios para satisfacer sus necesidades individuales y familiares.<\/p>\n\n\n\n<p>Estos beneficios incluyen:<\/p>\n\n\n\n<ul class=\"wp-block-list\"><li>Seguro m\u00e9dico, dental y de la vista<\/li><li>Seguro de vida y AD&amp;D<\/li><li>Seguro de vida para dependientes<\/li><li>Seguro por discapacidad a corto y largo plazo<\/li><li>Cuenta de reembolso de atenci\u00f3n m\u00e9dica y cuidado de dependientes<\/li><li>Plan 401K<\/li><li>Tiempo de vacaciones pagadas<\/li><li>D\u00edas festivos pagados<\/li><li>Reembolso educativo<\/li><li>Entorno de trabajo libre de humo y drogas<\/li><li>Programa de asistencia al empleado<\/li><li>Instalaci\u00f3n de taller con temperatura controlada, y m\u00e1s &#8230;<\/li><\/ul>\n","protected":false},"excerpt":{"rendered":"Oportunidades de Empleo Forme parte de una empresa emocionante y de r\u00e1pido crecimiento donde las oportunidades son infinitas. Marchant Schmidt, Inc., l\u00edder en la industria de equipos de proceso de alimentos con intereses en ambos mercados nacionales e internacionales, contin\u00faa haciendo crecer nuestro negocio y creando oportunidades adicionales en una variedad de departamentos. Hemos estado&#8230; ","protected":false},"author":1,"featured_media":0,"parent":0,"menu_order":0,"comment_status":"open","ping_status":"open","template":"","meta":{"_acf_changed":false,"footnotes":""},"class_list":["post-3529","page","type-page","status-publish","hentry"],"acf":[],"yoast_head":"<!-- This site is optimized with the Yoast SEO plugin v27.2 - https:\/\/yoast.com\/product\/yoast-seo-wordpress\/ -->\n<title>Carreras - Marchant Schmidt<\/title>\n<meta name=\"robots\" content=\"index, follow, max-snippet:-1, max-image-preview:large, max-video-preview:-1\" \/>\n<link rel=\"canonical\" href=\"https:\/\/www.marchantschmidt.com\/es\/carreras\/\" \/>\n<meta property=\"og:locale\" content=\"es_MX\" \/>\n<meta property=\"og:type\" content=\"article\" \/>\n<meta property=\"og:title\" content=\"Carreras - Marchant Schmidt\" \/>\n<meta property=\"og:description\" content=\"Oportunidades de Empleo Forme parte de una empresa emocionante y de r\u00e1pido crecimiento donde las oportunidades son infinitas. Marchant Schmidt, Inc., l\u00edder en la industria de equipos de proceso de alimentos con intereses en ambos mercados nacionales e internacionales, contin\u00faa haciendo crecer nuestro negocio y creando oportunidades adicionales en una variedad de departamentos. Hemos estado...\" \/>\n<meta property=\"og:url\" content=\"https:\/\/www.marchantschmidt.com\/es\/carreras\/\" \/>\n<meta property=\"og:site_name\" content=\"Marchant Schmidt\" \/>\n<meta property=\"article:modified_time\" content=\"2021-03-22T12:34:25+00:00\" \/>\n<meta property=\"og:image\" content=\"https:\/\/www.marchantschmidt.com\/wp-content\/uploads\/2021\/02\/MODIFIED-TEAM-PHOTO-FOR-CAREER-PAGE-B-2-250x153.jpg\" \/>\n<meta name=\"twitter:card\" content=\"summary_large_image\" \/>\n<meta name=\"twitter:label1\" content=\"Tiempo de lectura\" \/>\n\t<meta name=\"twitter:data1\" content=\"2 minutos\" \/>\n<!-- \/ Yoast SEO plugin. -->","yoast_head_json":{"title":"Carreras - Marchant Schmidt","robots":{"index":"index","follow":"follow","max-snippet":"max-snippet:-1","max-image-preview":"max-image-preview:large","max-video-preview":"max-video-preview:-1"},"canonical":"https:\/\/www.marchantschmidt.com\/es\/carreras\/","og_locale":"es_MX","og_type":"article","og_title":"Carreras - Marchant Schmidt","og_description":"Oportunidades de Empleo Forme parte de una empresa emocionante y de r\u00e1pido crecimiento donde las oportunidades son infinitas. Marchant Schmidt, Inc., l\u00edder en la industria de equipos de proceso de alimentos con intereses en ambos mercados nacionales e internacionales, contin\u00faa haciendo crecer nuestro negocio y creando oportunidades adicionales en una variedad de departamentos. Hemos estado...","og_url":"https:\/\/www.marchantschmidt.com\/es\/carreras\/","og_site_name":"Marchant Schmidt","article_modified_time":"2021-03-22T12:34:25+00:00","og_image":[{"url":"https:\/\/www.marchantschmidt.com\/wp-content\/uploads\/2021\/02\/MODIFIED-TEAM-PHOTO-FOR-CAREER-PAGE-B-2-250x153.jpg","type":"","width":"","height":""}],"twitter_card":"summary_large_image","twitter_misc":{"Tiempo de lectura":"2 minutos"},"schema":{"@context":"https:\/\/schema.org","@graph":[{"@type":"WebPage","@id":"https:\/\/www.marchantschmidt.com\/es\/carreras\/","url":"https:\/\/www.marchantschmidt.com\/es\/carreras\/","name":"Carreras - Marchant Schmidt","isPartOf":{"@id":"https:\/\/www.marchantschmidt.com\/#website"},"primaryImageOfPage":{"@id":"https:\/\/www.marchantschmidt.com\/es\/carreras\/#primaryimage"},"image":{"@id":"https:\/\/www.marchantschmidt.com\/es\/carreras\/#primaryimage"},"thumbnailUrl":"https:\/\/www.marchantschmidt.com\/wp-content\/uploads\/2021\/02\/MODIFIED-TEAM-PHOTO-FOR-CAREER-PAGE-B-2-250x153.jpg","datePublished":"2020-12-04T21:23:47+00:00","dateModified":"2021-03-22T12:34:25+00:00","breadcrumb":{"@id":"https:\/\/www.marchantschmidt.com\/es\/carreras\/#breadcrumb"},"inLanguage":"es","potentialAction":[{"@type":"ReadAction","target":["https:\/\/www.marchantschmidt.com\/es\/carreras\/"]}]},{"@type":"ImageObject","inLanguage":"es","@id":"https:\/\/www.marchantschmidt.com\/es\/carreras\/#primaryimage","url":"https:\/\/www.marchantschmidt.com\/wp-content\/uploads\/2021\/02\/MODIFIED-TEAM-PHOTO-FOR-CAREER-PAGE-B-2-250x153.jpg","contentUrl":"https:\/\/www.marchantschmidt.com\/wp-content\/uploads\/2021\/02\/MODIFIED-TEAM-PHOTO-FOR-CAREER-PAGE-B-2-250x153.jpg"},{"@type":"BreadcrumbList","@id":"https:\/\/www.marchantschmidt.com\/es\/carreras\/#breadcrumb","itemListElement":[{"@type":"ListItem","position":1,"name":"Home","item":"https:\/\/www.marchantschmidt.com\/es\/"},{"@type":"ListItem","position":2,"name":"Carreras"}]},{"@type":"WebSite","@id":"https:\/\/www.marchantschmidt.com\/#website","url":"https:\/\/www.marchantschmidt.com\/","name":"Marchant Schmidt","description":"","publisher":{"@id":"https:\/\/www.marchantschmidt.com\/#organization"},"potentialAction":[{"@type":"SearchAction","target":{"@type":"EntryPoint","urlTemplate":"https:\/\/www.marchantschmidt.com\/?s={search_term_string}"},"query-input":{"@type":"PropertyValueSpecification","valueRequired":true,"valueName":"search_term_string"}}],"inLanguage":"es"},{"@type":"Organization","@id":"https:\/\/www.marchantschmidt.com\/#organization","name":"Marchant Schmidt, Inc.","url":"https:\/\/www.marchantschmidt.com\/","logo":{"@type":"ImageObject","inLanguage":"es","@id":"https:\/\/www.marchantschmidt.com\/#\/schema\/logo\/image\/","url":"https:\/\/www.marchantschmidt.com\/wp-content\/uploads\/2019\/08\/Marchant-Schmidt-Logo-Revised.png","contentUrl":"https:\/\/www.marchantschmidt.com\/wp-content\/uploads\/2019\/08\/Marchant-Schmidt-Logo-Revised.png","width":701,"height":117,"caption":"Marchant Schmidt, Inc."},"image":{"@id":"https:\/\/www.marchantschmidt.com\/#\/schema\/logo\/image\/"}}]}},"_links":{"self":[{"href":"https:\/\/www.marchantschmidt.com\/es\/wp-json\/wp\/v2\/pages\/3529","targetHints":{"allow":["GET"]}}],"collection":[{"href":"https:\/\/www.marchantschmidt.com\/es\/wp-json\/wp\/v2\/pages"}],"about":[{"href":"https:\/\/www.marchantschmidt.com\/es\/wp-json\/wp\/v2\/types\/page"}],"author":[{"embeddable":true,"href":"https:\/\/www.marchantschmidt.com\/es\/wp-json\/wp\/v2\/users\/1"}],"replies":[{"embeddable":true,"href":"https:\/\/www.marchantschmidt.com\/es\/wp-json\/wp\/v2\/comments?post=3529"}],"version-history":[{"count":27,"href":"https:\/\/www.marchantschmidt.com\/es\/wp-json\/wp\/v2\/pages\/3529\/revisions"}],"predecessor-version":[{"id":6332,"href":"https:\/\/www.marchantschmidt.com\/es\/wp-json\/wp\/v2\/pages\/3529\/revisions\/6332"}],"wp:attachment":[{"href":"https:\/\/www.marchantschmidt.com\/es\/wp-json\/wp\/v2\/media?parent=3529"}],"curies":[{"name":"wp","href":"https:\/\/api.w.org\/{rel}","templated":true}]}}