{"id":8528,"date":"2024-07-11T18:06:28","date_gmt":"2024-07-11T18:06:28","guid":{"rendered":"https:\/\/www.marchantschmidt.com\/?page_id=8528"},"modified":"2024-07-25T13:53:01","modified_gmt":"2024-07-25T13:53:01","slug":"pre-breaker-mill-grating-equipment","status":"publish","type":"page","link":"https:\/\/www.marchantschmidt.com\/es\/cheese-converting\/shredding-grating\/pre-breaker-mill-grating-equipment\/","title":{"rendered":"Equipo de Pretrituraci\u00f3n y rejilla de molino"},"content":{"rendered":"\n<p>Marchant Schmidt dise\u00f1a y fabrica equipos para rallar quesos duros. El Pretriturador es ideal para productos como queso duro antes de pasar por el molino para productos rallados. El molino de alta velocidad fue dise\u00f1ado para moler queso duro y otras aplicaciones de reducci\u00f3n del tama\u00f1o de los alimentos. Cada equipo es completamente higi\u00e9nico y ofrece acceso completo para una limpieza profunda. Ambas unidades trabajando juntas proporcionan una textura uniforme y una producci\u00f3n continua.<\/p>\n\n\n\r\n\r\n<div class=\"container-fluid\">\r\n    <div id=\"carousel1\" class=\"carousel multi-slider slide\" data-ride=\"carousel\" data-interval=\"false\">\r\n        <div class=\"carousel-inner multi-inner row w-90 mx-auto\" role=\"listbox\">\r\n\t\t\t\t\t\t\t<div class=\"carousel-item col-12 col-sm-6 col-md-4 col-lg-3 active\">\r\n\t\t\t\t\t<div class=\"slide-box\">\r\n\t\t\t\t\t\t<img decoding=\"async\" class=\"img-fluid mx-auto d-block\" src=\"https:\/\/www.marchantschmidt.com\/wp-content\/uploads\/2024\/07\/HCR30-PREBREAKER-PAGE-ICON.jpg\">\r\n\t\t\t\t\t\t<div class=\"multi-carousel-caption\">\r\n\t\t\t\t\t\t\t<a href=\"https:\/\/www.marchantschmidt.com\/es\/product\/cheese-converting-es\/hcr30-pre-triturador\/\"><h4>HCR30 Triturador<\/h4><\/a>\r\n\t\t\t\t\t\t<\/div>\r\n\t\t\t\t\t<\/div>\r\n\t\t\t\t<\/div>\r\n\t\t\t\t\t\t\t\t<div class=\"carousel-item col-12 col-sm-6 col-md-4 col-lg-3 \">\r\n\t\t\t\t\t<div class=\"slide-box\">\r\n\t\t\t\t\t\t<img decoding=\"async\" class=\"img-fluid mx-auto d-block\" src=\"https:\/\/www.marchantschmidt.com\/wp-content\/uploads\/2024\/07\/HIGH-SPEED-MILL-PAGE-ICON.jpg\">\r\n\t\t\t\t\t\t<div class=\"multi-carousel-caption\">\r\n\t\t\t\t\t\t\t<a href=\"https:\/\/www.marchantschmidt.com\/es\/product\/cheese-converting-es\/molino-de-alta-velocidad\/\"><h4>Molino de Alta Velocidad<\/h4><\/a>\r\n\t\t\t\t\t\t<\/div>\r\n\t\t\t\t\t<\/div>\r\n\t\t\t\t<\/div>\r\n\t\t\t\t        <\/div>\r\n        <a class=\"carousel-control-prev\" href=\"#carousel1\" role=\"button\" data-slide=\"prev\">\r\n            <i class=\"fa fa-chevron-left fa-lg text-muted\"><\/i>\r\n            <span class=\"sr-only\">Previous<\/span>\r\n        <\/a>\r\n        <a class=\"carousel-control-next text-faded\" href=\"#carousel1\" role=\"button\" data-slide=\"next\">\r\n            <i class=\"fa fa-chevron-right fa-lg text-muted\"><\/i>\r\n            <span class=\"sr-only\">Next<\/span>\r\n        <\/a>\r\n    <\/div>\r\n<\/div>\r\n\r\n<script>\r\njQuery(document).ready(function($) {\r\n    $('#carousel1').on('slide.bs.carousel', function (e) {\r\n        var $e = $(e.relatedTarget);\r\n        var idx = $e.index();\r\n\t\tif ($(window).width() <= 767){\r\n\t\t\tvar itemsPerSlide = 2;\r\n\t\t} else if ($(window).width() <= 991){\r\n\t\tvar itemsPerSlide = 3;\r\n\t\t} else {\r\n\t\t\tvar itemsPerSlide = 4;\r\n\t\t}\r\n\t\t\r\n        var totalItems = $('.multi-inner .carousel-item').length;\r\n\t\t\r\n        if (idx >= (totalItems-(itemsPerSlide-1))) {\r\n            var it = itemsPerSlide - (totalItems - idx);\r\n            for (var i=0; i<it; i++) {\r\n                if (e.direction==\"left\") {\r\n                    $('.multi-inner .carousel-item').eq(i).appendTo('.multi-inner');\r\n                }\r\n                else {\r\n                    $('.multi-inner .carousel-item').eq(0).appendTo('.multi-inner');\r\n                }\r\n            }\r\n        }\r\n    });\r\n\r\n    $(window).on('load resize', function() {\r\n        if ($(window).width() >= 991 && $('.multi-inner .carousel-item').length < 5) {\r\n            $('.carousel-control-prev, .carousel-control-next').hide();\r\n        } else if ($(window).width() >= 768 && $('.multi-inner .carousel-item').length < 4) {\r\n            $('.carousel-control-prev, .carousel-control-next').hide();\r\n        } else if ($(window).width() >= 576 && $('.multi-inner .carousel-item').length < 3) {\r\n            $('.carousel-control-prev, .carousel-control-next').hide();\r\n        } else if ($('.multi-inner .carousel-item').length < 2) {\r\n            $('.carousel-control-prev, .carousel-control-next').hide();\r\n        } else {\r\n            $('.carousel-control-prev, .carousel-control-next').show();\r\n        }\r\n    });\r\n});\r\n<\/script>\r\n\r\n\r\n\r\n\r\n\r\n\r\n\r\n\n\n\n<div style=\"height:100px\" aria-hidden=\"true\" class=\"wp-block-spacer\"><\/div>\n\n\n\n<p><\/p>\n","protected":false},"excerpt":{"rendered":"Marchant Schmidt dise\u00f1a y fabrica equipos para rallar quesos duros. El Pretriturador es ideal para productos como queso duro antes de pasar por el molino para productos rallados. El molino de alta velocidad fue dise\u00f1ado para moler queso duro y otras aplicaciones de reducci\u00f3n del tama\u00f1o de los alimentos. Cada equipo es completamente higi\u00e9nico y&#8230; ","protected":false},"author":2,"featured_media":0,"parent":3441,"menu_order":0,"comment_status":"closed","ping_status":"closed","template":"","meta":{"_acf_changed":false,"footnotes":""},"class_list":["post-8528","page","type-page","status-publish","hentry"],"acf":[],"yoast_head":"<!-- This site is optimized with the Yoast SEO plugin v27.2 - https:\/\/yoast.com\/product\/yoast-seo-wordpress\/ -->\n<title>La maquinaria m\u00e1s higi\u00e9nica para conversi\u00f3n de alimentos | Marchant Schmidt<\/title>\n<meta name=\"robots\" content=\"index, follow, max-snippet:-1, max-image-preview:large, max-video-preview:-1\" \/>\n<link rel=\"canonical\" href=\"https:\/\/www.marchantschmidt.com\/es\/cheese-converting\/shredding-grating\/pre-breaker-mill-grating-equipment\/\" \/>\n<meta property=\"og:locale\" content=\"es_MX\" \/>\n<meta property=\"og:type\" content=\"article\" \/>\n<meta property=\"og:title\" content=\"La maquinaria m\u00e1s higi\u00e9nica para conversi\u00f3n de alimentos | Marchant Schmidt\" \/>\n<meta property=\"og:description\" content=\"Marchant Schmidt dise\u00f1a y fabrica equipos para rallar quesos duros. El Pretriturador es ideal para productos como queso duro antes de pasar por el molino para productos rallados. El molino de alta velocidad fue dise\u00f1ado para moler queso duro y otras aplicaciones de reducci\u00f3n del tama\u00f1o de los alimentos. Cada equipo es completamente higi\u00e9nico y...\" \/>\n<meta property=\"og:url\" content=\"https:\/\/www.marchantschmidt.com\/es\/cheese-converting\/shredding-grating\/pre-breaker-mill-grating-equipment\/\" \/>\n<meta property=\"og:site_name\" content=\"Marchant Schmidt\" \/>\n<meta property=\"article:modified_time\" content=\"2024-07-25T13:53:01+00:00\" \/>\n<meta name=\"twitter:card\" content=\"summary_large_image\" \/>\n<meta name=\"twitter:label1\" content=\"Tiempo de lectura\" \/>\n\t<meta name=\"twitter:data1\" content=\"1 minuto\" \/>\n<!-- \/ Yoast SEO plugin. -->","yoast_head_json":{"title":"La maquinaria m\u00e1s higi\u00e9nica para conversi\u00f3n de alimentos | Marchant Schmidt","robots":{"index":"index","follow":"follow","max-snippet":"max-snippet:-1","max-image-preview":"max-image-preview:large","max-video-preview":"max-video-preview:-1"},"canonical":"https:\/\/www.marchantschmidt.com\/es\/cheese-converting\/shredding-grating\/pre-breaker-mill-grating-equipment\/","og_locale":"es_MX","og_type":"article","og_title":"La maquinaria m\u00e1s higi\u00e9nica para conversi\u00f3n de alimentos | Marchant Schmidt","og_description":"Marchant Schmidt dise\u00f1a y fabrica equipos para rallar quesos duros. El Pretriturador es ideal para productos como queso duro antes de pasar por el molino para productos rallados. El molino de alta velocidad fue dise\u00f1ado para moler queso duro y otras aplicaciones de reducci\u00f3n del tama\u00f1o de los alimentos. Cada equipo es completamente higi\u00e9nico y...","og_url":"https:\/\/www.marchantschmidt.com\/es\/cheese-converting\/shredding-grating\/pre-breaker-mill-grating-equipment\/","og_site_name":"Marchant Schmidt","article_modified_time":"2024-07-25T13:53:01+00:00","twitter_card":"summary_large_image","twitter_misc":{"Tiempo de lectura":"1 minuto"},"schema":{"@context":"https:\/\/schema.org","@graph":[{"@type":"WebPage","@id":"https:\/\/www.marchantschmidt.com\/es\/cheese-converting\/shredding-grating\/pre-breaker-mill-grating-equipment\/","url":"https:\/\/www.marchantschmidt.com\/es\/cheese-converting\/shredding-grating\/pre-breaker-mill-grating-equipment\/","name":"La maquinaria m\u00e1s higi\u00e9nica para conversi\u00f3n de alimentos | Marchant Schmidt","isPartOf":{"@id":"https:\/\/www.marchantschmidt.com\/#website"},"datePublished":"2024-07-11T18:06:28+00:00","dateModified":"2024-07-25T13:53:01+00:00","breadcrumb":{"@id":"https:\/\/www.marchantschmidt.com\/es\/cheese-converting\/shredding-grating\/pre-breaker-mill-grating-equipment\/#breadcrumb"},"inLanguage":"es","potentialAction":[{"@type":"ReadAction","target":["https:\/\/www.marchantschmidt.com\/es\/cheese-converting\/shredding-grating\/pre-breaker-mill-grating-equipment\/"]}]},{"@type":"BreadcrumbList","@id":"https:\/\/www.marchantschmidt.com\/es\/cheese-converting\/shredding-grating\/pre-breaker-mill-grating-equipment\/#breadcrumb","itemListElement":[{"@type":"ListItem","position":1,"name":"Home","item":"https:\/\/www.marchantschmidt.com\/es\/"},{"@type":"ListItem","position":2,"name":"Conversi\u00f3n de Queso","item":"https:\/\/www.marchantschmidt.com\/es\/cheese-converting\/"},{"@type":"ListItem","position":3,"name":"Rallado Y Cubicado","item":"https:\/\/www.marchantschmidt.com\/es\/cheese-converting\/shredding-grating\/"},{"@type":"ListItem","position":4,"name":"Equipo de Pretrituraci\u00f3n y rejilla de molino"}]},{"@type":"WebSite","@id":"https:\/\/www.marchantschmidt.com\/#website","url":"https:\/\/www.marchantschmidt.com\/","name":"Marchant Schmidt","description":"","publisher":{"@id":"https:\/\/www.marchantschmidt.com\/#organization"},"potentialAction":[{"@type":"SearchAction","target":{"@type":"EntryPoint","urlTemplate":"https:\/\/www.marchantschmidt.com\/?s={search_term_string}"},"query-input":{"@type":"PropertyValueSpecification","valueRequired":true,"valueName":"search_term_string"}}],"inLanguage":"es"},{"@type":"Organization","@id":"https:\/\/www.marchantschmidt.com\/#organization","name":"Marchant Schmidt, Inc.","url":"https:\/\/www.marchantschmidt.com\/","logo":{"@type":"ImageObject","inLanguage":"es","@id":"https:\/\/www.marchantschmidt.com\/#\/schema\/logo\/image\/","url":"https:\/\/www.marchantschmidt.com\/wp-content\/uploads\/2019\/08\/Marchant-Schmidt-Logo-Revised.png","contentUrl":"https:\/\/www.marchantschmidt.com\/wp-content\/uploads\/2019\/08\/Marchant-Schmidt-Logo-Revised.png","width":701,"height":117,"caption":"Marchant Schmidt, Inc."},"image":{"@id":"https:\/\/www.marchantschmidt.com\/#\/schema\/logo\/image\/"}}]}},"_links":{"self":[{"href":"https:\/\/www.marchantschmidt.com\/es\/wp-json\/wp\/v2\/pages\/8528","targetHints":{"allow":["GET"]}}],"collection":[{"href":"https:\/\/www.marchantschmidt.com\/es\/wp-json\/wp\/v2\/pages"}],"about":[{"href":"https:\/\/www.marchantschmidt.com\/es\/wp-json\/wp\/v2\/types\/page"}],"author":[{"embeddable":true,"href":"https:\/\/www.marchantschmidt.com\/es\/wp-json\/wp\/v2\/users\/2"}],"replies":[{"embeddable":true,"href":"https:\/\/www.marchantschmidt.com\/es\/wp-json\/wp\/v2\/comments?post=8528"}],"version-history":[{"count":2,"href":"https:\/\/www.marchantschmidt.com\/es\/wp-json\/wp\/v2\/pages\/8528\/revisions"}],"predecessor-version":[{"id":8543,"href":"https:\/\/www.marchantschmidt.com\/es\/wp-json\/wp\/v2\/pages\/8528\/revisions\/8543"}],"up":[{"embeddable":true,"href":"https:\/\/www.marchantschmidt.com\/es\/wp-json\/wp\/v2\/pages\/3441"}],"wp:attachment":[{"href":"https:\/\/www.marchantschmidt.com\/es\/wp-json\/wp\/v2\/media?parent=8528"}],"curies":[{"name":"wp","href":"https:\/\/api.w.org\/{rel}","templated":true}]}}