{"id":2642,"date":"2020-10-05T19:24:05","date_gmt":"2020-10-05T19:24:05","guid":{"rendered":"https:\/\/www.marchantschmidt.com\/product\/sin%20categor\u00eda\/universal-rotating-cutter\/"},"modified":"2021-02-03T17:07:04","modified_gmt":"2021-02-03T17:07:04","slug":"universal-rotating-cutter","status":"publish","type":"product","link":"https:\/\/www.marchantschmidt.com\/es\/product\/specialty-food-cutting-es\/universal-rotating-cutter\/","title":{"rendered":"Cortador Giratorio Universal"},"content":{"rendered":"<p>Un cortador para pasteles de dos ejes que utiliza un juego de cuchillas ultras\u00f3nicas o cuchillas convencionales. Los pasteles se cortan en un n\u00famero predeterminado de piezas seg\u00fan la informaci\u00f3n preprogramada que recibe el cortador. El pastel se asienta sobre una plataforma que gira 360 grados y puede hacer una variedad de cortes en \u00e1ngulo. Tambi\u00e9n est\u00e1 disponible una versi\u00f3n que permite cortar pasteles en cajas de hasta 24 \u201dx 18\u201d.<\/p>\n","protected":false},"excerpt":{"rendered":"Un cortador para pasteles de dos ejes que utiliza un juego de cuchillas ultras\u00f3nicas o cuchillas convencionales. Los pasteles se cortan en un n\u00famero predeterminado de piezas seg\u00fan la informaci\u00f3n preprogramada que recibe el cortador. El pastel se asienta sobre una plataforma que gira 360 grados y puede hacer una variedad de cortes en \u00e1ngulo&#8230;. ","protected":false},"featured_media":2643,"template":"","meta":{"_acf_changed":false},"product_brand":[],"product_cat":[166],"product_tag":[],"class_list":{"0":"post-2642","1":"product","2":"type-product","3":"status-publish","4":"has-post-thumbnail","6":"product_cat-specialty-food-cutting-es","8":"first","9":"instock","10":"shipping-taxable","11":"product-type-simple"},"acf":[],"yoast_head":"<!-- This site is optimized with the Yoast SEO plugin v27.2 - https:\/\/yoast.com\/product\/yoast-seo-wordpress\/ -->\n<title>Cortador Giratorio Universal - Marchant Schmidt<\/title>\n<meta name=\"robots\" content=\"index, follow, max-snippet:-1, max-image-preview:large, max-video-preview:-1\" \/>\n<link rel=\"canonical\" href=\"https:\/\/www.marchantschmidt.com\/es\/product\/specialty-food-cutting-es\/universal-rotating-cutter\/\" \/>\n<meta property=\"og:locale\" content=\"es_MX\" \/>\n<meta property=\"og:type\" content=\"article\" \/>\n<meta property=\"og:title\" content=\"Cortador Giratorio Universal - Marchant Schmidt\" \/>\n<meta property=\"og:description\" content=\"Un cortador para pasteles de dos ejes que utiliza un juego de cuchillas ultras\u00f3nicas o cuchillas convencionales. Los pasteles se cortan en un n\u00famero predeterminado de piezas seg\u00fan la informaci\u00f3n preprogramada que recibe el cortador. El pastel se asienta sobre una plataforma que gira 360 grados y puede hacer una variedad de cortes en \u00e1ngulo....\" \/>\n<meta property=\"og:url\" content=\"https:\/\/www.marchantschmidt.com\/es\/product\/specialty-food-cutting-es\/universal-rotating-cutter\/\" \/>\n<meta property=\"og:site_name\" content=\"Marchant Schmidt\" \/>\n<meta property=\"article:modified_time\" content=\"2021-02-03T17:07:04+00:00\" \/>\n<meta property=\"og:image\" content=\"https:\/\/www.marchantschmidt.com\/wp-content\/uploads\/2020\/10\/UNIVERSAL-ROTATING-CUTTER_SPECIALTY-CUTTING-cropped.jpg\" \/>\n\t<meta property=\"og:image:width\" content=\"600\" \/>\n\t<meta property=\"og:image:height\" content=\"600\" \/>\n\t<meta property=\"og:image:type\" content=\"image\/jpeg\" \/>\n<meta name=\"twitter:card\" content=\"summary_large_image\" \/>\n<!-- \/ Yoast SEO plugin. -->","yoast_head_json":{"title":"Cortador Giratorio Universal - Marchant Schmidt","robots":{"index":"index","follow":"follow","max-snippet":"max-snippet:-1","max-image-preview":"max-image-preview:large","max-video-preview":"max-video-preview:-1"},"canonical":"https:\/\/www.marchantschmidt.com\/es\/product\/specialty-food-cutting-es\/universal-rotating-cutter\/","og_locale":"es_MX","og_type":"article","og_title":"Cortador Giratorio Universal - Marchant Schmidt","og_description":"Un cortador para pasteles de dos ejes que utiliza un juego de cuchillas ultras\u00f3nicas o cuchillas convencionales. Los pasteles se cortan en un n\u00famero predeterminado de piezas seg\u00fan la informaci\u00f3n preprogramada que recibe el cortador. El pastel se asienta sobre una plataforma que gira 360 grados y puede hacer una variedad de cortes en \u00e1ngulo....","og_url":"https:\/\/www.marchantschmidt.com\/es\/product\/specialty-food-cutting-es\/universal-rotating-cutter\/","og_site_name":"Marchant Schmidt","article_modified_time":"2021-02-03T17:07:04+00:00","og_image":[{"width":600,"height":600,"url":"https:\/\/www.marchantschmidt.com\/wp-content\/uploads\/2020\/10\/UNIVERSAL-ROTATING-CUTTER_SPECIALTY-CUTTING-cropped.jpg","type":"image\/jpeg"}],"twitter_card":"summary_large_image","schema":{"@context":"https:\/\/schema.org","@graph":[{"@type":"WebPage","@id":"https:\/\/www.marchantschmidt.com\/es\/product\/specialty-food-cutting-es\/universal-rotating-cutter\/","url":"https:\/\/www.marchantschmidt.com\/es\/product\/specialty-food-cutting-es\/universal-rotating-cutter\/","name":"Cortador Giratorio Universal - Marchant Schmidt","isPartOf":{"@id":"https:\/\/www.marchantschmidt.com\/#website"},"primaryImageOfPage":{"@id":"https:\/\/www.marchantschmidt.com\/es\/product\/specialty-food-cutting-es\/universal-rotating-cutter\/#primaryimage"},"image":{"@id":"https:\/\/www.marchantschmidt.com\/es\/product\/specialty-food-cutting-es\/universal-rotating-cutter\/#primaryimage"},"thumbnailUrl":"https:\/\/www.marchantschmidt.com\/wp-content\/uploads\/2020\/10\/UNIVERSAL-ROTATING-CUTTER_SPECIALTY-CUTTING-cropped.jpg","datePublished":"2020-10-05T19:24:05+00:00","dateModified":"2021-02-03T17:07:04+00:00","breadcrumb":{"@id":"https:\/\/www.marchantschmidt.com\/es\/product\/specialty-food-cutting-es\/universal-rotating-cutter\/#breadcrumb"},"inLanguage":"es","potentialAction":[{"@type":"ReadAction","target":["https:\/\/www.marchantschmidt.com\/es\/product\/specialty-food-cutting-es\/universal-rotating-cutter\/"]}]},{"@type":"ImageObject","inLanguage":"es","@id":"https:\/\/www.marchantschmidt.com\/es\/product\/specialty-food-cutting-es\/universal-rotating-cutter\/#primaryimage","url":"https:\/\/www.marchantschmidt.com\/wp-content\/uploads\/2020\/10\/UNIVERSAL-ROTATING-CUTTER_SPECIALTY-CUTTING-cropped.jpg","contentUrl":"https:\/\/www.marchantschmidt.com\/wp-content\/uploads\/2020\/10\/UNIVERSAL-ROTATING-CUTTER_SPECIALTY-CUTTING-cropped.jpg","width":600,"height":600,"caption":"universal rotating cutter specialty food cutting equipment"},{"@type":"BreadcrumbList","@id":"https:\/\/www.marchantschmidt.com\/es\/product\/specialty-food-cutting-es\/universal-rotating-cutter\/#breadcrumb","itemListElement":[{"@type":"ListItem","position":1,"name":"Home","item":"https:\/\/www.marchantschmidt.com\/es\/"},{"@type":"ListItem","position":2,"name":"Shop","item":"https:\/\/www.marchantschmidt.com\/?page_id=2232"},{"@type":"ListItem","position":3,"name":"Cortador Giratorio Universal"}]},{"@type":"WebSite","@id":"https:\/\/www.marchantschmidt.com\/#website","url":"https:\/\/www.marchantschmidt.com\/","name":"Marchant Schmidt","description":"","publisher":{"@id":"https:\/\/www.marchantschmidt.com\/#organization"},"potentialAction":[{"@type":"SearchAction","target":{"@type":"EntryPoint","urlTemplate":"https:\/\/www.marchantschmidt.com\/?s={search_term_string}"},"query-input":{"@type":"PropertyValueSpecification","valueRequired":true,"valueName":"search_term_string"}}],"inLanguage":"es"},{"@type":"Organization","@id":"https:\/\/www.marchantschmidt.com\/#organization","name":"Marchant Schmidt, Inc.","url":"https:\/\/www.marchantschmidt.com\/","logo":{"@type":"ImageObject","inLanguage":"es","@id":"https:\/\/www.marchantschmidt.com\/#\/schema\/logo\/image\/","url":"https:\/\/www.marchantschmidt.com\/wp-content\/uploads\/2019\/08\/Marchant-Schmidt-Logo-Revised.png","contentUrl":"https:\/\/www.marchantschmidt.com\/wp-content\/uploads\/2019\/08\/Marchant-Schmidt-Logo-Revised.png","width":701,"height":117,"caption":"Marchant Schmidt, Inc."},"image":{"@id":"https:\/\/www.marchantschmidt.com\/#\/schema\/logo\/image\/"}}]}},"_links":{"self":[{"href":"https:\/\/www.marchantschmidt.com\/es\/wp-json\/wp\/v2\/product\/2642","targetHints":{"allow":["GET"]}}],"collection":[{"href":"https:\/\/www.marchantschmidt.com\/es\/wp-json\/wp\/v2\/product"}],"about":[{"href":"https:\/\/www.marchantschmidt.com\/es\/wp-json\/wp\/v2\/types\/product"}],"wp:featuredmedia":[{"embeddable":true,"href":"https:\/\/www.marchantschmidt.com\/es\/wp-json\/wp\/v2\/media\/2643"}],"wp:attachment":[{"href":"https:\/\/www.marchantschmidt.com\/es\/wp-json\/wp\/v2\/media?parent=2642"}],"wp:term":[{"taxonomy":"product_brand","embeddable":true,"href":"https:\/\/www.marchantschmidt.com\/es\/wp-json\/wp\/v2\/product_brand?post=2642"},{"taxonomy":"product_cat","embeddable":true,"href":"https:\/\/www.marchantschmidt.com\/es\/wp-json\/wp\/v2\/product_cat?post=2642"},{"taxonomy":"product_tag","embeddable":true,"href":"https:\/\/www.marchantschmidt.com\/es\/wp-json\/wp\/v2\/product_tag?post=2642"}],"curies":[{"name":"wp","href":"https:\/\/api.w.org\/{rel}","templated":true}]}}