{"id":3347,"date":"2020-10-05T19:59:04","date_gmt":"2020-10-05T19:59:04","guid":{"rendered":"https:\/\/www.marchantschmidt.com\/product\/sin%20categor\u00eda\/sanitary-dust-collection\/"},"modified":"2021-02-04T18:27:57","modified_gmt":"2021-02-04T18:27:57","slug":"sanitary-dust-collection","status":"publish","type":"product","link":"https:\/\/www.marchantschmidt.com\/es\/product\/hygienic-automation-es\/dust-collection-es\/sanitary-dust-collection\/","title":{"rendered":"Colector Sanitario de Polvo"},"content":{"rendered":"<p>El sistema de recolecci\u00f3n de polvo port\u00e1til se usa en la sala de producci\u00f3n de alimentos. La construcci\u00f3n en acero inoxidable lo hace adecuado para el punto de uso en un entorno de lavado. El Colector Sanitario de Polvo elimina la necesidad de un gran sistema de vac\u00edo centralizado que es dif\u00edcil de limpiar y mantener. Dos puertos de vac\u00edo en el Colector Sanitario de Polvo admiten m\u00faltiples puntos de recolecci\u00f3n. Las jaulas con filtros tipo calcet\u00edn recogen el polvo en suspensi\u00f3n a medida que el aire de la planta pasa a trav\u00e9s del sistema. Posee boquillas de aire presurizado que se libera peri\u00f3dicamente en los filtros calcet\u00edn para soltar el polvo el cual cae a la tolva de recolecci\u00f3n. Un cable de conexi\u00f3n a tierra, una conexi\u00f3n de alimentaci\u00f3n con enchufe y patas niveladoras facilitan el movimiento de la unidad dentro y fuera de la sala de producci\u00f3n.      <\/p>\n","protected":false},"excerpt":{"rendered":"El sistema de recolecci\u00f3n de polvo port\u00e1til se usa en la sala de producci\u00f3n de alimentos. La construcci\u00f3n en acero inoxidable lo hace adecuado para el punto de uso en un entorno de lavado. El Colector Sanitario de Polvo elimina la necesidad de un gran sistema de vac\u00edo centralizado que es dif\u00edcil de limpiar y&#8230; ","protected":false},"featured_media":2821,"template":"","meta":{"_acf_changed":false},"product_brand":[],"product_cat":[168,193],"product_tag":[],"class_list":{"0":"post-3347","1":"product","2":"type-product","3":"status-publish","4":"has-post-thumbnail","6":"product_cat-dust-collection-es","7":"product_cat-hygienic-automation-es","9":"first","10":"instock","11":"shipping-taxable","12":"product-type-simple"},"acf":[],"yoast_head":"<!-- This site is optimized with the Yoast SEO plugin v27.2 - https:\/\/yoast.com\/product\/yoast-seo-wordpress\/ -->\n<title>Colector Sanitario de Polvo - Marchant Schmidt<\/title>\n<meta name=\"robots\" content=\"index, follow, max-snippet:-1, max-image-preview:large, max-video-preview:-1\" \/>\n<link rel=\"canonical\" href=\"https:\/\/www.marchantschmidt.com\/es\/product\/hygienic-automation-es\/dust-collection-es\/sanitary-dust-collection\/\" \/>\n<meta property=\"og:locale\" content=\"es_MX\" \/>\n<meta property=\"og:type\" content=\"article\" \/>\n<meta property=\"og:title\" content=\"Colector Sanitario de Polvo - Marchant Schmidt\" \/>\n<meta property=\"og:description\" content=\"El sistema de recolecci\u00f3n de polvo port\u00e1til se usa en la sala de producci\u00f3n de alimentos. La construcci\u00f3n en acero inoxidable lo hace adecuado para el punto de uso en un entorno de lavado. El Colector Sanitario de Polvo elimina la necesidad de un gran sistema de vac\u00edo centralizado que es dif\u00edcil de limpiar y...\" \/>\n<meta property=\"og:url\" content=\"https:\/\/www.marchantschmidt.com\/es\/product\/hygienic-automation-es\/dust-collection-es\/sanitary-dust-collection\/\" \/>\n<meta property=\"og:site_name\" content=\"Marchant Schmidt\" \/>\n<meta property=\"article:modified_time\" content=\"2021-02-04T18:27:57+00:00\" \/>\n<meta property=\"og:image\" content=\"https:\/\/www.marchantschmidt.com\/wp-content\/uploads\/2019\/08\/sanitarydustcollectionmain.jpg\" \/>\n\t<meta property=\"og:image:width\" content=\"600\" \/>\n\t<meta property=\"og:image:height\" content=\"600\" \/>\n\t<meta property=\"og:image:type\" content=\"image\/jpeg\" \/>\n<meta name=\"twitter:card\" content=\"summary_large_image\" \/>\n<meta name=\"twitter:label1\" content=\"Tiempo de lectura\" \/>\n\t<meta name=\"twitter:data1\" content=\"1 minuto\" \/>\n<!-- \/ Yoast SEO plugin. -->","yoast_head_json":{"title":"Colector Sanitario de Polvo - Marchant Schmidt","robots":{"index":"index","follow":"follow","max-snippet":"max-snippet:-1","max-image-preview":"max-image-preview:large","max-video-preview":"max-video-preview:-1"},"canonical":"https:\/\/www.marchantschmidt.com\/es\/product\/hygienic-automation-es\/dust-collection-es\/sanitary-dust-collection\/","og_locale":"es_MX","og_type":"article","og_title":"Colector Sanitario de Polvo - Marchant Schmidt","og_description":"El sistema de recolecci\u00f3n de polvo port\u00e1til se usa en la sala de producci\u00f3n de alimentos. La construcci\u00f3n en acero inoxidable lo hace adecuado para el punto de uso en un entorno de lavado. El Colector Sanitario de Polvo elimina la necesidad de un gran sistema de vac\u00edo centralizado que es dif\u00edcil de limpiar y...","og_url":"https:\/\/www.marchantschmidt.com\/es\/product\/hygienic-automation-es\/dust-collection-es\/sanitary-dust-collection\/","og_site_name":"Marchant Schmidt","article_modified_time":"2021-02-04T18:27:57+00:00","og_image":[{"width":600,"height":600,"url":"https:\/\/www.marchantschmidt.com\/wp-content\/uploads\/2019\/08\/sanitarydustcollectionmain.jpg","type":"image\/jpeg"}],"twitter_card":"summary_large_image","twitter_misc":{"Tiempo de lectura":"1 minuto"},"schema":{"@context":"https:\/\/schema.org","@graph":[{"@type":"WebPage","@id":"https:\/\/www.marchantschmidt.com\/es\/product\/hygienic-automation-es\/dust-collection-es\/sanitary-dust-collection\/","url":"https:\/\/www.marchantschmidt.com\/es\/product\/hygienic-automation-es\/dust-collection-es\/sanitary-dust-collection\/","name":"Colector Sanitario de Polvo - Marchant Schmidt","isPartOf":{"@id":"https:\/\/www.marchantschmidt.com\/#website"},"primaryImageOfPage":{"@id":"https:\/\/www.marchantschmidt.com\/es\/product\/hygienic-automation-es\/dust-collection-es\/sanitary-dust-collection\/#primaryimage"},"image":{"@id":"https:\/\/www.marchantschmidt.com\/es\/product\/hygienic-automation-es\/dust-collection-es\/sanitary-dust-collection\/#primaryimage"},"thumbnailUrl":"https:\/\/www.marchantschmidt.com\/wp-content\/uploads\/2019\/08\/sanitarydustcollectionmain.jpg","datePublished":"2020-10-05T19:59:04+00:00","dateModified":"2021-02-04T18:27:57+00:00","breadcrumb":{"@id":"https:\/\/www.marchantschmidt.com\/es\/product\/hygienic-automation-es\/dust-collection-es\/sanitary-dust-collection\/#breadcrumb"},"inLanguage":"es","potentialAction":[{"@type":"ReadAction","target":["https:\/\/www.marchantschmidt.com\/es\/product\/hygienic-automation-es\/dust-collection-es\/sanitary-dust-collection\/"]}]},{"@type":"ImageObject","inLanguage":"es","@id":"https:\/\/www.marchantschmidt.com\/es\/product\/hygienic-automation-es\/dust-collection-es\/sanitary-dust-collection\/#primaryimage","url":"https:\/\/www.marchantschmidt.com\/wp-content\/uploads\/2019\/08\/sanitarydustcollectionmain.jpg","contentUrl":"https:\/\/www.marchantschmidt.com\/wp-content\/uploads\/2019\/08\/sanitarydustcollectionmain.jpg","width":600,"height":600,"caption":"sanitary dust collection"},{"@type":"BreadcrumbList","@id":"https:\/\/www.marchantschmidt.com\/es\/product\/hygienic-automation-es\/dust-collection-es\/sanitary-dust-collection\/#breadcrumb","itemListElement":[{"@type":"ListItem","position":1,"name":"Home","item":"https:\/\/www.marchantschmidt.com\/es\/"},{"@type":"ListItem","position":2,"name":"Shop","item":"https:\/\/www.marchantschmidt.com\/?page_id=2232"},{"@type":"ListItem","position":3,"name":"Colector Sanitario de Polvo"}]},{"@type":"WebSite","@id":"https:\/\/www.marchantschmidt.com\/#website","url":"https:\/\/www.marchantschmidt.com\/","name":"Marchant Schmidt","description":"","publisher":{"@id":"https:\/\/www.marchantschmidt.com\/#organization"},"potentialAction":[{"@type":"SearchAction","target":{"@type":"EntryPoint","urlTemplate":"https:\/\/www.marchantschmidt.com\/?s={search_term_string}"},"query-input":{"@type":"PropertyValueSpecification","valueRequired":true,"valueName":"search_term_string"}}],"inLanguage":"es"},{"@type":"Organization","@id":"https:\/\/www.marchantschmidt.com\/#organization","name":"Marchant Schmidt, Inc.","url":"https:\/\/www.marchantschmidt.com\/","logo":{"@type":"ImageObject","inLanguage":"es","@id":"https:\/\/www.marchantschmidt.com\/#\/schema\/logo\/image\/","url":"https:\/\/www.marchantschmidt.com\/wp-content\/uploads\/2019\/08\/Marchant-Schmidt-Logo-Revised.png","contentUrl":"https:\/\/www.marchantschmidt.com\/wp-content\/uploads\/2019\/08\/Marchant-Schmidt-Logo-Revised.png","width":701,"height":117,"caption":"Marchant Schmidt, Inc."},"image":{"@id":"https:\/\/www.marchantschmidt.com\/#\/schema\/logo\/image\/"}}]}},"_links":{"self":[{"href":"https:\/\/www.marchantschmidt.com\/es\/wp-json\/wp\/v2\/product\/3347","targetHints":{"allow":["GET"]}}],"collection":[{"href":"https:\/\/www.marchantschmidt.com\/es\/wp-json\/wp\/v2\/product"}],"about":[{"href":"https:\/\/www.marchantschmidt.com\/es\/wp-json\/wp\/v2\/types\/product"}],"wp:featuredmedia":[{"embeddable":true,"href":"https:\/\/www.marchantschmidt.com\/es\/wp-json\/wp\/v2\/media\/2821"}],"wp:attachment":[{"href":"https:\/\/www.marchantschmidt.com\/es\/wp-json\/wp\/v2\/media?parent=3347"}],"wp:term":[{"taxonomy":"product_brand","embeddable":true,"href":"https:\/\/www.marchantschmidt.com\/es\/wp-json\/wp\/v2\/product_brand?post=3347"},{"taxonomy":"product_cat","embeddable":true,"href":"https:\/\/www.marchantschmidt.com\/es\/wp-json\/wp\/v2\/product_cat?post=3347"},{"taxonomy":"product_tag","embeddable":true,"href":"https:\/\/www.marchantschmidt.com\/es\/wp-json\/wp\/v2\/product_tag?post=3347"}],"curies":[{"name":"wp","href":"https:\/\/api.w.org\/{rel}","templated":true}]}}