{"id":3350,"date":"2020-10-05T19:59:03","date_gmt":"2020-10-05T19:59:03","guid":{"rendered":"https:\/\/www.marchantschmidt.com\/product\/sin%20categor\u00eda\/vacuum-transfer\/"},"modified":"2021-02-03T16:14:07","modified_gmt":"2021-02-03T16:14:07","slug":"vacuum-transfer","status":"publish","type":"product","link":"https:\/\/www.marchantschmidt.com\/es\/product\/hygienic-automation-es\/vacuum-delivery-system-es\/vacuum-transfer\/","title":{"rendered":"Transferencia por vac\u00edo"},"content":{"rendered":"<p>Dise\u00f1ado para transferir productos de manera segura y eficiente desde una estaci\u00f3n de descarga de bolsas o un sistema de descarga de bolsas a granel. El transportador de vac\u00edo se monta directamente sobre una unidad de distribuidora y se conecta a un filtro tipo calcet\u00edn flexible a prueba de polvo. La unidad distribuidora utiliza una celda de carga o sensores de nivel para desarrollar una condici\u00f3n de nivel alto \/ bajo dentro del dispensador. Cuando se requiere producto, la bomba de vac\u00edo neum\u00e1tica extraer\u00e1 el producto del sistema de alimentaci\u00f3n a un recipiente receptor. Cuando se ha transferido suficiente producto, el vac\u00edo se detiene y se abre una puerta para vaciar el receptor en la unidad distribuidora. Este proceso se repite para mantener un llenado \u00f3ptimo en la unidad dispensadora.<\/p>\n","protected":false},"excerpt":{"rendered":"Dise\u00f1ado para transferir productos de manera segura y eficiente desde una estaci\u00f3n de descarga de bolsas o un sistema de descarga de bolsas a granel. El transportador de vac\u00edo se monta directamente sobre una unidad de distribuidora y se conecta a un filtro tipo calcet\u00edn flexible a prueba de polvo. La unidad distribuidora utiliza una&#8230; ","protected":false},"featured_media":5420,"template":"","meta":{"_acf_changed":false},"product_brand":[],"product_cat":[193,169],"product_tag":[],"class_list":{"0":"post-3350","1":"product","2":"type-product","3":"status-publish","4":"has-post-thumbnail","6":"product_cat-hygienic-automation-es","7":"product_cat-vacuum-delivery-system-es","9":"first","10":"instock","11":"shipping-taxable","12":"product-type-simple"},"acf":[],"yoast_head":"<!-- This site is optimized with the Yoast SEO plugin v27.2 - https:\/\/yoast.com\/product\/yoast-seo-wordpress\/ -->\n<title>Transferencia por vac\u00edo - Marchant Schmidt<\/title>\n<meta name=\"robots\" content=\"index, follow, max-snippet:-1, max-image-preview:large, max-video-preview:-1\" \/>\n<link rel=\"canonical\" href=\"https:\/\/www.marchantschmidt.com\/es\/product\/hygienic-automation-es\/vacuum-delivery-system-es\/vacuum-transfer\/\" \/>\n<meta property=\"og:locale\" content=\"es_MX\" \/>\n<meta property=\"og:type\" content=\"article\" \/>\n<meta property=\"og:title\" content=\"Transferencia por vac\u00edo - Marchant Schmidt\" \/>\n<meta property=\"og:description\" content=\"Dise\u00f1ado para transferir productos de manera segura y eficiente desde una estaci\u00f3n de descarga de bolsas o un sistema de descarga de bolsas a granel. El transportador de vac\u00edo se monta directamente sobre una unidad de distribuidora y se conecta a un filtro tipo calcet\u00edn flexible a prueba de polvo. La unidad distribuidora utiliza una...\" \/>\n<meta property=\"og:url\" content=\"https:\/\/www.marchantschmidt.com\/es\/product\/hygienic-automation-es\/vacuum-delivery-system-es\/vacuum-transfer\/\" \/>\n<meta property=\"og:site_name\" content=\"Marchant Schmidt\" \/>\n<meta property=\"article:modified_time\" content=\"2021-02-03T16:14:07+00:00\" \/>\n<meta property=\"og:image\" content=\"https:\/\/www.marchantschmidt.com\/wp-content\/uploads\/2021\/02\/VACUUM-TRANSFER-20210420.jpg\" \/>\n\t<meta property=\"og:image:width\" content=\"600\" \/>\n\t<meta property=\"og:image:height\" content=\"581\" \/>\n\t<meta property=\"og:image:type\" content=\"image\/jpeg\" \/>\n<meta name=\"twitter:card\" content=\"summary_large_image\" \/>\n<meta name=\"twitter:label1\" content=\"Tiempo de lectura\" \/>\n\t<meta name=\"twitter:data1\" content=\"1 minuto\" \/>\n<!-- \/ Yoast SEO plugin. -->","yoast_head_json":{"title":"Transferencia por vac\u00edo - Marchant Schmidt","robots":{"index":"index","follow":"follow","max-snippet":"max-snippet:-1","max-image-preview":"max-image-preview:large","max-video-preview":"max-video-preview:-1"},"canonical":"https:\/\/www.marchantschmidt.com\/es\/product\/hygienic-automation-es\/vacuum-delivery-system-es\/vacuum-transfer\/","og_locale":"es_MX","og_type":"article","og_title":"Transferencia por vac\u00edo - Marchant Schmidt","og_description":"Dise\u00f1ado para transferir productos de manera segura y eficiente desde una estaci\u00f3n de descarga de bolsas o un sistema de descarga de bolsas a granel. El transportador de vac\u00edo se monta directamente sobre una unidad de distribuidora y se conecta a un filtro tipo calcet\u00edn flexible a prueba de polvo. La unidad distribuidora utiliza una...","og_url":"https:\/\/www.marchantschmidt.com\/es\/product\/hygienic-automation-es\/vacuum-delivery-system-es\/vacuum-transfer\/","og_site_name":"Marchant Schmidt","article_modified_time":"2021-02-03T16:14:07+00:00","og_image":[{"width":600,"height":581,"url":"https:\/\/www.marchantschmidt.com\/wp-content\/uploads\/2021\/02\/VACUUM-TRANSFER-20210420.jpg","type":"image\/jpeg"}],"twitter_card":"summary_large_image","twitter_misc":{"Tiempo de lectura":"1 minuto"},"schema":{"@context":"https:\/\/schema.org","@graph":[{"@type":"WebPage","@id":"https:\/\/www.marchantschmidt.com\/es\/product\/hygienic-automation-es\/vacuum-delivery-system-es\/vacuum-transfer\/","url":"https:\/\/www.marchantschmidt.com\/es\/product\/hygienic-automation-es\/vacuum-delivery-system-es\/vacuum-transfer\/","name":"Transferencia por vac\u00edo - Marchant Schmidt","isPartOf":{"@id":"https:\/\/www.marchantschmidt.com\/#website"},"primaryImageOfPage":{"@id":"https:\/\/www.marchantschmidt.com\/es\/product\/hygienic-automation-es\/vacuum-delivery-system-es\/vacuum-transfer\/#primaryimage"},"image":{"@id":"https:\/\/www.marchantschmidt.com\/es\/product\/hygienic-automation-es\/vacuum-delivery-system-es\/vacuum-transfer\/#primaryimage"},"thumbnailUrl":"https:\/\/www.marchantschmidt.com\/wp-content\/uploads\/2021\/02\/VACUUM-TRANSFER-20210420.jpg","datePublished":"2020-10-05T19:59:03+00:00","dateModified":"2021-02-03T16:14:07+00:00","breadcrumb":{"@id":"https:\/\/www.marchantschmidt.com\/es\/product\/hygienic-automation-es\/vacuum-delivery-system-es\/vacuum-transfer\/#breadcrumb"},"inLanguage":"es","potentialAction":[{"@type":"ReadAction","target":["https:\/\/www.marchantschmidt.com\/es\/product\/hygienic-automation-es\/vacuum-delivery-system-es\/vacuum-transfer\/"]}]},{"@type":"ImageObject","inLanguage":"es","@id":"https:\/\/www.marchantschmidt.com\/es\/product\/hygienic-automation-es\/vacuum-delivery-system-es\/vacuum-transfer\/#primaryimage","url":"https:\/\/www.marchantschmidt.com\/wp-content\/uploads\/2021\/02\/VACUUM-TRANSFER-20210420.jpg","contentUrl":"https:\/\/www.marchantschmidt.com\/wp-content\/uploads\/2021\/02\/VACUUM-TRANSFER-20210420.jpg","width":600,"height":581,"caption":"vacuum transfer system for powder"},{"@type":"BreadcrumbList","@id":"https:\/\/www.marchantschmidt.com\/es\/product\/hygienic-automation-es\/vacuum-delivery-system-es\/vacuum-transfer\/#breadcrumb","itemListElement":[{"@type":"ListItem","position":1,"name":"Home","item":"https:\/\/www.marchantschmidt.com\/es\/"},{"@type":"ListItem","position":2,"name":"Shop","item":"https:\/\/www.marchantschmidt.com\/?page_id=2232"},{"@type":"ListItem","position":3,"name":"Transferencia por vac\u00edo"}]},{"@type":"WebSite","@id":"https:\/\/www.marchantschmidt.com\/#website","url":"https:\/\/www.marchantschmidt.com\/","name":"Marchant Schmidt","description":"","publisher":{"@id":"https:\/\/www.marchantschmidt.com\/#organization"},"potentialAction":[{"@type":"SearchAction","target":{"@type":"EntryPoint","urlTemplate":"https:\/\/www.marchantschmidt.com\/?s={search_term_string}"},"query-input":{"@type":"PropertyValueSpecification","valueRequired":true,"valueName":"search_term_string"}}],"inLanguage":"es"},{"@type":"Organization","@id":"https:\/\/www.marchantschmidt.com\/#organization","name":"Marchant Schmidt, Inc.","url":"https:\/\/www.marchantschmidt.com\/","logo":{"@type":"ImageObject","inLanguage":"es","@id":"https:\/\/www.marchantschmidt.com\/#\/schema\/logo\/image\/","url":"https:\/\/www.marchantschmidt.com\/wp-content\/uploads\/2019\/08\/Marchant-Schmidt-Logo-Revised.png","contentUrl":"https:\/\/www.marchantschmidt.com\/wp-content\/uploads\/2019\/08\/Marchant-Schmidt-Logo-Revised.png","width":701,"height":117,"caption":"Marchant Schmidt, Inc."},"image":{"@id":"https:\/\/www.marchantschmidt.com\/#\/schema\/logo\/image\/"}}]}},"_links":{"self":[{"href":"https:\/\/www.marchantschmidt.com\/es\/wp-json\/wp\/v2\/product\/3350","targetHints":{"allow":["GET"]}}],"collection":[{"href":"https:\/\/www.marchantschmidt.com\/es\/wp-json\/wp\/v2\/product"}],"about":[{"href":"https:\/\/www.marchantschmidt.com\/es\/wp-json\/wp\/v2\/types\/product"}],"wp:featuredmedia":[{"embeddable":true,"href":"https:\/\/www.marchantschmidt.com\/es\/wp-json\/wp\/v2\/media\/5420"}],"wp:attachment":[{"href":"https:\/\/www.marchantschmidt.com\/es\/wp-json\/wp\/v2\/media?parent=3350"}],"wp:term":[{"taxonomy":"product_brand","embeddable":true,"href":"https:\/\/www.marchantschmidt.com\/es\/wp-json\/wp\/v2\/product_brand?post=3350"},{"taxonomy":"product_cat","embeddable":true,"href":"https:\/\/www.marchantschmidt.com\/es\/wp-json\/wp\/v2\/product_cat?post=3350"},{"taxonomy":"product_tag","embeddable":true,"href":"https:\/\/www.marchantschmidt.com\/es\/wp-json\/wp\/v2\/product_tag?post=3350"}],"curies":[{"name":"wp","href":"https:\/\/api.w.org\/{rel}","templated":true}]}}