{"id":3356,"date":"2020-10-05T19:59:00","date_gmt":"2020-10-05T19:59:00","guid":{"rendered":"https:\/\/www.marchantschmidt.com\/product\/sin%20categor\u00eda\/scale-access-platforms\/"},"modified":"2021-02-03T16:16:29","modified_gmt":"2021-02-03T16:16:29","slug":"scale-access-platforms","status":"publish","type":"product","link":"https:\/\/www.marchantschmidt.com\/es\/product\/hygienic-automation-es\/platforms-es\/scale-access-platforms\/","title":{"rendered":"Plataformas Para Multicacezales"},"content":{"rendered":"<p>Una plataforma en acero inoxidable proporciona un acceso seguro a la b\u00e1scula del Multi cabezal para su mantenimiento y limpieza. Construido con tubo cuadrado montado en \u00e1ngulo para drenaje. La plataforma de placa de diamante y los pelda\u00f1os de escalera OptiGrip garantizan una base segura. La superficie de la plataforma est\u00e1 inclinada para auto drenaje. Un zoclo en el per\u00edmetro evita la contaminaci\u00f3n de abajo. Un Sistema de pasamanos continuo fabricado con tuber\u00eda sanitaria.<\/p>\n","protected":false},"excerpt":{"rendered":"Una plataforma en acero inoxidable proporciona un acceso seguro a la b\u00e1scula del Multi cabezal para su mantenimiento y limpieza. Construido con tubo cuadrado montado en \u00e1ngulo para drenaje. La plataforma de placa de diamante y los pelda\u00f1os de escalera OptiGrip garantizan una base segura. La superficie de la plataforma est\u00e1 inclinada para auto drenaje&#8230;. ","protected":false},"featured_media":2927,"template":"","meta":{"_acf_changed":false},"product_brand":[],"product_cat":[193,172],"product_tag":[],"class_list":{"0":"post-3356","1":"product","2":"type-product","3":"status-publish","4":"has-post-thumbnail","6":"product_cat-hygienic-automation-es","7":"product_cat-platforms-es","9":"first","10":"instock","11":"shipping-taxable","12":"product-type-simple"},"acf":[],"yoast_head":"<!-- This site is optimized with the Yoast SEO plugin v27.2 - https:\/\/yoast.com\/product\/yoast-seo-wordpress\/ -->\n<title>Plataformas Para Multicacezales - Marchant Schmidt<\/title>\n<meta name=\"robots\" content=\"index, follow, max-snippet:-1, max-image-preview:large, max-video-preview:-1\" \/>\n<link rel=\"canonical\" href=\"https:\/\/www.marchantschmidt.com\/es\/product\/hygienic-automation-es\/platforms-es\/scale-access-platforms\/\" \/>\n<meta property=\"og:locale\" content=\"es_MX\" \/>\n<meta property=\"og:type\" content=\"article\" \/>\n<meta property=\"og:title\" content=\"Plataformas Para Multicacezales - Marchant Schmidt\" \/>\n<meta property=\"og:description\" content=\"Una plataforma en acero inoxidable proporciona un acceso seguro a la b\u00e1scula del Multi cabezal para su mantenimiento y limpieza. Construido con tubo cuadrado montado en \u00e1ngulo para drenaje. La plataforma de placa de diamante y los pelda\u00f1os de escalera OptiGrip garantizan una base segura. La superficie de la plataforma est\u00e1 inclinada para auto drenaje....\" \/>\n<meta property=\"og:url\" content=\"https:\/\/www.marchantschmidt.com\/es\/product\/hygienic-automation-es\/platforms-es\/scale-access-platforms\/\" \/>\n<meta property=\"og:site_name\" content=\"Marchant Schmidt\" \/>\n<meta property=\"article:modified_time\" content=\"2021-02-03T16:16:29+00:00\" \/>\n<meta property=\"og:image\" content=\"https:\/\/www.marchantschmidt.com\/wp-content\/uploads\/2019\/09\/platformsinglescaledetail1.jpg\" \/>\n\t<meta property=\"og:image:width\" content=\"600\" \/>\n\t<meta property=\"og:image:height\" content=\"600\" \/>\n\t<meta property=\"og:image:type\" content=\"image\/jpeg\" \/>\n<meta name=\"twitter:card\" content=\"summary_large_image\" \/>\n<!-- \/ Yoast SEO plugin. -->","yoast_head_json":{"title":"Plataformas Para Multicacezales - Marchant Schmidt","robots":{"index":"index","follow":"follow","max-snippet":"max-snippet:-1","max-image-preview":"max-image-preview:large","max-video-preview":"max-video-preview:-1"},"canonical":"https:\/\/www.marchantschmidt.com\/es\/product\/hygienic-automation-es\/platforms-es\/scale-access-platforms\/","og_locale":"es_MX","og_type":"article","og_title":"Plataformas Para Multicacezales - Marchant Schmidt","og_description":"Una plataforma en acero inoxidable proporciona un acceso seguro a la b\u00e1scula del Multi cabezal para su mantenimiento y limpieza. Construido con tubo cuadrado montado en \u00e1ngulo para drenaje. La plataforma de placa de diamante y los pelda\u00f1os de escalera OptiGrip garantizan una base segura. La superficie de la plataforma est\u00e1 inclinada para auto drenaje....","og_url":"https:\/\/www.marchantschmidt.com\/es\/product\/hygienic-automation-es\/platforms-es\/scale-access-platforms\/","og_site_name":"Marchant Schmidt","article_modified_time":"2021-02-03T16:16:29+00:00","og_image":[{"width":600,"height":600,"url":"https:\/\/www.marchantschmidt.com\/wp-content\/uploads\/2019\/09\/platformsinglescaledetail1.jpg","type":"image\/jpeg"}],"twitter_card":"summary_large_image","schema":{"@context":"https:\/\/schema.org","@graph":[{"@type":"WebPage","@id":"https:\/\/www.marchantschmidt.com\/es\/product\/hygienic-automation-es\/platforms-es\/scale-access-platforms\/","url":"https:\/\/www.marchantschmidt.com\/es\/product\/hygienic-automation-es\/platforms-es\/scale-access-platforms\/","name":"Plataformas Para Multicacezales - Marchant Schmidt","isPartOf":{"@id":"https:\/\/www.marchantschmidt.com\/#website"},"primaryImageOfPage":{"@id":"https:\/\/www.marchantschmidt.com\/es\/product\/hygienic-automation-es\/platforms-es\/scale-access-platforms\/#primaryimage"},"image":{"@id":"https:\/\/www.marchantschmidt.com\/es\/product\/hygienic-automation-es\/platforms-es\/scale-access-platforms\/#primaryimage"},"thumbnailUrl":"https:\/\/www.marchantschmidt.com\/wp-content\/uploads\/2019\/09\/platformsinglescaledetail1.jpg","datePublished":"2020-10-05T19:59:00+00:00","dateModified":"2021-02-03T16:16:29+00:00","breadcrumb":{"@id":"https:\/\/www.marchantschmidt.com\/es\/product\/hygienic-automation-es\/platforms-es\/scale-access-platforms\/#breadcrumb"},"inLanguage":"es","potentialAction":[{"@type":"ReadAction","target":["https:\/\/www.marchantschmidt.com\/es\/product\/hygienic-automation-es\/platforms-es\/scale-access-platforms\/"]}]},{"@type":"ImageObject","inLanguage":"es","@id":"https:\/\/www.marchantschmidt.com\/es\/product\/hygienic-automation-es\/platforms-es\/scale-access-platforms\/#primaryimage","url":"https:\/\/www.marchantschmidt.com\/wp-content\/uploads\/2019\/09\/platformsinglescaledetail1.jpg","contentUrl":"https:\/\/www.marchantschmidt.com\/wp-content\/uploads\/2019\/09\/platformsinglescaledetail1.jpg","width":600,"height":600,"caption":"single scale food manufacturing work platforms"},{"@type":"BreadcrumbList","@id":"https:\/\/www.marchantschmidt.com\/es\/product\/hygienic-automation-es\/platforms-es\/scale-access-platforms\/#breadcrumb","itemListElement":[{"@type":"ListItem","position":1,"name":"Home","item":"https:\/\/www.marchantschmidt.com\/es\/"},{"@type":"ListItem","position":2,"name":"Shop","item":"https:\/\/www.marchantschmidt.com\/?page_id=2232"},{"@type":"ListItem","position":3,"name":"Plataformas Para Multicacezales"}]},{"@type":"WebSite","@id":"https:\/\/www.marchantschmidt.com\/#website","url":"https:\/\/www.marchantschmidt.com\/","name":"Marchant Schmidt","description":"","publisher":{"@id":"https:\/\/www.marchantschmidt.com\/#organization"},"potentialAction":[{"@type":"SearchAction","target":{"@type":"EntryPoint","urlTemplate":"https:\/\/www.marchantschmidt.com\/?s={search_term_string}"},"query-input":{"@type":"PropertyValueSpecification","valueRequired":true,"valueName":"search_term_string"}}],"inLanguage":"es"},{"@type":"Organization","@id":"https:\/\/www.marchantschmidt.com\/#organization","name":"Marchant Schmidt, Inc.","url":"https:\/\/www.marchantschmidt.com\/","logo":{"@type":"ImageObject","inLanguage":"es","@id":"https:\/\/www.marchantschmidt.com\/#\/schema\/logo\/image\/","url":"https:\/\/www.marchantschmidt.com\/wp-content\/uploads\/2019\/08\/Marchant-Schmidt-Logo-Revised.png","contentUrl":"https:\/\/www.marchantschmidt.com\/wp-content\/uploads\/2019\/08\/Marchant-Schmidt-Logo-Revised.png","width":701,"height":117,"caption":"Marchant Schmidt, Inc."},"image":{"@id":"https:\/\/www.marchantschmidt.com\/#\/schema\/logo\/image\/"}}]}},"_links":{"self":[{"href":"https:\/\/www.marchantschmidt.com\/es\/wp-json\/wp\/v2\/product\/3356","targetHints":{"allow":["GET"]}}],"collection":[{"href":"https:\/\/www.marchantschmidt.com\/es\/wp-json\/wp\/v2\/product"}],"about":[{"href":"https:\/\/www.marchantschmidt.com\/es\/wp-json\/wp\/v2\/types\/product"}],"wp:featuredmedia":[{"embeddable":true,"href":"https:\/\/www.marchantschmidt.com\/es\/wp-json\/wp\/v2\/media\/2927"}],"wp:attachment":[{"href":"https:\/\/www.marchantschmidt.com\/es\/wp-json\/wp\/v2\/media?parent=3356"}],"wp:term":[{"taxonomy":"product_brand","embeddable":true,"href":"https:\/\/www.marchantschmidt.com\/es\/wp-json\/wp\/v2\/product_brand?post=3356"},{"taxonomy":"product_cat","embeddable":true,"href":"https:\/\/www.marchantschmidt.com\/es\/wp-json\/wp\/v2\/product_cat?post=3356"},{"taxonomy":"product_tag","embeddable":true,"href":"https:\/\/www.marchantschmidt.com\/es\/wp-json\/wp\/v2\/product_tag?post=3356"}],"curies":[{"name":"wp","href":"https:\/\/api.w.org\/{rel}","templated":true}]}}