{"id":3361,"date":"2020-10-05T19:58:57","date_gmt":"2020-10-05T19:58:57","guid":{"rendered":"https:\/\/www.marchantschmidt.com\/product\/sin%20categor\u00eda\/converging-diverging\/"},"modified":"2021-02-08T16:48:35","modified_gmt":"2021-02-08T16:48:35","slug":"converging-diverging","status":"publish","type":"product","link":"https:\/\/www.marchantschmidt.com\/es\/product\/hygienic-automation-es\/conveyors-es\/converging-diverging\/","title":{"rendered":"Transportadores Convergentes \/ Divergentes"},"content":{"rendered":"<p>Una l\u00ednea completa de sistemas de transferencia convergentes \/ divergentes de productos dise\u00f1ados exclusivamente para la industria alimenticia y l\u00e1ctea. Los transportadores convergentes \/ divergentes est\u00e1n dise\u00f1ados para cumplir con las especificaciones de la industria l\u00e1ctea evaluados por la USDA, con un marco<br \/>\nlateral abierto, el mecanismo de conmutaci\u00f3n extra\u00edble, los cojinetes con separaci\u00f3n, motores de servicio totalmente lavables y toda la construcci\u00f3n en acero inoxidable. Los transportadores de productos tambi\u00e9n est\u00e1n dise\u00f1ados con pl\u00e1stico apto para uso alimenticio. Marchant Schmidt ofrece muchas configuraciones de dise\u00f1o diferentes para juntar o esparcir productos alimenticios seg\u00fan sea su aplicaci\u00f3n particular.<\/p>\n","protected":false},"excerpt":{"rendered":"Una l\u00ednea completa de sistemas de transferencia convergentes \/ divergentes de productos dise\u00f1ados exclusivamente para la industria alimenticia y l\u00e1ctea. Los transportadores convergentes \/ divergentes est\u00e1n dise\u00f1ados para cumplir con las especificaciones de la industria l\u00e1ctea evaluados por la USDA, con un marco lateral abierto, el mecanismo de conmutaci\u00f3n extra\u00edble, los cojinetes con separaci\u00f3n, motores&#8230; ","protected":false},"featured_media":4015,"template":"","meta":{"_acf_changed":false},"product_brand":[],"product_cat":[173,193],"product_tag":[],"class_list":{"0":"post-3361","1":"product","2":"type-product","3":"status-publish","4":"has-post-thumbnail","6":"product_cat-conveyors-es","7":"product_cat-hygienic-automation-es","9":"first","10":"instock","11":"shipping-taxable","12":"product-type-simple"},"acf":[],"yoast_head":"<!-- This site is optimized with the Yoast SEO plugin v27.2 - https:\/\/yoast.com\/product\/yoast-seo-wordpress\/ -->\n<title>Transportadores Convergentes \/ Divergentes - Marchant Schmidt<\/title>\n<meta name=\"robots\" content=\"index, follow, max-snippet:-1, max-image-preview:large, max-video-preview:-1\" \/>\n<link rel=\"canonical\" href=\"https:\/\/www.marchantschmidt.com\/es\/product\/hygienic-automation-es\/conveyors-es\/converging-diverging\/\" \/>\n<meta property=\"og:locale\" content=\"es_MX\" \/>\n<meta property=\"og:type\" content=\"article\" \/>\n<meta property=\"og:title\" content=\"Transportadores Convergentes \/ Divergentes - Marchant Schmidt\" \/>\n<meta property=\"og:description\" content=\"Una l\u00ednea completa de sistemas de transferencia convergentes \/ divergentes de productos dise\u00f1ados exclusivamente para la industria alimenticia y l\u00e1ctea. Los transportadores convergentes \/ divergentes est\u00e1n dise\u00f1ados para cumplir con las especificaciones de la industria l\u00e1ctea evaluados por la USDA, con un marco lateral abierto, el mecanismo de conmutaci\u00f3n extra\u00edble, los cojinetes con separaci\u00f3n, motores...\" \/>\n<meta property=\"og:url\" content=\"https:\/\/www.marchantschmidt.com\/es\/product\/hygienic-automation-es\/conveyors-es\/converging-diverging\/\" \/>\n<meta property=\"og:site_name\" content=\"Marchant Schmidt\" \/>\n<meta property=\"article:modified_time\" content=\"2021-02-08T16:48:35+00:00\" \/>\n<meta property=\"og:image\" content=\"https:\/\/www.marchantschmidt.com\/wp-content\/uploads\/2020\/12\/SPECIALTY-CONVEYORS_CONVEYORS-e1611156543165.jpg\" \/>\n\t<meta property=\"og:image:width\" content=\"2312\" \/>\n\t<meta property=\"og:image:height\" content=\"1654\" \/>\n\t<meta property=\"og:image:type\" content=\"image\/jpeg\" \/>\n<meta name=\"twitter:card\" content=\"summary_large_image\" \/>\n<meta name=\"twitter:label1\" content=\"Tiempo de lectura\" \/>\n\t<meta name=\"twitter:data1\" content=\"1 minuto\" \/>\n<!-- \/ Yoast SEO plugin. -->","yoast_head_json":{"title":"Transportadores Convergentes \/ Divergentes - Marchant Schmidt","robots":{"index":"index","follow":"follow","max-snippet":"max-snippet:-1","max-image-preview":"max-image-preview:large","max-video-preview":"max-video-preview:-1"},"canonical":"https:\/\/www.marchantschmidt.com\/es\/product\/hygienic-automation-es\/conveyors-es\/converging-diverging\/","og_locale":"es_MX","og_type":"article","og_title":"Transportadores Convergentes \/ Divergentes - Marchant Schmidt","og_description":"Una l\u00ednea completa de sistemas de transferencia convergentes \/ divergentes de productos dise\u00f1ados exclusivamente para la industria alimenticia y l\u00e1ctea. Los transportadores convergentes \/ divergentes est\u00e1n dise\u00f1ados para cumplir con las especificaciones de la industria l\u00e1ctea evaluados por la USDA, con un marco lateral abierto, el mecanismo de conmutaci\u00f3n extra\u00edble, los cojinetes con separaci\u00f3n, motores...","og_url":"https:\/\/www.marchantschmidt.com\/es\/product\/hygienic-automation-es\/conveyors-es\/converging-diverging\/","og_site_name":"Marchant Schmidt","article_modified_time":"2021-02-08T16:48:35+00:00","og_image":[{"width":2312,"height":1654,"url":"https:\/\/www.marchantschmidt.com\/wp-content\/uploads\/2020\/12\/SPECIALTY-CONVEYORS_CONVEYORS-e1611156543165.jpg","type":"image\/jpeg"}],"twitter_card":"summary_large_image","twitter_misc":{"Tiempo de lectura":"1 minuto"},"schema":{"@context":"https:\/\/schema.org","@graph":[{"@type":"WebPage","@id":"https:\/\/www.marchantschmidt.com\/es\/product\/hygienic-automation-es\/conveyors-es\/converging-diverging\/","url":"https:\/\/www.marchantschmidt.com\/es\/product\/hygienic-automation-es\/conveyors-es\/converging-diverging\/","name":"Transportadores Convergentes \/ Divergentes - Marchant Schmidt","isPartOf":{"@id":"https:\/\/www.marchantschmidt.com\/#website"},"primaryImageOfPage":{"@id":"https:\/\/www.marchantschmidt.com\/es\/product\/hygienic-automation-es\/conveyors-es\/converging-diverging\/#primaryimage"},"image":{"@id":"https:\/\/www.marchantschmidt.com\/es\/product\/hygienic-automation-es\/conveyors-es\/converging-diverging\/#primaryimage"},"thumbnailUrl":"https:\/\/www.marchantschmidt.com\/wp-content\/uploads\/2020\/12\/SPECIALTY-CONVEYORS_CONVEYORS-e1611156543165.jpg","datePublished":"2020-10-05T19:58:57+00:00","dateModified":"2021-02-08T16:48:35+00:00","breadcrumb":{"@id":"https:\/\/www.marchantschmidt.com\/es\/product\/hygienic-automation-es\/conveyors-es\/converging-diverging\/#breadcrumb"},"inLanguage":"es","potentialAction":[{"@type":"ReadAction","target":["https:\/\/www.marchantschmidt.com\/es\/product\/hygienic-automation-es\/conveyors-es\/converging-diverging\/"]}]},{"@type":"ImageObject","inLanguage":"es","@id":"https:\/\/www.marchantschmidt.com\/es\/product\/hygienic-automation-es\/conveyors-es\/converging-diverging\/#primaryimage","url":"https:\/\/www.marchantschmidt.com\/wp-content\/uploads\/2020\/12\/SPECIALTY-CONVEYORS_CONVEYORS-e1611156543165.jpg","contentUrl":"https:\/\/www.marchantschmidt.com\/wp-content\/uploads\/2020\/12\/SPECIALTY-CONVEYORS_CONVEYORS-e1611156543165.jpg","width":2312,"height":1654,"caption":"SONY DSC"},{"@type":"BreadcrumbList","@id":"https:\/\/www.marchantschmidt.com\/es\/product\/hygienic-automation-es\/conveyors-es\/converging-diverging\/#breadcrumb","itemListElement":[{"@type":"ListItem","position":1,"name":"Home","item":"https:\/\/www.marchantschmidt.com\/es\/"},{"@type":"ListItem","position":2,"name":"Shop","item":"https:\/\/www.marchantschmidt.com\/?page_id=2232"},{"@type":"ListItem","position":3,"name":"Transportadores Convergentes \/ Divergentes"}]},{"@type":"WebSite","@id":"https:\/\/www.marchantschmidt.com\/#website","url":"https:\/\/www.marchantschmidt.com\/","name":"Marchant Schmidt","description":"","publisher":{"@id":"https:\/\/www.marchantschmidt.com\/#organization"},"potentialAction":[{"@type":"SearchAction","target":{"@type":"EntryPoint","urlTemplate":"https:\/\/www.marchantschmidt.com\/?s={search_term_string}"},"query-input":{"@type":"PropertyValueSpecification","valueRequired":true,"valueName":"search_term_string"}}],"inLanguage":"es"},{"@type":"Organization","@id":"https:\/\/www.marchantschmidt.com\/#organization","name":"Marchant Schmidt, Inc.","url":"https:\/\/www.marchantschmidt.com\/","logo":{"@type":"ImageObject","inLanguage":"es","@id":"https:\/\/www.marchantschmidt.com\/#\/schema\/logo\/image\/","url":"https:\/\/www.marchantschmidt.com\/wp-content\/uploads\/2019\/08\/Marchant-Schmidt-Logo-Revised.png","contentUrl":"https:\/\/www.marchantschmidt.com\/wp-content\/uploads\/2019\/08\/Marchant-Schmidt-Logo-Revised.png","width":701,"height":117,"caption":"Marchant Schmidt, Inc."},"image":{"@id":"https:\/\/www.marchantschmidt.com\/#\/schema\/logo\/image\/"}}]}},"_links":{"self":[{"href":"https:\/\/www.marchantschmidt.com\/es\/wp-json\/wp\/v2\/product\/3361","targetHints":{"allow":["GET"]}}],"collection":[{"href":"https:\/\/www.marchantschmidt.com\/es\/wp-json\/wp\/v2\/product"}],"about":[{"href":"https:\/\/www.marchantschmidt.com\/es\/wp-json\/wp\/v2\/types\/product"}],"wp:featuredmedia":[{"embeddable":true,"href":"https:\/\/www.marchantschmidt.com\/es\/wp-json\/wp\/v2\/media\/4015"}],"wp:attachment":[{"href":"https:\/\/www.marchantschmidt.com\/es\/wp-json\/wp\/v2\/media?parent=3361"}],"wp:term":[{"taxonomy":"product_brand","embeddable":true,"href":"https:\/\/www.marchantschmidt.com\/es\/wp-json\/wp\/v2\/product_brand?post=3361"},{"taxonomy":"product_cat","embeddable":true,"href":"https:\/\/www.marchantschmidt.com\/es\/wp-json\/wp\/v2\/product_cat?post=3361"},{"taxonomy":"product_tag","embeddable":true,"href":"https:\/\/www.marchantschmidt.com\/es\/wp-json\/wp\/v2\/product_tag?post=3361"}],"curies":[{"name":"wp","href":"https:\/\/api.w.org\/{rel}","templated":true}]}}