{"id":3364,"date":"2020-10-05T19:27:00","date_gmt":"2020-10-05T19:27:00","guid":{"rendered":"https:\/\/www.marchantschmidt.com\/product\/sin%20categor\u00eda\/extruded-product-cutting\/"},"modified":"2021-02-08T17:26:48","modified_gmt":"2021-02-08T17:26:48","slug":"extruded-product-cutting","status":"publish","type":"product","link":"https:\/\/www.marchantschmidt.com\/es\/product\/specialty-food-cutting-es\/extruded-product-cutting\/","title":{"rendered":"Corte de Producto Extruido"},"content":{"rendered":"<p>La EP360 es una l\u00ednea especial de equipos apropiada para el corte de alta velocidad de productos extruidos continuos. La CP360 se cre\u00f3 originalmente para el mercado de alimentos para mascotas con especial consideraci\u00f3n por los abrasivos que se<br \/>\nencuentran a menudo en los huesos para los perros. La acumulaci\u00f3n, la manipulaci\u00f3n y un sistema de alimentaci\u00f3n especial proceso adelante son fundamentales para lograr la operaci\u00f3n de corte r\u00e1pido de m\u00faltiples porciones por segundo.<\/p>\n","protected":false},"excerpt":{"rendered":"La EP360 es una l\u00ednea especial de equipos apropiada para el corte de alta velocidad de productos extruidos continuos. La CP360 se cre\u00f3 originalmente para el mercado de alimentos para mascotas con especial consideraci\u00f3n por los abrasivos que se encuentran a menudo en los huesos para los perros. La acumulaci\u00f3n, la manipulaci\u00f3n y un sistema&#8230; ","protected":false},"featured_media":3335,"template":"","meta":{"_acf_changed":false},"product_brand":[],"product_cat":[166],"product_tag":[],"class_list":{"0":"post-3364","1":"product","2":"type-product","3":"status-publish","4":"has-post-thumbnail","6":"product_cat-specialty-food-cutting-es","8":"first","9":"instock","10":"shipping-taxable","11":"product-type-simple"},"acf":[],"yoast_head":"<!-- This site is optimized with the Yoast SEO plugin v27.2 - https:\/\/yoast.com\/product\/yoast-seo-wordpress\/ -->\n<title>Corte de Producto Extruido - Marchant Schmidt<\/title>\n<meta name=\"robots\" content=\"index, follow, max-snippet:-1, max-image-preview:large, max-video-preview:-1\" \/>\n<link rel=\"canonical\" href=\"https:\/\/www.marchantschmidt.com\/es\/product\/specialty-food-cutting-es\/extruded-product-cutting\/\" \/>\n<meta property=\"og:locale\" content=\"es_MX\" \/>\n<meta property=\"og:type\" content=\"article\" \/>\n<meta property=\"og:title\" content=\"Corte de Producto Extruido - Marchant Schmidt\" \/>\n<meta property=\"og:description\" content=\"La EP360 es una l\u00ednea especial de equipos apropiada para el corte de alta velocidad de productos extruidos continuos. La CP360 se cre\u00f3 originalmente para el mercado de alimentos para mascotas con especial consideraci\u00f3n por los abrasivos que se encuentran a menudo en los huesos para los perros. La acumulaci\u00f3n, la manipulaci\u00f3n y un sistema...\" \/>\n<meta property=\"og:url\" content=\"https:\/\/www.marchantschmidt.com\/es\/product\/specialty-food-cutting-es\/extruded-product-cutting\/\" \/>\n<meta property=\"og:site_name\" content=\"Marchant Schmidt\" \/>\n<meta property=\"article:modified_time\" content=\"2021-02-08T17:26:48+00:00\" \/>\n<meta property=\"og:image\" content=\"https:\/\/www.marchantschmidt.com\/wp-content\/uploads\/2020\/10\/EXTRUDED-PRODUCT-CUTTING_SPECIALTY-CUTTING-cropped.jpg\" \/>\n\t<meta property=\"og:image:width\" content=\"600\" \/>\n\t<meta property=\"og:image:height\" content=\"600\" \/>\n\t<meta property=\"og:image:type\" content=\"image\/jpeg\" \/>\n<meta name=\"twitter:card\" content=\"summary_large_image\" \/>\n<!-- \/ Yoast SEO plugin. -->","yoast_head_json":{"title":"Corte de Producto Extruido - Marchant Schmidt","robots":{"index":"index","follow":"follow","max-snippet":"max-snippet:-1","max-image-preview":"max-image-preview:large","max-video-preview":"max-video-preview:-1"},"canonical":"https:\/\/www.marchantschmidt.com\/es\/product\/specialty-food-cutting-es\/extruded-product-cutting\/","og_locale":"es_MX","og_type":"article","og_title":"Corte de Producto Extruido - Marchant Schmidt","og_description":"La EP360 es una l\u00ednea especial de equipos apropiada para el corte de alta velocidad de productos extruidos continuos. La CP360 se cre\u00f3 originalmente para el mercado de alimentos para mascotas con especial consideraci\u00f3n por los abrasivos que se encuentran a menudo en los huesos para los perros. La acumulaci\u00f3n, la manipulaci\u00f3n y un sistema...","og_url":"https:\/\/www.marchantschmidt.com\/es\/product\/specialty-food-cutting-es\/extruded-product-cutting\/","og_site_name":"Marchant Schmidt","article_modified_time":"2021-02-08T17:26:48+00:00","og_image":[{"width":600,"height":600,"url":"https:\/\/www.marchantschmidt.com\/wp-content\/uploads\/2020\/10\/EXTRUDED-PRODUCT-CUTTING_SPECIALTY-CUTTING-cropped.jpg","type":"image\/jpeg"}],"twitter_card":"summary_large_image","schema":{"@context":"https:\/\/schema.org","@graph":[{"@type":"WebPage","@id":"https:\/\/www.marchantschmidt.com\/es\/product\/specialty-food-cutting-es\/extruded-product-cutting\/","url":"https:\/\/www.marchantschmidt.com\/es\/product\/specialty-food-cutting-es\/extruded-product-cutting\/","name":"Corte de Producto Extruido - Marchant Schmidt","isPartOf":{"@id":"https:\/\/www.marchantschmidt.com\/#website"},"primaryImageOfPage":{"@id":"https:\/\/www.marchantschmidt.com\/es\/product\/specialty-food-cutting-es\/extruded-product-cutting\/#primaryimage"},"image":{"@id":"https:\/\/www.marchantschmidt.com\/es\/product\/specialty-food-cutting-es\/extruded-product-cutting\/#primaryimage"},"thumbnailUrl":"https:\/\/www.marchantschmidt.com\/wp-content\/uploads\/2020\/10\/EXTRUDED-PRODUCT-CUTTING_SPECIALTY-CUTTING-cropped.jpg","datePublished":"2020-10-05T19:27:00+00:00","dateModified":"2021-02-08T17:26:48+00:00","breadcrumb":{"@id":"https:\/\/www.marchantschmidt.com\/es\/product\/specialty-food-cutting-es\/extruded-product-cutting\/#breadcrumb"},"inLanguage":"es","potentialAction":[{"@type":"ReadAction","target":["https:\/\/www.marchantschmidt.com\/es\/product\/specialty-food-cutting-es\/extruded-product-cutting\/"]}]},{"@type":"ImageObject","inLanguage":"es","@id":"https:\/\/www.marchantschmidt.com\/es\/product\/specialty-food-cutting-es\/extruded-product-cutting\/#primaryimage","url":"https:\/\/www.marchantschmidt.com\/wp-content\/uploads\/2020\/10\/EXTRUDED-PRODUCT-CUTTING_SPECIALTY-CUTTING-cropped.jpg","contentUrl":"https:\/\/www.marchantschmidt.com\/wp-content\/uploads\/2020\/10\/EXTRUDED-PRODUCT-CUTTING_SPECIALTY-CUTTING-cropped.jpg","width":600,"height":600,"caption":"extruded product specialty food cutting equipment"},{"@type":"BreadcrumbList","@id":"https:\/\/www.marchantschmidt.com\/es\/product\/specialty-food-cutting-es\/extruded-product-cutting\/#breadcrumb","itemListElement":[{"@type":"ListItem","position":1,"name":"Home","item":"https:\/\/www.marchantschmidt.com\/es\/"},{"@type":"ListItem","position":2,"name":"Shop","item":"https:\/\/www.marchantschmidt.com\/?page_id=2232"},{"@type":"ListItem","position":3,"name":"Corte de Producto Extruido"}]},{"@type":"WebSite","@id":"https:\/\/www.marchantschmidt.com\/#website","url":"https:\/\/www.marchantschmidt.com\/","name":"Marchant Schmidt","description":"","publisher":{"@id":"https:\/\/www.marchantschmidt.com\/#organization"},"potentialAction":[{"@type":"SearchAction","target":{"@type":"EntryPoint","urlTemplate":"https:\/\/www.marchantschmidt.com\/?s={search_term_string}"},"query-input":{"@type":"PropertyValueSpecification","valueRequired":true,"valueName":"search_term_string"}}],"inLanguage":"es"},{"@type":"Organization","@id":"https:\/\/www.marchantschmidt.com\/#organization","name":"Marchant Schmidt, Inc.","url":"https:\/\/www.marchantschmidt.com\/","logo":{"@type":"ImageObject","inLanguage":"es","@id":"https:\/\/www.marchantschmidt.com\/#\/schema\/logo\/image\/","url":"https:\/\/www.marchantschmidt.com\/wp-content\/uploads\/2019\/08\/Marchant-Schmidt-Logo-Revised.png","contentUrl":"https:\/\/www.marchantschmidt.com\/wp-content\/uploads\/2019\/08\/Marchant-Schmidt-Logo-Revised.png","width":701,"height":117,"caption":"Marchant Schmidt, Inc."},"image":{"@id":"https:\/\/www.marchantschmidt.com\/#\/schema\/logo\/image\/"}}]}},"_links":{"self":[{"href":"https:\/\/www.marchantschmidt.com\/es\/wp-json\/wp\/v2\/product\/3364","targetHints":{"allow":["GET"]}}],"collection":[{"href":"https:\/\/www.marchantschmidt.com\/es\/wp-json\/wp\/v2\/product"}],"about":[{"href":"https:\/\/www.marchantschmidt.com\/es\/wp-json\/wp\/v2\/types\/product"}],"wp:featuredmedia":[{"embeddable":true,"href":"https:\/\/www.marchantschmidt.com\/es\/wp-json\/wp\/v2\/media\/3335"}],"wp:attachment":[{"href":"https:\/\/www.marchantschmidt.com\/es\/wp-json\/wp\/v2\/media?parent=3364"}],"wp:term":[{"taxonomy":"product_brand","embeddable":true,"href":"https:\/\/www.marchantschmidt.com\/es\/wp-json\/wp\/v2\/product_brand?post=3364"},{"taxonomy":"product_cat","embeddable":true,"href":"https:\/\/www.marchantschmidt.com\/es\/wp-json\/wp\/v2\/product_cat?post=3364"},{"taxonomy":"product_tag","embeddable":true,"href":"https:\/\/www.marchantschmidt.com\/es\/wp-json\/wp\/v2\/product_tag?post=3364"}],"curies":[{"name":"wp","href":"https:\/\/api.w.org\/{rel}","templated":true}]}}