{"id":3365,"date":"2020-10-05T19:26:35","date_gmt":"2020-10-05T19:26:35","guid":{"rendered":"https:\/\/www.marchantschmidt.com\/product\/sin%20categor\u00eda\/high-volume-gang-cutting\/"},"modified":"2021-02-08T17:35:17","modified_gmt":"2021-02-08T17:35:17","slug":"high-volume-gang-cutting","status":"publish","type":"product","link":"https:\/\/www.marchantschmidt.com\/es\/product\/specialty-food-cutting-es\/high-volume-gang-cutting\/","title":{"rendered":"Corte de Rebanas de Pastel de Alto Volumen"},"content":{"rendered":"<p>El GC12 es un sistema de corte especial que produce un volumen excepcionalmente alto de rebanadas de pastel. Con tecnolog\u00eda ultras\u00f3nica, nuestro sistema corta limpiamente el glaseado, las nueces, el chocolate y el caramelo sin que se acumule en<br \/>\nla hoja. Aprovechamos la automatizaci\u00f3n avanzada de procesos y la puesta en marcha del producto para lograr tasas de producci\u00f3n muy altas. Las opciones de descarga incluyen presentaci\u00f3n continua de tablillas, planchas individuales y juegos de tablillas. Un transportador de separaci\u00f3n opcional asegura que la automatizaci\u00f3n de procesos flujo adelante continuo de productos maximiza la producci\u00f3n.<\/p>\n","protected":false},"excerpt":{"rendered":"El GC12 es un sistema de corte especial que produce un volumen excepcionalmente alto de rebanadas de pastel. Con tecnolog\u00eda ultras\u00f3nica, nuestro sistema corta limpiamente el glaseado, las nueces, el chocolate y el caramelo sin que se acumule en la hoja. Aprovechamos la automatizaci\u00f3n avanzada de procesos y la puesta en marcha del producto para&#8230; ","protected":false},"featured_media":3332,"template":"","meta":{"_acf_changed":false},"product_brand":[],"product_cat":[166],"product_tag":[],"class_list":{"0":"post-3365","1":"product","2":"type-product","3":"status-publish","4":"has-post-thumbnail","6":"product_cat-specialty-food-cutting-es","8":"first","9":"instock","10":"shipping-taxable","11":"product-type-simple"},"acf":[],"yoast_head":"<!-- This site is optimized with the Yoast SEO plugin v27.2 - https:\/\/yoast.com\/product\/yoast-seo-wordpress\/ -->\n<title>Corte de Rebanas de Pastel de Alto Volumen - Marchant Schmidt<\/title>\n<meta name=\"robots\" content=\"index, follow, max-snippet:-1, max-image-preview:large, max-video-preview:-1\" \/>\n<link rel=\"canonical\" href=\"https:\/\/www.marchantschmidt.com\/es\/product\/specialty-food-cutting-es\/high-volume-gang-cutting\/\" \/>\n<meta property=\"og:locale\" content=\"es_MX\" \/>\n<meta property=\"og:type\" content=\"article\" \/>\n<meta property=\"og:title\" content=\"Corte de Rebanas de Pastel de Alto Volumen - Marchant Schmidt\" \/>\n<meta property=\"og:description\" content=\"El GC12 es un sistema de corte especial que produce un volumen excepcionalmente alto de rebanadas de pastel. Con tecnolog\u00eda ultras\u00f3nica, nuestro sistema corta limpiamente el glaseado, las nueces, el chocolate y el caramelo sin que se acumule en la hoja. Aprovechamos la automatizaci\u00f3n avanzada de procesos y la puesta en marcha del producto para...\" \/>\n<meta property=\"og:url\" content=\"https:\/\/www.marchantschmidt.com\/es\/product\/specialty-food-cutting-es\/high-volume-gang-cutting\/\" \/>\n<meta property=\"og:site_name\" content=\"Marchant Schmidt\" \/>\n<meta property=\"article:modified_time\" content=\"2021-02-08T17:35:17+00:00\" \/>\n<meta property=\"og:image\" content=\"https:\/\/www.marchantschmidt.com\/wp-content\/uploads\/2020\/10\/HIGH-VOLUME-GANG-CUTTING_SPECIALTY-CUTTING-CROPPED.jpg\" \/>\n\t<meta property=\"og:image:width\" content=\"600\" \/>\n\t<meta property=\"og:image:height\" content=\"600\" \/>\n\t<meta property=\"og:image:type\" content=\"image\/jpeg\" \/>\n<meta name=\"twitter:card\" content=\"summary_large_image\" \/>\n<meta name=\"twitter:label1\" content=\"Tiempo de lectura\" \/>\n\t<meta name=\"twitter:data1\" content=\"1 minuto\" \/>\n<!-- \/ Yoast SEO plugin. -->","yoast_head_json":{"title":"Corte de Rebanas de Pastel de Alto Volumen - Marchant Schmidt","robots":{"index":"index","follow":"follow","max-snippet":"max-snippet:-1","max-image-preview":"max-image-preview:large","max-video-preview":"max-video-preview:-1"},"canonical":"https:\/\/www.marchantschmidt.com\/es\/product\/specialty-food-cutting-es\/high-volume-gang-cutting\/","og_locale":"es_MX","og_type":"article","og_title":"Corte de Rebanas de Pastel de Alto Volumen - Marchant Schmidt","og_description":"El GC12 es un sistema de corte especial que produce un volumen excepcionalmente alto de rebanadas de pastel. Con tecnolog\u00eda ultras\u00f3nica, nuestro sistema corta limpiamente el glaseado, las nueces, el chocolate y el caramelo sin que se acumule en la hoja. Aprovechamos la automatizaci\u00f3n avanzada de procesos y la puesta en marcha del producto para...","og_url":"https:\/\/www.marchantschmidt.com\/es\/product\/specialty-food-cutting-es\/high-volume-gang-cutting\/","og_site_name":"Marchant Schmidt","article_modified_time":"2021-02-08T17:35:17+00:00","og_image":[{"width":600,"height":600,"url":"https:\/\/www.marchantschmidt.com\/wp-content\/uploads\/2020\/10\/HIGH-VOLUME-GANG-CUTTING_SPECIALTY-CUTTING-CROPPED.jpg","type":"image\/jpeg"}],"twitter_card":"summary_large_image","twitter_misc":{"Tiempo de lectura":"1 minuto"},"schema":{"@context":"https:\/\/schema.org","@graph":[{"@type":"WebPage","@id":"https:\/\/www.marchantschmidt.com\/es\/product\/specialty-food-cutting-es\/high-volume-gang-cutting\/","url":"https:\/\/www.marchantschmidt.com\/es\/product\/specialty-food-cutting-es\/high-volume-gang-cutting\/","name":"Corte de Rebanas de Pastel de Alto Volumen - Marchant Schmidt","isPartOf":{"@id":"https:\/\/www.marchantschmidt.com\/#website"},"primaryImageOfPage":{"@id":"https:\/\/www.marchantschmidt.com\/es\/product\/specialty-food-cutting-es\/high-volume-gang-cutting\/#primaryimage"},"image":{"@id":"https:\/\/www.marchantschmidt.com\/es\/product\/specialty-food-cutting-es\/high-volume-gang-cutting\/#primaryimage"},"thumbnailUrl":"https:\/\/www.marchantschmidt.com\/wp-content\/uploads\/2020\/10\/HIGH-VOLUME-GANG-CUTTING_SPECIALTY-CUTTING-CROPPED.jpg","datePublished":"2020-10-05T19:26:35+00:00","dateModified":"2021-02-08T17:35:17+00:00","breadcrumb":{"@id":"https:\/\/www.marchantschmidt.com\/es\/product\/specialty-food-cutting-es\/high-volume-gang-cutting\/#breadcrumb"},"inLanguage":"es","potentialAction":[{"@type":"ReadAction","target":["https:\/\/www.marchantschmidt.com\/es\/product\/specialty-food-cutting-es\/high-volume-gang-cutting\/"]}]},{"@type":"ImageObject","inLanguage":"es","@id":"https:\/\/www.marchantschmidt.com\/es\/product\/specialty-food-cutting-es\/high-volume-gang-cutting\/#primaryimage","url":"https:\/\/www.marchantschmidt.com\/wp-content\/uploads\/2020\/10\/HIGH-VOLUME-GANG-CUTTING_SPECIALTY-CUTTING-CROPPED.jpg","contentUrl":"https:\/\/www.marchantschmidt.com\/wp-content\/uploads\/2020\/10\/HIGH-VOLUME-GANG-CUTTING_SPECIALTY-CUTTING-CROPPED.jpg","width":600,"height":600,"caption":"high volume gang cutting specialty food cutting equipment"},{"@type":"BreadcrumbList","@id":"https:\/\/www.marchantschmidt.com\/es\/product\/specialty-food-cutting-es\/high-volume-gang-cutting\/#breadcrumb","itemListElement":[{"@type":"ListItem","position":1,"name":"Home","item":"https:\/\/www.marchantschmidt.com\/es\/"},{"@type":"ListItem","position":2,"name":"Shop","item":"https:\/\/www.marchantschmidt.com\/?page_id=2232"},{"@type":"ListItem","position":3,"name":"Corte de Rebanas de Pastel de Alto Volumen"}]},{"@type":"WebSite","@id":"https:\/\/www.marchantschmidt.com\/#website","url":"https:\/\/www.marchantschmidt.com\/","name":"Marchant Schmidt","description":"","publisher":{"@id":"https:\/\/www.marchantschmidt.com\/#organization"},"potentialAction":[{"@type":"SearchAction","target":{"@type":"EntryPoint","urlTemplate":"https:\/\/www.marchantschmidt.com\/?s={search_term_string}"},"query-input":{"@type":"PropertyValueSpecification","valueRequired":true,"valueName":"search_term_string"}}],"inLanguage":"es"},{"@type":"Organization","@id":"https:\/\/www.marchantschmidt.com\/#organization","name":"Marchant Schmidt, Inc.","url":"https:\/\/www.marchantschmidt.com\/","logo":{"@type":"ImageObject","inLanguage":"es","@id":"https:\/\/www.marchantschmidt.com\/#\/schema\/logo\/image\/","url":"https:\/\/www.marchantschmidt.com\/wp-content\/uploads\/2019\/08\/Marchant-Schmidt-Logo-Revised.png","contentUrl":"https:\/\/www.marchantschmidt.com\/wp-content\/uploads\/2019\/08\/Marchant-Schmidt-Logo-Revised.png","width":701,"height":117,"caption":"Marchant Schmidt, Inc."},"image":{"@id":"https:\/\/www.marchantschmidt.com\/#\/schema\/logo\/image\/"}}]}},"_links":{"self":[{"href":"https:\/\/www.marchantschmidt.com\/es\/wp-json\/wp\/v2\/product\/3365","targetHints":{"allow":["GET"]}}],"collection":[{"href":"https:\/\/www.marchantschmidt.com\/es\/wp-json\/wp\/v2\/product"}],"about":[{"href":"https:\/\/www.marchantschmidt.com\/es\/wp-json\/wp\/v2\/types\/product"}],"wp:featuredmedia":[{"embeddable":true,"href":"https:\/\/www.marchantschmidt.com\/es\/wp-json\/wp\/v2\/media\/3332"}],"wp:attachment":[{"href":"https:\/\/www.marchantschmidt.com\/es\/wp-json\/wp\/v2\/media?parent=3365"}],"wp:term":[{"taxonomy":"product_brand","embeddable":true,"href":"https:\/\/www.marchantschmidt.com\/es\/wp-json\/wp\/v2\/product_brand?post=3365"},{"taxonomy":"product_cat","embeddable":true,"href":"https:\/\/www.marchantschmidt.com\/es\/wp-json\/wp\/v2\/product_cat?post=3365"},{"taxonomy":"product_tag","embeddable":true,"href":"https:\/\/www.marchantschmidt.com\/es\/wp-json\/wp\/v2\/product_tag?post=3365"}],"curies":[{"name":"wp","href":"https:\/\/api.w.org\/{rel}","templated":true}]}}