{"id":3369,"date":"2020-08-11T17:48:00","date_gmt":"2020-08-11T17:48:00","guid":{"rendered":"https:\/\/www.marchantschmidt.com\/product\/sin%20categor\u00eda\/auto-deboxing-with-robotic-palletizing\/"},"modified":"2024-04-19T20:53:19","modified_gmt":"2024-04-19T20:53:19","slug":"auto-deboxing-with-robotic-palletizing","status":"publish","type":"product","link":"https:\/\/www.marchantschmidt.com\/es\/product\/hygienic-automation-es\/product-loading-systems-es\/auto-deboxing-with-robotic-palletizing\/","title":{"rendered":"Desencajado Autom\u00e1tico con Entarimado por Robot"},"content":{"rendered":"<p>El sistema de eliminaci\u00f3n de cajas de los bloques de queso autom\u00e1tico elimina el corrugado en presentaciones de 40 libras (20 kg) con velocidades de hasta 12 bloques por minuto. El sistema puede reducir la mano de obra, mejorar la seguridad y eliminar los problemas ergon\u00f3micos que normalmente se observan con el desembalaje manual. La m\u00e1quina se dise\u00f1\u00f3 pensando en un espacio limitado. Un sistema rob\u00f3tico completamente autom\u00e1tico retira los bloques de queso de los pallets de madera con la opci\u00f3n de volver a apilarlos en un pallet de pl\u00e1stico para que sean aceptables en las \u00e1reas limpias.<\/p>\n","protected":false},"excerpt":{"rendered":"El sistema de eliminaci\u00f3n de cajas de los bloques de queso autom\u00e1tico elimina el corrugado en presentaciones de 40 libras (20 kg) con velocidades de hasta 12 bloques por minuto. El sistema puede reducir la mano de obra, mejorar la seguridad y eliminar los problemas ergon\u00f3micos que normalmente se observan con el desembalaje manual. La&#8230; ","protected":false},"featured_media":3197,"template":"","meta":{"_acf_changed":false},"product_brand":[],"product_cat":[176],"product_tag":[],"class_list":{"0":"post-3369","1":"product","2":"type-product","3":"status-publish","4":"has-post-thumbnail","6":"product_cat-product-loading-systems-es","8":"first","9":"instock","10":"product-type-simple"},"acf":[],"yoast_head":"<!-- This site is optimized with the Yoast SEO plugin v27.2 - https:\/\/yoast.com\/product\/yoast-seo-wordpress\/ -->\n<title>Automatic Unpacking with Planking by Robot: Marchant Schmidt<\/title>\n<meta name=\"description\" content=\"Discover the efficiency of Automatic Unboxing with Planking by Robot! Our system speeds up cheese block deboxing, enhancing safety and reducing labor.\" \/>\n<meta name=\"robots\" content=\"index, follow, max-snippet:-1, max-image-preview:large, max-video-preview:-1\" \/>\n<link rel=\"canonical\" href=\"https:\/\/www.marchantschmidt.com\/es\/product\/hygienic-automation-es\/product-loading-systems-es\/auto-deboxing-with-robotic-palletizing\/\" \/>\n<meta property=\"og:locale\" content=\"es_MX\" \/>\n<meta property=\"og:type\" content=\"article\" \/>\n<meta property=\"og:title\" content=\"Automatic Unpacking with Planking by Robot: Marchant Schmidt\" \/>\n<meta property=\"og:description\" content=\"Discover the efficiency of Automatic Unboxing with Planking by Robot! Our system speeds up cheese block deboxing, enhancing safety and reducing labor.\" \/>\n<meta property=\"og:url\" content=\"https:\/\/www.marchantschmidt.com\/es\/product\/hygienic-automation-es\/product-loading-systems-es\/auto-deboxing-with-robotic-palletizing\/\" \/>\n<meta property=\"og:site_name\" content=\"Marchant Schmidt\" \/>\n<meta property=\"article:modified_time\" content=\"2024-04-19T20:53:19+00:00\" \/>\n<meta property=\"og:image\" content=\"https:\/\/www.marchantschmidt.com\/wp-content\/uploads\/2020\/08\/AUTO-DEBOXING-W-ROBOTIC-PALLETIZING-MAIN.jpg\" \/>\n\t<meta property=\"og:image:width\" content=\"1200\" \/>\n\t<meta property=\"og:image:height\" content=\"639\" \/>\n\t<meta property=\"og:image:type\" content=\"image\/jpeg\" \/>\n<meta name=\"twitter:card\" content=\"summary_large_image\" \/>\n<meta name=\"twitter:label1\" content=\"Tiempo de lectura\" \/>\n\t<meta name=\"twitter:data1\" content=\"1 minuto\" \/>\n<!-- \/ Yoast SEO plugin. -->","yoast_head_json":{"title":"Automatic Unpacking with Planking by Robot: Marchant Schmidt","description":"Discover the efficiency of Automatic Unboxing with Planking by Robot! Our system speeds up cheese block deboxing, enhancing safety and reducing labor.","robots":{"index":"index","follow":"follow","max-snippet":"max-snippet:-1","max-image-preview":"max-image-preview:large","max-video-preview":"max-video-preview:-1"},"canonical":"https:\/\/www.marchantschmidt.com\/es\/product\/hygienic-automation-es\/product-loading-systems-es\/auto-deboxing-with-robotic-palletizing\/","og_locale":"es_MX","og_type":"article","og_title":"Automatic Unpacking with Planking by Robot: Marchant Schmidt","og_description":"Discover the efficiency of Automatic Unboxing with Planking by Robot! Our system speeds up cheese block deboxing, enhancing safety and reducing labor.","og_url":"https:\/\/www.marchantschmidt.com\/es\/product\/hygienic-automation-es\/product-loading-systems-es\/auto-deboxing-with-robotic-palletizing\/","og_site_name":"Marchant Schmidt","article_modified_time":"2024-04-19T20:53:19+00:00","og_image":[{"width":1200,"height":639,"url":"https:\/\/www.marchantschmidt.com\/wp-content\/uploads\/2020\/08\/AUTO-DEBOXING-W-ROBOTIC-PALLETIZING-MAIN.jpg","type":"image\/jpeg"}],"twitter_card":"summary_large_image","twitter_misc":{"Tiempo de lectura":"1 minuto"},"schema":{"@context":"https:\/\/schema.org","@graph":[{"@type":"WebPage","@id":"https:\/\/www.marchantschmidt.com\/es\/product\/hygienic-automation-es\/product-loading-systems-es\/auto-deboxing-with-robotic-palletizing\/","url":"https:\/\/www.marchantschmidt.com\/es\/product\/hygienic-automation-es\/product-loading-systems-es\/auto-deboxing-with-robotic-palletizing\/","name":"Automatic Unpacking with Planking by Robot: Marchant Schmidt","isPartOf":{"@id":"https:\/\/www.marchantschmidt.com\/#website"},"primaryImageOfPage":{"@id":"https:\/\/www.marchantschmidt.com\/es\/product\/hygienic-automation-es\/product-loading-systems-es\/auto-deboxing-with-robotic-palletizing\/#primaryimage"},"image":{"@id":"https:\/\/www.marchantschmidt.com\/es\/product\/hygienic-automation-es\/product-loading-systems-es\/auto-deboxing-with-robotic-palletizing\/#primaryimage"},"thumbnailUrl":"https:\/\/www.marchantschmidt.com\/wp-content\/uploads\/2020\/08\/AUTO-DEBOXING-W-ROBOTIC-PALLETIZING-MAIN.jpg","datePublished":"2020-08-11T17:48:00+00:00","dateModified":"2024-04-19T20:53:19+00:00","description":"Discover the efficiency of Automatic Unboxing with Planking by Robot! Our system speeds up cheese block deboxing, enhancing safety and reducing labor.","breadcrumb":{"@id":"https:\/\/www.marchantschmidt.com\/es\/product\/hygienic-automation-es\/product-loading-systems-es\/auto-deboxing-with-robotic-palletizing\/#breadcrumb"},"inLanguage":"es","potentialAction":[{"@type":"ReadAction","target":["https:\/\/www.marchantschmidt.com\/es\/product\/hygienic-automation-es\/product-loading-systems-es\/auto-deboxing-with-robotic-palletizing\/"]}]},{"@type":"ImageObject","inLanguage":"es","@id":"https:\/\/www.marchantschmidt.com\/es\/product\/hygienic-automation-es\/product-loading-systems-es\/auto-deboxing-with-robotic-palletizing\/#primaryimage","url":"https:\/\/www.marchantschmidt.com\/wp-content\/uploads\/2020\/08\/AUTO-DEBOXING-W-ROBOTIC-PALLETIZING-MAIN.jpg","contentUrl":"https:\/\/www.marchantschmidt.com\/wp-content\/uploads\/2020\/08\/AUTO-DEBOXING-W-ROBOTIC-PALLETIZING-MAIN.jpg","width":1200,"height":639,"caption":"Auto Cheese Block Deboxing System, Cheese Block Robotic Palletizer"},{"@type":"BreadcrumbList","@id":"https:\/\/www.marchantschmidt.com\/es\/product\/hygienic-automation-es\/product-loading-systems-es\/auto-deboxing-with-robotic-palletizing\/#breadcrumb","itemListElement":[{"@type":"ListItem","position":1,"name":"Home","item":"https:\/\/www.marchantschmidt.com\/es\/"},{"@type":"ListItem","position":2,"name":"Shop","item":"https:\/\/www.marchantschmidt.com\/?page_id=2232"},{"@type":"ListItem","position":3,"name":"Desencajado Autom\u00e1tico con Entarimado por Robot"}]},{"@type":"WebSite","@id":"https:\/\/www.marchantschmidt.com\/#website","url":"https:\/\/www.marchantschmidt.com\/","name":"Marchant Schmidt","description":"","publisher":{"@id":"https:\/\/www.marchantschmidt.com\/#organization"},"potentialAction":[{"@type":"SearchAction","target":{"@type":"EntryPoint","urlTemplate":"https:\/\/www.marchantschmidt.com\/?s={search_term_string}"},"query-input":{"@type":"PropertyValueSpecification","valueRequired":true,"valueName":"search_term_string"}}],"inLanguage":"es"},{"@type":"Organization","@id":"https:\/\/www.marchantschmidt.com\/#organization","name":"Marchant Schmidt, Inc.","url":"https:\/\/www.marchantschmidt.com\/","logo":{"@type":"ImageObject","inLanguage":"es","@id":"https:\/\/www.marchantschmidt.com\/#\/schema\/logo\/image\/","url":"https:\/\/www.marchantschmidt.com\/wp-content\/uploads\/2019\/08\/Marchant-Schmidt-Logo-Revised.png","contentUrl":"https:\/\/www.marchantschmidt.com\/wp-content\/uploads\/2019\/08\/Marchant-Schmidt-Logo-Revised.png","width":701,"height":117,"caption":"Marchant Schmidt, Inc."},"image":{"@id":"https:\/\/www.marchantschmidt.com\/#\/schema\/logo\/image\/"}}]}},"_links":{"self":[{"href":"https:\/\/www.marchantschmidt.com\/es\/wp-json\/wp\/v2\/product\/3369","targetHints":{"allow":["GET"]}}],"collection":[{"href":"https:\/\/www.marchantschmidt.com\/es\/wp-json\/wp\/v2\/product"}],"about":[{"href":"https:\/\/www.marchantschmidt.com\/es\/wp-json\/wp\/v2\/types\/product"}],"wp:featuredmedia":[{"embeddable":true,"href":"https:\/\/www.marchantschmidt.com\/es\/wp-json\/wp\/v2\/media\/3197"}],"wp:attachment":[{"href":"https:\/\/www.marchantschmidt.com\/es\/wp-json\/wp\/v2\/media?parent=3369"}],"wp:term":[{"taxonomy":"product_brand","embeddable":true,"href":"https:\/\/www.marchantschmidt.com\/es\/wp-json\/wp\/v2\/product_brand?post=3369"},{"taxonomy":"product_cat","embeddable":true,"href":"https:\/\/www.marchantschmidt.com\/es\/wp-json\/wp\/v2\/product_cat?post=3369"},{"taxonomy":"product_tag","embeddable":true,"href":"https:\/\/www.marchantschmidt.com\/es\/wp-json\/wp\/v2\/product_tag?post=3369"}],"curies":[{"name":"wp","href":"https:\/\/api.w.org\/{rel}","templated":true}]}}