{"id":3379,"date":"2020-08-06T19:39:25","date_gmt":"2020-08-06T19:39:25","guid":{"rendered":"https:\/\/www.marchantschmidt.com\/product\/sin%20categor\u00eda\/small-volume-snack-cutting\/"},"modified":"2021-04-08T16:13:15","modified_gmt":"2021-04-08T16:13:15","slug":"small-volume-snack-cutting","status":"publish","type":"product","link":"https:\/\/www.marchantschmidt.com\/es\/product\/cheese-converting-es\/snack-cheese-converting-es\/small-volume-snack-cutting\/","title":{"rendered":"Cortador de Tiras de Queso de Volumen Bajo"},"content":{"rendered":"<p>Corte con barra de nivel de entrada para clientes con bajos vol\u00famenes de producci\u00f3n y donde la manipulaci\u00f3n manual es aceptable. Operaci\u00f3n de dos pasos donde un bloque de 40 lb \/ 20 kg se reduce primero en barras o rebanadas y luego se corta en tiras. Esto se puede lograr con un solo EC12 m\u00e1s piezas de cambio o puede ser m\u00e1s eficiente con una m\u00e1quina EC12 dedicada a cada paso. Operaci\u00f3n neum\u00e1tica simple y port\u00e1til.<\/p>\n","protected":false},"excerpt":{"rendered":"Corte con barra de nivel de entrada para clientes con bajos vol\u00famenes de producci\u00f3n y donde la manipulaci\u00f3n manual es aceptable. Operaci\u00f3n de dos pasos donde un bloque de 40 lb \/ 20 kg se reduce primero en barras o rebanadas y luego se corta en tiras. Esto se puede lograr con un solo EC12&#8230; ","protected":false},"featured_media":3190,"template":"","meta":{"_acf_changed":false},"product_brand":[],"product_cat":[181],"product_tag":[],"class_list":{"0":"post-3379","1":"product","2":"type-product","3":"status-publish","4":"has-post-thumbnail","6":"product_cat-snack-cheese-converting-es","8":"first","9":"instock","10":"shipping-taxable","11":"product-type-simple"},"acf":[],"yoast_head":"<!-- This site is optimized with the Yoast SEO plugin v27.2 - https:\/\/yoast.com\/product\/yoast-seo-wordpress\/ -->\n<title>Cortador de Tiras de Queso de Volumen Bajo - Marchant Schmidt<\/title>\n<meta name=\"robots\" content=\"index, follow, max-snippet:-1, max-image-preview:large, max-video-preview:-1\" \/>\n<link rel=\"canonical\" href=\"https:\/\/www.marchantschmidt.com\/es\/product\/cheese-converting-es\/snack-cheese-converting-es\/small-volume-snack-cutting\/\" \/>\n<meta property=\"og:locale\" content=\"es_MX\" \/>\n<meta property=\"og:type\" content=\"article\" \/>\n<meta property=\"og:title\" content=\"Cortador de Tiras de Queso de Volumen Bajo - Marchant Schmidt\" \/>\n<meta property=\"og:description\" content=\"Corte con barra de nivel de entrada para clientes con bajos vol\u00famenes de producci\u00f3n y donde la manipulaci\u00f3n manual es aceptable. Operaci\u00f3n de dos pasos donde un bloque de 40 lb \/ 20 kg se reduce primero en barras o rebanadas y luego se corta en tiras. Esto se puede lograr con un solo EC12...\" \/>\n<meta property=\"og:url\" content=\"https:\/\/www.marchantschmidt.com\/es\/product\/cheese-converting-es\/snack-cheese-converting-es\/small-volume-snack-cutting\/\" \/>\n<meta property=\"og:site_name\" content=\"Marchant Schmidt\" \/>\n<meta property=\"article:modified_time\" content=\"2021-04-08T16:13:15+00:00\" \/>\n<meta property=\"og:image\" content=\"https:\/\/www.marchantschmidt.com\/wp-content\/uploads\/2020\/08\/SMALL-VOLUME-STICK-CUTTER-MAIN.jpg\" \/>\n\t<meta property=\"og:image:width\" content=\"600\" \/>\n\t<meta property=\"og:image:height\" content=\"600\" \/>\n\t<meta property=\"og:image:type\" content=\"image\/jpeg\" \/>\n<meta name=\"twitter:card\" content=\"summary_large_image\" \/>\n<!-- \/ Yoast SEO plugin. -->","yoast_head_json":{"title":"Cortador de Tiras de Queso de Volumen Bajo - Marchant Schmidt","robots":{"index":"index","follow":"follow","max-snippet":"max-snippet:-1","max-image-preview":"max-image-preview:large","max-video-preview":"max-video-preview:-1"},"canonical":"https:\/\/www.marchantschmidt.com\/es\/product\/cheese-converting-es\/snack-cheese-converting-es\/small-volume-snack-cutting\/","og_locale":"es_MX","og_type":"article","og_title":"Cortador de Tiras de Queso de Volumen Bajo - Marchant Schmidt","og_description":"Corte con barra de nivel de entrada para clientes con bajos vol\u00famenes de producci\u00f3n y donde la manipulaci\u00f3n manual es aceptable. Operaci\u00f3n de dos pasos donde un bloque de 40 lb \/ 20 kg se reduce primero en barras o rebanadas y luego se corta en tiras. Esto se puede lograr con un solo EC12...","og_url":"https:\/\/www.marchantschmidt.com\/es\/product\/cheese-converting-es\/snack-cheese-converting-es\/small-volume-snack-cutting\/","og_site_name":"Marchant Schmidt","article_modified_time":"2021-04-08T16:13:15+00:00","og_image":[{"width":600,"height":600,"url":"https:\/\/www.marchantschmidt.com\/wp-content\/uploads\/2020\/08\/SMALL-VOLUME-STICK-CUTTER-MAIN.jpg","type":"image\/jpeg"}],"twitter_card":"summary_large_image","schema":{"@context":"https:\/\/schema.org","@graph":[{"@type":"WebPage","@id":"https:\/\/www.marchantschmidt.com\/es\/product\/cheese-converting-es\/snack-cheese-converting-es\/small-volume-snack-cutting\/","url":"https:\/\/www.marchantschmidt.com\/es\/product\/cheese-converting-es\/snack-cheese-converting-es\/small-volume-snack-cutting\/","name":"Cortador de Tiras de Queso de Volumen Bajo - Marchant Schmidt","isPartOf":{"@id":"https:\/\/www.marchantschmidt.com\/#website"},"primaryImageOfPage":{"@id":"https:\/\/www.marchantschmidt.com\/es\/product\/cheese-converting-es\/snack-cheese-converting-es\/small-volume-snack-cutting\/#primaryimage"},"image":{"@id":"https:\/\/www.marchantschmidt.com\/es\/product\/cheese-converting-es\/snack-cheese-converting-es\/small-volume-snack-cutting\/#primaryimage"},"thumbnailUrl":"https:\/\/www.marchantschmidt.com\/wp-content\/uploads\/2020\/08\/SMALL-VOLUME-STICK-CUTTER-MAIN.jpg","datePublished":"2020-08-06T19:39:25+00:00","dateModified":"2021-04-08T16:13:15+00:00","breadcrumb":{"@id":"https:\/\/www.marchantschmidt.com\/es\/product\/cheese-converting-es\/snack-cheese-converting-es\/small-volume-snack-cutting\/#breadcrumb"},"inLanguage":"es","potentialAction":[{"@type":"ReadAction","target":["https:\/\/www.marchantschmidt.com\/es\/product\/cheese-converting-es\/snack-cheese-converting-es\/small-volume-snack-cutting\/"]}]},{"@type":"ImageObject","inLanguage":"es","@id":"https:\/\/www.marchantschmidt.com\/es\/product\/cheese-converting-es\/snack-cheese-converting-es\/small-volume-snack-cutting\/#primaryimage","url":"https:\/\/www.marchantschmidt.com\/wp-content\/uploads\/2020\/08\/SMALL-VOLUME-STICK-CUTTER-MAIN.jpg","contentUrl":"https:\/\/www.marchantschmidt.com\/wp-content\/uploads\/2020\/08\/SMALL-VOLUME-STICK-CUTTER-MAIN.jpg","width":600,"height":600,"caption":"snack cheese cutting"},{"@type":"BreadcrumbList","@id":"https:\/\/www.marchantschmidt.com\/es\/product\/cheese-converting-es\/snack-cheese-converting-es\/small-volume-snack-cutting\/#breadcrumb","itemListElement":[{"@type":"ListItem","position":1,"name":"Home","item":"https:\/\/www.marchantschmidt.com\/es\/"},{"@type":"ListItem","position":2,"name":"Shop","item":"https:\/\/www.marchantschmidt.com\/?page_id=2232"},{"@type":"ListItem","position":3,"name":"Cortador de Tiras de Queso de Volumen Bajo"}]},{"@type":"WebSite","@id":"https:\/\/www.marchantschmidt.com\/#website","url":"https:\/\/www.marchantschmidt.com\/","name":"Marchant Schmidt","description":"","publisher":{"@id":"https:\/\/www.marchantschmidt.com\/#organization"},"potentialAction":[{"@type":"SearchAction","target":{"@type":"EntryPoint","urlTemplate":"https:\/\/www.marchantschmidt.com\/?s={search_term_string}"},"query-input":{"@type":"PropertyValueSpecification","valueRequired":true,"valueName":"search_term_string"}}],"inLanguage":"es"},{"@type":"Organization","@id":"https:\/\/www.marchantschmidt.com\/#organization","name":"Marchant Schmidt, Inc.","url":"https:\/\/www.marchantschmidt.com\/","logo":{"@type":"ImageObject","inLanguage":"es","@id":"https:\/\/www.marchantschmidt.com\/#\/schema\/logo\/image\/","url":"https:\/\/www.marchantschmidt.com\/wp-content\/uploads\/2019\/08\/Marchant-Schmidt-Logo-Revised.png","contentUrl":"https:\/\/www.marchantschmidt.com\/wp-content\/uploads\/2019\/08\/Marchant-Schmidt-Logo-Revised.png","width":701,"height":117,"caption":"Marchant Schmidt, Inc."},"image":{"@id":"https:\/\/www.marchantschmidt.com\/#\/schema\/logo\/image\/"}}]}},"_links":{"self":[{"href":"https:\/\/www.marchantschmidt.com\/es\/wp-json\/wp\/v2\/product\/3379","targetHints":{"allow":["GET"]}}],"collection":[{"href":"https:\/\/www.marchantschmidt.com\/es\/wp-json\/wp\/v2\/product"}],"about":[{"href":"https:\/\/www.marchantschmidt.com\/es\/wp-json\/wp\/v2\/types\/product"}],"wp:featuredmedia":[{"embeddable":true,"href":"https:\/\/www.marchantschmidt.com\/es\/wp-json\/wp\/v2\/media\/3190"}],"wp:attachment":[{"href":"https:\/\/www.marchantschmidt.com\/es\/wp-json\/wp\/v2\/media?parent=3379"}],"wp:term":[{"taxonomy":"product_brand","embeddable":true,"href":"https:\/\/www.marchantschmidt.com\/es\/wp-json\/wp\/v2\/product_brand?post=3379"},{"taxonomy":"product_cat","embeddable":true,"href":"https:\/\/www.marchantschmidt.com\/es\/wp-json\/wp\/v2\/product_cat?post=3379"},{"taxonomy":"product_tag","embeddable":true,"href":"https:\/\/www.marchantschmidt.com\/es\/wp-json\/wp\/v2\/product_tag?post=3379"}],"curies":[{"name":"wp","href":"https:\/\/api.w.org\/{rel}","templated":true}]}}