{"id":3389,"date":"2020-08-06T18:37:02","date_gmt":"2020-08-06T18:37:02","guid":{"rendered":"https:\/\/www.marchantschmidt.com\/product\/sin%20categor\u00eda\/scale-feed-conveyors\/"},"modified":"2021-02-03T17:09:15","modified_gmt":"2021-02-03T17:09:15","slug":"scale-feed-conveyors","status":"publish","type":"product","link":"https:\/\/www.marchantschmidt.com\/es\/product\/cheese-converting-es\/shredding-and-grating-es\/scale-feed-conveyors\/","title":{"rendered":"Transportadores de Alimentaci\u00f3n con B\u00e1scula"},"content":{"rendered":"<p>El queso rallado o cortado en cubitos se deposita en el extremo inferior del transportador de alimentaci\u00f3n de b\u00e1sculas. La banda transportadora es de uretano con paredes laterales onduladas. El transportador tiene una banda neum\u00e1tica que le da al personal de sanidad la capacidad de limpiar alrededor de la banda o quitarla por completo para una limpieza total. Las tolvas de recolecci\u00f3n con faldones de uretano, los contenedores de recolecci\u00f3n y las bandejas evitan la p\u00e9rdida de producto en el piso. Las bandejas recolectoras continuas con vibradores ayudan a atrapar el producto y reintroducirlo en producci\u00f3n.<\/p>\n","protected":false},"excerpt":{"rendered":"El queso rallado o cortado en cubitos se deposita en el extremo inferior del transportador de alimentaci\u00f3n de b\u00e1sculas. La banda transportadora es de uretano con paredes laterales onduladas. El transportador tiene una banda neum\u00e1tica que le da al personal de sanidad la capacidad de limpiar alrededor de la banda o quitarla por completo para&#8230; ","protected":false},"featured_media":8715,"template":"","meta":{"_acf_changed":false},"product_brand":[],"product_cat":[184],"product_tag":[],"class_list":{"0":"post-3389","1":"product","2":"type-product","3":"status-publish","4":"has-post-thumbnail","6":"product_cat-shredding-and-grating-es","8":"first","9":"instock","10":"shipping-taxable","11":"product-type-simple"},"acf":[],"yoast_head":"<!-- This site is optimized with the Yoast SEO plugin v27.2 - https:\/\/yoast.com\/product\/yoast-seo-wordpress\/ -->\n<title>Transportadores de Alimentaci\u00f3n con B\u00e1scula - Marchant Schmidt<\/title>\n<meta name=\"robots\" content=\"index, follow, max-snippet:-1, max-image-preview:large, max-video-preview:-1\" \/>\n<link rel=\"canonical\" href=\"https:\/\/www.marchantschmidt.com\/es\/product\/cheese-converting-es\/shredding-and-grating-es\/scale-feed-conveyors\/\" \/>\n<meta property=\"og:locale\" content=\"es_MX\" \/>\n<meta property=\"og:type\" content=\"article\" \/>\n<meta property=\"og:title\" content=\"Transportadores de Alimentaci\u00f3n con B\u00e1scula - Marchant Schmidt\" \/>\n<meta property=\"og:description\" content=\"El queso rallado o cortado en cubitos se deposita en el extremo inferior del transportador de alimentaci\u00f3n de b\u00e1sculas. La banda transportadora es de uretano con paredes laterales onduladas. El transportador tiene una banda neum\u00e1tica que le da al personal de sanidad la capacidad de limpiar alrededor de la banda o quitarla por completo para...\" \/>\n<meta property=\"og:url\" content=\"https:\/\/www.marchantschmidt.com\/es\/product\/cheese-converting-es\/shredding-and-grating-es\/scale-feed-conveyors\/\" \/>\n<meta property=\"og:site_name\" content=\"Marchant Schmidt\" \/>\n<meta property=\"article:modified_time\" content=\"2021-02-03T17:09:15+00:00\" \/>\n<meta property=\"og:image\" content=\"https:\/\/www.marchantschmidt.com\/wp-content\/uploads\/2021\/02\/MS2000-SCALE-FEED-CONVEYOR.jpg\" \/>\n\t<meta property=\"og:image:width\" content=\"1017\" \/>\n\t<meta property=\"og:image:height\" content=\"1080\" \/>\n\t<meta property=\"og:image:type\" content=\"image\/jpeg\" \/>\n<meta name=\"twitter:card\" content=\"summary_large_image\" \/>\n<meta name=\"twitter:label1\" content=\"Tiempo de lectura\" \/>\n\t<meta name=\"twitter:data1\" content=\"1 minuto\" \/>\n<!-- \/ Yoast SEO plugin. -->","yoast_head_json":{"title":"Transportadores de Alimentaci\u00f3n con B\u00e1scula - Marchant Schmidt","robots":{"index":"index","follow":"follow","max-snippet":"max-snippet:-1","max-image-preview":"max-image-preview:large","max-video-preview":"max-video-preview:-1"},"canonical":"https:\/\/www.marchantschmidt.com\/es\/product\/cheese-converting-es\/shredding-and-grating-es\/scale-feed-conveyors\/","og_locale":"es_MX","og_type":"article","og_title":"Transportadores de Alimentaci\u00f3n con B\u00e1scula - Marchant Schmidt","og_description":"El queso rallado o cortado en cubitos se deposita en el extremo inferior del transportador de alimentaci\u00f3n de b\u00e1sculas. La banda transportadora es de uretano con paredes laterales onduladas. El transportador tiene una banda neum\u00e1tica que le da al personal de sanidad la capacidad de limpiar alrededor de la banda o quitarla por completo para...","og_url":"https:\/\/www.marchantschmidt.com\/es\/product\/cheese-converting-es\/shredding-and-grating-es\/scale-feed-conveyors\/","og_site_name":"Marchant Schmidt","article_modified_time":"2021-02-03T17:09:15+00:00","og_image":[{"width":1017,"height":1080,"url":"https:\/\/www.marchantschmidt.com\/wp-content\/uploads\/2021\/02\/MS2000-SCALE-FEED-CONVEYOR.jpg","type":"image\/jpeg"}],"twitter_card":"summary_large_image","twitter_misc":{"Tiempo de lectura":"1 minuto"},"schema":{"@context":"https:\/\/schema.org","@graph":[{"@type":"WebPage","@id":"https:\/\/www.marchantschmidt.com\/es\/product\/cheese-converting-es\/shredding-and-grating-es\/scale-feed-conveyors\/","url":"https:\/\/www.marchantschmidt.com\/es\/product\/cheese-converting-es\/shredding-and-grating-es\/scale-feed-conveyors\/","name":"Transportadores de Alimentaci\u00f3n con B\u00e1scula - Marchant Schmidt","isPartOf":{"@id":"https:\/\/www.marchantschmidt.com\/#website"},"primaryImageOfPage":{"@id":"https:\/\/www.marchantschmidt.com\/es\/product\/cheese-converting-es\/shredding-and-grating-es\/scale-feed-conveyors\/#primaryimage"},"image":{"@id":"https:\/\/www.marchantschmidt.com\/es\/product\/cheese-converting-es\/shredding-and-grating-es\/scale-feed-conveyors\/#primaryimage"},"thumbnailUrl":"https:\/\/www.marchantschmidt.com\/wp-content\/uploads\/2020\/08\/MS2500-FLAT-INFEED-SCALE-INCLINE-CONVEYOR.png","datePublished":"2020-08-06T18:37:02+00:00","dateModified":"2021-02-03T17:09:15+00:00","breadcrumb":{"@id":"https:\/\/www.marchantschmidt.com\/es\/product\/cheese-converting-es\/shredding-and-grating-es\/scale-feed-conveyors\/#breadcrumb"},"inLanguage":"es","potentialAction":[{"@type":"ReadAction","target":["https:\/\/www.marchantschmidt.com\/es\/product\/cheese-converting-es\/shredding-and-grating-es\/scale-feed-conveyors\/"]}]},{"@type":"ImageObject","inLanguage":"es","@id":"https:\/\/www.marchantschmidt.com\/es\/product\/cheese-converting-es\/shredding-and-grating-es\/scale-feed-conveyors\/#primaryimage","url":"https:\/\/www.marchantschmidt.com\/wp-content\/uploads\/2020\/08\/MS2500-FLAT-INFEED-SCALE-INCLINE-CONVEYOR.png","contentUrl":"https:\/\/www.marchantschmidt.com\/wp-content\/uploads\/2020\/08\/MS2500-FLAT-INFEED-SCALE-INCLINE-CONVEYOR.png","width":996,"height":1024},{"@type":"BreadcrumbList","@id":"https:\/\/www.marchantschmidt.com\/es\/product\/cheese-converting-es\/shredding-and-grating-es\/scale-feed-conveyors\/#breadcrumb","itemListElement":[{"@type":"ListItem","position":1,"name":"Home","item":"https:\/\/www.marchantschmidt.com\/es\/"},{"@type":"ListItem","position":2,"name":"Shop","item":"https:\/\/www.marchantschmidt.com\/?page_id=2232"},{"@type":"ListItem","position":3,"name":"Transportadores de Alimentaci\u00f3n con B\u00e1scula"}]},{"@type":"WebSite","@id":"https:\/\/www.marchantschmidt.com\/#website","url":"https:\/\/www.marchantschmidt.com\/","name":"Marchant Schmidt","description":"","publisher":{"@id":"https:\/\/www.marchantschmidt.com\/#organization"},"potentialAction":[{"@type":"SearchAction","target":{"@type":"EntryPoint","urlTemplate":"https:\/\/www.marchantschmidt.com\/?s={search_term_string}"},"query-input":{"@type":"PropertyValueSpecification","valueRequired":true,"valueName":"search_term_string"}}],"inLanguage":"es"},{"@type":"Organization","@id":"https:\/\/www.marchantschmidt.com\/#organization","name":"Marchant Schmidt, Inc.","url":"https:\/\/www.marchantschmidt.com\/","logo":{"@type":"ImageObject","inLanguage":"es","@id":"https:\/\/www.marchantschmidt.com\/#\/schema\/logo\/image\/","url":"https:\/\/www.marchantschmidt.com\/wp-content\/uploads\/2019\/08\/Marchant-Schmidt-Logo-Revised.png","contentUrl":"https:\/\/www.marchantschmidt.com\/wp-content\/uploads\/2019\/08\/Marchant-Schmidt-Logo-Revised.png","width":701,"height":117,"caption":"Marchant Schmidt, Inc."},"image":{"@id":"https:\/\/www.marchantschmidt.com\/#\/schema\/logo\/image\/"}}]}},"_links":{"self":[{"href":"https:\/\/www.marchantschmidt.com\/es\/wp-json\/wp\/v2\/product\/3389","targetHints":{"allow":["GET"]}}],"collection":[{"href":"https:\/\/www.marchantschmidt.com\/es\/wp-json\/wp\/v2\/product"}],"about":[{"href":"https:\/\/www.marchantschmidt.com\/es\/wp-json\/wp\/v2\/types\/product"}],"wp:featuredmedia":[{"embeddable":true,"href":"https:\/\/www.marchantschmidt.com\/es\/wp-json\/wp\/v2\/media\/8715"}],"wp:attachment":[{"href":"https:\/\/www.marchantschmidt.com\/es\/wp-json\/wp\/v2\/media?parent=3389"}],"wp:term":[{"taxonomy":"product_brand","embeddable":true,"href":"https:\/\/www.marchantschmidt.com\/es\/wp-json\/wp\/v2\/product_brand?post=3389"},{"taxonomy":"product_cat","embeddable":true,"href":"https:\/\/www.marchantschmidt.com\/es\/wp-json\/wp\/v2\/product_cat?post=3389"},{"taxonomy":"product_tag","embeddable":true,"href":"https:\/\/www.marchantschmidt.com\/es\/wp-json\/wp\/v2\/product_tag?post=3389"}],"curies":[{"name":"wp","href":"https:\/\/api.w.org\/{rel}","templated":true}]}}