{"id":3390,"date":"2020-08-06T18:35:05","date_gmt":"2020-08-06T18:35:05","guid":{"rendered":"https:\/\/www.marchantschmidt.com\/product\/sin%20categor\u00eda\/powder-and-liquid-applications\/"},"modified":"2021-02-03T17:09:39","modified_gmt":"2021-02-03T17:09:39","slug":"powder-and-liquid-applications","status":"publish","type":"product","link":"https:\/\/www.marchantschmidt.com\/es\/product\/cheese-converting-es\/shredding-and-grating-es\/powder-and-liquid-applications\/","title":{"rendered":"Aplicaciones para Polvos y L\u00edquidos"},"content":{"rendered":"<p>El dispensador de polvo aplica el polvo con precisi\u00f3n a trav\u00e9s de un proceso continuo. El operador descarga manualmente las bolsas de producto en la tolva. El polvo se descarga continuamente cuando se habilita una se\u00f1al de comando de control. Para aplicaciones con diferentes requisitos de polvo, se puede usar un variador de velocidad para cambiar la velocidad del sinf\u00edn alimentador, lo que afectar\u00e1 directamente la cantidad de polvo descargado. La m\u00e1quina se puede pedir con una descarga final de un solo punto o una descarga de l\u00ednea continua cuando se necesita una cobertura de \u00e1rea amplia. Para evitar la formaci\u00f3n de puentes o cavidades de polvo en la tolva se provee un sinf\u00edn que es alimentado por un motor separado. La vibraci\u00f3n neum\u00e1tica en el exterior de la tolva ayuda a un flujo adecuado. El sistema de aspersi\u00f3n utiliza una boquilla de atomizaci\u00f3n para dar a los productos alimenticios un recubrimiento continuo. El fluido se recircula a trav\u00e9s de la l\u00ednea de retorno de la boquilla para permitir que la viscosidad se mantenga constante y para evitar la formaci\u00f3n del producto. Se pueden lograr muchas relaciones producto &#8211; polvo de aplicaci\u00f3n y densidades diferentes ajustando el flujo de l\u00edquido y la presi\u00f3n neum\u00e1tica.<\/p>\n","protected":false},"excerpt":{"rendered":"El dispensador de polvo aplica el polvo con precisi\u00f3n a trav\u00e9s de un proceso continuo. El operador descarga manualmente las bolsas de producto en la tolva. El polvo se descarga continuamente cuando se habilita una se\u00f1al de comando de control. Para aplicaciones con diferentes requisitos de polvo, se puede usar un variador de velocidad para&#8230; ","protected":false},"featured_media":3150,"template":"","meta":{"_acf_changed":false},"product_brand":[],"product_cat":[184],"product_tag":[],"class_list":{"0":"post-3390","1":"product","2":"type-product","3":"status-publish","4":"has-post-thumbnail","6":"product_cat-shredding-and-grating-es","8":"first","9":"instock","10":"shipping-taxable","11":"product-type-simple"},"acf":[],"yoast_head":"<!-- This site is optimized with the Yoast SEO plugin v27.2 - https:\/\/yoast.com\/product\/yoast-seo-wordpress\/ -->\n<title>Aplicaciones para Polvos y L\u00edquidos - Marchant Schmidt<\/title>\n<meta name=\"robots\" content=\"index, follow, max-snippet:-1, max-image-preview:large, max-video-preview:-1\" \/>\n<link rel=\"canonical\" href=\"https:\/\/www.marchantschmidt.com\/es\/product\/cheese-converting-es\/shredding-and-grating-es\/powder-and-liquid-applications\/\" \/>\n<meta property=\"og:locale\" content=\"es_MX\" \/>\n<meta property=\"og:type\" content=\"article\" \/>\n<meta property=\"og:title\" content=\"Aplicaciones para Polvos y L\u00edquidos - Marchant Schmidt\" \/>\n<meta property=\"og:description\" content=\"El dispensador de polvo aplica el polvo con precisi\u00f3n a trav\u00e9s de un proceso continuo. El operador descarga manualmente las bolsas de producto en la tolva. El polvo se descarga continuamente cuando se habilita una se\u00f1al de comando de control. Para aplicaciones con diferentes requisitos de polvo, se puede usar un variador de velocidad para...\" \/>\n<meta property=\"og:url\" content=\"https:\/\/www.marchantschmidt.com\/es\/product\/cheese-converting-es\/shredding-and-grating-es\/powder-and-liquid-applications\/\" \/>\n<meta property=\"og:site_name\" content=\"Marchant Schmidt\" \/>\n<meta property=\"article:modified_time\" content=\"2021-02-03T17:09:39+00:00\" \/>\n<meta property=\"og:image\" content=\"https:\/\/www.marchantschmidt.com\/wp-content\/uploads\/2020\/08\/POWDER-AND-LIQUID-APPLICATIONS-MAIN.jpg\" \/>\n\t<meta property=\"og:image:width\" content=\"600\" \/>\n\t<meta property=\"og:image:height\" content=\"600\" \/>\n\t<meta property=\"og:image:type\" content=\"image\/jpeg\" \/>\n<meta name=\"twitter:card\" content=\"summary_large_image\" \/>\n<meta name=\"twitter:label1\" content=\"Tiempo de lectura\" \/>\n\t<meta name=\"twitter:data1\" content=\"1 minuto\" \/>\n<!-- \/ Yoast SEO plugin. -->","yoast_head_json":{"title":"Aplicaciones para Polvos y L\u00edquidos - Marchant Schmidt","robots":{"index":"index","follow":"follow","max-snippet":"max-snippet:-1","max-image-preview":"max-image-preview:large","max-video-preview":"max-video-preview:-1"},"canonical":"https:\/\/www.marchantschmidt.com\/es\/product\/cheese-converting-es\/shredding-and-grating-es\/powder-and-liquid-applications\/","og_locale":"es_MX","og_type":"article","og_title":"Aplicaciones para Polvos y L\u00edquidos - Marchant Schmidt","og_description":"El dispensador de polvo aplica el polvo con precisi\u00f3n a trav\u00e9s de un proceso continuo. El operador descarga manualmente las bolsas de producto en la tolva. El polvo se descarga continuamente cuando se habilita una se\u00f1al de comando de control. Para aplicaciones con diferentes requisitos de polvo, se puede usar un variador de velocidad para...","og_url":"https:\/\/www.marchantschmidt.com\/es\/product\/cheese-converting-es\/shredding-and-grating-es\/powder-and-liquid-applications\/","og_site_name":"Marchant Schmidt","article_modified_time":"2021-02-03T17:09:39+00:00","og_image":[{"width":600,"height":600,"url":"https:\/\/www.marchantschmidt.com\/wp-content\/uploads\/2020\/08\/POWDER-AND-LIQUID-APPLICATIONS-MAIN.jpg","type":"image\/jpeg"}],"twitter_card":"summary_large_image","twitter_misc":{"Tiempo de lectura":"1 minuto"},"schema":{"@context":"https:\/\/schema.org","@graph":[{"@type":"WebPage","@id":"https:\/\/www.marchantschmidt.com\/es\/product\/cheese-converting-es\/shredding-and-grating-es\/powder-and-liquid-applications\/","url":"https:\/\/www.marchantschmidt.com\/es\/product\/cheese-converting-es\/shredding-and-grating-es\/powder-and-liquid-applications\/","name":"Aplicaciones para Polvos y L\u00edquidos - Marchant Schmidt","isPartOf":{"@id":"https:\/\/www.marchantschmidt.com\/#website"},"primaryImageOfPage":{"@id":"https:\/\/www.marchantschmidt.com\/es\/product\/cheese-converting-es\/shredding-and-grating-es\/powder-and-liquid-applications\/#primaryimage"},"image":{"@id":"https:\/\/www.marchantschmidt.com\/es\/product\/cheese-converting-es\/shredding-and-grating-es\/powder-and-liquid-applications\/#primaryimage"},"thumbnailUrl":"https:\/\/www.marchantschmidt.com\/wp-content\/uploads\/2020\/08\/POWDER-AND-LIQUID-APPLICATIONS-MAIN.jpg","datePublished":"2020-08-06T18:35:05+00:00","dateModified":"2021-02-03T17:09:39+00:00","breadcrumb":{"@id":"https:\/\/www.marchantschmidt.com\/es\/product\/cheese-converting-es\/shredding-and-grating-es\/powder-and-liquid-applications\/#breadcrumb"},"inLanguage":"es","potentialAction":[{"@type":"ReadAction","target":["https:\/\/www.marchantschmidt.com\/es\/product\/cheese-converting-es\/shredding-and-grating-es\/powder-and-liquid-applications\/"]}]},{"@type":"ImageObject","inLanguage":"es","@id":"https:\/\/www.marchantschmidt.com\/es\/product\/cheese-converting-es\/shredding-and-grating-es\/powder-and-liquid-applications\/#primaryimage","url":"https:\/\/www.marchantschmidt.com\/wp-content\/uploads\/2020\/08\/POWDER-AND-LIQUID-APPLICATIONS-MAIN.jpg","contentUrl":"https:\/\/www.marchantschmidt.com\/wp-content\/uploads\/2020\/08\/POWDER-AND-LIQUID-APPLICATIONS-MAIN.jpg","width":600,"height":600,"caption":"powder and liquid application equipment used in cheese manufacturing"},{"@type":"BreadcrumbList","@id":"https:\/\/www.marchantschmidt.com\/es\/product\/cheese-converting-es\/shredding-and-grating-es\/powder-and-liquid-applications\/#breadcrumb","itemListElement":[{"@type":"ListItem","position":1,"name":"Home","item":"https:\/\/www.marchantschmidt.com\/es\/"},{"@type":"ListItem","position":2,"name":"Shop","item":"https:\/\/www.marchantschmidt.com\/?page_id=2232"},{"@type":"ListItem","position":3,"name":"Aplicaciones para Polvos y L\u00edquidos"}]},{"@type":"WebSite","@id":"https:\/\/www.marchantschmidt.com\/#website","url":"https:\/\/www.marchantschmidt.com\/","name":"Marchant Schmidt","description":"","publisher":{"@id":"https:\/\/www.marchantschmidt.com\/#organization"},"potentialAction":[{"@type":"SearchAction","target":{"@type":"EntryPoint","urlTemplate":"https:\/\/www.marchantschmidt.com\/?s={search_term_string}"},"query-input":{"@type":"PropertyValueSpecification","valueRequired":true,"valueName":"search_term_string"}}],"inLanguage":"es"},{"@type":"Organization","@id":"https:\/\/www.marchantschmidt.com\/#organization","name":"Marchant Schmidt, Inc.","url":"https:\/\/www.marchantschmidt.com\/","logo":{"@type":"ImageObject","inLanguage":"es","@id":"https:\/\/www.marchantschmidt.com\/#\/schema\/logo\/image\/","url":"https:\/\/www.marchantschmidt.com\/wp-content\/uploads\/2019\/08\/Marchant-Schmidt-Logo-Revised.png","contentUrl":"https:\/\/www.marchantschmidt.com\/wp-content\/uploads\/2019\/08\/Marchant-Schmidt-Logo-Revised.png","width":701,"height":117,"caption":"Marchant Schmidt, Inc."},"image":{"@id":"https:\/\/www.marchantschmidt.com\/#\/schema\/logo\/image\/"}}]}},"_links":{"self":[{"href":"https:\/\/www.marchantschmidt.com\/es\/wp-json\/wp\/v2\/product\/3390","targetHints":{"allow":["GET"]}}],"collection":[{"href":"https:\/\/www.marchantschmidt.com\/es\/wp-json\/wp\/v2\/product"}],"about":[{"href":"https:\/\/www.marchantschmidt.com\/es\/wp-json\/wp\/v2\/types\/product"}],"wp:featuredmedia":[{"embeddable":true,"href":"https:\/\/www.marchantschmidt.com\/es\/wp-json\/wp\/v2\/media\/3150"}],"wp:attachment":[{"href":"https:\/\/www.marchantschmidt.com\/es\/wp-json\/wp\/v2\/media?parent=3390"}],"wp:term":[{"taxonomy":"product_brand","embeddable":true,"href":"https:\/\/www.marchantschmidt.com\/es\/wp-json\/wp\/v2\/product_brand?post=3390"},{"taxonomy":"product_cat","embeddable":true,"href":"https:\/\/www.marchantschmidt.com\/es\/wp-json\/wp\/v2\/product_cat?post=3390"},{"taxonomy":"product_tag","embeddable":true,"href":"https:\/\/www.marchantschmidt.com\/es\/wp-json\/wp\/v2\/product_tag?post=3390"}],"curies":[{"name":"wp","href":"https:\/\/api.w.org\/{rel}","templated":true}]}}