{"id":3392,"date":"2020-08-06T18:21:02","date_gmt":"2020-08-06T18:21:02","guid":{"rendered":"https:\/\/www.marchantschmidt.com\/product\/sin%20categor\u00eda\/manual-block-barrel-cutter\/"},"modified":"2021-02-03T17:10:34","modified_gmt":"2021-02-03T17:10:34","slug":"manual-block-barrel-cutter","status":"publish","type":"product","link":"https:\/\/www.marchantschmidt.com\/es\/product\/cheese-converting-es\/loaf-and-portion\/profile-cutting-es\/manual-block-barrel-cutter\/","title":{"rendered":"Cortador Manual de Bloque o Barril de Queso"},"content":{"rendered":"<p>Se colocan los bloques de queso de 640 lbs en el transportador de alimentaci\u00f3n de rodillos, utilizando un dispositivo de elevaci\u00f3n adecuado para esta aplicaci\u00f3n. Se proporcionan sensores de luz para la seguridad del operador en la entrada y descarga. El bloque se empuja hacia el \u00e1rea de corte mediante un dado de empuje de acero inoxidable. El bloque se empuja a trav\u00e9s de una configuraci\u00f3n de Marco de alambre predeterminada. El bloque se mover\u00e1 horizontalmente a trav\u00e9s del marco de alambre hasta que el queso sea liberado por el alambre. El bloque se corta ahora en varios tama\u00f1os de porciones adecuados para su posterior proceso. El bloque se descarga en un carro de transferencia al final de la c\u00e1mara de corte. El bloque ahora se puede quitar del cortador usando un carro de transferencia. Se puede colocar un carro nuevo en la posici\u00f3n de descarga, y se vuelve a cargar otro bloque en la entrada del cortador y para repetir el proceso.<\/p>\n","protected":false},"excerpt":{"rendered":"Se colocan los bloques de queso de 640 lbs en el transportador de alimentaci\u00f3n de rodillos, utilizando un dispositivo de elevaci\u00f3n adecuado para esta aplicaci\u00f3n. Se proporcionan sensores de luz para la seguridad del operador en la entrada y descarga. El bloque se empuja hacia el \u00e1rea de corte mediante un dado de empuje de&#8230; ","protected":false},"featured_media":3163,"template":"","meta":{"_acf_changed":false},"product_brand":[],"product_cat":[185,186],"product_tag":[],"class_list":{"0":"post-3392","1":"product","2":"type-product","3":"status-publish","4":"has-post-thumbnail","6":"product_cat-640-cutters-es","7":"product_cat-profile-cutting-es","9":"first","10":"instock","11":"shipping-taxable","12":"product-type-simple"},"acf":[],"yoast_head":"<!-- This site is optimized with the Yoast SEO plugin v27.2 - https:\/\/yoast.com\/product\/yoast-seo-wordpress\/ -->\n<title>Cortador Manual de Bloque o Barril de Queso - Marchant Schmidt<\/title>\n<meta name=\"robots\" content=\"index, follow, max-snippet:-1, max-image-preview:large, max-video-preview:-1\" \/>\n<link rel=\"canonical\" href=\"https:\/\/www.marchantschmidt.com\/es\/product\/cheese-converting-es\/loaf-and-portion\/profile-cutting-es\/manual-block-barrel-cutter\/\" \/>\n<meta property=\"og:locale\" content=\"es_MX\" \/>\n<meta property=\"og:type\" content=\"article\" \/>\n<meta property=\"og:title\" content=\"Cortador Manual de Bloque o Barril de Queso - Marchant Schmidt\" \/>\n<meta property=\"og:description\" content=\"Se colocan los bloques de queso de 640 lbs en el transportador de alimentaci\u00f3n de rodillos, utilizando un dispositivo de elevaci\u00f3n adecuado para esta aplicaci\u00f3n. Se proporcionan sensores de luz para la seguridad del operador en la entrada y descarga. El bloque se empuja hacia el \u00e1rea de corte mediante un dado de empuje de...\" \/>\n<meta property=\"og:url\" content=\"https:\/\/www.marchantschmidt.com\/es\/product\/cheese-converting-es\/loaf-and-portion\/profile-cutting-es\/manual-block-barrel-cutter\/\" \/>\n<meta property=\"og:site_name\" content=\"Marchant Schmidt\" \/>\n<meta property=\"article:modified_time\" content=\"2021-02-03T17:10:34+00:00\" \/>\n<meta property=\"og:image\" content=\"https:\/\/www.marchantschmidt.com\/wp-content\/uploads\/2020\/08\/MANUAL-SINGLE-STAGE-640-CUTTER-MAIN.jpg\" \/>\n\t<meta property=\"og:image:width\" content=\"600\" \/>\n\t<meta property=\"og:image:height\" content=\"600\" \/>\n\t<meta property=\"og:image:type\" content=\"image\/jpeg\" \/>\n<meta name=\"twitter:card\" content=\"summary_large_image\" \/>\n<meta name=\"twitter:label1\" content=\"Tiempo de lectura\" \/>\n\t<meta name=\"twitter:data1\" content=\"1 minuto\" \/>\n<!-- \/ Yoast SEO plugin. -->","yoast_head_json":{"title":"Cortador Manual de Bloque o Barril de Queso - Marchant Schmidt","robots":{"index":"index","follow":"follow","max-snippet":"max-snippet:-1","max-image-preview":"max-image-preview:large","max-video-preview":"max-video-preview:-1"},"canonical":"https:\/\/www.marchantschmidt.com\/es\/product\/cheese-converting-es\/loaf-and-portion\/profile-cutting-es\/manual-block-barrel-cutter\/","og_locale":"es_MX","og_type":"article","og_title":"Cortador Manual de Bloque o Barril de Queso - Marchant Schmidt","og_description":"Se colocan los bloques de queso de 640 lbs en el transportador de alimentaci\u00f3n de rodillos, utilizando un dispositivo de elevaci\u00f3n adecuado para esta aplicaci\u00f3n. Se proporcionan sensores de luz para la seguridad del operador en la entrada y descarga. El bloque se empuja hacia el \u00e1rea de corte mediante un dado de empuje de...","og_url":"https:\/\/www.marchantschmidt.com\/es\/product\/cheese-converting-es\/loaf-and-portion\/profile-cutting-es\/manual-block-barrel-cutter\/","og_site_name":"Marchant Schmidt","article_modified_time":"2021-02-03T17:10:34+00:00","og_image":[{"width":600,"height":600,"url":"https:\/\/www.marchantschmidt.com\/wp-content\/uploads\/2020\/08\/MANUAL-SINGLE-STAGE-640-CUTTER-MAIN.jpg","type":"image\/jpeg"}],"twitter_card":"summary_large_image","twitter_misc":{"Tiempo de lectura":"1 minuto"},"schema":{"@context":"https:\/\/schema.org","@graph":[{"@type":"WebPage","@id":"https:\/\/www.marchantschmidt.com\/es\/product\/cheese-converting-es\/loaf-and-portion\/profile-cutting-es\/manual-block-barrel-cutter\/","url":"https:\/\/www.marchantschmidt.com\/es\/product\/cheese-converting-es\/loaf-and-portion\/profile-cutting-es\/manual-block-barrel-cutter\/","name":"Cortador Manual de Bloque o Barril de Queso - Marchant Schmidt","isPartOf":{"@id":"https:\/\/www.marchantschmidt.com\/#website"},"primaryImageOfPage":{"@id":"https:\/\/www.marchantschmidt.com\/es\/product\/cheese-converting-es\/loaf-and-portion\/profile-cutting-es\/manual-block-barrel-cutter\/#primaryimage"},"image":{"@id":"https:\/\/www.marchantschmidt.com\/es\/product\/cheese-converting-es\/loaf-and-portion\/profile-cutting-es\/manual-block-barrel-cutter\/#primaryimage"},"thumbnailUrl":"https:\/\/www.marchantschmidt.com\/wp-content\/uploads\/2020\/08\/MANUAL-SINGLE-STAGE-640-CUTTER-MAIN.jpg","datePublished":"2020-08-06T18:21:02+00:00","dateModified":"2021-02-03T17:10:34+00:00","breadcrumb":{"@id":"https:\/\/www.marchantschmidt.com\/es\/product\/cheese-converting-es\/loaf-and-portion\/profile-cutting-es\/manual-block-barrel-cutter\/#breadcrumb"},"inLanguage":"es","potentialAction":[{"@type":"ReadAction","target":["https:\/\/www.marchantschmidt.com\/es\/product\/cheese-converting-es\/loaf-and-portion\/profile-cutting-es\/manual-block-barrel-cutter\/"]}]},{"@type":"ImageObject","inLanguage":"es","@id":"https:\/\/www.marchantschmidt.com\/es\/product\/cheese-converting-es\/loaf-and-portion\/profile-cutting-es\/manual-block-barrel-cutter\/#primaryimage","url":"https:\/\/www.marchantschmidt.com\/wp-content\/uploads\/2020\/08\/MANUAL-SINGLE-STAGE-640-CUTTER-MAIN.jpg","contentUrl":"https:\/\/www.marchantschmidt.com\/wp-content\/uploads\/2020\/08\/MANUAL-SINGLE-STAGE-640-CUTTER-MAIN.jpg","width":600,"height":600,"caption":"640lb Block\/ 500lb barrel cutters"},{"@type":"BreadcrumbList","@id":"https:\/\/www.marchantschmidt.com\/es\/product\/cheese-converting-es\/loaf-and-portion\/profile-cutting-es\/manual-block-barrel-cutter\/#breadcrumb","itemListElement":[{"@type":"ListItem","position":1,"name":"Home","item":"https:\/\/www.marchantschmidt.com\/es\/"},{"@type":"ListItem","position":2,"name":"Shop","item":"https:\/\/www.marchantschmidt.com\/?page_id=2232"},{"@type":"ListItem","position":3,"name":"Cortador Manual de Bloque o Barril de Queso"}]},{"@type":"WebSite","@id":"https:\/\/www.marchantschmidt.com\/#website","url":"https:\/\/www.marchantschmidt.com\/","name":"Marchant Schmidt","description":"","publisher":{"@id":"https:\/\/www.marchantschmidt.com\/#organization"},"potentialAction":[{"@type":"SearchAction","target":{"@type":"EntryPoint","urlTemplate":"https:\/\/www.marchantschmidt.com\/?s={search_term_string}"},"query-input":{"@type":"PropertyValueSpecification","valueRequired":true,"valueName":"search_term_string"}}],"inLanguage":"es"},{"@type":"Organization","@id":"https:\/\/www.marchantschmidt.com\/#organization","name":"Marchant Schmidt, Inc.","url":"https:\/\/www.marchantschmidt.com\/","logo":{"@type":"ImageObject","inLanguage":"es","@id":"https:\/\/www.marchantschmidt.com\/#\/schema\/logo\/image\/","url":"https:\/\/www.marchantschmidt.com\/wp-content\/uploads\/2019\/08\/Marchant-Schmidt-Logo-Revised.png","contentUrl":"https:\/\/www.marchantschmidt.com\/wp-content\/uploads\/2019\/08\/Marchant-Schmidt-Logo-Revised.png","width":701,"height":117,"caption":"Marchant Schmidt, Inc."},"image":{"@id":"https:\/\/www.marchantschmidt.com\/#\/schema\/logo\/image\/"}}]}},"_links":{"self":[{"href":"https:\/\/www.marchantschmidt.com\/es\/wp-json\/wp\/v2\/product\/3392","targetHints":{"allow":["GET"]}}],"collection":[{"href":"https:\/\/www.marchantschmidt.com\/es\/wp-json\/wp\/v2\/product"}],"about":[{"href":"https:\/\/www.marchantschmidt.com\/es\/wp-json\/wp\/v2\/types\/product"}],"wp:featuredmedia":[{"embeddable":true,"href":"https:\/\/www.marchantschmidt.com\/es\/wp-json\/wp\/v2\/media\/3163"}],"wp:attachment":[{"href":"https:\/\/www.marchantschmidt.com\/es\/wp-json\/wp\/v2\/media?parent=3392"}],"wp:term":[{"taxonomy":"product_brand","embeddable":true,"href":"https:\/\/www.marchantschmidt.com\/es\/wp-json\/wp\/v2\/product_brand?post=3392"},{"taxonomy":"product_cat","embeddable":true,"href":"https:\/\/www.marchantschmidt.com\/es\/wp-json\/wp\/v2\/product_cat?post=3392"},{"taxonomy":"product_tag","embeddable":true,"href":"https:\/\/www.marchantschmidt.com\/es\/wp-json\/wp\/v2\/product_tag?post=3392"}],"curies":[{"name":"wp","href":"https:\/\/api.w.org\/{rel}","templated":true}]}}