{"id":3393,"date":"2020-08-06T18:17:10","date_gmt":"2020-08-06T18:17:10","guid":{"rendered":"https:\/\/www.marchantschmidt.com\/product\/sin%20categor\u00eda\/robotic-handling\/"},"modified":"2024-07-11T16:19:02","modified_gmt":"2024-07-11T16:19:02","slug":"robotic-handling","status":"publish","type":"product","link":"https:\/\/www.marchantschmidt.com\/es\/product\/cheese-converting-es\/cheese-handling-es\/robotic-handling\/","title":{"rendered":"Manejo por Robot"},"content":{"rendered":"<p>La rob\u00f3tica utilizada en aplicaciones de contacto directo con alimentos tiene requisitos higi\u00e9nicos especiales. Marchant Schmidt se especializa en dise\u00f1o ultra higi\u00e9nico desde los transportadores hasta las herramientas personalizadas para el extremo del brazo. Entendemos el riesgo de contaminaci\u00f3n de las herramientas finales rob\u00f3ticas t\u00edpicas y reconocemos el riesgo para su negocio. Puede estar seguro de que un sistema de Marchant Schmidt ser\u00e1 el m\u00e1s limpio y seguro. En la mayor\u00eda de los casos, nuestras soluciones de manipulaci\u00f3n rob\u00f3tica superan los niveles higi\u00e9nicos de la operaci\u00f3n manual.<\/p>\n<p>&nbsp;<\/p>\n","protected":false},"excerpt":{"rendered":"La rob\u00f3tica utilizada en aplicaciones de contacto directo con alimentos tiene requisitos higi\u00e9nicos especiales. Marchant Schmidt se especializa en dise\u00f1o ultra higi\u00e9nico desde los transportadores hasta las herramientas personalizadas para el extremo del brazo. Entendemos el riesgo de contaminaci\u00f3n de las herramientas finales rob\u00f3ticas t\u00edpicas y reconocemos el riesgo para su negocio. Puede estar seguro&#8230; ","protected":false},"featured_media":7812,"template":"","meta":{"_acf_changed":false},"product_brand":[],"product_cat":[187],"product_tag":[],"class_list":{"0":"post-3393","1":"product","2":"type-product","3":"status-publish","4":"has-post-thumbnail","6":"product_cat-cheese-handling-es","8":"first","9":"instock","10":"shipping-taxable","11":"product-type-simple"},"acf":[],"yoast_head":"<!-- This site is optimized with the Yoast SEO plugin v27.2 - https:\/\/yoast.com\/product\/yoast-seo-wordpress\/ -->\n<title>Manejo por Robot - Marchant Schmidt<\/title>\n<meta name=\"robots\" content=\"index, follow, max-snippet:-1, max-image-preview:large, max-video-preview:-1\" \/>\n<link rel=\"canonical\" href=\"https:\/\/www.marchantschmidt.com\/es\/product\/cheese-converting-es\/cheese-handling-es\/robotic-handling\/\" \/>\n<meta property=\"og:locale\" content=\"es_MX\" \/>\n<meta property=\"og:type\" content=\"article\" \/>\n<meta property=\"og:title\" content=\"Manejo por Robot - Marchant Schmidt\" \/>\n<meta property=\"og:description\" content=\"La rob\u00f3tica utilizada en aplicaciones de contacto directo con alimentos tiene requisitos higi\u00e9nicos especiales. Marchant Schmidt se especializa en dise\u00f1o ultra higi\u00e9nico desde los transportadores hasta las herramientas personalizadas para el extremo del brazo. Entendemos el riesgo de contaminaci\u00f3n de las herramientas finales rob\u00f3ticas t\u00edpicas y reconocemos el riesgo para su negocio. Puede estar seguro...\" \/>\n<meta property=\"og:url\" content=\"https:\/\/www.marchantschmidt.com\/es\/product\/cheese-converting-es\/cheese-handling-es\/robotic-handling\/\" \/>\n<meta property=\"og:site_name\" content=\"Marchant Schmidt\" \/>\n<meta property=\"article:modified_time\" content=\"2024-07-11T16:19:02+00:00\" \/>\n<meta property=\"og:image\" content=\"https:\/\/www.marchantschmidt.com\/wp-content\/uploads\/2019\/09\/QO19800555.388.jpg\" \/>\n\t<meta property=\"og:image:width\" content=\"1920\" \/>\n\t<meta property=\"og:image:height\" content=\"1080\" \/>\n\t<meta property=\"og:image:type\" content=\"image\/jpeg\" \/>\n<meta name=\"twitter:card\" content=\"summary_large_image\" \/>\n<meta name=\"twitter:label1\" content=\"Tiempo de lectura\" \/>\n\t<meta name=\"twitter:data1\" content=\"1 minuto\" \/>\n<!-- \/ Yoast SEO plugin. -->","yoast_head_json":{"title":"Manejo por Robot - Marchant Schmidt","robots":{"index":"index","follow":"follow","max-snippet":"max-snippet:-1","max-image-preview":"max-image-preview:large","max-video-preview":"max-video-preview:-1"},"canonical":"https:\/\/www.marchantschmidt.com\/es\/product\/cheese-converting-es\/cheese-handling-es\/robotic-handling\/","og_locale":"es_MX","og_type":"article","og_title":"Manejo por Robot - Marchant Schmidt","og_description":"La rob\u00f3tica utilizada en aplicaciones de contacto directo con alimentos tiene requisitos higi\u00e9nicos especiales. Marchant Schmidt se especializa en dise\u00f1o ultra higi\u00e9nico desde los transportadores hasta las herramientas personalizadas para el extremo del brazo. Entendemos el riesgo de contaminaci\u00f3n de las herramientas finales rob\u00f3ticas t\u00edpicas y reconocemos el riesgo para su negocio. Puede estar seguro...","og_url":"https:\/\/www.marchantschmidt.com\/es\/product\/cheese-converting-es\/cheese-handling-es\/robotic-handling\/","og_site_name":"Marchant Schmidt","article_modified_time":"2024-07-11T16:19:02+00:00","og_image":[{"width":1920,"height":1080,"url":"https:\/\/www.marchantschmidt.com\/wp-content\/uploads\/2019\/09\/QO19800555.388.jpg","type":"image\/jpeg"}],"twitter_card":"summary_large_image","twitter_misc":{"Tiempo de lectura":"1 minuto"},"schema":{"@context":"https:\/\/schema.org","@graph":[{"@type":"WebPage","@id":"https:\/\/www.marchantschmidt.com\/es\/product\/cheese-converting-es\/cheese-handling-es\/robotic-handling\/","url":"https:\/\/www.marchantschmidt.com\/es\/product\/cheese-converting-es\/cheese-handling-es\/robotic-handling\/","name":"Manejo por Robot - Marchant Schmidt","isPartOf":{"@id":"https:\/\/www.marchantschmidt.com\/#website"},"primaryImageOfPage":{"@id":"https:\/\/www.marchantschmidt.com\/es\/product\/cheese-converting-es\/cheese-handling-es\/robotic-handling\/#primaryimage"},"image":{"@id":"https:\/\/www.marchantschmidt.com\/es\/product\/cheese-converting-es\/cheese-handling-es\/robotic-handling\/#primaryimage"},"thumbnailUrl":"https:\/\/www.marchantschmidt.com\/wp-content\/uploads\/2019\/09\/QO19800555.388.jpg","datePublished":"2020-08-06T18:17:10+00:00","dateModified":"2024-07-11T16:19:02+00:00","breadcrumb":{"@id":"https:\/\/www.marchantschmidt.com\/es\/product\/cheese-converting-es\/cheese-handling-es\/robotic-handling\/#breadcrumb"},"inLanguage":"es","potentialAction":[{"@type":"ReadAction","target":["https:\/\/www.marchantschmidt.com\/es\/product\/cheese-converting-es\/cheese-handling-es\/robotic-handling\/"]}]},{"@type":"ImageObject","inLanguage":"es","@id":"https:\/\/www.marchantschmidt.com\/es\/product\/cheese-converting-es\/cheese-handling-es\/robotic-handling\/#primaryimage","url":"https:\/\/www.marchantschmidt.com\/wp-content\/uploads\/2019\/09\/QO19800555.388.jpg","contentUrl":"https:\/\/www.marchantschmidt.com\/wp-content\/uploads\/2019\/09\/QO19800555.388.jpg","width":1920,"height":1080},{"@type":"BreadcrumbList","@id":"https:\/\/www.marchantschmidt.com\/es\/product\/cheese-converting-es\/cheese-handling-es\/robotic-handling\/#breadcrumb","itemListElement":[{"@type":"ListItem","position":1,"name":"Home","item":"https:\/\/www.marchantschmidt.com\/es\/"},{"@type":"ListItem","position":2,"name":"Shop","item":"https:\/\/www.marchantschmidt.com\/?page_id=2232"},{"@type":"ListItem","position":3,"name":"Manejo por Robot"}]},{"@type":"WebSite","@id":"https:\/\/www.marchantschmidt.com\/#website","url":"https:\/\/www.marchantschmidt.com\/","name":"Marchant Schmidt","description":"","publisher":{"@id":"https:\/\/www.marchantschmidt.com\/#organization"},"potentialAction":[{"@type":"SearchAction","target":{"@type":"EntryPoint","urlTemplate":"https:\/\/www.marchantschmidt.com\/?s={search_term_string}"},"query-input":{"@type":"PropertyValueSpecification","valueRequired":true,"valueName":"search_term_string"}}],"inLanguage":"es"},{"@type":"Organization","@id":"https:\/\/www.marchantschmidt.com\/#organization","name":"Marchant Schmidt, Inc.","url":"https:\/\/www.marchantschmidt.com\/","logo":{"@type":"ImageObject","inLanguage":"es","@id":"https:\/\/www.marchantschmidt.com\/#\/schema\/logo\/image\/","url":"https:\/\/www.marchantschmidt.com\/wp-content\/uploads\/2019\/08\/Marchant-Schmidt-Logo-Revised.png","contentUrl":"https:\/\/www.marchantschmidt.com\/wp-content\/uploads\/2019\/08\/Marchant-Schmidt-Logo-Revised.png","width":701,"height":117,"caption":"Marchant Schmidt, Inc."},"image":{"@id":"https:\/\/www.marchantschmidt.com\/#\/schema\/logo\/image\/"}}]}},"_links":{"self":[{"href":"https:\/\/www.marchantschmidt.com\/es\/wp-json\/wp\/v2\/product\/3393","targetHints":{"allow":["GET"]}}],"collection":[{"href":"https:\/\/www.marchantschmidt.com\/es\/wp-json\/wp\/v2\/product"}],"about":[{"href":"https:\/\/www.marchantschmidt.com\/es\/wp-json\/wp\/v2\/types\/product"}],"wp:featuredmedia":[{"embeddable":true,"href":"https:\/\/www.marchantschmidt.com\/es\/wp-json\/wp\/v2\/media\/7812"}],"wp:attachment":[{"href":"https:\/\/www.marchantschmidt.com\/es\/wp-json\/wp\/v2\/media?parent=3393"}],"wp:term":[{"taxonomy":"product_brand","embeddable":true,"href":"https:\/\/www.marchantschmidt.com\/es\/wp-json\/wp\/v2\/product_brand?post=3393"},{"taxonomy":"product_cat","embeddable":true,"href":"https:\/\/www.marchantschmidt.com\/es\/wp-json\/wp\/v2\/product_cat?post=3393"},{"taxonomy":"product_tag","embeddable":true,"href":"https:\/\/www.marchantschmidt.com\/es\/wp-json\/wp\/v2\/product_tag?post=3393"}],"curies":[{"name":"wp","href":"https:\/\/api.w.org\/{rel}","templated":true}]}}