{"id":3396,"date":"2019-09-16T17:42:34","date_gmt":"2019-09-16T17:42:34","guid":{"rendered":"https:\/\/www.marchantschmidt.com\/product\/sin%20categor\u00eda\/ms40-80-120-cheese-cuber\/"},"modified":"2021-04-09T18:11:16","modified_gmt":"2021-04-09T18:11:16","slug":"ms40-80-120-cheese-cuber","status":"publish","type":"product","link":"https:\/\/www.marchantschmidt.com\/es\/product\/cheese-converting-es\/shredding-and-grating-es\/cubers-es\/ms40-80-120-cheese-cuber\/","title":{"rendered":"MS40\/80\/120 Cubicadora de Queso"},"content":{"rendered":"<p>El equipo Cubicador de queso MS40\/80\/120 siguen siendo una parte fundamental del proceso de conversi\u00f3n, ya que producen cubos con cortes muy limpios que crean la mejor apariencia de rallado y cubicado. La m\u00e1quina est\u00e1 ajustada de manera \u00f3ptima para bloques, ruedas y recortes sueltos. Los servos actuadores maximizan la producci\u00f3n con un movimiento perfilado personalizado. Esto permite que la m\u00e1quina ajuste la fuerza de corte y la velocidad de cada queso, lo que resulta en una producci\u00f3n m\u00e1s r\u00e1pida, con menos roturas de alambre y cubos de mejor calidad. Los marcos de corte intercambiables se utilizan para alternar el tama\u00f1o del cubo, lo que finalmente cambia la longitud del tama\u00f1o de la tira del queso rallado.<\/p>\n","protected":false},"excerpt":{"rendered":"El equipo Cubicador de queso MS40\/80\/120 siguen siendo una parte fundamental del proceso de conversi\u00f3n, ya que producen cubos con cortes muy limpios que crean la mejor apariencia de rallado y cubicado. La m\u00e1quina est\u00e1 ajustada de manera \u00f3ptima para bloques, ruedas y recortes sueltos. Los servos actuadores maximizan la producci\u00f3n con un movimiento perfilado&#8230; ","protected":false},"featured_media":2945,"template":"","meta":{"_acf_changed":false},"product_brand":[],"product_cat":[188],"product_tag":[],"class_list":{"0":"post-3396","1":"product","2":"type-product","3":"status-publish","4":"has-post-thumbnail","6":"product_cat-cubers-es","8":"first","9":"instock","10":"shipping-taxable","11":"product-type-simple"},"acf":[],"yoast_head":"<!-- This site is optimized with the Yoast SEO plugin v27.2 - https:\/\/yoast.com\/product\/yoast-seo-wordpress\/ -->\n<title>MS40\/80\/120 Cubicadora de Queso - Marchant Schmidt<\/title>\n<meta name=\"robots\" content=\"index, follow, max-snippet:-1, max-image-preview:large, max-video-preview:-1\" \/>\n<link rel=\"canonical\" href=\"https:\/\/www.marchantschmidt.com\/es\/product\/cheese-converting-es\/shredding-and-grating-es\/cubers-es\/ms40-80-120-cheese-cuber\/\" \/>\n<meta property=\"og:locale\" content=\"es_MX\" \/>\n<meta property=\"og:type\" content=\"article\" \/>\n<meta property=\"og:title\" content=\"MS40\/80\/120 Cubicadora de Queso - Marchant Schmidt\" \/>\n<meta property=\"og:description\" content=\"El equipo Cubicador de queso MS40\/80\/120 siguen siendo una parte fundamental del proceso de conversi\u00f3n, ya que producen cubos con cortes muy limpios que crean la mejor apariencia de rallado y cubicado. La m\u00e1quina est\u00e1 ajustada de manera \u00f3ptima para bloques, ruedas y recortes sueltos. Los servos actuadores maximizan la producci\u00f3n con un movimiento perfilado...\" \/>\n<meta property=\"og:url\" content=\"https:\/\/www.marchantschmidt.com\/es\/product\/cheese-converting-es\/shredding-and-grating-es\/cubers-es\/ms40-80-120-cheese-cuber\/\" \/>\n<meta property=\"og:site_name\" content=\"Marchant Schmidt\" \/>\n<meta property=\"article:modified_time\" content=\"2021-04-09T18:11:16+00:00\" \/>\n<meta property=\"og:image\" content=\"https:\/\/www.marchantschmidt.com\/wp-content\/uploads\/2019\/09\/ms80conventionalcheesecubing.jpg\" \/>\n\t<meta property=\"og:image:width\" content=\"600\" \/>\n\t<meta property=\"og:image:height\" content=\"600\" \/>\n\t<meta property=\"og:image:type\" content=\"image\/jpeg\" \/>\n<meta name=\"twitter:card\" content=\"summary_large_image\" \/>\n<meta name=\"twitter:label1\" content=\"Tiempo de lectura\" \/>\n\t<meta name=\"twitter:data1\" content=\"1 minuto\" \/>\n<!-- \/ Yoast SEO plugin. -->","yoast_head_json":{"title":"MS40\/80\/120 Cubicadora de Queso - Marchant Schmidt","robots":{"index":"index","follow":"follow","max-snippet":"max-snippet:-1","max-image-preview":"max-image-preview:large","max-video-preview":"max-video-preview:-1"},"canonical":"https:\/\/www.marchantschmidt.com\/es\/product\/cheese-converting-es\/shredding-and-grating-es\/cubers-es\/ms40-80-120-cheese-cuber\/","og_locale":"es_MX","og_type":"article","og_title":"MS40\/80\/120 Cubicadora de Queso - Marchant Schmidt","og_description":"El equipo Cubicador de queso MS40\/80\/120 siguen siendo una parte fundamental del proceso de conversi\u00f3n, ya que producen cubos con cortes muy limpios que crean la mejor apariencia de rallado y cubicado. La m\u00e1quina est\u00e1 ajustada de manera \u00f3ptima para bloques, ruedas y recortes sueltos. Los servos actuadores maximizan la producci\u00f3n con un movimiento perfilado...","og_url":"https:\/\/www.marchantschmidt.com\/es\/product\/cheese-converting-es\/shredding-and-grating-es\/cubers-es\/ms40-80-120-cheese-cuber\/","og_site_name":"Marchant Schmidt","article_modified_time":"2021-04-09T18:11:16+00:00","og_image":[{"width":600,"height":600,"url":"https:\/\/www.marchantschmidt.com\/wp-content\/uploads\/2019\/09\/ms80conventionalcheesecubing.jpg","type":"image\/jpeg"}],"twitter_card":"summary_large_image","twitter_misc":{"Tiempo de lectura":"1 minuto"},"schema":{"@context":"https:\/\/schema.org","@graph":[{"@type":"WebPage","@id":"https:\/\/www.marchantschmidt.com\/es\/product\/cheese-converting-es\/shredding-and-grating-es\/cubers-es\/ms40-80-120-cheese-cuber\/","url":"https:\/\/www.marchantschmidt.com\/es\/product\/cheese-converting-es\/shredding-and-grating-es\/cubers-es\/ms40-80-120-cheese-cuber\/","name":"MS40\/80\/120 Cubicadora de Queso - Marchant Schmidt","isPartOf":{"@id":"https:\/\/www.marchantschmidt.com\/#website"},"primaryImageOfPage":{"@id":"https:\/\/www.marchantschmidt.com\/es\/product\/cheese-converting-es\/shredding-and-grating-es\/cubers-es\/ms40-80-120-cheese-cuber\/#primaryimage"},"image":{"@id":"https:\/\/www.marchantschmidt.com\/es\/product\/cheese-converting-es\/shredding-and-grating-es\/cubers-es\/ms40-80-120-cheese-cuber\/#primaryimage"},"thumbnailUrl":"https:\/\/www.marchantschmidt.com\/wp-content\/uploads\/2019\/09\/ms80conventionalcheesecubing.jpg","datePublished":"2019-09-16T17:42:34+00:00","dateModified":"2021-04-09T18:11:16+00:00","breadcrumb":{"@id":"https:\/\/www.marchantschmidt.com\/es\/product\/cheese-converting-es\/shredding-and-grating-es\/cubers-es\/ms40-80-120-cheese-cuber\/#breadcrumb"},"inLanguage":"es","potentialAction":[{"@type":"ReadAction","target":["https:\/\/www.marchantschmidt.com\/es\/product\/cheese-converting-es\/shredding-and-grating-es\/cubers-es\/ms40-80-120-cheese-cuber\/"]}]},{"@type":"ImageObject","inLanguage":"es","@id":"https:\/\/www.marchantschmidt.com\/es\/product\/cheese-converting-es\/shredding-and-grating-es\/cubers-es\/ms40-80-120-cheese-cuber\/#primaryimage","url":"https:\/\/www.marchantschmidt.com\/wp-content\/uploads\/2019\/09\/ms80conventionalcheesecubing.jpg","contentUrl":"https:\/\/www.marchantschmidt.com\/wp-content\/uploads\/2019\/09\/ms80conventionalcheesecubing.jpg","width":600,"height":600,"caption":"industrial cheese cuber"},{"@type":"BreadcrumbList","@id":"https:\/\/www.marchantschmidt.com\/es\/product\/cheese-converting-es\/shredding-and-grating-es\/cubers-es\/ms40-80-120-cheese-cuber\/#breadcrumb","itemListElement":[{"@type":"ListItem","position":1,"name":"Home","item":"https:\/\/www.marchantschmidt.com\/es\/"},{"@type":"ListItem","position":2,"name":"Shop","item":"https:\/\/www.marchantschmidt.com\/?page_id=2232"},{"@type":"ListItem","position":3,"name":"MS40\/80\/120 Cubicadora de Queso"}]},{"@type":"WebSite","@id":"https:\/\/www.marchantschmidt.com\/#website","url":"https:\/\/www.marchantschmidt.com\/","name":"Marchant Schmidt","description":"","publisher":{"@id":"https:\/\/www.marchantschmidt.com\/#organization"},"potentialAction":[{"@type":"SearchAction","target":{"@type":"EntryPoint","urlTemplate":"https:\/\/www.marchantschmidt.com\/?s={search_term_string}"},"query-input":{"@type":"PropertyValueSpecification","valueRequired":true,"valueName":"search_term_string"}}],"inLanguage":"es"},{"@type":"Organization","@id":"https:\/\/www.marchantschmidt.com\/#organization","name":"Marchant Schmidt, Inc.","url":"https:\/\/www.marchantschmidt.com\/","logo":{"@type":"ImageObject","inLanguage":"es","@id":"https:\/\/www.marchantschmidt.com\/#\/schema\/logo\/image\/","url":"https:\/\/www.marchantschmidt.com\/wp-content\/uploads\/2019\/08\/Marchant-Schmidt-Logo-Revised.png","contentUrl":"https:\/\/www.marchantschmidt.com\/wp-content\/uploads\/2019\/08\/Marchant-Schmidt-Logo-Revised.png","width":701,"height":117,"caption":"Marchant Schmidt, Inc."},"image":{"@id":"https:\/\/www.marchantschmidt.com\/#\/schema\/logo\/image\/"}}]}},"_links":{"self":[{"href":"https:\/\/www.marchantschmidt.com\/es\/wp-json\/wp\/v2\/product\/3396","targetHints":{"allow":["GET"]}}],"collection":[{"href":"https:\/\/www.marchantschmidt.com\/es\/wp-json\/wp\/v2\/product"}],"about":[{"href":"https:\/\/www.marchantschmidt.com\/es\/wp-json\/wp\/v2\/types\/product"}],"wp:featuredmedia":[{"embeddable":true,"href":"https:\/\/www.marchantschmidt.com\/es\/wp-json\/wp\/v2\/media\/2945"}],"wp:attachment":[{"href":"https:\/\/www.marchantschmidt.com\/es\/wp-json\/wp\/v2\/media?parent=3396"}],"wp:term":[{"taxonomy":"product_brand","embeddable":true,"href":"https:\/\/www.marchantschmidt.com\/es\/wp-json\/wp\/v2\/product_brand?post=3396"},{"taxonomy":"product_cat","embeddable":true,"href":"https:\/\/www.marchantschmidt.com\/es\/wp-json\/wp\/v2\/product_cat?post=3396"},{"taxonomy":"product_tag","embeddable":true,"href":"https:\/\/www.marchantschmidt.com\/es\/wp-json\/wp\/v2\/product_tag?post=3396"}],"curies":[{"name":"wp","href":"https:\/\/api.w.org\/{rel}","templated":true}]}}