{"id":3397,"date":"2019-09-16T17:37:23","date_gmt":"2019-09-16T17:37:23","guid":{"rendered":"https:\/\/www.marchantschmidt.com\/product\/sin%20categor\u00eda\/ms25-cheese-cuber\/"},"modified":"2021-04-08T16:03:26","modified_gmt":"2021-04-08T16:03:26","slug":"ms25-cheese-cuber","status":"publish","type":"product","link":"https:\/\/www.marchantschmidt.com\/es\/product\/cheese-converting-es\/shredding-and-grating-es\/cubers-es\/ms25-cheese-cuber\/","title":{"rendered":"MS25 Cubicadora de Quesos"},"content":{"rendered":"<p>El Equipo Cubicador neum\u00e1tico MS25 reduce los bloques de queso mediano y blando a cubos de cortes limpios que crean la mejor apariencia de rallado y cubicado. El operador prepara el queso en los rodillos delante de la c\u00e1mara de corte y luego los coloca en su posici\u00f3n. Una vez que se inicia el ciclo, la m\u00e1quina empuja el queso hacia arriba a trav\u00e9s de la primera etapa, luego a trav\u00e9s de los alambres de corte de la segunda etapa. La m\u00e1quina puede ejecutar bloques, ruedas y recortes sueltos. Los marcos de corte intercambiables se utilizan para alternar el tama\u00f1o de los cubos, lo que finalmente cambia la longitud de la tira del queso rallado. Las mezclas de queso se pueden crear cortando previamente bloques. Un transportador dosificador integrado mezcla los cubos y entrega un flujo continuo de cubos a la trituradora o cortadora de cubos.<\/p>\n","protected":false},"excerpt":{"rendered":"El Equipo Cubicador neum\u00e1tico MS25 reduce los bloques de queso mediano y blando a cubos de cortes limpios que crean la mejor apariencia de rallado y cubicado. El operador prepara el queso en los rodillos delante de la c\u00e1mara de corte y luego los coloca en su posici\u00f3n. Una vez que se inicia el ciclo,&#8230; ","protected":false},"featured_media":2952,"template":"","meta":{"_acf_changed":false},"product_brand":[],"product_cat":[188],"product_tag":[],"class_list":{"0":"post-3397","1":"product","2":"type-product","3":"status-publish","4":"has-post-thumbnail","6":"product_cat-cubers-es","8":"first","9":"instock","10":"shipping-taxable","11":"product-type-simple"},"acf":[],"yoast_head":"<!-- This site is optimized with the Yoast SEO plugin v27.2 - https:\/\/yoast.com\/product\/yoast-seo-wordpress\/ -->\n<title>MS25 Cubicadora de Quesos - Marchant Schmidt<\/title>\n<meta name=\"robots\" content=\"index, follow, max-snippet:-1, max-image-preview:large, max-video-preview:-1\" \/>\n<link rel=\"canonical\" href=\"https:\/\/www.marchantschmidt.com\/es\/product\/cheese-converting-es\/shredding-and-grating-es\/cubers-es\/ms25-cheese-cuber\/\" \/>\n<meta property=\"og:locale\" content=\"es_MX\" \/>\n<meta property=\"og:type\" content=\"article\" \/>\n<meta property=\"og:title\" content=\"MS25 Cubicadora de Quesos - Marchant Schmidt\" \/>\n<meta property=\"og:description\" content=\"El Equipo Cubicador neum\u00e1tico MS25 reduce los bloques de queso mediano y blando a cubos de cortes limpios que crean la mejor apariencia de rallado y cubicado. El operador prepara el queso en los rodillos delante de la c\u00e1mara de corte y luego los coloca en su posici\u00f3n. Una vez que se inicia el ciclo,...\" \/>\n<meta property=\"og:url\" content=\"https:\/\/www.marchantschmidt.com\/es\/product\/cheese-converting-es\/shredding-and-grating-es\/cubers-es\/ms25-cheese-cuber\/\" \/>\n<meta property=\"og:site_name\" content=\"Marchant Schmidt\" \/>\n<meta property=\"article:modified_time\" content=\"2021-04-08T16:03:26+00:00\" \/>\n<meta property=\"og:image\" content=\"https:\/\/www.marchantschmidt.com\/wp-content\/uploads\/2020\/08\/MS25-CUBER-MAIN.jpg\" \/>\n\t<meta property=\"og:image:width\" content=\"600\" \/>\n\t<meta property=\"og:image:height\" content=\"600\" \/>\n\t<meta property=\"og:image:type\" content=\"image\/jpeg\" \/>\n<meta name=\"twitter:card\" content=\"summary_large_image\" \/>\n<meta name=\"twitter:label1\" content=\"Tiempo de lectura\" \/>\n\t<meta name=\"twitter:data1\" content=\"1 minuto\" \/>\n<!-- \/ Yoast SEO plugin. -->","yoast_head_json":{"title":"MS25 Cubicadora de Quesos - Marchant Schmidt","robots":{"index":"index","follow":"follow","max-snippet":"max-snippet:-1","max-image-preview":"max-image-preview:large","max-video-preview":"max-video-preview:-1"},"canonical":"https:\/\/www.marchantschmidt.com\/es\/product\/cheese-converting-es\/shredding-and-grating-es\/cubers-es\/ms25-cheese-cuber\/","og_locale":"es_MX","og_type":"article","og_title":"MS25 Cubicadora de Quesos - Marchant Schmidt","og_description":"El Equipo Cubicador neum\u00e1tico MS25 reduce los bloques de queso mediano y blando a cubos de cortes limpios que crean la mejor apariencia de rallado y cubicado. El operador prepara el queso en los rodillos delante de la c\u00e1mara de corte y luego los coloca en su posici\u00f3n. Una vez que se inicia el ciclo,...","og_url":"https:\/\/www.marchantschmidt.com\/es\/product\/cheese-converting-es\/shredding-and-grating-es\/cubers-es\/ms25-cheese-cuber\/","og_site_name":"Marchant Schmidt","article_modified_time":"2021-04-08T16:03:26+00:00","og_image":[{"width":600,"height":600,"url":"https:\/\/www.marchantschmidt.com\/wp-content\/uploads\/2020\/08\/MS25-CUBER-MAIN.jpg","type":"image\/jpeg"}],"twitter_card":"summary_large_image","twitter_misc":{"Tiempo de lectura":"1 minuto"},"schema":{"@context":"https:\/\/schema.org","@graph":[{"@type":"WebPage","@id":"https:\/\/www.marchantschmidt.com\/es\/product\/cheese-converting-es\/shredding-and-grating-es\/cubers-es\/ms25-cheese-cuber\/","url":"https:\/\/www.marchantschmidt.com\/es\/product\/cheese-converting-es\/shredding-and-grating-es\/cubers-es\/ms25-cheese-cuber\/","name":"MS25 Cubicadora de Quesos - Marchant Schmidt","isPartOf":{"@id":"https:\/\/www.marchantschmidt.com\/#website"},"primaryImageOfPage":{"@id":"https:\/\/www.marchantschmidt.com\/es\/product\/cheese-converting-es\/shredding-and-grating-es\/cubers-es\/ms25-cheese-cuber\/#primaryimage"},"image":{"@id":"https:\/\/www.marchantschmidt.com\/es\/product\/cheese-converting-es\/shredding-and-grating-es\/cubers-es\/ms25-cheese-cuber\/#primaryimage"},"thumbnailUrl":"https:\/\/www.marchantschmidt.com\/wp-content\/uploads\/2020\/08\/MS25-CUBER-MAIN.jpg","datePublished":"2019-09-16T17:37:23+00:00","dateModified":"2021-04-08T16:03:26+00:00","breadcrumb":{"@id":"https:\/\/www.marchantschmidt.com\/es\/product\/cheese-converting-es\/shredding-and-grating-es\/cubers-es\/ms25-cheese-cuber\/#breadcrumb"},"inLanguage":"es","potentialAction":[{"@type":"ReadAction","target":["https:\/\/www.marchantschmidt.com\/es\/product\/cheese-converting-es\/shredding-and-grating-es\/cubers-es\/ms25-cheese-cuber\/"]}]},{"@type":"ImageObject","inLanguage":"es","@id":"https:\/\/www.marchantschmidt.com\/es\/product\/cheese-converting-es\/shredding-and-grating-es\/cubers-es\/ms25-cheese-cuber\/#primaryimage","url":"https:\/\/www.marchantschmidt.com\/wp-content\/uploads\/2020\/08\/MS25-CUBER-MAIN.jpg","contentUrl":"https:\/\/www.marchantschmidt.com\/wp-content\/uploads\/2020\/08\/MS25-CUBER-MAIN.jpg","width":600,"height":600,"caption":"industrial cheese cuber"},{"@type":"BreadcrumbList","@id":"https:\/\/www.marchantschmidt.com\/es\/product\/cheese-converting-es\/shredding-and-grating-es\/cubers-es\/ms25-cheese-cuber\/#breadcrumb","itemListElement":[{"@type":"ListItem","position":1,"name":"Home","item":"https:\/\/www.marchantschmidt.com\/es\/"},{"@type":"ListItem","position":2,"name":"Shop","item":"https:\/\/www.marchantschmidt.com\/?page_id=2232"},{"@type":"ListItem","position":3,"name":"MS25 Cubicadora de Quesos"}]},{"@type":"WebSite","@id":"https:\/\/www.marchantschmidt.com\/#website","url":"https:\/\/www.marchantschmidt.com\/","name":"Marchant Schmidt","description":"","publisher":{"@id":"https:\/\/www.marchantschmidt.com\/#organization"},"potentialAction":[{"@type":"SearchAction","target":{"@type":"EntryPoint","urlTemplate":"https:\/\/www.marchantschmidt.com\/?s={search_term_string}"},"query-input":{"@type":"PropertyValueSpecification","valueRequired":true,"valueName":"search_term_string"}}],"inLanguage":"es"},{"@type":"Organization","@id":"https:\/\/www.marchantschmidt.com\/#organization","name":"Marchant Schmidt, Inc.","url":"https:\/\/www.marchantschmidt.com\/","logo":{"@type":"ImageObject","inLanguage":"es","@id":"https:\/\/www.marchantschmidt.com\/#\/schema\/logo\/image\/","url":"https:\/\/www.marchantschmidt.com\/wp-content\/uploads\/2019\/08\/Marchant-Schmidt-Logo-Revised.png","contentUrl":"https:\/\/www.marchantschmidt.com\/wp-content\/uploads\/2019\/08\/Marchant-Schmidt-Logo-Revised.png","width":701,"height":117,"caption":"Marchant Schmidt, Inc."},"image":{"@id":"https:\/\/www.marchantschmidt.com\/#\/schema\/logo\/image\/"}}]}},"_links":{"self":[{"href":"https:\/\/www.marchantschmidt.com\/es\/wp-json\/wp\/v2\/product\/3397","targetHints":{"allow":["GET"]}}],"collection":[{"href":"https:\/\/www.marchantschmidt.com\/es\/wp-json\/wp\/v2\/product"}],"about":[{"href":"https:\/\/www.marchantschmidt.com\/es\/wp-json\/wp\/v2\/types\/product"}],"wp:featuredmedia":[{"embeddable":true,"href":"https:\/\/www.marchantschmidt.com\/es\/wp-json\/wp\/v2\/media\/2952"}],"wp:attachment":[{"href":"https:\/\/www.marchantschmidt.com\/es\/wp-json\/wp\/v2\/media?parent=3397"}],"wp:term":[{"taxonomy":"product_brand","embeddable":true,"href":"https:\/\/www.marchantschmidt.com\/es\/wp-json\/wp\/v2\/product_brand?post=3397"},{"taxonomy":"product_cat","embeddable":true,"href":"https:\/\/www.marchantschmidt.com\/es\/wp-json\/wp\/v2\/product_cat?post=3397"},{"taxonomy":"product_tag","embeddable":true,"href":"https:\/\/www.marchantschmidt.com\/es\/wp-json\/wp\/v2\/product_tag?post=3397"}],"curies":[{"name":"wp","href":"https:\/\/api.w.org\/{rel}","templated":true}]}}