{"id":3408,"date":"2019-09-03T17:19:51","date_gmt":"2019-09-03T17:19:51","guid":{"rendered":"https:\/\/www.marchantschmidt.com\/product\/sin%20categor\u00eda\/semi-intelligent-wedge-cut\/"},"modified":"2023-01-04T19:19:18","modified_gmt":"2023-01-04T19:19:18","slug":"semi-intelligent-wedge-cut","status":"publish","type":"product","link":"https:\/\/www.marchantschmidt.com\/es\/product\/cheese-converting-es\/intelligent-cutting-systems-es\/semi-intelligent-wedge-cut\/","title":{"rendered":"Cortadora de Ruedas de Queso EC31"},"content":{"rendered":"<p>El EC31 es un sistema inteligente que pesa una rueda completa y crea una soluci\u00f3n de corte para porciones de peso fijo con un trozo de recorte sobrante. La m\u00e1quina tambi\u00e9n puede funcionar en modo de peso aleatorio para dividir la rueda en un n\u00famero preseleccionado de cu\u00f1as. Dise\u00f1o flexible que admite varios tama\u00f1os de rueda y porciones. Carga y descarga manual de ruedas de queso.<\/p>\n","protected":false},"excerpt":{"rendered":"El EC31 es un sistema inteligente que pesa una rueda completa y crea una soluci\u00f3n de corte para porciones de peso fijo con un trozo de recorte sobrante. La m\u00e1quina tambi\u00e9n puede funcionar en modo de peso aleatorio para dividir la rueda en un n\u00famero preseleccionado de cu\u00f1as. Dise\u00f1o flexible que admite varios tama\u00f1os de&#8230; ","protected":false},"featured_media":7651,"template":"","meta":{"_acf_changed":false},"product_brand":[],"product_cat":[182,183],"product_tag":[],"class_list":{"0":"post-3408","1":"product","2":"type-product","3":"status-publish","4":"has-post-thumbnail","6":"product_cat-intelligent-cutting-systems-es","7":"product_cat-wheel-wedge-cutting-es","9":"first","10":"instock","11":"product-type-simple"},"acf":[],"yoast_head":"<!-- This site is optimized with the Yoast SEO plugin v27.2 - https:\/\/yoast.com\/product\/yoast-seo-wordpress\/ -->\n<title>Cortadora de Ruedas de Queso EC31 - Marchant Schmidt<\/title>\n<meta name=\"robots\" content=\"index, follow, max-snippet:-1, max-image-preview:large, max-video-preview:-1\" \/>\n<link rel=\"canonical\" href=\"https:\/\/www.marchantschmidt.com\/es\/product\/cheese-converting-es\/intelligent-cutting-systems-es\/semi-intelligent-wedge-cut\/\" \/>\n<meta property=\"og:locale\" content=\"es_MX\" \/>\n<meta property=\"og:type\" content=\"article\" \/>\n<meta property=\"og:title\" content=\"Cortadora de Ruedas de Queso EC31 - Marchant Schmidt\" \/>\n<meta property=\"og:description\" content=\"El EC31 es un sistema inteligente que pesa una rueda completa y crea una soluci\u00f3n de corte para porciones de peso fijo con un trozo de recorte sobrante. La m\u00e1quina tambi\u00e9n puede funcionar en modo de peso aleatorio para dividir la rueda en un n\u00famero preseleccionado de cu\u00f1as. Dise\u00f1o flexible que admite varios tama\u00f1os de...\" \/>\n<meta property=\"og:url\" content=\"https:\/\/www.marchantschmidt.com\/es\/product\/cheese-converting-es\/intelligent-cutting-systems-es\/semi-intelligent-wedge-cut\/\" \/>\n<meta property=\"og:site_name\" content=\"Marchant Schmidt\" \/>\n<meta property=\"article:modified_time\" content=\"2023-01-04T19:19:18+00:00\" \/>\n<meta name=\"twitter:card\" content=\"summary_large_image\" \/>\n<meta name=\"twitter:label1\" content=\"Tiempo de lectura\" \/>\n\t<meta name=\"twitter:data1\" content=\"1 minuto\" \/>\n<!-- \/ Yoast SEO plugin. -->","yoast_head_json":{"title":"Cortadora de Ruedas de Queso EC31 - Marchant Schmidt","robots":{"index":"index","follow":"follow","max-snippet":"max-snippet:-1","max-image-preview":"max-image-preview:large","max-video-preview":"max-video-preview:-1"},"canonical":"https:\/\/www.marchantschmidt.com\/es\/product\/cheese-converting-es\/intelligent-cutting-systems-es\/semi-intelligent-wedge-cut\/","og_locale":"es_MX","og_type":"article","og_title":"Cortadora de Ruedas de Queso EC31 - Marchant Schmidt","og_description":"El EC31 es un sistema inteligente que pesa una rueda completa y crea una soluci\u00f3n de corte para porciones de peso fijo con un trozo de recorte sobrante. La m\u00e1quina tambi\u00e9n puede funcionar en modo de peso aleatorio para dividir la rueda en un n\u00famero preseleccionado de cu\u00f1as. Dise\u00f1o flexible que admite varios tama\u00f1os de...","og_url":"https:\/\/www.marchantschmidt.com\/es\/product\/cheese-converting-es\/intelligent-cutting-systems-es\/semi-intelligent-wedge-cut\/","og_site_name":"Marchant Schmidt","article_modified_time":"2023-01-04T19:19:18+00:00","twitter_card":"summary_large_image","twitter_misc":{"Tiempo de lectura":"1 minuto"},"schema":{"@context":"https:\/\/schema.org","@graph":[{"@type":"WebPage","@id":"https:\/\/www.marchantschmidt.com\/es\/product\/cheese-converting-es\/intelligent-cutting-systems-es\/semi-intelligent-wedge-cut\/","url":"https:\/\/www.marchantschmidt.com\/es\/product\/cheese-converting-es\/intelligent-cutting-systems-es\/semi-intelligent-wedge-cut\/","name":"Cortadora de Ruedas de Queso EC31 - Marchant Schmidt","isPartOf":{"@id":"https:\/\/www.marchantschmidt.com\/#website"},"primaryImageOfPage":{"@id":"https:\/\/www.marchantschmidt.com\/es\/product\/cheese-converting-es\/intelligent-cutting-systems-es\/semi-intelligent-wedge-cut\/#primaryimage"},"image":{"@id":"https:\/\/www.marchantschmidt.com\/es\/product\/cheese-converting-es\/intelligent-cutting-systems-es\/semi-intelligent-wedge-cut\/#primaryimage"},"thumbnailUrl":"https:\/\/www.marchantschmidt.com\/wp-content\/uploads\/2019\/09\/2022-EC31-WEDGE-CUTTER-CATEGORY-ICON.jpg","datePublished":"2019-09-03T17:19:51+00:00","dateModified":"2023-01-04T19:19:18+00:00","breadcrumb":{"@id":"https:\/\/www.marchantschmidt.com\/es\/product\/cheese-converting-es\/intelligent-cutting-systems-es\/semi-intelligent-wedge-cut\/#breadcrumb"},"inLanguage":"es","potentialAction":[{"@type":"ReadAction","target":["https:\/\/www.marchantschmidt.com\/es\/product\/cheese-converting-es\/intelligent-cutting-systems-es\/semi-intelligent-wedge-cut\/"]}]},{"@type":"ImageObject","inLanguage":"es","@id":"https:\/\/www.marchantschmidt.com\/es\/product\/cheese-converting-es\/intelligent-cutting-systems-es\/semi-intelligent-wedge-cut\/#primaryimage","url":"https:\/\/www.marchantschmidt.com\/wp-content\/uploads\/2019\/09\/2022-EC31-WEDGE-CUTTER-CATEGORY-ICON.jpg","contentUrl":"https:\/\/www.marchantschmidt.com\/wp-content\/uploads\/2019\/09\/2022-EC31-WEDGE-CUTTER-CATEGORY-ICON.jpg","width":1920,"height":1920},{"@type":"BreadcrumbList","@id":"https:\/\/www.marchantschmidt.com\/es\/product\/cheese-converting-es\/intelligent-cutting-systems-es\/semi-intelligent-wedge-cut\/#breadcrumb","itemListElement":[{"@type":"ListItem","position":1,"name":"Home","item":"https:\/\/www.marchantschmidt.com\/es\/"},{"@type":"ListItem","position":2,"name":"Shop","item":"https:\/\/www.marchantschmidt.com\/?page_id=2232"},{"@type":"ListItem","position":3,"name":"Cortadora de Ruedas de Queso EC31"}]},{"@type":"WebSite","@id":"https:\/\/www.marchantschmidt.com\/#website","url":"https:\/\/www.marchantschmidt.com\/","name":"Marchant Schmidt","description":"","publisher":{"@id":"https:\/\/www.marchantschmidt.com\/#organization"},"potentialAction":[{"@type":"SearchAction","target":{"@type":"EntryPoint","urlTemplate":"https:\/\/www.marchantschmidt.com\/?s={search_term_string}"},"query-input":{"@type":"PropertyValueSpecification","valueRequired":true,"valueName":"search_term_string"}}],"inLanguage":"es"},{"@type":"Organization","@id":"https:\/\/www.marchantschmidt.com\/#organization","name":"Marchant Schmidt, Inc.","url":"https:\/\/www.marchantschmidt.com\/","logo":{"@type":"ImageObject","inLanguage":"es","@id":"https:\/\/www.marchantschmidt.com\/#\/schema\/logo\/image\/","url":"https:\/\/www.marchantschmidt.com\/wp-content\/uploads\/2019\/08\/Marchant-Schmidt-Logo-Revised.png","contentUrl":"https:\/\/www.marchantschmidt.com\/wp-content\/uploads\/2019\/08\/Marchant-Schmidt-Logo-Revised.png","width":701,"height":117,"caption":"Marchant Schmidt, Inc."},"image":{"@id":"https:\/\/www.marchantschmidt.com\/#\/schema\/logo\/image\/"}}]}},"_links":{"self":[{"href":"https:\/\/www.marchantschmidt.com\/es\/wp-json\/wp\/v2\/product\/3408","targetHints":{"allow":["GET"]}}],"collection":[{"href":"https:\/\/www.marchantschmidt.com\/es\/wp-json\/wp\/v2\/product"}],"about":[{"href":"https:\/\/www.marchantschmidt.com\/es\/wp-json\/wp\/v2\/types\/product"}],"wp:featuredmedia":[{"embeddable":true,"href":"https:\/\/www.marchantschmidt.com\/es\/wp-json\/wp\/v2\/media\/7651"}],"wp:attachment":[{"href":"https:\/\/www.marchantschmidt.com\/es\/wp-json\/wp\/v2\/media?parent=3408"}],"wp:term":[{"taxonomy":"product_brand","embeddable":true,"href":"https:\/\/www.marchantschmidt.com\/es\/wp-json\/wp\/v2\/product_brand?post=3408"},{"taxonomy":"product_cat","embeddable":true,"href":"https:\/\/www.marchantschmidt.com\/es\/wp-json\/wp\/v2\/product_cat?post=3408"},{"taxonomy":"product_tag","embeddable":true,"href":"https:\/\/www.marchantschmidt.com\/es\/wp-json\/wp\/v2\/product_tag?post=3408"}],"curies":[{"name":"wp","href":"https:\/\/api.w.org\/{rel}","templated":true}]}}