{"id":3410,"date":"2019-09-03T17:19:51","date_gmt":"2019-09-03T17:19:51","guid":{"rendered":"https:\/\/www.marchantschmidt.com\/product\/sin%20categor\u00eda\/ec17-cheese-profile-cutter\/"},"modified":"2021-04-05T19:55:03","modified_gmt":"2021-04-05T19:55:03","slug":"ec17-cheese-profile-cutter","status":"publish","type":"product","link":"https:\/\/www.marchantschmidt.com\/es\/product\/cheese-converting-es\/loaf-and-portion\/profile-cutting-es\/ec17-cheese-profile-cutter\/","title":{"rendered":"EC17 Cortadora de Queso de Perfiles"},"content":{"rendered":"<p>El EC17 reduce eficientemente bloques de queso en barras. La m\u00e1quina es ideal como cortadora previa para aplicaciones como rebanar queso y cortar porciones de queso. El operador coloca los bloques de queso contra la gu\u00eda met\u00e1lica de la banda transportadora de alimentaci\u00f3n. El queso avanza hacia la c\u00e1mara de corte cuando la m\u00e1quina est\u00e1 disponible. Los bloques se centran autom\u00e1ticamente para una distribuci\u00f3n uniforme del corte y luego se empujan a trav\u00e9s de un marco de corte de alambre de cambio r\u00e1pido. Cuando est\u00e1 habilitado, el mecanismo de corte autom\u00e1tico para la mitad tambi\u00e9n centra el alambre horizontal. Un mecanismo de empuje dedicado libera una capa a la vez. Un robot recoge las barras individuales, orienta el queso con el lado cortado hacia abajo y los suelta. Algunas aplicaciones requieren que el queso se libere como una sola barra, mientras que otras aplicaciones necesitan que se construya un nuevo patr\u00f3n antes de lanzar un lote de queso.<\/p>\n","protected":false},"excerpt":{"rendered":"El EC17 reduce eficientemente bloques de queso en barras. La m\u00e1quina es ideal como cortadora previa para aplicaciones como rebanar queso y cortar porciones de queso. El operador coloca los bloques de queso contra la gu\u00eda met\u00e1lica de la banda transportadora de alimentaci\u00f3n. El queso avanza hacia la c\u00e1mara de corte cuando la m\u00e1quina est\u00e1&#8230; ","protected":false},"featured_media":7806,"template":"","meta":{"_acf_changed":false},"product_brand":[],"product_cat":[186,189],"product_tag":[],"class_list":{"0":"post-3410","1":"product","2":"type-product","3":"status-publish","4":"has-post-thumbnail","6":"product_cat-profile-cutting-es","7":"product_cat-profile-cutting-es-2","9":"first","10":"instock","11":"product-type-simple"},"acf":[],"yoast_head":"<!-- This site is optimized with the Yoast SEO plugin v27.2 - https:\/\/yoast.com\/product\/yoast-seo-wordpress\/ -->\n<title>EC17 Cortadora de Queso de Perfiles - Marchant Schmidt<\/title>\n<meta name=\"robots\" content=\"index, follow, max-snippet:-1, max-image-preview:large, max-video-preview:-1\" \/>\n<link rel=\"canonical\" href=\"https:\/\/www.marchantschmidt.com\/es\/product\/cheese-converting-es\/loaf-and-portion\/profile-cutting-es\/ec17-cheese-profile-cutter\/\" \/>\n<meta property=\"og:locale\" content=\"es_MX\" \/>\n<meta property=\"og:type\" content=\"article\" \/>\n<meta property=\"og:title\" content=\"EC17 Cortadora de Queso de Perfiles - Marchant Schmidt\" \/>\n<meta property=\"og:description\" content=\"El EC17 reduce eficientemente bloques de queso en barras. La m\u00e1quina es ideal como cortadora previa para aplicaciones como rebanar queso y cortar porciones de queso. El operador coloca los bloques de queso contra la gu\u00eda met\u00e1lica de la banda transportadora de alimentaci\u00f3n. El queso avanza hacia la c\u00e1mara de corte cuando la m\u00e1quina est\u00e1...\" \/>\n<meta property=\"og:url\" content=\"https:\/\/www.marchantschmidt.com\/es\/product\/cheese-converting-es\/loaf-and-portion\/profile-cutting-es\/ec17-cheese-profile-cutter\/\" \/>\n<meta property=\"og:site_name\" content=\"Marchant Schmidt\" \/>\n<meta property=\"article:modified_time\" content=\"2021-04-05T19:55:03+00:00\" \/>\n<meta property=\"og:image\" content=\"https:\/\/www.marchantschmidt.com\/wp-content\/uploads\/2019\/09\/EC17-PROFILE-CUTTER-DETAIL-1.jpg\" \/>\n\t<meta property=\"og:image:width\" content=\"1200\" \/>\n\t<meta property=\"og:image:height\" content=\"675\" \/>\n\t<meta property=\"og:image:type\" content=\"image\/jpeg\" \/>\n<meta name=\"twitter:card\" content=\"summary_large_image\" \/>\n<meta name=\"twitter:label1\" content=\"Tiempo de lectura\" \/>\n\t<meta name=\"twitter:data1\" content=\"1 minuto\" \/>\n<!-- \/ Yoast SEO plugin. -->","yoast_head_json":{"title":"EC17 Cortadora de Queso de Perfiles - Marchant Schmidt","robots":{"index":"index","follow":"follow","max-snippet":"max-snippet:-1","max-image-preview":"max-image-preview:large","max-video-preview":"max-video-preview:-1"},"canonical":"https:\/\/www.marchantschmidt.com\/es\/product\/cheese-converting-es\/loaf-and-portion\/profile-cutting-es\/ec17-cheese-profile-cutter\/","og_locale":"es_MX","og_type":"article","og_title":"EC17 Cortadora de Queso de Perfiles - Marchant Schmidt","og_description":"El EC17 reduce eficientemente bloques de queso en barras. La m\u00e1quina es ideal como cortadora previa para aplicaciones como rebanar queso y cortar porciones de queso. El operador coloca los bloques de queso contra la gu\u00eda met\u00e1lica de la banda transportadora de alimentaci\u00f3n. El queso avanza hacia la c\u00e1mara de corte cuando la m\u00e1quina est\u00e1...","og_url":"https:\/\/www.marchantschmidt.com\/es\/product\/cheese-converting-es\/loaf-and-portion\/profile-cutting-es\/ec17-cheese-profile-cutter\/","og_site_name":"Marchant Schmidt","article_modified_time":"2021-04-05T19:55:03+00:00","og_image":[{"width":1200,"height":675,"url":"https:\/\/www.marchantschmidt.com\/wp-content\/uploads\/2019\/09\/EC17-PROFILE-CUTTER-DETAIL-1.jpg","type":"image\/jpeg"}],"twitter_card":"summary_large_image","twitter_misc":{"Tiempo de lectura":"1 minuto"},"schema":{"@context":"https:\/\/schema.org","@graph":[{"@type":"WebPage","@id":"https:\/\/www.marchantschmidt.com\/es\/product\/cheese-converting-es\/loaf-and-portion\/profile-cutting-es\/ec17-cheese-profile-cutter\/","url":"https:\/\/www.marchantschmidt.com\/es\/product\/cheese-converting-es\/loaf-and-portion\/profile-cutting-es\/ec17-cheese-profile-cutter\/","name":"EC17 Cortadora de Queso de Perfiles - Marchant Schmidt","isPartOf":{"@id":"https:\/\/www.marchantschmidt.com\/#website"},"primaryImageOfPage":{"@id":"https:\/\/www.marchantschmidt.com\/es\/product\/cheese-converting-es\/loaf-and-portion\/profile-cutting-es\/ec17-cheese-profile-cutter\/#primaryimage"},"image":{"@id":"https:\/\/www.marchantschmidt.com\/es\/product\/cheese-converting-es\/loaf-and-portion\/profile-cutting-es\/ec17-cheese-profile-cutter\/#primaryimage"},"thumbnailUrl":"https:\/\/www.marchantschmidt.com\/wp-content\/uploads\/2023\/03\/2023-EC17-CUTTER-CATEGORY-ICON-1.jpg","datePublished":"2019-09-03T17:19:51+00:00","dateModified":"2021-04-05T19:55:03+00:00","breadcrumb":{"@id":"https:\/\/www.marchantschmidt.com\/es\/product\/cheese-converting-es\/loaf-and-portion\/profile-cutting-es\/ec17-cheese-profile-cutter\/#breadcrumb"},"inLanguage":"es","potentialAction":[{"@type":"ReadAction","target":["https:\/\/www.marchantschmidt.com\/es\/product\/cheese-converting-es\/loaf-and-portion\/profile-cutting-es\/ec17-cheese-profile-cutter\/"]}]},{"@type":"ImageObject","inLanguage":"es","@id":"https:\/\/www.marchantschmidt.com\/es\/product\/cheese-converting-es\/loaf-and-portion\/profile-cutting-es\/ec17-cheese-profile-cutter\/#primaryimage","url":"https:\/\/www.marchantschmidt.com\/wp-content\/uploads\/2023\/03\/2023-EC17-CUTTER-CATEGORY-ICON-1.jpg","contentUrl":"https:\/\/www.marchantschmidt.com\/wp-content\/uploads\/2023\/03\/2023-EC17-CUTTER-CATEGORY-ICON-1.jpg","width":1920,"height":1080},{"@type":"BreadcrumbList","@id":"https:\/\/www.marchantschmidt.com\/es\/product\/cheese-converting-es\/loaf-and-portion\/profile-cutting-es\/ec17-cheese-profile-cutter\/#breadcrumb","itemListElement":[{"@type":"ListItem","position":1,"name":"Home","item":"https:\/\/www.marchantschmidt.com\/es\/"},{"@type":"ListItem","position":2,"name":"Shop","item":"https:\/\/www.marchantschmidt.com\/?page_id=2232"},{"@type":"ListItem","position":3,"name":"EC17 Cortadora de Queso de Perfiles"}]},{"@type":"WebSite","@id":"https:\/\/www.marchantschmidt.com\/#website","url":"https:\/\/www.marchantschmidt.com\/","name":"Marchant Schmidt","description":"","publisher":{"@id":"https:\/\/www.marchantschmidt.com\/#organization"},"potentialAction":[{"@type":"SearchAction","target":{"@type":"EntryPoint","urlTemplate":"https:\/\/www.marchantschmidt.com\/?s={search_term_string}"},"query-input":{"@type":"PropertyValueSpecification","valueRequired":true,"valueName":"search_term_string"}}],"inLanguage":"es"},{"@type":"Organization","@id":"https:\/\/www.marchantschmidt.com\/#organization","name":"Marchant Schmidt, Inc.","url":"https:\/\/www.marchantschmidt.com\/","logo":{"@type":"ImageObject","inLanguage":"es","@id":"https:\/\/www.marchantschmidt.com\/#\/schema\/logo\/image\/","url":"https:\/\/www.marchantschmidt.com\/wp-content\/uploads\/2019\/08\/Marchant-Schmidt-Logo-Revised.png","contentUrl":"https:\/\/www.marchantschmidt.com\/wp-content\/uploads\/2019\/08\/Marchant-Schmidt-Logo-Revised.png","width":701,"height":117,"caption":"Marchant Schmidt, Inc."},"image":{"@id":"https:\/\/www.marchantschmidt.com\/#\/schema\/logo\/image\/"}}]}},"_links":{"self":[{"href":"https:\/\/www.marchantschmidt.com\/es\/wp-json\/wp\/v2\/product\/3410","targetHints":{"allow":["GET"]}}],"collection":[{"href":"https:\/\/www.marchantschmidt.com\/es\/wp-json\/wp\/v2\/product"}],"about":[{"href":"https:\/\/www.marchantschmidt.com\/es\/wp-json\/wp\/v2\/types\/product"}],"wp:featuredmedia":[{"embeddable":true,"href":"https:\/\/www.marchantschmidt.com\/es\/wp-json\/wp\/v2\/media\/7806"}],"wp:attachment":[{"href":"https:\/\/www.marchantschmidt.com\/es\/wp-json\/wp\/v2\/media?parent=3410"}],"wp:term":[{"taxonomy":"product_brand","embeddable":true,"href":"https:\/\/www.marchantschmidt.com\/es\/wp-json\/wp\/v2\/product_brand?post=3410"},{"taxonomy":"product_cat","embeddable":true,"href":"https:\/\/www.marchantschmidt.com\/es\/wp-json\/wp\/v2\/product_cat?post=3410"},{"taxonomy":"product_tag","embeddable":true,"href":"https:\/\/www.marchantschmidt.com\/es\/wp-json\/wp\/v2\/product_tag?post=3410"}],"curies":[{"name":"wp","href":"https:\/\/api.w.org\/{rel}","templated":true}]}}