{"id":3411,"date":"2019-09-03T17:19:51","date_gmt":"2019-09-03T17:19:51","guid":{"rendered":"https:\/\/www.marchantschmidt.com\/product\/sin%20categor\u00eda\/ec16-cheese-profile-cutter\/"},"modified":"2021-04-05T19:49:11","modified_gmt":"2021-04-05T19:49:11","slug":"ec16-cheese-profile-cutter","status":"publish","type":"product","link":"https:\/\/www.marchantschmidt.com\/es\/product\/cheese-converting-es\/loaf-and-portion\/wire-portion-cutting-es\/ec16-cheese-profile-cutter\/","title":{"rendered":"EC16 Cortadora de Queso de Perfiles"},"content":{"rendered":"<p>El EC16 reduce eficientemente bloques de queso en barras. La m\u00e1quina es ideal como cortadora previa para aplicaciones como rebanar queso y cortar porciones de queso. El operador coloca bloques de queso contra el tope de la banda transportadora de alimentaci\u00f3n. El queso avanza hacia la c\u00e1mara de corte cuando finaliza el ciclo de corte anterior. Los bloques se centran autom\u00e1ticamente para una distribuci\u00f3n uniforme del corte y luego se empujan a trav\u00e9s de un marco de corte de alambre de cambio r\u00e1pido. Cuando est\u00e1 habilitado, el mecanismo de corte autom\u00e1tico de la mitad tambi\u00e9n centra el alambre horizontal. Un mecanismo de empuje dedicado env\u00eda una capa a la vez a los rodillos de descarga. Un transportador opcional est\u00e1 disponible para alimentar autom\u00e1ticamente la maquinaria de corte. La m\u00e1quina est\u00e1 completamente protegida y est\u00e1 habilitada para el lavado directo.<\/p>\n","protected":false},"excerpt":{"rendered":"El EC16 reduce eficientemente bloques de queso en barras. La m\u00e1quina es ideal como cortadora previa para aplicaciones como rebanar queso y cortar porciones de queso. El operador coloca bloques de queso contra el tope de la banda transportadora de alimentaci\u00f3n. El queso avanza hacia la c\u00e1mara de corte cuando finaliza el ciclo de corte&#8230; ","protected":false},"featured_media":7668,"template":"","meta":{"_acf_changed":false},"product_brand":[],"product_cat":[186,189,175],"product_tag":[],"class_list":{"0":"post-3411","1":"product","2":"type-product","3":"status-publish","4":"has-post-thumbnail","6":"product_cat-profile-cutting-es","7":"product_cat-profile-cutting-es-2","8":"product_cat-wire-portion-cutting-es","10":"first","11":"instock","12":"product-type-simple"},"acf":[],"yoast_head":"<!-- This site is optimized with the Yoast SEO plugin v27.2 - https:\/\/yoast.com\/product\/yoast-seo-wordpress\/ -->\n<title>EC16 Cortadora de Queso de Perfiles - Marchant Schmidt<\/title>\n<meta name=\"robots\" content=\"index, follow, max-snippet:-1, max-image-preview:large, max-video-preview:-1\" \/>\n<link rel=\"canonical\" href=\"https:\/\/www.marchantschmidt.com\/es\/product\/cheese-converting-es\/loaf-and-portion\/wire-portion-cutting-es\/ec16-cheese-profile-cutter\/\" \/>\n<meta property=\"og:locale\" content=\"es_MX\" \/>\n<meta property=\"og:type\" content=\"article\" \/>\n<meta property=\"og:title\" content=\"EC16 Cortadora de Queso de Perfiles - Marchant Schmidt\" \/>\n<meta property=\"og:description\" content=\"El EC16 reduce eficientemente bloques de queso en barras. La m\u00e1quina es ideal como cortadora previa para aplicaciones como rebanar queso y cortar porciones de queso. El operador coloca bloques de queso contra el tope de la banda transportadora de alimentaci\u00f3n. El queso avanza hacia la c\u00e1mara de corte cuando finaliza el ciclo de corte...\" \/>\n<meta property=\"og:url\" content=\"https:\/\/www.marchantschmidt.com\/es\/product\/cheese-converting-es\/loaf-and-portion\/wire-portion-cutting-es\/ec16-cheese-profile-cutter\/\" \/>\n<meta property=\"og:site_name\" content=\"Marchant Schmidt\" \/>\n<meta property=\"article:modified_time\" content=\"2021-04-05T19:49:11+00:00\" \/>\n<meta property=\"og:image\" content=\"https:\/\/www.marchantschmidt.com\/wp-content\/uploads\/2019\/09\/EC16-PROFILE-CUTTER-WITH-HMI.jpg\" \/>\n\t<meta property=\"og:image:width\" content=\"800\" \/>\n\t<meta property=\"og:image:height\" content=\"800\" \/>\n\t<meta property=\"og:image:type\" content=\"image\/jpeg\" \/>\n<meta name=\"twitter:card\" content=\"summary_large_image\" \/>\n<meta name=\"twitter:label1\" content=\"Tiempo de lectura\" \/>\n\t<meta name=\"twitter:data1\" content=\"1 minuto\" \/>\n<!-- \/ Yoast SEO plugin. -->","yoast_head_json":{"title":"EC16 Cortadora de Queso de Perfiles - Marchant Schmidt","robots":{"index":"index","follow":"follow","max-snippet":"max-snippet:-1","max-image-preview":"max-image-preview:large","max-video-preview":"max-video-preview:-1"},"canonical":"https:\/\/www.marchantschmidt.com\/es\/product\/cheese-converting-es\/loaf-and-portion\/wire-portion-cutting-es\/ec16-cheese-profile-cutter\/","og_locale":"es_MX","og_type":"article","og_title":"EC16 Cortadora de Queso de Perfiles - Marchant Schmidt","og_description":"El EC16 reduce eficientemente bloques de queso en barras. La m\u00e1quina es ideal como cortadora previa para aplicaciones como rebanar queso y cortar porciones de queso. El operador coloca bloques de queso contra el tope de la banda transportadora de alimentaci\u00f3n. El queso avanza hacia la c\u00e1mara de corte cuando finaliza el ciclo de corte...","og_url":"https:\/\/www.marchantschmidt.com\/es\/product\/cheese-converting-es\/loaf-and-portion\/wire-portion-cutting-es\/ec16-cheese-profile-cutter\/","og_site_name":"Marchant Schmidt","article_modified_time":"2021-04-05T19:49:11+00:00","og_image":[{"width":800,"height":800,"url":"https:\/\/www.marchantschmidt.com\/wp-content\/uploads\/2019\/09\/EC16-PROFILE-CUTTER-WITH-HMI.jpg","type":"image\/jpeg"}],"twitter_card":"summary_large_image","twitter_misc":{"Tiempo de lectura":"1 minuto"},"schema":{"@context":"https:\/\/schema.org","@graph":[{"@type":"WebPage","@id":"https:\/\/www.marchantschmidt.com\/es\/product\/cheese-converting-es\/loaf-and-portion\/wire-portion-cutting-es\/ec16-cheese-profile-cutter\/","url":"https:\/\/www.marchantschmidt.com\/es\/product\/cheese-converting-es\/loaf-and-portion\/wire-portion-cutting-es\/ec16-cheese-profile-cutter\/","name":"EC16 Cortadora de Queso de Perfiles - Marchant Schmidt","isPartOf":{"@id":"https:\/\/www.marchantschmidt.com\/#website"},"primaryImageOfPage":{"@id":"https:\/\/www.marchantschmidt.com\/es\/product\/cheese-converting-es\/loaf-and-portion\/wire-portion-cutting-es\/ec16-cheese-profile-cutter\/#primaryimage"},"image":{"@id":"https:\/\/www.marchantschmidt.com\/es\/product\/cheese-converting-es\/loaf-and-portion\/wire-portion-cutting-es\/ec16-cheese-profile-cutter\/#primaryimage"},"thumbnailUrl":"https:\/\/www.marchantschmidt.com\/wp-content\/uploads\/2022\/12\/EC16-NEW-2022.jpg","datePublished":"2019-09-03T17:19:51+00:00","dateModified":"2021-04-05T19:49:11+00:00","breadcrumb":{"@id":"https:\/\/www.marchantschmidt.com\/es\/product\/cheese-converting-es\/loaf-and-portion\/wire-portion-cutting-es\/ec16-cheese-profile-cutter\/#breadcrumb"},"inLanguage":"es","potentialAction":[{"@type":"ReadAction","target":["https:\/\/www.marchantschmidt.com\/es\/product\/cheese-converting-es\/loaf-and-portion\/wire-portion-cutting-es\/ec16-cheese-profile-cutter\/"]}]},{"@type":"ImageObject","inLanguage":"es","@id":"https:\/\/www.marchantschmidt.com\/es\/product\/cheese-converting-es\/loaf-and-portion\/wire-portion-cutting-es\/ec16-cheese-profile-cutter\/#primaryimage","url":"https:\/\/www.marchantschmidt.com\/wp-content\/uploads\/2022\/12\/EC16-NEW-2022.jpg","contentUrl":"https:\/\/www.marchantschmidt.com\/wp-content\/uploads\/2022\/12\/EC16-NEW-2022.jpg","width":1920,"height":1081},{"@type":"BreadcrumbList","@id":"https:\/\/www.marchantschmidt.com\/es\/product\/cheese-converting-es\/loaf-and-portion\/wire-portion-cutting-es\/ec16-cheese-profile-cutter\/#breadcrumb","itemListElement":[{"@type":"ListItem","position":1,"name":"Home","item":"https:\/\/www.marchantschmidt.com\/es\/"},{"@type":"ListItem","position":2,"name":"Shop","item":"https:\/\/www.marchantschmidt.com\/?page_id=2232"},{"@type":"ListItem","position":3,"name":"EC16 Cortadora de Queso de Perfiles"}]},{"@type":"WebSite","@id":"https:\/\/www.marchantschmidt.com\/#website","url":"https:\/\/www.marchantschmidt.com\/","name":"Marchant Schmidt","description":"","publisher":{"@id":"https:\/\/www.marchantschmidt.com\/#organization"},"potentialAction":[{"@type":"SearchAction","target":{"@type":"EntryPoint","urlTemplate":"https:\/\/www.marchantschmidt.com\/?s={search_term_string}"},"query-input":{"@type":"PropertyValueSpecification","valueRequired":true,"valueName":"search_term_string"}}],"inLanguage":"es"},{"@type":"Organization","@id":"https:\/\/www.marchantschmidt.com\/#organization","name":"Marchant Schmidt, Inc.","url":"https:\/\/www.marchantschmidt.com\/","logo":{"@type":"ImageObject","inLanguage":"es","@id":"https:\/\/www.marchantschmidt.com\/#\/schema\/logo\/image\/","url":"https:\/\/www.marchantschmidt.com\/wp-content\/uploads\/2019\/08\/Marchant-Schmidt-Logo-Revised.png","contentUrl":"https:\/\/www.marchantschmidt.com\/wp-content\/uploads\/2019\/08\/Marchant-Schmidt-Logo-Revised.png","width":701,"height":117,"caption":"Marchant Schmidt, Inc."},"image":{"@id":"https:\/\/www.marchantschmidt.com\/#\/schema\/logo\/image\/"}}]}},"_links":{"self":[{"href":"https:\/\/www.marchantschmidt.com\/es\/wp-json\/wp\/v2\/product\/3411","targetHints":{"allow":["GET"]}}],"collection":[{"href":"https:\/\/www.marchantschmidt.com\/es\/wp-json\/wp\/v2\/product"}],"about":[{"href":"https:\/\/www.marchantschmidt.com\/es\/wp-json\/wp\/v2\/types\/product"}],"wp:featuredmedia":[{"embeddable":true,"href":"https:\/\/www.marchantschmidt.com\/es\/wp-json\/wp\/v2\/media\/7668"}],"wp:attachment":[{"href":"https:\/\/www.marchantschmidt.com\/es\/wp-json\/wp\/v2\/media?parent=3411"}],"wp:term":[{"taxonomy":"product_brand","embeddable":true,"href":"https:\/\/www.marchantschmidt.com\/es\/wp-json\/wp\/v2\/product_brand?post=3411"},{"taxonomy":"product_cat","embeddable":true,"href":"https:\/\/www.marchantschmidt.com\/es\/wp-json\/wp\/v2\/product_cat?post=3411"},{"taxonomy":"product_tag","embeddable":true,"href":"https:\/\/www.marchantschmidt.com\/es\/wp-json\/wp\/v2\/product_tag?post=3411"}],"curies":[{"name":"wp","href":"https:\/\/api.w.org\/{rel}","templated":true}]}}