{"id":3414,"date":"2019-09-03T17:19:51","date_gmt":"2019-09-03T17:19:51","guid":{"rendered":"https:\/\/www.marchantschmidt.com\/product\/sin%20categor\u00eda\/ec10-single-stage-cheese-cutter\/"},"modified":"2021-04-08T16:10:55","modified_gmt":"2021-04-08T16:10:55","slug":"ec10-single-stage-cheese-cutter","status":"publish","type":"product","link":"https:\/\/www.marchantschmidt.com\/es\/product\/cheese-converting-es\/loaf-and-portion\/ec10-single-stage-cheese-cutter\/","title":{"rendered":"Cortadora de Queso de Perfiles EC10"},"content":{"rendered":"<p>La EC10 es una m\u00e1quina horizontal simple de una sola etapa que reduce bloques de queso en barras. Una gu\u00eda mec\u00e1nica ayuda al operador a colocar el bloque sin cortar en la posici\u00f3n correcta. Despu\u00e9s de cerrar la tapa de seguridad, la m\u00e1quina inicia autom\u00e1ticamente el ciclo de corte. Un mecanismo opcional de corte autom\u00e1tico de la mitad levanta el alambre de corte horizontal para producir dos capas de altura similar. El Producto Cortado se descarga hacia la secci\u00f3n de rodillos. Una vez finalizado el ciclo de corte, la puerta de alimentaci\u00f3n se abre autom\u00e1ticamente para que el operador pueda recargar r\u00e1pidamente la m\u00e1quina.<\/p>\n","protected":false},"excerpt":{"rendered":"La EC10 es una m\u00e1quina horizontal simple de una sola etapa que reduce bloques de queso en barras. Una gu\u00eda mec\u00e1nica ayuda al operador a colocar el bloque sin cortar en la posici\u00f3n correcta. Despu\u00e9s de cerrar la tapa de seguridad, la m\u00e1quina inicia autom\u00e1ticamente el ciclo de corte. Un mecanismo opcional de corte autom\u00e1tico&#8230; ","protected":false},"featured_media":7682,"template":"","meta":{"_acf_changed":false},"product_brand":[],"product_cat":[190],"product_tag":[],"class_list":{"0":"post-3414","1":"product","2":"type-product","3":"status-publish","4":"has-post-thumbnail","6":"product_cat-loaf-and-portion","8":"first","9":"instock","10":"product-type-simple"},"acf":[],"yoast_head":"<!-- This site is optimized with the Yoast SEO plugin v27.2 - https:\/\/yoast.com\/product\/yoast-seo-wordpress\/ -->\n<title>Cortadora de Queso de Perfiles EC10 - Marchant Schmidt<\/title>\n<meta name=\"robots\" content=\"index, follow, max-snippet:-1, max-image-preview:large, max-video-preview:-1\" \/>\n<link rel=\"canonical\" href=\"https:\/\/www.marchantschmidt.com\/es\/product\/cheese-converting-es\/loaf-and-portion\/ec10-single-stage-cheese-cutter\/\" \/>\n<meta property=\"og:locale\" content=\"es_MX\" \/>\n<meta property=\"og:type\" content=\"article\" \/>\n<meta property=\"og:title\" content=\"Cortadora de Queso de Perfiles EC10 - Marchant Schmidt\" \/>\n<meta property=\"og:description\" content=\"La EC10 es una m\u00e1quina horizontal simple de una sola etapa que reduce bloques de queso en barras. Una gu\u00eda mec\u00e1nica ayuda al operador a colocar el bloque sin cortar en la posici\u00f3n correcta. Despu\u00e9s de cerrar la tapa de seguridad, la m\u00e1quina inicia autom\u00e1ticamente el ciclo de corte. Un mecanismo opcional de corte autom\u00e1tico...\" \/>\n<meta property=\"og:url\" content=\"https:\/\/www.marchantschmidt.com\/es\/product\/cheese-converting-es\/loaf-and-portion\/ec10-single-stage-cheese-cutter\/\" \/>\n<meta property=\"og:site_name\" content=\"Marchant Schmidt\" \/>\n<meta property=\"article:modified_time\" content=\"2021-04-08T16:10:55+00:00\" \/>\n<meta property=\"og:image\" content=\"https:\/\/www.marchantschmidt.com\/wp-content\/uploads\/2020\/08\/EC10-SINGLE-STAGE-CUTTER-MAIN.jpg\" \/>\n\t<meta property=\"og:image:width\" content=\"600\" \/>\n\t<meta property=\"og:image:height\" content=\"600\" \/>\n\t<meta property=\"og:image:type\" content=\"image\/jpeg\" \/>\n<meta name=\"twitter:card\" content=\"summary_large_image\" \/>\n<meta name=\"twitter:label1\" content=\"Tiempo de lectura\" \/>\n\t<meta name=\"twitter:data1\" content=\"1 minuto\" \/>\n<!-- \/ Yoast SEO plugin. -->","yoast_head_json":{"title":"Cortadora de Queso de Perfiles EC10 - Marchant Schmidt","robots":{"index":"index","follow":"follow","max-snippet":"max-snippet:-1","max-image-preview":"max-image-preview:large","max-video-preview":"max-video-preview:-1"},"canonical":"https:\/\/www.marchantschmidt.com\/es\/product\/cheese-converting-es\/loaf-and-portion\/ec10-single-stage-cheese-cutter\/","og_locale":"es_MX","og_type":"article","og_title":"Cortadora de Queso de Perfiles EC10 - Marchant Schmidt","og_description":"La EC10 es una m\u00e1quina horizontal simple de una sola etapa que reduce bloques de queso en barras. Una gu\u00eda mec\u00e1nica ayuda al operador a colocar el bloque sin cortar en la posici\u00f3n correcta. Despu\u00e9s de cerrar la tapa de seguridad, la m\u00e1quina inicia autom\u00e1ticamente el ciclo de corte. Un mecanismo opcional de corte autom\u00e1tico...","og_url":"https:\/\/www.marchantschmidt.com\/es\/product\/cheese-converting-es\/loaf-and-portion\/ec10-single-stage-cheese-cutter\/","og_site_name":"Marchant Schmidt","article_modified_time":"2021-04-08T16:10:55+00:00","og_image":[{"width":600,"height":600,"url":"https:\/\/www.marchantschmidt.com\/wp-content\/uploads\/2020\/08\/EC10-SINGLE-STAGE-CUTTER-MAIN.jpg","type":"image\/jpeg"}],"twitter_card":"summary_large_image","twitter_misc":{"Tiempo de lectura":"1 minuto"},"schema":{"@context":"https:\/\/schema.org","@graph":[{"@type":"WebPage","@id":"https:\/\/www.marchantschmidt.com\/es\/product\/cheese-converting-es\/loaf-and-portion\/ec10-single-stage-cheese-cutter\/","url":"https:\/\/www.marchantschmidt.com\/es\/product\/cheese-converting-es\/loaf-and-portion\/ec10-single-stage-cheese-cutter\/","name":"Cortadora de Queso de Perfiles EC10 - Marchant Schmidt","isPartOf":{"@id":"https:\/\/www.marchantschmidt.com\/#website"},"primaryImageOfPage":{"@id":"https:\/\/www.marchantschmidt.com\/es\/product\/cheese-converting-es\/loaf-and-portion\/ec10-single-stage-cheese-cutter\/#primaryimage"},"image":{"@id":"https:\/\/www.marchantschmidt.com\/es\/product\/cheese-converting-es\/loaf-and-portion\/ec10-single-stage-cheese-cutter\/#primaryimage"},"thumbnailUrl":"https:\/\/www.marchantschmidt.com\/wp-content\/uploads\/2019\/09\/QO1817315-DOORS-OPEN.94.jpg","datePublished":"2019-09-03T17:19:51+00:00","dateModified":"2021-04-08T16:10:55+00:00","breadcrumb":{"@id":"https:\/\/www.marchantschmidt.com\/es\/product\/cheese-converting-es\/loaf-and-portion\/ec10-single-stage-cheese-cutter\/#breadcrumb"},"inLanguage":"es","potentialAction":[{"@type":"ReadAction","target":["https:\/\/www.marchantschmidt.com\/es\/product\/cheese-converting-es\/loaf-and-portion\/ec10-single-stage-cheese-cutter\/"]}]},{"@type":"ImageObject","inLanguage":"es","@id":"https:\/\/www.marchantschmidt.com\/es\/product\/cheese-converting-es\/loaf-and-portion\/ec10-single-stage-cheese-cutter\/#primaryimage","url":"https:\/\/www.marchantschmidt.com\/wp-content\/uploads\/2019\/09\/QO1817315-DOORS-OPEN.94.jpg","contentUrl":"https:\/\/www.marchantschmidt.com\/wp-content\/uploads\/2019\/09\/QO1817315-DOORS-OPEN.94.jpg","width":1920,"height":1080},{"@type":"BreadcrumbList","@id":"https:\/\/www.marchantschmidt.com\/es\/product\/cheese-converting-es\/loaf-and-portion\/ec10-single-stage-cheese-cutter\/#breadcrumb","itemListElement":[{"@type":"ListItem","position":1,"name":"Home","item":"https:\/\/www.marchantschmidt.com\/es\/"},{"@type":"ListItem","position":2,"name":"Shop","item":"https:\/\/www.marchantschmidt.com\/?page_id=2232"},{"@type":"ListItem","position":3,"name":"Cortadora de Queso de Perfiles EC10"}]},{"@type":"WebSite","@id":"https:\/\/www.marchantschmidt.com\/#website","url":"https:\/\/www.marchantschmidt.com\/","name":"Marchant Schmidt","description":"","publisher":{"@id":"https:\/\/www.marchantschmidt.com\/#organization"},"potentialAction":[{"@type":"SearchAction","target":{"@type":"EntryPoint","urlTemplate":"https:\/\/www.marchantschmidt.com\/?s={search_term_string}"},"query-input":{"@type":"PropertyValueSpecification","valueRequired":true,"valueName":"search_term_string"}}],"inLanguage":"es"},{"@type":"Organization","@id":"https:\/\/www.marchantschmidt.com\/#organization","name":"Marchant Schmidt, Inc.","url":"https:\/\/www.marchantschmidt.com\/","logo":{"@type":"ImageObject","inLanguage":"es","@id":"https:\/\/www.marchantschmidt.com\/#\/schema\/logo\/image\/","url":"https:\/\/www.marchantschmidt.com\/wp-content\/uploads\/2019\/08\/Marchant-Schmidt-Logo-Revised.png","contentUrl":"https:\/\/www.marchantschmidt.com\/wp-content\/uploads\/2019\/08\/Marchant-Schmidt-Logo-Revised.png","width":701,"height":117,"caption":"Marchant Schmidt, Inc."},"image":{"@id":"https:\/\/www.marchantschmidt.com\/#\/schema\/logo\/image\/"}}]}},"_links":{"self":[{"href":"https:\/\/www.marchantschmidt.com\/es\/wp-json\/wp\/v2\/product\/3414","targetHints":{"allow":["GET"]}}],"collection":[{"href":"https:\/\/www.marchantschmidt.com\/es\/wp-json\/wp\/v2\/product"}],"about":[{"href":"https:\/\/www.marchantschmidt.com\/es\/wp-json\/wp\/v2\/types\/product"}],"wp:featuredmedia":[{"embeddable":true,"href":"https:\/\/www.marchantschmidt.com\/es\/wp-json\/wp\/v2\/media\/7682"}],"wp:attachment":[{"href":"https:\/\/www.marchantschmidt.com\/es\/wp-json\/wp\/v2\/media?parent=3414"}],"wp:term":[{"taxonomy":"product_brand","embeddable":true,"href":"https:\/\/www.marchantschmidt.com\/es\/wp-json\/wp\/v2\/product_brand?post=3414"},{"taxonomy":"product_cat","embeddable":true,"href":"https:\/\/www.marchantschmidt.com\/es\/wp-json\/wp\/v2\/product_cat?post=3414"},{"taxonomy":"product_tag","embeddable":true,"href":"https:\/\/www.marchantschmidt.com\/es\/wp-json\/wp\/v2\/product_tag?post=3414"}],"curies":[{"name":"wp","href":"https:\/\/api.w.org\/{rel}","templated":true}]}}