{"id":3415,"date":"2019-09-03T17:19:51","date_gmt":"2019-09-03T17:19:51","guid":{"rendered":"https:\/\/www.marchantschmidt.com\/product\/sin%20categor\u00eda\/ec01-manual-cheese-cutter\/"},"modified":"2021-04-08T16:09:28","modified_gmt":"2021-04-08T16:09:28","slug":"ec01-manual-cheese-cutter","status":"publish","type":"product","link":"https:\/\/www.marchantschmidt.com\/es\/product\/cheese-converting-es\/loaf-and-portion\/ec01-manual-cheese-cutter\/","title":{"rendered":"Cortadora de Queso Manual EC01"},"content":{"rendered":"<p>La Cortadora de Queso Manual EC01 proporciona una soluci\u00f3n simple para aplicaciones b\u00e1sicas de precorte. Llama la atenci\u00f3n la higiene con una construcci\u00f3n robusta de acero inoxidable y pl\u00e1sticos de calidad alimentaria. El sistema de medici\u00f3n integrado y las gu\u00edas de alineaci\u00f3n del producto mejoran el corte uniforme. El peso balanceado del marco de alambre da equilibrio al sistema y reduce la fatiga del operador. El cortador puede montarse en una mesa o acoplarse a un soporte opcional.<\/p>\n","protected":false},"excerpt":{"rendered":"La Cortadora de Queso Manual EC01 proporciona una soluci\u00f3n simple para aplicaciones b\u00e1sicas de precorte. Llama la atenci\u00f3n la higiene con una construcci\u00f3n robusta de acero inoxidable y pl\u00e1sticos de calidad alimentaria. El sistema de medici\u00f3n integrado y las gu\u00edas de alineaci\u00f3n del producto mejoran el corte uniforme. El peso balanceado del marco de alambre&#8230; ","protected":false},"featured_media":2725,"template":"","meta":{"_acf_changed":false},"product_brand":[],"product_cat":[190],"product_tag":[],"class_list":{"0":"post-3415","1":"product","2":"type-product","3":"status-publish","4":"has-post-thumbnail","6":"product_cat-loaf-and-portion","8":"first","9":"instock","10":"product-type-simple"},"acf":[],"yoast_head":"<!-- This site is optimized with the Yoast SEO plugin v27.2 - https:\/\/yoast.com\/product\/yoast-seo-wordpress\/ -->\n<title>Cortadora de Queso Manual EC01 - Marchant Schmidt<\/title>\n<meta name=\"robots\" content=\"index, follow, max-snippet:-1, max-image-preview:large, max-video-preview:-1\" \/>\n<link rel=\"canonical\" href=\"https:\/\/www.marchantschmidt.com\/es\/product\/cheese-converting-es\/loaf-and-portion\/ec01-manual-cheese-cutter\/\" \/>\n<meta property=\"og:locale\" content=\"es_MX\" \/>\n<meta property=\"og:type\" content=\"article\" \/>\n<meta property=\"og:title\" content=\"Cortadora de Queso Manual EC01 - Marchant Schmidt\" \/>\n<meta property=\"og:description\" content=\"La Cortadora de Queso Manual EC01 proporciona una soluci\u00f3n simple para aplicaciones b\u00e1sicas de precorte. Llama la atenci\u00f3n la higiene con una construcci\u00f3n robusta de acero inoxidable y pl\u00e1sticos de calidad alimentaria. El sistema de medici\u00f3n integrado y las gu\u00edas de alineaci\u00f3n del producto mejoran el corte uniforme. El peso balanceado del marco de alambre...\" \/>\n<meta property=\"og:url\" content=\"https:\/\/www.marchantschmidt.com\/es\/product\/cheese-converting-es\/loaf-and-portion\/ec01-manual-cheese-cutter\/\" \/>\n<meta property=\"og:site_name\" content=\"Marchant Schmidt\" \/>\n<meta property=\"article:modified_time\" content=\"2021-04-08T16:09:28+00:00\" \/>\n<meta property=\"og:image\" content=\"https:\/\/www.marchantschmidt.com\/wp-content\/uploads\/2020\/08\/EC01-MANUAL-CUTTER-MAIN.jpg\" \/>\n\t<meta property=\"og:image:width\" content=\"600\" \/>\n\t<meta property=\"og:image:height\" content=\"600\" \/>\n\t<meta property=\"og:image:type\" content=\"image\/jpeg\" \/>\n<meta name=\"twitter:card\" content=\"summary_large_image\" \/>\n<!-- \/ Yoast SEO plugin. -->","yoast_head_json":{"title":"Cortadora de Queso Manual EC01 - Marchant Schmidt","robots":{"index":"index","follow":"follow","max-snippet":"max-snippet:-1","max-image-preview":"max-image-preview:large","max-video-preview":"max-video-preview:-1"},"canonical":"https:\/\/www.marchantschmidt.com\/es\/product\/cheese-converting-es\/loaf-and-portion\/ec01-manual-cheese-cutter\/","og_locale":"es_MX","og_type":"article","og_title":"Cortadora de Queso Manual EC01 - Marchant Schmidt","og_description":"La Cortadora de Queso Manual EC01 proporciona una soluci\u00f3n simple para aplicaciones b\u00e1sicas de precorte. Llama la atenci\u00f3n la higiene con una construcci\u00f3n robusta de acero inoxidable y pl\u00e1sticos de calidad alimentaria. El sistema de medici\u00f3n integrado y las gu\u00edas de alineaci\u00f3n del producto mejoran el corte uniforme. El peso balanceado del marco de alambre...","og_url":"https:\/\/www.marchantschmidt.com\/es\/product\/cheese-converting-es\/loaf-and-portion\/ec01-manual-cheese-cutter\/","og_site_name":"Marchant Schmidt","article_modified_time":"2021-04-08T16:09:28+00:00","og_image":[{"width":600,"height":600,"url":"https:\/\/www.marchantschmidt.com\/wp-content\/uploads\/2020\/08\/EC01-MANUAL-CUTTER-MAIN.jpg","type":"image\/jpeg"}],"twitter_card":"summary_large_image","schema":{"@context":"https:\/\/schema.org","@graph":[{"@type":"WebPage","@id":"https:\/\/www.marchantschmidt.com\/es\/product\/cheese-converting-es\/loaf-and-portion\/ec01-manual-cheese-cutter\/","url":"https:\/\/www.marchantschmidt.com\/es\/product\/cheese-converting-es\/loaf-and-portion\/ec01-manual-cheese-cutter\/","name":"Cortadora de Queso Manual EC01 - Marchant Schmidt","isPartOf":{"@id":"https:\/\/www.marchantschmidt.com\/#website"},"primaryImageOfPage":{"@id":"https:\/\/www.marchantschmidt.com\/es\/product\/cheese-converting-es\/loaf-and-portion\/ec01-manual-cheese-cutter\/#primaryimage"},"image":{"@id":"https:\/\/www.marchantschmidt.com\/es\/product\/cheese-converting-es\/loaf-and-portion\/ec01-manual-cheese-cutter\/#primaryimage"},"thumbnailUrl":"https:\/\/www.marchantschmidt.com\/wp-content\/uploads\/2020\/08\/EC01-MANUAL-CUTTER-MAIN.jpg","datePublished":"2019-09-03T17:19:51+00:00","dateModified":"2021-04-08T16:09:28+00:00","breadcrumb":{"@id":"https:\/\/www.marchantschmidt.com\/es\/product\/cheese-converting-es\/loaf-and-portion\/ec01-manual-cheese-cutter\/#breadcrumb"},"inLanguage":"es","potentialAction":[{"@type":"ReadAction","target":["https:\/\/www.marchantschmidt.com\/es\/product\/cheese-converting-es\/loaf-and-portion\/ec01-manual-cheese-cutter\/"]}]},{"@type":"ImageObject","inLanguage":"es","@id":"https:\/\/www.marchantschmidt.com\/es\/product\/cheese-converting-es\/loaf-and-portion\/ec01-manual-cheese-cutter\/#primaryimage","url":"https:\/\/www.marchantschmidt.com\/wp-content\/uploads\/2020\/08\/EC01-MANUAL-CUTTER-MAIN.jpg","contentUrl":"https:\/\/www.marchantschmidt.com\/wp-content\/uploads\/2020\/08\/EC01-MANUAL-CUTTER-MAIN.jpg","width":600,"height":600,"caption":"loaf and portion cutting equipment"},{"@type":"BreadcrumbList","@id":"https:\/\/www.marchantschmidt.com\/es\/product\/cheese-converting-es\/loaf-and-portion\/ec01-manual-cheese-cutter\/#breadcrumb","itemListElement":[{"@type":"ListItem","position":1,"name":"Home","item":"https:\/\/www.marchantschmidt.com\/es\/"},{"@type":"ListItem","position":2,"name":"Shop","item":"https:\/\/www.marchantschmidt.com\/?page_id=2232"},{"@type":"ListItem","position":3,"name":"Cortadora de Queso Manual EC01"}]},{"@type":"WebSite","@id":"https:\/\/www.marchantschmidt.com\/#website","url":"https:\/\/www.marchantschmidt.com\/","name":"Marchant Schmidt","description":"","publisher":{"@id":"https:\/\/www.marchantschmidt.com\/#organization"},"potentialAction":[{"@type":"SearchAction","target":{"@type":"EntryPoint","urlTemplate":"https:\/\/www.marchantschmidt.com\/?s={search_term_string}"},"query-input":{"@type":"PropertyValueSpecification","valueRequired":true,"valueName":"search_term_string"}}],"inLanguage":"es"},{"@type":"Organization","@id":"https:\/\/www.marchantschmidt.com\/#organization","name":"Marchant Schmidt, Inc.","url":"https:\/\/www.marchantschmidt.com\/","logo":{"@type":"ImageObject","inLanguage":"es","@id":"https:\/\/www.marchantschmidt.com\/#\/schema\/logo\/image\/","url":"https:\/\/www.marchantschmidt.com\/wp-content\/uploads\/2019\/08\/Marchant-Schmidt-Logo-Revised.png","contentUrl":"https:\/\/www.marchantschmidt.com\/wp-content\/uploads\/2019\/08\/Marchant-Schmidt-Logo-Revised.png","width":701,"height":117,"caption":"Marchant Schmidt, Inc."},"image":{"@id":"https:\/\/www.marchantschmidt.com\/#\/schema\/logo\/image\/"}}]}},"_links":{"self":[{"href":"https:\/\/www.marchantschmidt.com\/es\/wp-json\/wp\/v2\/product\/3415","targetHints":{"allow":["GET"]}}],"collection":[{"href":"https:\/\/www.marchantschmidt.com\/es\/wp-json\/wp\/v2\/product"}],"about":[{"href":"https:\/\/www.marchantschmidt.com\/es\/wp-json\/wp\/v2\/types\/product"}],"wp:featuredmedia":[{"embeddable":true,"href":"https:\/\/www.marchantschmidt.com\/es\/wp-json\/wp\/v2\/media\/2725"}],"wp:attachment":[{"href":"https:\/\/www.marchantschmidt.com\/es\/wp-json\/wp\/v2\/media?parent=3415"}],"wp:term":[{"taxonomy":"product_brand","embeddable":true,"href":"https:\/\/www.marchantschmidt.com\/es\/wp-json\/wp\/v2\/product_brand?post=3415"},{"taxonomy":"product_cat","embeddable":true,"href":"https:\/\/www.marchantschmidt.com\/es\/wp-json\/wp\/v2\/product_cat?post=3415"},{"taxonomy":"product_tag","embeddable":true,"href":"https:\/\/www.marchantschmidt.com\/es\/wp-json\/wp\/v2\/product_tag?post=3415"}],"curies":[{"name":"wp","href":"https:\/\/api.w.org\/{rel}","templated":true}]}}