{"id":3417,"date":"2019-09-03T17:19:51","date_gmt":"2019-09-03T17:19:51","guid":{"rendered":"https:\/\/www.marchantschmidt.com\/product\/sin%20categor\u00eda\/high-speed-slice-line\/"},"modified":"2021-02-03T17:23:20","modified_gmt":"2021-02-03T17:23:20","slug":"high-speed-slice-line","status":"publish","type":"product","link":"https:\/\/www.marchantschmidt.com\/es\/product\/cheese-converting-es\/slice-line-automation-es\/high-speed-slice-line\/","title":{"rendered":"L\u00ednea de Rebanado de Queso de Alta Velocidad"},"content":{"rendered":"<p>Una soluci\u00f3n innovadora para la acumulaci\u00f3n y alimentaci\u00f3n continua de queso rebanado. La l\u00ednea de acumulaci\u00f3n de rebanado se puede integrar f\u00e1cilmente con una cortadora de hasta (6) carriles para un flujo de producci\u00f3n continuo. El sistema utiliza una secuencia de primeras entradas, primeras salidas para garantizar la frescura del producto. El producto se transfiere a trav\u00e9s de un \u00e1rea de rechazo autom\u00e1tico opcional donde las porciones de peso bajo se pueden reprocesar manualmente y volver a colocarlas autom\u00e1ticamente en el flujo de producci\u00f3n. El queso se acumula y se libera constantemente a la banda transportadora para integrarse a los dem\u00e1s productos donde se transfiere a un solo flujo. Despu\u00e9s del \u00e1rea de alineaci\u00f3n, las pilas de queso rebanado se transfieren al flujo de empacadora de pel\u00edcula.<\/p>\n","protected":false},"excerpt":{"rendered":"Una soluci\u00f3n innovadora para la acumulaci\u00f3n y alimentaci\u00f3n continua de queso rebanado. La l\u00ednea de acumulaci\u00f3n de rebanado se puede integrar f\u00e1cilmente con una cortadora de hasta (6) carriles para un flujo de producci\u00f3n continuo. El sistema utiliza una secuencia de primeras entradas, primeras salidas para garantizar la frescura del producto. El producto se transfiere&#8230; ","protected":false},"featured_media":2765,"template":"","meta":{"_acf_changed":false},"product_brand":[],"product_cat":[180],"product_tag":[],"class_list":{"0":"post-3417","1":"product","2":"type-product","3":"status-publish","4":"has-post-thumbnail","6":"product_cat-slice-line-automation-es","8":"first","9":"instock","10":"product-type-simple"},"acf":[],"yoast_head":"<!-- This site is optimized with the Yoast SEO plugin v27.2 - https:\/\/yoast.com\/product\/yoast-seo-wordpress\/ -->\n<title>L\u00ednea de Rebanado de Queso de Alta Velocidad - Marchant Schmidt<\/title>\n<meta name=\"robots\" content=\"index, follow, max-snippet:-1, max-image-preview:large, max-video-preview:-1\" \/>\n<link rel=\"canonical\" href=\"https:\/\/www.marchantschmidt.com\/es\/product\/cheese-converting-es\/slice-line-automation-es\/high-speed-slice-line\/\" \/>\n<meta property=\"og:locale\" content=\"es_MX\" \/>\n<meta property=\"og:type\" content=\"article\" \/>\n<meta property=\"og:title\" content=\"L\u00ednea de Rebanado de Queso de Alta Velocidad - Marchant Schmidt\" \/>\n<meta property=\"og:description\" content=\"Una soluci\u00f3n innovadora para la acumulaci\u00f3n y alimentaci\u00f3n continua de queso rebanado. La l\u00ednea de acumulaci\u00f3n de rebanado se puede integrar f\u00e1cilmente con una cortadora de hasta (6) carriles para un flujo de producci\u00f3n continuo. El sistema utiliza una secuencia de primeras entradas, primeras salidas para garantizar la frescura del producto. El producto se transfiere...\" \/>\n<meta property=\"og:url\" content=\"https:\/\/www.marchantschmidt.com\/es\/product\/cheese-converting-es\/slice-line-automation-es\/high-speed-slice-line\/\" \/>\n<meta property=\"og:site_name\" content=\"Marchant Schmidt\" \/>\n<meta property=\"article:modified_time\" content=\"2021-02-03T17:23:20+00:00\" \/>\n<meta property=\"og:image\" content=\"https:\/\/www.marchantschmidt.com\/wp-content\/uploads\/2019\/08\/highspeedslicelinemain.jpg\" \/>\n\t<meta property=\"og:image:width\" content=\"600\" \/>\n\t<meta property=\"og:image:height\" content=\"600\" \/>\n\t<meta property=\"og:image:type\" content=\"image\/jpeg\" \/>\n<meta name=\"twitter:card\" content=\"summary_large_image\" \/>\n<meta name=\"twitter:label1\" content=\"Tiempo de lectura\" \/>\n\t<meta name=\"twitter:data1\" content=\"1 minuto\" \/>\n<!-- \/ Yoast SEO plugin. -->","yoast_head_json":{"title":"L\u00ednea de Rebanado de Queso de Alta Velocidad - Marchant Schmidt","robots":{"index":"index","follow":"follow","max-snippet":"max-snippet:-1","max-image-preview":"max-image-preview:large","max-video-preview":"max-video-preview:-1"},"canonical":"https:\/\/www.marchantschmidt.com\/es\/product\/cheese-converting-es\/slice-line-automation-es\/high-speed-slice-line\/","og_locale":"es_MX","og_type":"article","og_title":"L\u00ednea de Rebanado de Queso de Alta Velocidad - Marchant Schmidt","og_description":"Una soluci\u00f3n innovadora para la acumulaci\u00f3n y alimentaci\u00f3n continua de queso rebanado. La l\u00ednea de acumulaci\u00f3n de rebanado se puede integrar f\u00e1cilmente con una cortadora de hasta (6) carriles para un flujo de producci\u00f3n continuo. El sistema utiliza una secuencia de primeras entradas, primeras salidas para garantizar la frescura del producto. El producto se transfiere...","og_url":"https:\/\/www.marchantschmidt.com\/es\/product\/cheese-converting-es\/slice-line-automation-es\/high-speed-slice-line\/","og_site_name":"Marchant Schmidt","article_modified_time":"2021-02-03T17:23:20+00:00","og_image":[{"width":600,"height":600,"url":"https:\/\/www.marchantschmidt.com\/wp-content\/uploads\/2019\/08\/highspeedslicelinemain.jpg","type":"image\/jpeg"}],"twitter_card":"summary_large_image","twitter_misc":{"Tiempo de lectura":"1 minuto"},"schema":{"@context":"https:\/\/schema.org","@graph":[{"@type":"WebPage","@id":"https:\/\/www.marchantschmidt.com\/es\/product\/cheese-converting-es\/slice-line-automation-es\/high-speed-slice-line\/","url":"https:\/\/www.marchantschmidt.com\/es\/product\/cheese-converting-es\/slice-line-automation-es\/high-speed-slice-line\/","name":"L\u00ednea de Rebanado de Queso de Alta Velocidad - Marchant Schmidt","isPartOf":{"@id":"https:\/\/www.marchantschmidt.com\/#website"},"primaryImageOfPage":{"@id":"https:\/\/www.marchantschmidt.com\/es\/product\/cheese-converting-es\/slice-line-automation-es\/high-speed-slice-line\/#primaryimage"},"image":{"@id":"https:\/\/www.marchantschmidt.com\/es\/product\/cheese-converting-es\/slice-line-automation-es\/high-speed-slice-line\/#primaryimage"},"thumbnailUrl":"https:\/\/www.marchantschmidt.com\/wp-content\/uploads\/2019\/08\/highspeedslicelinemain.jpg","datePublished":"2019-09-03T17:19:51+00:00","dateModified":"2021-02-03T17:23:20+00:00","breadcrumb":{"@id":"https:\/\/www.marchantschmidt.com\/es\/product\/cheese-converting-es\/slice-line-automation-es\/high-speed-slice-line\/#breadcrumb"},"inLanguage":"es","potentialAction":[{"@type":"ReadAction","target":["https:\/\/www.marchantschmidt.com\/es\/product\/cheese-converting-es\/slice-line-automation-es\/high-speed-slice-line\/"]}]},{"@type":"ImageObject","inLanguage":"es","@id":"https:\/\/www.marchantschmidt.com\/es\/product\/cheese-converting-es\/slice-line-automation-es\/high-speed-slice-line\/#primaryimage","url":"https:\/\/www.marchantschmidt.com\/wp-content\/uploads\/2019\/08\/highspeedslicelinemain.jpg","contentUrl":"https:\/\/www.marchantschmidt.com\/wp-content\/uploads\/2019\/08\/highspeedslicelinemain.jpg","width":600,"height":600,"caption":"cheese cubing machine, cheese cubing equipment"},{"@type":"BreadcrumbList","@id":"https:\/\/www.marchantschmidt.com\/es\/product\/cheese-converting-es\/slice-line-automation-es\/high-speed-slice-line\/#breadcrumb","itemListElement":[{"@type":"ListItem","position":1,"name":"Home","item":"https:\/\/www.marchantschmidt.com\/es\/"},{"@type":"ListItem","position":2,"name":"Shop","item":"https:\/\/www.marchantschmidt.com\/?page_id=2232"},{"@type":"ListItem","position":3,"name":"L\u00ednea de Rebanado de Queso de Alta Velocidad"}]},{"@type":"WebSite","@id":"https:\/\/www.marchantschmidt.com\/#website","url":"https:\/\/www.marchantschmidt.com\/","name":"Marchant Schmidt","description":"","publisher":{"@id":"https:\/\/www.marchantschmidt.com\/#organization"},"potentialAction":[{"@type":"SearchAction","target":{"@type":"EntryPoint","urlTemplate":"https:\/\/www.marchantschmidt.com\/?s={search_term_string}"},"query-input":{"@type":"PropertyValueSpecification","valueRequired":true,"valueName":"search_term_string"}}],"inLanguage":"es"},{"@type":"Organization","@id":"https:\/\/www.marchantschmidt.com\/#organization","name":"Marchant Schmidt, Inc.","url":"https:\/\/www.marchantschmidt.com\/","logo":{"@type":"ImageObject","inLanguage":"es","@id":"https:\/\/www.marchantschmidt.com\/#\/schema\/logo\/image\/","url":"https:\/\/www.marchantschmidt.com\/wp-content\/uploads\/2019\/08\/Marchant-Schmidt-Logo-Revised.png","contentUrl":"https:\/\/www.marchantschmidt.com\/wp-content\/uploads\/2019\/08\/Marchant-Schmidt-Logo-Revised.png","width":701,"height":117,"caption":"Marchant Schmidt, Inc."},"image":{"@id":"https:\/\/www.marchantschmidt.com\/#\/schema\/logo\/image\/"}}]}},"_links":{"self":[{"href":"https:\/\/www.marchantschmidt.com\/es\/wp-json\/wp\/v2\/product\/3417","targetHints":{"allow":["GET"]}}],"collection":[{"href":"https:\/\/www.marchantschmidt.com\/es\/wp-json\/wp\/v2\/product"}],"about":[{"href":"https:\/\/www.marchantschmidt.com\/es\/wp-json\/wp\/v2\/types\/product"}],"wp:featuredmedia":[{"embeddable":true,"href":"https:\/\/www.marchantschmidt.com\/es\/wp-json\/wp\/v2\/media\/2765"}],"wp:attachment":[{"href":"https:\/\/www.marchantschmidt.com\/es\/wp-json\/wp\/v2\/media?parent=3417"}],"wp:term":[{"taxonomy":"product_brand","embeddable":true,"href":"https:\/\/www.marchantschmidt.com\/es\/wp-json\/wp\/v2\/product_brand?post=3417"},{"taxonomy":"product_cat","embeddable":true,"href":"https:\/\/www.marchantschmidt.com\/es\/wp-json\/wp\/v2\/product_cat?post=3417"},{"taxonomy":"product_tag","embeddable":true,"href":"https:\/\/www.marchantschmidt.com\/es\/wp-json\/wp\/v2\/product_tag?post=3417"}],"curies":[{"name":"wp","href":"https:\/\/api.w.org\/{rel}","templated":true}]}}