{"id":3419,"date":"2019-09-03T17:19:51","date_gmt":"2019-09-03T17:19:51","guid":{"rendered":"https:\/\/www.marchantschmidt.com\/product\/sin%20categor\u00eda\/auto-640-block-cutter\/"},"modified":"2024-04-19T21:15:05","modified_gmt":"2024-04-19T21:15:05","slug":"auto-640-block-cutter","status":"publish","type":"product","link":"https:\/\/www.marchantschmidt.com\/es\/product\/cheese-converting-es\/loaf-and-portion\/profile-cutting-es\/auto-640-block-cutter\/","title":{"rendered":"Cortador de bloques autom\u00e1tico de 640 lbs"},"content":{"rendered":"<p>El sistema autom\u00e1tico de corte de 640 bloques est\u00e1 dise\u00f1ado para reducir un bloque de queso de 640 libras en barras que pueden ser utilizadas por equipos posteriores, como en una l\u00ednea de porciones o rebanadas. El sistema mide el bloque entrante y divide uniformemente las capas y las barras. El producto cortado se descarga autom\u00e1ticamente en una banda transportadora directamente al equipo posterior<\/p>\n","protected":false},"excerpt":{"rendered":"El sistema autom\u00e1tico de corte de 640 bloques est\u00e1 dise\u00f1ado para reducir un bloque de queso de 640 libras en barras que pueden ser utilizadas por equipos posteriores, como en una l\u00ednea de porciones o rebanadas. El sistema mide el bloque entrante y divide uniformemente las capas y las barras. El producto cortado se descarga&#8230; ","protected":false},"featured_media":2862,"template":"","meta":{"_acf_changed":false},"product_brand":[],"product_cat":[185,186,189],"product_tag":[],"class_list":{"0":"post-3419","1":"product","2":"type-product","3":"status-publish","4":"has-post-thumbnail","6":"product_cat-640-cutters-es","7":"product_cat-profile-cutting-es","8":"product_cat-profile-cutting-es-2","10":"first","11":"instock","12":"product-type-simple"},"acf":[],"yoast_head":"<!-- This site is optimized with the Yoast SEO plugin v27.2 - https:\/\/yoast.com\/product\/yoast-seo-wordpress\/ -->\n<title>Cortador de bloques autom\u00e1tico de 640 lbs - Marchant Schmidt<\/title>\n<meta name=\"description\" content=\"Discover efficient cheese processing with our 640 lbs Automatic Block Cutter. Precision cutting, seamless integration &amp; minimal product deviation assured!\" \/>\n<meta name=\"robots\" content=\"index, follow, max-snippet:-1, max-image-preview:large, max-video-preview:-1\" \/>\n<link rel=\"canonical\" href=\"https:\/\/www.marchantschmidt.com\/es\/product\/cheese-converting-es\/loaf-and-portion\/profile-cutting-es\/auto-640-block-cutter\/\" \/>\n<meta property=\"og:locale\" content=\"es_MX\" \/>\n<meta property=\"og:type\" content=\"article\" \/>\n<meta property=\"og:title\" content=\"Cortador de bloques autom\u00e1tico de 640 lbs - Marchant Schmidt\" \/>\n<meta property=\"og:description\" content=\"Discover efficient cheese processing with our 640 lbs Automatic Block Cutter. Precision cutting, seamless integration &amp; minimal product deviation assured!\" \/>\n<meta property=\"og:url\" content=\"https:\/\/www.marchantschmidt.com\/es\/product\/cheese-converting-es\/loaf-and-portion\/profile-cutting-es\/auto-640-block-cutter\/\" \/>\n<meta property=\"og:site_name\" content=\"Marchant Schmidt\" \/>\n<meta property=\"article:modified_time\" content=\"2024-04-19T21:15:05+00:00\" \/>\n<meta property=\"og:image\" content=\"https:\/\/www.marchantschmidt.com\/wp-content\/uploads\/2020\/08\/AUTO-640-CUTTER-MAIN.jpg\" \/>\n\t<meta property=\"og:image:width\" content=\"600\" \/>\n\t<meta property=\"og:image:height\" content=\"600\" \/>\n\t<meta property=\"og:image:type\" content=\"image\/jpeg\" \/>\n<meta name=\"twitter:card\" content=\"summary_large_image\" \/>\n<meta name=\"twitter:label1\" content=\"Tiempo de lectura\" \/>\n\t<meta name=\"twitter:data1\" content=\"1 minuto\" \/>\n<!-- \/ Yoast SEO plugin. -->","yoast_head_json":{"title":"Cortador de bloques autom\u00e1tico de 640 lbs - Marchant Schmidt","description":"Discover efficient cheese processing with our 640 lbs Automatic Block Cutter. Precision cutting, seamless integration & minimal product deviation assured!","robots":{"index":"index","follow":"follow","max-snippet":"max-snippet:-1","max-image-preview":"max-image-preview:large","max-video-preview":"max-video-preview:-1"},"canonical":"https:\/\/www.marchantschmidt.com\/es\/product\/cheese-converting-es\/loaf-and-portion\/profile-cutting-es\/auto-640-block-cutter\/","og_locale":"es_MX","og_type":"article","og_title":"Cortador de bloques autom\u00e1tico de 640 lbs - Marchant Schmidt","og_description":"Discover efficient cheese processing with our 640 lbs Automatic Block Cutter. Precision cutting, seamless integration & minimal product deviation assured!","og_url":"https:\/\/www.marchantschmidt.com\/es\/product\/cheese-converting-es\/loaf-and-portion\/profile-cutting-es\/auto-640-block-cutter\/","og_site_name":"Marchant Schmidt","article_modified_time":"2024-04-19T21:15:05+00:00","og_image":[{"width":600,"height":600,"url":"https:\/\/www.marchantschmidt.com\/wp-content\/uploads\/2020\/08\/AUTO-640-CUTTER-MAIN.jpg","type":"image\/jpeg"}],"twitter_card":"summary_large_image","twitter_misc":{"Tiempo de lectura":"1 minuto"},"schema":{"@context":"https:\/\/schema.org","@graph":[{"@type":"WebPage","@id":"https:\/\/www.marchantschmidt.com\/es\/product\/cheese-converting-es\/loaf-and-portion\/profile-cutting-es\/auto-640-block-cutter\/","url":"https:\/\/www.marchantschmidt.com\/es\/product\/cheese-converting-es\/loaf-and-portion\/profile-cutting-es\/auto-640-block-cutter\/","name":"Cortador de bloques autom\u00e1tico de 640 lbs - Marchant Schmidt","isPartOf":{"@id":"https:\/\/www.marchantschmidt.com\/#website"},"primaryImageOfPage":{"@id":"https:\/\/www.marchantschmidt.com\/es\/product\/cheese-converting-es\/loaf-and-portion\/profile-cutting-es\/auto-640-block-cutter\/#primaryimage"},"image":{"@id":"https:\/\/www.marchantschmidt.com\/es\/product\/cheese-converting-es\/loaf-and-portion\/profile-cutting-es\/auto-640-block-cutter\/#primaryimage"},"thumbnailUrl":"https:\/\/www.marchantschmidt.com\/wp-content\/uploads\/2020\/08\/AUTO-640-CUTTER-MAIN.jpg","datePublished":"2019-09-03T17:19:51+00:00","dateModified":"2024-04-19T21:15:05+00:00","description":"Discover efficient cheese processing with our 640 lbs Automatic Block Cutter. Precision cutting, seamless integration & minimal product deviation assured!","breadcrumb":{"@id":"https:\/\/www.marchantschmidt.com\/es\/product\/cheese-converting-es\/loaf-and-portion\/profile-cutting-es\/auto-640-block-cutter\/#breadcrumb"},"inLanguage":"es","potentialAction":[{"@type":"ReadAction","target":["https:\/\/www.marchantschmidt.com\/es\/product\/cheese-converting-es\/loaf-and-portion\/profile-cutting-es\/auto-640-block-cutter\/"]}]},{"@type":"ImageObject","inLanguage":"es","@id":"https:\/\/www.marchantschmidt.com\/es\/product\/cheese-converting-es\/loaf-and-portion\/profile-cutting-es\/auto-640-block-cutter\/#primaryimage","url":"https:\/\/www.marchantschmidt.com\/wp-content\/uploads\/2020\/08\/AUTO-640-CUTTER-MAIN.jpg","contentUrl":"https:\/\/www.marchantschmidt.com\/wp-content\/uploads\/2020\/08\/AUTO-640-CUTTER-MAIN.jpg","width":600,"height":600,"caption":"640lb Block\/ 500lb Barrel Cutters"},{"@type":"BreadcrumbList","@id":"https:\/\/www.marchantschmidt.com\/es\/product\/cheese-converting-es\/loaf-and-portion\/profile-cutting-es\/auto-640-block-cutter\/#breadcrumb","itemListElement":[{"@type":"ListItem","position":1,"name":"Home","item":"https:\/\/www.marchantschmidt.com\/es\/"},{"@type":"ListItem","position":2,"name":"Shop","item":"https:\/\/www.marchantschmidt.com\/?page_id=2232"},{"@type":"ListItem","position":3,"name":"Cortador de bloques autom\u00e1tico de 640 lbs"}]},{"@type":"WebSite","@id":"https:\/\/www.marchantschmidt.com\/#website","url":"https:\/\/www.marchantschmidt.com\/","name":"Marchant Schmidt","description":"","publisher":{"@id":"https:\/\/www.marchantschmidt.com\/#organization"},"potentialAction":[{"@type":"SearchAction","target":{"@type":"EntryPoint","urlTemplate":"https:\/\/www.marchantschmidt.com\/?s={search_term_string}"},"query-input":{"@type":"PropertyValueSpecification","valueRequired":true,"valueName":"search_term_string"}}],"inLanguage":"es"},{"@type":"Organization","@id":"https:\/\/www.marchantschmidt.com\/#organization","name":"Marchant Schmidt, Inc.","url":"https:\/\/www.marchantschmidt.com\/","logo":{"@type":"ImageObject","inLanguage":"es","@id":"https:\/\/www.marchantschmidt.com\/#\/schema\/logo\/image\/","url":"https:\/\/www.marchantschmidt.com\/wp-content\/uploads\/2019\/08\/Marchant-Schmidt-Logo-Revised.png","contentUrl":"https:\/\/www.marchantschmidt.com\/wp-content\/uploads\/2019\/08\/Marchant-Schmidt-Logo-Revised.png","width":701,"height":117,"caption":"Marchant Schmidt, Inc."},"image":{"@id":"https:\/\/www.marchantschmidt.com\/#\/schema\/logo\/image\/"}}]}},"_links":{"self":[{"href":"https:\/\/www.marchantschmidt.com\/es\/wp-json\/wp\/v2\/product\/3419","targetHints":{"allow":["GET"]}}],"collection":[{"href":"https:\/\/www.marchantschmidt.com\/es\/wp-json\/wp\/v2\/product"}],"about":[{"href":"https:\/\/www.marchantschmidt.com\/es\/wp-json\/wp\/v2\/types\/product"}],"wp:featuredmedia":[{"embeddable":true,"href":"https:\/\/www.marchantschmidt.com\/es\/wp-json\/wp\/v2\/media\/2862"}],"wp:attachment":[{"href":"https:\/\/www.marchantschmidt.com\/es\/wp-json\/wp\/v2\/media?parent=3419"}],"wp:term":[{"taxonomy":"product_brand","embeddable":true,"href":"https:\/\/www.marchantschmidt.com\/es\/wp-json\/wp\/v2\/product_brand?post=3419"},{"taxonomy":"product_cat","embeddable":true,"href":"https:\/\/www.marchantschmidt.com\/es\/wp-json\/wp\/v2\/product_cat?post=3419"},{"taxonomy":"product_tag","embeddable":true,"href":"https:\/\/www.marchantschmidt.com\/es\/wp-json\/wp\/v2\/product_tag?post=3419"}],"curies":[{"name":"wp","href":"https:\/\/api.w.org\/{rel}","templated":true}]}}