{"id":3421,"date":"2019-09-03T17:19:44","date_gmt":"2019-09-03T17:19:44","guid":{"rendered":"https:\/\/www.marchantschmidt.com\/product\/sin%20categor\u00eda\/ec23-cheese-portion-cutter\/"},"modified":"2023-01-04T21:48:59","modified_gmt":"2023-01-04T21:48:59","slug":"ec23-cheese-portion-cutter","status":"publish","type":"product","link":"https:\/\/www.marchantschmidt.com\/es\/product\/cheese-converting-es\/loaf-and-portion\/wire-portion-cutting-es\/ec23-cheese-portion-cutter\/","title":{"rendered":"Cortadora para Porciones de Queso EC23"},"content":{"rendered":"<p>La EC23 es una m\u00e1quina cortadora de alambre de dos etapas que reduce los bloques de queso a porciones de dimensiones fijas. Un transportador mueve autom\u00e1ticamente los bloques de queso hacia la c\u00e1mara de corte. Los juegos de corte intercambiables admiten una amplia variedad de tama\u00f1os de bloques y dimensiones de porciones. Los bloques de queso se centran autom\u00e1ticamente para crear porciones consistentes. Un mecanismo autom\u00e1tico de corte a la mitad garantiza que las capas superior e inferior tengan una altura similar. La mesa giratoria \u00fanica ubicada entre la primera y la segunda etapa ahorra un valioso espacio en el \u00e1rea de proceso. Las porciones cortadas se descargan en rodillos giratorios en una sola capa a la vez para que sean f\u00e1ciles de des apilarse. La m\u00e1quina est\u00e1 completamente protegida y est\u00e1 habilitada para el lavado directo.<\/p>\n","protected":false},"excerpt":{"rendered":"La EC23 es una m\u00e1quina cortadora de alambre de dos etapas que reduce los bloques de queso a porciones de dimensiones fijas. Un transportador mueve autom\u00e1ticamente los bloques de queso hacia la c\u00e1mara de corte. Los juegos de corte intercambiables admiten una amplia variedad de tama\u00f1os de bloques y dimensiones de porciones. Los bloques de&#8230; ","protected":false},"featured_media":7796,"template":"","meta":{"_acf_changed":false},"product_brand":[],"product_cat":[175],"product_tag":[],"class_list":{"0":"post-3421","1":"product","2":"type-product","3":"status-publish","4":"has-post-thumbnail","6":"product_cat-wire-portion-cutting-es","8":"first","9":"instock","10":"product-type-simple"},"acf":[],"yoast_head":"<!-- This site is optimized with the Yoast SEO plugin v27.2 - https:\/\/yoast.com\/product\/yoast-seo-wordpress\/ -->\n<title>Cortadora para Porciones de Queso EC23 - Marchant Schmidt<\/title>\n<meta name=\"robots\" content=\"index, follow, max-snippet:-1, max-image-preview:large, max-video-preview:-1\" \/>\n<link rel=\"canonical\" href=\"https:\/\/www.marchantschmidt.com\/es\/product\/cheese-converting-es\/loaf-and-portion\/wire-portion-cutting-es\/ec23-cheese-portion-cutter\/\" \/>\n<meta property=\"og:locale\" content=\"es_MX\" \/>\n<meta property=\"og:type\" content=\"article\" \/>\n<meta property=\"og:title\" content=\"Cortadora para Porciones de Queso EC23 - Marchant Schmidt\" \/>\n<meta property=\"og:description\" content=\"La EC23 es una m\u00e1quina cortadora de alambre de dos etapas que reduce los bloques de queso a porciones de dimensiones fijas. Un transportador mueve autom\u00e1ticamente los bloques de queso hacia la c\u00e1mara de corte. Los juegos de corte intercambiables admiten una amplia variedad de tama\u00f1os de bloques y dimensiones de porciones. Los bloques de...\" \/>\n<meta property=\"og:url\" content=\"https:\/\/www.marchantschmidt.com\/es\/product\/cheese-converting-es\/loaf-and-portion\/wire-portion-cutting-es\/ec23-cheese-portion-cutter\/\" \/>\n<meta property=\"og:site_name\" content=\"Marchant Schmidt\" \/>\n<meta property=\"article:modified_time\" content=\"2023-01-04T21:48:59+00:00\" \/>\n<meta property=\"og:image\" content=\"https:\/\/www.marchantschmidt.com\/wp-content\/uploads\/2019\/08\/ec23main.jpg\" \/>\n\t<meta property=\"og:image:width\" content=\"600\" \/>\n\t<meta property=\"og:image:height\" content=\"600\" \/>\n\t<meta property=\"og:image:type\" content=\"image\/jpeg\" \/>\n<meta name=\"twitter:card\" content=\"summary_large_image\" \/>\n<meta name=\"twitter:label1\" content=\"Tiempo de lectura\" \/>\n\t<meta name=\"twitter:data1\" content=\"1 minuto\" \/>\n<!-- \/ Yoast SEO plugin. -->","yoast_head_json":{"title":"Cortadora para Porciones de Queso EC23 - Marchant Schmidt","robots":{"index":"index","follow":"follow","max-snippet":"max-snippet:-1","max-image-preview":"max-image-preview:large","max-video-preview":"max-video-preview:-1"},"canonical":"https:\/\/www.marchantschmidt.com\/es\/product\/cheese-converting-es\/loaf-and-portion\/wire-portion-cutting-es\/ec23-cheese-portion-cutter\/","og_locale":"es_MX","og_type":"article","og_title":"Cortadora para Porciones de Queso EC23 - Marchant Schmidt","og_description":"La EC23 es una m\u00e1quina cortadora de alambre de dos etapas que reduce los bloques de queso a porciones de dimensiones fijas. Un transportador mueve autom\u00e1ticamente los bloques de queso hacia la c\u00e1mara de corte. Los juegos de corte intercambiables admiten una amplia variedad de tama\u00f1os de bloques y dimensiones de porciones. Los bloques de...","og_url":"https:\/\/www.marchantschmidt.com\/es\/product\/cheese-converting-es\/loaf-and-portion\/wire-portion-cutting-es\/ec23-cheese-portion-cutter\/","og_site_name":"Marchant Schmidt","article_modified_time":"2023-01-04T21:48:59+00:00","og_image":[{"width":600,"height":600,"url":"https:\/\/www.marchantschmidt.com\/wp-content\/uploads\/2019\/08\/ec23main.jpg","type":"image\/jpeg"}],"twitter_card":"summary_large_image","twitter_misc":{"Tiempo de lectura":"1 minuto"},"schema":{"@context":"https:\/\/schema.org","@graph":[{"@type":"WebPage","@id":"https:\/\/www.marchantschmidt.com\/es\/product\/cheese-converting-es\/loaf-and-portion\/wire-portion-cutting-es\/ec23-cheese-portion-cutter\/","url":"https:\/\/www.marchantschmidt.com\/es\/product\/cheese-converting-es\/loaf-and-portion\/wire-portion-cutting-es\/ec23-cheese-portion-cutter\/","name":"Cortadora para Porciones de Queso EC23 - Marchant Schmidt","isPartOf":{"@id":"https:\/\/www.marchantschmidt.com\/#website"},"primaryImageOfPage":{"@id":"https:\/\/www.marchantschmidt.com\/es\/product\/cheese-converting-es\/loaf-and-portion\/wire-portion-cutting-es\/ec23-cheese-portion-cutter\/#primaryimage"},"image":{"@id":"https:\/\/www.marchantschmidt.com\/es\/product\/cheese-converting-es\/loaf-and-portion\/wire-portion-cutting-es\/ec23-cheese-portion-cutter\/#primaryimage"},"thumbnailUrl":"https:\/\/www.marchantschmidt.com\/wp-content\/uploads\/2023\/02\/2023-MSE10329001.417.png","datePublished":"2019-09-03T17:19:44+00:00","dateModified":"2023-01-04T21:48:59+00:00","breadcrumb":{"@id":"https:\/\/www.marchantschmidt.com\/es\/product\/cheese-converting-es\/loaf-and-portion\/wire-portion-cutting-es\/ec23-cheese-portion-cutter\/#breadcrumb"},"inLanguage":"es","potentialAction":[{"@type":"ReadAction","target":["https:\/\/www.marchantschmidt.com\/es\/product\/cheese-converting-es\/loaf-and-portion\/wire-portion-cutting-es\/ec23-cheese-portion-cutter\/"]}]},{"@type":"ImageObject","inLanguage":"es","@id":"https:\/\/www.marchantschmidt.com\/es\/product\/cheese-converting-es\/loaf-and-portion\/wire-portion-cutting-es\/ec23-cheese-portion-cutter\/#primaryimage","url":"https:\/\/www.marchantschmidt.com\/wp-content\/uploads\/2023\/02\/2023-MSE10329001.417.png","contentUrl":"https:\/\/www.marchantschmidt.com\/wp-content\/uploads\/2023\/02\/2023-MSE10329001.417.png","width":1920,"height":1081},{"@type":"BreadcrumbList","@id":"https:\/\/www.marchantschmidt.com\/es\/product\/cheese-converting-es\/loaf-and-portion\/wire-portion-cutting-es\/ec23-cheese-portion-cutter\/#breadcrumb","itemListElement":[{"@type":"ListItem","position":1,"name":"Home","item":"https:\/\/www.marchantschmidt.com\/es\/"},{"@type":"ListItem","position":2,"name":"Shop","item":"https:\/\/www.marchantschmidt.com\/?page_id=2232"},{"@type":"ListItem","position":3,"name":"Cortadora para Porciones de Queso EC23"}]},{"@type":"WebSite","@id":"https:\/\/www.marchantschmidt.com\/#website","url":"https:\/\/www.marchantschmidt.com\/","name":"Marchant Schmidt","description":"","publisher":{"@id":"https:\/\/www.marchantschmidt.com\/#organization"},"potentialAction":[{"@type":"SearchAction","target":{"@type":"EntryPoint","urlTemplate":"https:\/\/www.marchantschmidt.com\/?s={search_term_string}"},"query-input":{"@type":"PropertyValueSpecification","valueRequired":true,"valueName":"search_term_string"}}],"inLanguage":"es"},{"@type":"Organization","@id":"https:\/\/www.marchantschmidt.com\/#organization","name":"Marchant Schmidt, Inc.","url":"https:\/\/www.marchantschmidt.com\/","logo":{"@type":"ImageObject","inLanguage":"es","@id":"https:\/\/www.marchantschmidt.com\/#\/schema\/logo\/image\/","url":"https:\/\/www.marchantschmidt.com\/wp-content\/uploads\/2019\/08\/Marchant-Schmidt-Logo-Revised.png","contentUrl":"https:\/\/www.marchantschmidt.com\/wp-content\/uploads\/2019\/08\/Marchant-Schmidt-Logo-Revised.png","width":701,"height":117,"caption":"Marchant Schmidt, Inc."},"image":{"@id":"https:\/\/www.marchantschmidt.com\/#\/schema\/logo\/image\/"}}]}},"_links":{"self":[{"href":"https:\/\/www.marchantschmidt.com\/es\/wp-json\/wp\/v2\/product\/3421","targetHints":{"allow":["GET"]}}],"collection":[{"href":"https:\/\/www.marchantschmidt.com\/es\/wp-json\/wp\/v2\/product"}],"about":[{"href":"https:\/\/www.marchantschmidt.com\/es\/wp-json\/wp\/v2\/types\/product"}],"wp:featuredmedia":[{"embeddable":true,"href":"https:\/\/www.marchantschmidt.com\/es\/wp-json\/wp\/v2\/media\/7796"}],"wp:attachment":[{"href":"https:\/\/www.marchantschmidt.com\/es\/wp-json\/wp\/v2\/media?parent=3421"}],"wp:term":[{"taxonomy":"product_brand","embeddable":true,"href":"https:\/\/www.marchantschmidt.com\/es\/wp-json\/wp\/v2\/product_brand?post=3421"},{"taxonomy":"product_cat","embeddable":true,"href":"https:\/\/www.marchantschmidt.com\/es\/wp-json\/wp\/v2\/product_cat?post=3421"},{"taxonomy":"product_tag","embeddable":true,"href":"https:\/\/www.marchantschmidt.com\/es\/wp-json\/wp\/v2\/product_tag?post=3421"}],"curies":[{"name":"wp","href":"https:\/\/api.w.org\/{rel}","templated":true}]}}