{"id":3423,"date":"2019-09-03T17:19:44","date_gmt":"2019-09-03T17:19:44","guid":{"rendered":"https:\/\/www.marchantschmidt.com\/product\/sin%20categor\u00eda\/vcs-one-intelligent-portion-cutter\/"},"modified":"2021-04-09T18:34:27","modified_gmt":"2021-04-09T18:34:27","slug":"vcs-one-intelligent-portion-cutter","status":"publish","type":"product","link":"https:\/\/www.marchantschmidt.com\/es\/product\/cheese-converting-es\/intelligent-cutting-systems-es\/vcs-one-intelligent-portion-cutter\/","title":{"rendered":"Cortadora de Porciones Inteligente VCS ONE"},"content":{"rendered":"<p>Soluci\u00f3n ideal para aplicaciones que requieren un corte preciso de porciones de queso a alta velocidad con bajo sobre peso. El VCS ONE de un solo carril y el VCS Plus de doble carril utilizan una construcci\u00f3n de placa s\u00f3lida para tener mayor precisi\u00f3n mec\u00e1nica. Ambos sistemas combinan el escaneo 3D con la masa del bloque para crear una soluci\u00f3n de corte \u00fanica. Las sujeciones especiales del producto mantienen el control del queso para cortes m\u00e1s precisos. El torneado de porciones, las secciones de acumulaci\u00f3n y la alimentaci\u00f3n autom\u00e1tica de la envoltura son algunas de las opciones disponibles.<\/p>\n","protected":false},"excerpt":{"rendered":"Soluci\u00f3n ideal para aplicaciones que requieren un corte preciso de porciones de queso a alta velocidad con bajo sobre peso. El VCS ONE de un solo carril y el VCS Plus de doble carril utilizan una construcci\u00f3n de placa s\u00f3lida para tener mayor precisi\u00f3n mec\u00e1nica. Ambos sistemas combinan el escaneo 3D con la masa del&#8230; ","protected":false},"featured_media":2854,"template":"","meta":{"_acf_changed":false},"product_brand":[],"product_cat":[182],"product_tag":[],"class_list":{"0":"post-3423","1":"product","2":"type-product","3":"status-publish","4":"has-post-thumbnail","6":"product_cat-intelligent-cutting-systems-es","8":"first","9":"instock","10":"product-type-simple"},"acf":[],"yoast_head":"<!-- This site is optimized with the Yoast SEO plugin v27.2 - https:\/\/yoast.com\/product\/yoast-seo-wordpress\/ -->\n<title>Cortadora de Porciones Inteligente VCS ONE - Marchant Schmidt<\/title>\n<meta name=\"robots\" content=\"index, follow, max-snippet:-1, max-image-preview:large, max-video-preview:-1\" \/>\n<link rel=\"canonical\" href=\"https:\/\/www.marchantschmidt.com\/es\/product\/cheese-converting-es\/intelligent-cutting-systems-es\/vcs-one-intelligent-portion-cutter\/\" \/>\n<meta property=\"og:locale\" content=\"es_MX\" \/>\n<meta property=\"og:type\" content=\"article\" \/>\n<meta property=\"og:title\" content=\"Cortadora de Porciones Inteligente VCS ONE - Marchant Schmidt\" \/>\n<meta property=\"og:description\" content=\"Soluci\u00f3n ideal para aplicaciones que requieren un corte preciso de porciones de queso a alta velocidad con bajo sobre peso. El VCS ONE de un solo carril y el VCS Plus de doble carril utilizan una construcci\u00f3n de placa s\u00f3lida para tener mayor precisi\u00f3n mec\u00e1nica. Ambos sistemas combinan el escaneo 3D con la masa del...\" \/>\n<meta property=\"og:url\" content=\"https:\/\/www.marchantschmidt.com\/es\/product\/cheese-converting-es\/intelligent-cutting-systems-es\/vcs-one-intelligent-portion-cutter\/\" \/>\n<meta property=\"og:site_name\" content=\"Marchant Schmidt\" \/>\n<meta property=\"article:modified_time\" content=\"2021-04-09T18:34:27+00:00\" \/>\n<meta property=\"og:image\" content=\"https:\/\/www.marchantschmidt.com\/wp-content\/uploads\/2019\/08\/vcsoneline.jpg\" \/>\n\t<meta property=\"og:image:width\" content=\"600\" \/>\n\t<meta property=\"og:image:height\" content=\"600\" \/>\n\t<meta property=\"og:image:type\" content=\"image\/jpeg\" \/>\n<meta name=\"twitter:card\" content=\"summary_large_image\" \/>\n<meta name=\"twitter:label1\" content=\"Tiempo de lectura\" \/>\n\t<meta name=\"twitter:data1\" content=\"1 minuto\" \/>\n<!-- \/ Yoast SEO plugin. -->","yoast_head_json":{"title":"Cortadora de Porciones Inteligente VCS ONE - Marchant Schmidt","robots":{"index":"index","follow":"follow","max-snippet":"max-snippet:-1","max-image-preview":"max-image-preview:large","max-video-preview":"max-video-preview:-1"},"canonical":"https:\/\/www.marchantschmidt.com\/es\/product\/cheese-converting-es\/intelligent-cutting-systems-es\/vcs-one-intelligent-portion-cutter\/","og_locale":"es_MX","og_type":"article","og_title":"Cortadora de Porciones Inteligente VCS ONE - Marchant Schmidt","og_description":"Soluci\u00f3n ideal para aplicaciones que requieren un corte preciso de porciones de queso a alta velocidad con bajo sobre peso. El VCS ONE de un solo carril y el VCS Plus de doble carril utilizan una construcci\u00f3n de placa s\u00f3lida para tener mayor precisi\u00f3n mec\u00e1nica. Ambos sistemas combinan el escaneo 3D con la masa del...","og_url":"https:\/\/www.marchantschmidt.com\/es\/product\/cheese-converting-es\/intelligent-cutting-systems-es\/vcs-one-intelligent-portion-cutter\/","og_site_name":"Marchant Schmidt","article_modified_time":"2021-04-09T18:34:27+00:00","og_image":[{"width":600,"height":600,"url":"https:\/\/www.marchantschmidt.com\/wp-content\/uploads\/2019\/08\/vcsoneline.jpg","type":"image\/jpeg"}],"twitter_card":"summary_large_image","twitter_misc":{"Tiempo de lectura":"1 minuto"},"schema":{"@context":"https:\/\/schema.org","@graph":[{"@type":"WebPage","@id":"https:\/\/www.marchantschmidt.com\/es\/product\/cheese-converting-es\/intelligent-cutting-systems-es\/vcs-one-intelligent-portion-cutter\/","url":"https:\/\/www.marchantschmidt.com\/es\/product\/cheese-converting-es\/intelligent-cutting-systems-es\/vcs-one-intelligent-portion-cutter\/","name":"Cortadora de Porciones Inteligente VCS ONE - Marchant Schmidt","isPartOf":{"@id":"https:\/\/www.marchantschmidt.com\/#website"},"primaryImageOfPage":{"@id":"https:\/\/www.marchantschmidt.com\/es\/product\/cheese-converting-es\/intelligent-cutting-systems-es\/vcs-one-intelligent-portion-cutter\/#primaryimage"},"image":{"@id":"https:\/\/www.marchantschmidt.com\/es\/product\/cheese-converting-es\/intelligent-cutting-systems-es\/vcs-one-intelligent-portion-cutter\/#primaryimage"},"thumbnailUrl":"https:\/\/www.marchantschmidt.com\/wp-content\/uploads\/2023\/03\/2023-INTELLIGENT-PORTION-CUTTING.jpg","datePublished":"2019-09-03T17:19:44+00:00","dateModified":"2021-04-09T18:34:27+00:00","breadcrumb":{"@id":"https:\/\/www.marchantschmidt.com\/es\/product\/cheese-converting-es\/intelligent-cutting-systems-es\/vcs-one-intelligent-portion-cutter\/#breadcrumb"},"inLanguage":"es","potentialAction":[{"@type":"ReadAction","target":["https:\/\/www.marchantschmidt.com\/es\/product\/cheese-converting-es\/intelligent-cutting-systems-es\/vcs-one-intelligent-portion-cutter\/"]}]},{"@type":"ImageObject","inLanguage":"es","@id":"https:\/\/www.marchantschmidt.com\/es\/product\/cheese-converting-es\/intelligent-cutting-systems-es\/vcs-one-intelligent-portion-cutter\/#primaryimage","url":"https:\/\/www.marchantschmidt.com\/wp-content\/uploads\/2023\/03\/2023-INTELLIGENT-PORTION-CUTTING.jpg","contentUrl":"https:\/\/www.marchantschmidt.com\/wp-content\/uploads\/2023\/03\/2023-INTELLIGENT-PORTION-CUTTING.jpg","width":600,"height":600,"caption":"intelligent cheese cutting systems"},{"@type":"BreadcrumbList","@id":"https:\/\/www.marchantschmidt.com\/es\/product\/cheese-converting-es\/intelligent-cutting-systems-es\/vcs-one-intelligent-portion-cutter\/#breadcrumb","itemListElement":[{"@type":"ListItem","position":1,"name":"Home","item":"https:\/\/www.marchantschmidt.com\/es\/"},{"@type":"ListItem","position":2,"name":"Shop","item":"https:\/\/www.marchantschmidt.com\/?page_id=2232"},{"@type":"ListItem","position":3,"name":"Cortadora de Porciones Inteligente VCS ONE"}]},{"@type":"WebSite","@id":"https:\/\/www.marchantschmidt.com\/#website","url":"https:\/\/www.marchantschmidt.com\/","name":"Marchant Schmidt","description":"","publisher":{"@id":"https:\/\/www.marchantschmidt.com\/#organization"},"potentialAction":[{"@type":"SearchAction","target":{"@type":"EntryPoint","urlTemplate":"https:\/\/www.marchantschmidt.com\/?s={search_term_string}"},"query-input":{"@type":"PropertyValueSpecification","valueRequired":true,"valueName":"search_term_string"}}],"inLanguage":"es"},{"@type":"Organization","@id":"https:\/\/www.marchantschmidt.com\/#organization","name":"Marchant Schmidt, Inc.","url":"https:\/\/www.marchantschmidt.com\/","logo":{"@type":"ImageObject","inLanguage":"es","@id":"https:\/\/www.marchantschmidt.com\/#\/schema\/logo\/image\/","url":"https:\/\/www.marchantschmidt.com\/wp-content\/uploads\/2019\/08\/Marchant-Schmidt-Logo-Revised.png","contentUrl":"https:\/\/www.marchantschmidt.com\/wp-content\/uploads\/2019\/08\/Marchant-Schmidt-Logo-Revised.png","width":701,"height":117,"caption":"Marchant Schmidt, Inc."},"image":{"@id":"https:\/\/www.marchantschmidt.com\/#\/schema\/logo\/image\/"}}]}},"_links":{"self":[{"href":"https:\/\/www.marchantschmidt.com\/es\/wp-json\/wp\/v2\/product\/3423","targetHints":{"allow":["GET"]}}],"collection":[{"href":"https:\/\/www.marchantschmidt.com\/es\/wp-json\/wp\/v2\/product"}],"about":[{"href":"https:\/\/www.marchantschmidt.com\/es\/wp-json\/wp\/v2\/types\/product"}],"wp:featuredmedia":[{"embeddable":true,"href":"https:\/\/www.marchantschmidt.com\/es\/wp-json\/wp\/v2\/media\/2854"}],"wp:attachment":[{"href":"https:\/\/www.marchantschmidt.com\/es\/wp-json\/wp\/v2\/media?parent=3423"}],"wp:term":[{"taxonomy":"product_brand","embeddable":true,"href":"https:\/\/www.marchantschmidt.com\/es\/wp-json\/wp\/v2\/product_brand?post=3423"},{"taxonomy":"product_cat","embeddable":true,"href":"https:\/\/www.marchantschmidt.com\/es\/wp-json\/wp\/v2\/product_cat?post=3423"},{"taxonomy":"product_tag","embeddable":true,"href":"https:\/\/www.marchantschmidt.com\/es\/wp-json\/wp\/v2\/product_tag?post=3423"}],"curies":[{"name":"wp","href":"https:\/\/api.w.org\/{rel}","templated":true}]}}