{"id":3424,"date":"2019-09-03T17:19:44","date_gmt":"2019-09-03T17:19:44","guid":{"rendered":"https:\/\/www.marchantschmidt.com\/product\/sin%20categor\u00eda\/auto-defoiling-machine\/"},"modified":"2021-06-09T14:34:30","modified_gmt":"2021-06-09T14:34:30","slug":"auto-defoiling-machine","status":"publish","type":"product","link":"https:\/\/www.marchantschmidt.com\/es\/product\/cheese-converting-es\/cheese-handling-es\/auto-defoiling-machine\/","title":{"rendered":"M\u00e1quina Autom\u00e1tica Removedora de Envolturas"},"content":{"rendered":"<p>Los bloques de queso envueltos en pl\u00e1stico se transfieren autom\u00e1ticamente a un conjunto de agujas que atraviesan el pl\u00e1stico y sopla aire limpio entre el bloque y el cual se corta en tres lados y robot secundario remueve el pl\u00e1stico. El queso se transfiere fuera de la des envolvedora para su posterior proceso. Los bloques se pueden checar visualmente en busca de peque\u00f1as piezas de envolturas de pl\u00e1stico como una opci\u00f3n antes de transferirlos a la siguiente estaci\u00f3n.<\/p>\n","protected":false},"excerpt":{"rendered":"Los bloques de queso envueltos en pl\u00e1stico se transfieren autom\u00e1ticamente a un conjunto de agujas que atraviesan el pl\u00e1stico y sopla aire limpio entre el bloque y el cual se corta en tres lados y robot secundario remueve el pl\u00e1stico. El queso se transfiere fuera de la des envolvedora para su posterior proceso. Los bloques&#8230; ","protected":false},"featured_media":6324,"template":"","meta":{"_acf_changed":false},"product_brand":[],"product_cat":[187],"product_tag":[],"class_list":{"0":"post-3424","1":"product","2":"type-product","3":"status-publish","4":"has-post-thumbnail","6":"product_cat-cheese-handling-es","8":"first","9":"instock","10":"product-type-simple"},"acf":[],"yoast_head":"<!-- This site is optimized with the Yoast SEO plugin v27.2 - https:\/\/yoast.com\/product\/yoast-seo-wordpress\/ -->\n<title>M\u00e1quina Autom\u00e1tica Removedora de Envolturas - Marchant Schmidt<\/title>\n<meta name=\"robots\" content=\"index, follow, max-snippet:-1, max-image-preview:large, max-video-preview:-1\" \/>\n<link rel=\"canonical\" href=\"https:\/\/www.marchantschmidt.com\/es\/product\/cheese-converting-es\/cheese-handling-es\/auto-defoiling-machine\/\" \/>\n<meta property=\"og:locale\" content=\"es_MX\" \/>\n<meta property=\"og:type\" content=\"article\" \/>\n<meta property=\"og:title\" content=\"M\u00e1quina Autom\u00e1tica Removedora de Envolturas - Marchant Schmidt\" \/>\n<meta property=\"og:description\" content=\"Los bloques de queso envueltos en pl\u00e1stico se transfieren autom\u00e1ticamente a un conjunto de agujas que atraviesan el pl\u00e1stico y sopla aire limpio entre el bloque y el cual se corta en tres lados y robot secundario remueve el pl\u00e1stico. El queso se transfiere fuera de la des envolvedora para su posterior proceso. Los bloques...\" \/>\n<meta property=\"og:url\" content=\"https:\/\/www.marchantschmidt.com\/es\/product\/cheese-converting-es\/cheese-handling-es\/auto-defoiling-machine\/\" \/>\n<meta property=\"og:site_name\" content=\"Marchant Schmidt\" \/>\n<meta property=\"article:modified_time\" content=\"2021-06-09T14:34:30+00:00\" \/>\n<meta property=\"og:image\" content=\"https:\/\/www.marchantschmidt.com\/wp-content\/uploads\/2019\/09\/DEFOILING-MACHINE-RENDER.jpg\" \/>\n\t<meta property=\"og:image:width\" content=\"1920\" \/>\n\t<meta property=\"og:image:height\" content=\"1080\" \/>\n\t<meta property=\"og:image:type\" content=\"image\/jpeg\" \/>\n<meta name=\"twitter:card\" content=\"summary_large_image\" \/>\n<meta name=\"twitter:label1\" content=\"Tiempo de lectura\" \/>\n\t<meta name=\"twitter:data1\" content=\"1 minuto\" \/>\n<!-- \/ Yoast SEO plugin. -->","yoast_head_json":{"title":"M\u00e1quina Autom\u00e1tica Removedora de Envolturas - Marchant Schmidt","robots":{"index":"index","follow":"follow","max-snippet":"max-snippet:-1","max-image-preview":"max-image-preview:large","max-video-preview":"max-video-preview:-1"},"canonical":"https:\/\/www.marchantschmidt.com\/es\/product\/cheese-converting-es\/cheese-handling-es\/auto-defoiling-machine\/","og_locale":"es_MX","og_type":"article","og_title":"M\u00e1quina Autom\u00e1tica Removedora de Envolturas - Marchant Schmidt","og_description":"Los bloques de queso envueltos en pl\u00e1stico se transfieren autom\u00e1ticamente a un conjunto de agujas que atraviesan el pl\u00e1stico y sopla aire limpio entre el bloque y el cual se corta en tres lados y robot secundario remueve el pl\u00e1stico. El queso se transfiere fuera de la des envolvedora para su posterior proceso. Los bloques...","og_url":"https:\/\/www.marchantschmidt.com\/es\/product\/cheese-converting-es\/cheese-handling-es\/auto-defoiling-machine\/","og_site_name":"Marchant Schmidt","article_modified_time":"2021-06-09T14:34:30+00:00","og_image":[{"width":1920,"height":1080,"url":"https:\/\/www.marchantschmidt.com\/wp-content\/uploads\/2019\/09\/DEFOILING-MACHINE-RENDER.jpg","type":"image\/jpeg"}],"twitter_card":"summary_large_image","twitter_misc":{"Tiempo de lectura":"1 minuto"},"schema":{"@context":"https:\/\/schema.org","@graph":[{"@type":"WebPage","@id":"https:\/\/www.marchantschmidt.com\/es\/product\/cheese-converting-es\/cheese-handling-es\/auto-defoiling-machine\/","url":"https:\/\/www.marchantschmidt.com\/es\/product\/cheese-converting-es\/cheese-handling-es\/auto-defoiling-machine\/","name":"M\u00e1quina Autom\u00e1tica Removedora de Envolturas - Marchant Schmidt","isPartOf":{"@id":"https:\/\/www.marchantschmidt.com\/#website"},"primaryImageOfPage":{"@id":"https:\/\/www.marchantschmidt.com\/es\/product\/cheese-converting-es\/cheese-handling-es\/auto-defoiling-machine\/#primaryimage"},"image":{"@id":"https:\/\/www.marchantschmidt.com\/es\/product\/cheese-converting-es\/cheese-handling-es\/auto-defoiling-machine\/#primaryimage"},"thumbnailUrl":"https:\/\/www.marchantschmidt.com\/wp-content\/uploads\/2019\/09\/DEFOILING-MACHINE-RENDER.jpg","datePublished":"2019-09-03T17:19:44+00:00","dateModified":"2021-06-09T14:34:30+00:00","breadcrumb":{"@id":"https:\/\/www.marchantschmidt.com\/es\/product\/cheese-converting-es\/cheese-handling-es\/auto-defoiling-machine\/#breadcrumb"},"inLanguage":"es","potentialAction":[{"@type":"ReadAction","target":["https:\/\/www.marchantschmidt.com\/es\/product\/cheese-converting-es\/cheese-handling-es\/auto-defoiling-machine\/"]}]},{"@type":"ImageObject","inLanguage":"es","@id":"https:\/\/www.marchantschmidt.com\/es\/product\/cheese-converting-es\/cheese-handling-es\/auto-defoiling-machine\/#primaryimage","url":"https:\/\/www.marchantschmidt.com\/wp-content\/uploads\/2019\/09\/DEFOILING-MACHINE-RENDER.jpg","contentUrl":"https:\/\/www.marchantschmidt.com\/wp-content\/uploads\/2019\/09\/DEFOILING-MACHINE-RENDER.jpg","width":1920,"height":1080,"caption":"defoiler automated cheese handling"},{"@type":"BreadcrumbList","@id":"https:\/\/www.marchantschmidt.com\/es\/product\/cheese-converting-es\/cheese-handling-es\/auto-defoiling-machine\/#breadcrumb","itemListElement":[{"@type":"ListItem","position":1,"name":"Home","item":"https:\/\/www.marchantschmidt.com\/es\/"},{"@type":"ListItem","position":2,"name":"Shop","item":"https:\/\/www.marchantschmidt.com\/?page_id=2232"},{"@type":"ListItem","position":3,"name":"M\u00e1quina Autom\u00e1tica Removedora de Envolturas"}]},{"@type":"WebSite","@id":"https:\/\/www.marchantschmidt.com\/#website","url":"https:\/\/www.marchantschmidt.com\/","name":"Marchant Schmidt","description":"","publisher":{"@id":"https:\/\/www.marchantschmidt.com\/#organization"},"potentialAction":[{"@type":"SearchAction","target":{"@type":"EntryPoint","urlTemplate":"https:\/\/www.marchantschmidt.com\/?s={search_term_string}"},"query-input":{"@type":"PropertyValueSpecification","valueRequired":true,"valueName":"search_term_string"}}],"inLanguage":"es"},{"@type":"Organization","@id":"https:\/\/www.marchantschmidt.com\/#organization","name":"Marchant Schmidt, Inc.","url":"https:\/\/www.marchantschmidt.com\/","logo":{"@type":"ImageObject","inLanguage":"es","@id":"https:\/\/www.marchantschmidt.com\/#\/schema\/logo\/image\/","url":"https:\/\/www.marchantschmidt.com\/wp-content\/uploads\/2019\/08\/Marchant-Schmidt-Logo-Revised.png","contentUrl":"https:\/\/www.marchantschmidt.com\/wp-content\/uploads\/2019\/08\/Marchant-Schmidt-Logo-Revised.png","width":701,"height":117,"caption":"Marchant Schmidt, Inc."},"image":{"@id":"https:\/\/www.marchantschmidt.com\/#\/schema\/logo\/image\/"}}]}},"_links":{"self":[{"href":"https:\/\/www.marchantschmidt.com\/es\/wp-json\/wp\/v2\/product\/3424","targetHints":{"allow":["GET"]}}],"collection":[{"href":"https:\/\/www.marchantschmidt.com\/es\/wp-json\/wp\/v2\/product"}],"about":[{"href":"https:\/\/www.marchantschmidt.com\/es\/wp-json\/wp\/v2\/types\/product"}],"wp:featuredmedia":[{"embeddable":true,"href":"https:\/\/www.marchantschmidt.com\/es\/wp-json\/wp\/v2\/media\/6324"}],"wp:attachment":[{"href":"https:\/\/www.marchantschmidt.com\/es\/wp-json\/wp\/v2\/media?parent=3424"}],"wp:term":[{"taxonomy":"product_brand","embeddable":true,"href":"https:\/\/www.marchantschmidt.com\/es\/wp-json\/wp\/v2\/product_brand?post=3424"},{"taxonomy":"product_cat","embeddable":true,"href":"https:\/\/www.marchantschmidt.com\/es\/wp-json\/wp\/v2\/product_cat?post=3424"},{"taxonomy":"product_tag","embeddable":true,"href":"https:\/\/www.marchantschmidt.com\/es\/wp-json\/wp\/v2\/product_tag?post=3424"}],"curies":[{"name":"wp","href":"https:\/\/api.w.org\/{rel}","templated":true}]}}