{"id":3426,"date":"2019-09-03T17:19:44","date_gmt":"2019-09-03T17:19:44","guid":{"rendered":"https:\/\/www.marchantschmidt.com\/product\/sin%20categor\u00eda\/mixing-drums\/"},"modified":"2023-08-10T15:58:47","modified_gmt":"2023-08-10T15:58:47","slug":"mixing-drums","status":"publish","type":"product","link":"https:\/\/www.marchantschmidt.com\/es\/product\/cheese-converting-es\/shredding-and-grating-es\/mixing-drums\/","title":{"rendered":"Tambores de Mezclado"},"content":{"rendered":"<p>El tambor mezclador produce una mezcla suave \u00fanica para productos alimenticios. El tambor de gran di\u00e1metro permite un flujo continuo sin restricciones. Las paletas dobladas hacen rodar el producto varias veces sin que se produzca un movimiento brusco. Esto es ideal para productos delicados como queso rallado donde es importante preservar la longitud y la forma. Las cubiertas antipolvo se suministran de manera est\u00e1ndar para contener part\u00edculas en el aire y mejorar la adhesi\u00f3n al producto. Por seguridad, una jaula integrada previene lesiones al mismo tiempo que permite la limpieza con sistema de atomizaci\u00f3n desde el exterior. El carrete de extensi\u00f3n intercambiable extiende la descarga del producto sobre el punto de descarga \u00f3ptimo en el transportador de recogida. Para evitar la p\u00e9rdida de producto en el piso, una rampa de entrada extra\u00edble gu\u00eda el producto desde debajo del transportador de entrada al tambor.<\/p>\n","protected":false},"excerpt":{"rendered":"El tambor mezclador produce una mezcla suave \u00fanica para productos alimenticios. El tambor de gran di\u00e1metro permite un flujo continuo sin restricciones. Las paletas dobladas hacen rodar el producto varias veces sin que se produzca un movimiento brusco. Esto es ideal para productos delicados como queso rallado donde es importante preservar la longitud y la&#8230; ","protected":false},"featured_media":5237,"template":"","meta":{"_acf_changed":false},"product_brand":[],"product_cat":[184],"product_tag":[],"class_list":{"0":"post-3426","1":"product","2":"type-product","3":"status-publish","4":"has-post-thumbnail","6":"product_cat-shredding-and-grating-es","8":"first","9":"instock","10":"product-type-simple"},"acf":[],"yoast_head":"<!-- This site is optimized with the Yoast SEO plugin v27.2 - https:\/\/yoast.com\/product\/yoast-seo-wordpress\/ -->\n<title>Tambores de Mezclado - Marchant Schmidt<\/title>\n<meta name=\"robots\" content=\"index, follow, max-snippet:-1, max-image-preview:large, max-video-preview:-1\" \/>\n<link rel=\"canonical\" href=\"https:\/\/www.marchantschmidt.com\/es\/product\/cheese-converting-es\/shredding-and-grating-es\/mixing-drums\/\" \/>\n<meta property=\"og:locale\" content=\"es_MX\" \/>\n<meta property=\"og:type\" content=\"article\" \/>\n<meta property=\"og:title\" content=\"Tambores de Mezclado - Marchant Schmidt\" \/>\n<meta property=\"og:description\" content=\"El tambor mezclador produce una mezcla suave \u00fanica para productos alimenticios. El tambor de gran di\u00e1metro permite un flujo continuo sin restricciones. Las paletas dobladas hacen rodar el producto varias veces sin que se produzca un movimiento brusco. Esto es ideal para productos delicados como queso rallado donde es importante preservar la longitud y la...\" \/>\n<meta property=\"og:url\" content=\"https:\/\/www.marchantschmidt.com\/es\/product\/cheese-converting-es\/shredding-and-grating-es\/mixing-drums\/\" \/>\n<meta property=\"og:site_name\" content=\"Marchant Schmidt\" \/>\n<meta property=\"article:modified_time\" content=\"2023-08-10T15:58:47+00:00\" \/>\n<meta property=\"og:image\" content=\"https:\/\/www.marchantschmidt.com\/wp-content\/uploads\/2019\/09\/MIXING-DRUM-20200420.jpg\" \/>\n\t<meta property=\"og:image:width\" content=\"996\" \/>\n\t<meta property=\"og:image:height\" content=\"1080\" \/>\n\t<meta property=\"og:image:type\" content=\"image\/jpeg\" \/>\n<meta name=\"twitter:card\" content=\"summary_large_image\" \/>\n<meta name=\"twitter:label1\" content=\"Tiempo de lectura\" \/>\n\t<meta name=\"twitter:data1\" content=\"1 minuto\" \/>\n<!-- \/ Yoast SEO plugin. -->","yoast_head_json":{"title":"Tambores de Mezclado - Marchant Schmidt","robots":{"index":"index","follow":"follow","max-snippet":"max-snippet:-1","max-image-preview":"max-image-preview:large","max-video-preview":"max-video-preview:-1"},"canonical":"https:\/\/www.marchantschmidt.com\/es\/product\/cheese-converting-es\/shredding-and-grating-es\/mixing-drums\/","og_locale":"es_MX","og_type":"article","og_title":"Tambores de Mezclado - Marchant Schmidt","og_description":"El tambor mezclador produce una mezcla suave \u00fanica para productos alimenticios. El tambor de gran di\u00e1metro permite un flujo continuo sin restricciones. Las paletas dobladas hacen rodar el producto varias veces sin que se produzca un movimiento brusco. Esto es ideal para productos delicados como queso rallado donde es importante preservar la longitud y la...","og_url":"https:\/\/www.marchantschmidt.com\/es\/product\/cheese-converting-es\/shredding-and-grating-es\/mixing-drums\/","og_site_name":"Marchant Schmidt","article_modified_time":"2023-08-10T15:58:47+00:00","og_image":[{"width":996,"height":1080,"url":"https:\/\/www.marchantschmidt.com\/wp-content\/uploads\/2019\/09\/MIXING-DRUM-20200420.jpg","type":"image\/jpeg"}],"twitter_card":"summary_large_image","twitter_misc":{"Tiempo de lectura":"1 minuto"},"schema":{"@context":"https:\/\/schema.org","@graph":[{"@type":"WebPage","@id":"https:\/\/www.marchantschmidt.com\/es\/product\/cheese-converting-es\/shredding-and-grating-es\/mixing-drums\/","url":"https:\/\/www.marchantschmidt.com\/es\/product\/cheese-converting-es\/shredding-and-grating-es\/mixing-drums\/","name":"Tambores de Mezclado - Marchant Schmidt","isPartOf":{"@id":"https:\/\/www.marchantschmidt.com\/#website"},"primaryImageOfPage":{"@id":"https:\/\/www.marchantschmidt.com\/es\/product\/cheese-converting-es\/shredding-and-grating-es\/mixing-drums\/#primaryimage"},"image":{"@id":"https:\/\/www.marchantschmidt.com\/es\/product\/cheese-converting-es\/shredding-and-grating-es\/mixing-drums\/#primaryimage"},"thumbnailUrl":"https:\/\/www.marchantschmidt.com\/wp-content\/uploads\/2019\/09\/MIXING-DRUM-20200420.jpg","datePublished":"2019-09-03T17:19:44+00:00","dateModified":"2023-08-10T15:58:47+00:00","breadcrumb":{"@id":"https:\/\/www.marchantschmidt.com\/es\/product\/cheese-converting-es\/shredding-and-grating-es\/mixing-drums\/#breadcrumb"},"inLanguage":"es","potentialAction":[{"@type":"ReadAction","target":["https:\/\/www.marchantschmidt.com\/es\/product\/cheese-converting-es\/shredding-and-grating-es\/mixing-drums\/"]}]},{"@type":"ImageObject","inLanguage":"es","@id":"https:\/\/www.marchantschmidt.com\/es\/product\/cheese-converting-es\/shredding-and-grating-es\/mixing-drums\/#primaryimage","url":"https:\/\/www.marchantschmidt.com\/wp-content\/uploads\/2019\/09\/MIXING-DRUM-20200420.jpg","contentUrl":"https:\/\/www.marchantschmidt.com\/wp-content\/uploads\/2019\/09\/MIXING-DRUM-20200420.jpg","width":996,"height":1080,"caption":"industrial cheese shredder, industrial cheese grater"},{"@type":"BreadcrumbList","@id":"https:\/\/www.marchantschmidt.com\/es\/product\/cheese-converting-es\/shredding-and-grating-es\/mixing-drums\/#breadcrumb","itemListElement":[{"@type":"ListItem","position":1,"name":"Home","item":"https:\/\/www.marchantschmidt.com\/es\/"},{"@type":"ListItem","position":2,"name":"Shop","item":"https:\/\/www.marchantschmidt.com\/?page_id=2232"},{"@type":"ListItem","position":3,"name":"Tambores de Mezclado"}]},{"@type":"WebSite","@id":"https:\/\/www.marchantschmidt.com\/#website","url":"https:\/\/www.marchantschmidt.com\/","name":"Marchant Schmidt","description":"","publisher":{"@id":"https:\/\/www.marchantschmidt.com\/#organization"},"potentialAction":[{"@type":"SearchAction","target":{"@type":"EntryPoint","urlTemplate":"https:\/\/www.marchantschmidt.com\/?s={search_term_string}"},"query-input":{"@type":"PropertyValueSpecification","valueRequired":true,"valueName":"search_term_string"}}],"inLanguage":"es"},{"@type":"Organization","@id":"https:\/\/www.marchantschmidt.com\/#organization","name":"Marchant Schmidt, Inc.","url":"https:\/\/www.marchantschmidt.com\/","logo":{"@type":"ImageObject","inLanguage":"es","@id":"https:\/\/www.marchantschmidt.com\/#\/schema\/logo\/image\/","url":"https:\/\/www.marchantschmidt.com\/wp-content\/uploads\/2019\/08\/Marchant-Schmidt-Logo-Revised.png","contentUrl":"https:\/\/www.marchantschmidt.com\/wp-content\/uploads\/2019\/08\/Marchant-Schmidt-Logo-Revised.png","width":701,"height":117,"caption":"Marchant Schmidt, Inc."},"image":{"@id":"https:\/\/www.marchantschmidt.com\/#\/schema\/logo\/image\/"}}]}},"_links":{"self":[{"href":"https:\/\/www.marchantschmidt.com\/es\/wp-json\/wp\/v2\/product\/3426","targetHints":{"allow":["GET"]}}],"collection":[{"href":"https:\/\/www.marchantschmidt.com\/es\/wp-json\/wp\/v2\/product"}],"about":[{"href":"https:\/\/www.marchantschmidt.com\/es\/wp-json\/wp\/v2\/types\/product"}],"wp:featuredmedia":[{"embeddable":true,"href":"https:\/\/www.marchantschmidt.com\/es\/wp-json\/wp\/v2\/media\/5237"}],"wp:attachment":[{"href":"https:\/\/www.marchantschmidt.com\/es\/wp-json\/wp\/v2\/media?parent=3426"}],"wp:term":[{"taxonomy":"product_brand","embeddable":true,"href":"https:\/\/www.marchantschmidt.com\/es\/wp-json\/wp\/v2\/product_brand?post=3426"},{"taxonomy":"product_cat","embeddable":true,"href":"https:\/\/www.marchantschmidt.com\/es\/wp-json\/wp\/v2\/product_cat?post=3426"},{"taxonomy":"product_tag","embeddable":true,"href":"https:\/\/www.marchantschmidt.com\/es\/wp-json\/wp\/v2\/product_tag?post=3426"}],"curies":[{"name":"wp","href":"https:\/\/api.w.org\/{rel}","templated":true}]}}