{"id":3428,"date":"2019-09-03T17:19:44","date_gmt":"2019-09-03T17:19:44","guid":{"rendered":"https:\/\/www.marchantschmidt.com\/product\/sin%20categor\u00eda\/collection-conveyors\/"},"modified":"2021-02-03T17:32:14","modified_gmt":"2021-02-03T17:32:14","slug":"collection-conveyors","status":"publish","type":"product","link":"https:\/\/www.marchantschmidt.com\/es\/product\/cheese-converting-es\/shredding-and-grating-es\/collection-conveyors\/","title":{"rendered":"Transportadores Colectores"},"content":{"rendered":"<p>El queso rallado o cortado en cubitos se deposita en el extremo inferior del transportador de recolecci\u00f3n MS2000. El producto se transporta hacia arriba en direcci\u00f3n al tambor de mezclado. El transportador utiliza una banda de uretano continua que se raspa con dos m\u00e9todos diferentes para evitar la acumulaci\u00f3n. El dise\u00f1o en voladizo y el tensor neum\u00e1tico de la banda brindan al personal de sanidad la capacidad de limpiar alrededor de la banda o quitarla por completa para una limpieza total. Las tolvas de recolecci\u00f3n con faldones de uretano, los contenedores de recolecci\u00f3n y las bandejas evitan las p\u00e9rdidas de queso en el piso. Las bandejas recolectoras continuas con vibradores ayudan a atrapar el producto y reintroducirlo en producci\u00f3n.<\/p>\n","protected":false},"excerpt":{"rendered":"El queso rallado o cortado en cubitos se deposita en el extremo inferior del transportador de recolecci\u00f3n MS2000. El producto se transporta hacia arriba en direcci\u00f3n al tambor de mezclado. El transportador utiliza una banda de uretano continua que se raspa con dos m\u00e9todos diferentes para evitar la acumulaci\u00f3n. El dise\u00f1o en voladizo y el&#8230; ","protected":false},"featured_media":8696,"template":"","meta":{"_acf_changed":false},"product_brand":[],"product_cat":[184],"product_tag":[],"class_list":{"0":"post-3428","1":"product","2":"type-product","3":"status-publish","4":"has-post-thumbnail","6":"product_cat-shredding-and-grating-es","8":"first","9":"instock","10":"product-type-simple"},"acf":[],"yoast_head":"<!-- This site is optimized with the Yoast SEO plugin v27.2 - https:\/\/yoast.com\/product\/yoast-seo-wordpress\/ -->\n<title>Transportadores Colectores - Marchant Schmidt<\/title>\n<meta name=\"robots\" content=\"index, follow, max-snippet:-1, max-image-preview:large, max-video-preview:-1\" \/>\n<link rel=\"canonical\" href=\"https:\/\/www.marchantschmidt.com\/es\/product\/cheese-converting-es\/shredding-and-grating-es\/collection-conveyors\/\" \/>\n<meta property=\"og:locale\" content=\"es_MX\" \/>\n<meta property=\"og:type\" content=\"article\" \/>\n<meta property=\"og:title\" content=\"Transportadores Colectores - Marchant Schmidt\" \/>\n<meta property=\"og:description\" content=\"El queso rallado o cortado en cubitos se deposita en el extremo inferior del transportador de recolecci\u00f3n MS2000. El producto se transporta hacia arriba en direcci\u00f3n al tambor de mezclado. El transportador utiliza una banda de uretano continua que se raspa con dos m\u00e9todos diferentes para evitar la acumulaci\u00f3n. El dise\u00f1o en voladizo y el...\" \/>\n<meta property=\"og:url\" content=\"https:\/\/www.marchantschmidt.com\/es\/product\/cheese-converting-es\/shredding-and-grating-es\/collection-conveyors\/\" \/>\n<meta property=\"og:site_name\" content=\"Marchant Schmidt\" \/>\n<meta property=\"article:modified_time\" content=\"2021-02-03T17:32:14+00:00\" \/>\n<meta property=\"og:image\" content=\"https:\/\/www.marchantschmidt.com\/wp-content\/uploads\/2019\/09\/2025-MS2500-CATEGORY-ICON.jpg\" \/>\n\t<meta property=\"og:image:width\" content=\"1920\" \/>\n\t<meta property=\"og:image:height\" content=\"1920\" \/>\n\t<meta property=\"og:image:type\" content=\"image\/jpeg\" \/>\n<meta name=\"twitter:card\" content=\"summary_large_image\" \/>\n<meta name=\"twitter:label1\" content=\"Tiempo de lectura\" \/>\n\t<meta name=\"twitter:data1\" content=\"1 minuto\" \/>\n<!-- \/ Yoast SEO plugin. -->","yoast_head_json":{"title":"Transportadores Colectores - Marchant Schmidt","robots":{"index":"index","follow":"follow","max-snippet":"max-snippet:-1","max-image-preview":"max-image-preview:large","max-video-preview":"max-video-preview:-1"},"canonical":"https:\/\/www.marchantschmidt.com\/es\/product\/cheese-converting-es\/shredding-and-grating-es\/collection-conveyors\/","og_locale":"es_MX","og_type":"article","og_title":"Transportadores Colectores - Marchant Schmidt","og_description":"El queso rallado o cortado en cubitos se deposita en el extremo inferior del transportador de recolecci\u00f3n MS2000. El producto se transporta hacia arriba en direcci\u00f3n al tambor de mezclado. El transportador utiliza una banda de uretano continua que se raspa con dos m\u00e9todos diferentes para evitar la acumulaci\u00f3n. El dise\u00f1o en voladizo y el...","og_url":"https:\/\/www.marchantschmidt.com\/es\/product\/cheese-converting-es\/shredding-and-grating-es\/collection-conveyors\/","og_site_name":"Marchant Schmidt","article_modified_time":"2021-02-03T17:32:14+00:00","og_image":[{"width":1920,"height":1920,"url":"https:\/\/www.marchantschmidt.com\/wp-content\/uploads\/2019\/09\/2025-MS2500-CATEGORY-ICON.jpg","type":"image\/jpeg"}],"twitter_card":"summary_large_image","twitter_misc":{"Tiempo de lectura":"1 minuto"},"schema":{"@context":"https:\/\/schema.org","@graph":[{"@type":"WebPage","@id":"https:\/\/www.marchantschmidt.com\/es\/product\/cheese-converting-es\/shredding-and-grating-es\/collection-conveyors\/","url":"https:\/\/www.marchantschmidt.com\/es\/product\/cheese-converting-es\/shredding-and-grating-es\/collection-conveyors\/","name":"Transportadores Colectores - Marchant Schmidt","isPartOf":{"@id":"https:\/\/www.marchantschmidt.com\/#website"},"primaryImageOfPage":{"@id":"https:\/\/www.marchantschmidt.com\/es\/product\/cheese-converting-es\/shredding-and-grating-es\/collection-conveyors\/#primaryimage"},"image":{"@id":"https:\/\/www.marchantschmidt.com\/es\/product\/cheese-converting-es\/shredding-and-grating-es\/collection-conveyors\/#primaryimage"},"thumbnailUrl":"https:\/\/www.marchantschmidt.com\/wp-content\/uploads\/2019\/09\/2025-MS2500-CATEGORY-ICON.jpg","datePublished":"2019-09-03T17:19:44+00:00","dateModified":"2021-02-03T17:32:14+00:00","breadcrumb":{"@id":"https:\/\/www.marchantschmidt.com\/es\/product\/cheese-converting-es\/shredding-and-grating-es\/collection-conveyors\/#breadcrumb"},"inLanguage":"es","potentialAction":[{"@type":"ReadAction","target":["https:\/\/www.marchantschmidt.com\/es\/product\/cheese-converting-es\/shredding-and-grating-es\/collection-conveyors\/"]}]},{"@type":"ImageObject","inLanguage":"es","@id":"https:\/\/www.marchantschmidt.com\/es\/product\/cheese-converting-es\/shredding-and-grating-es\/collection-conveyors\/#primaryimage","url":"https:\/\/www.marchantschmidt.com\/wp-content\/uploads\/2019\/09\/2025-MS2500-CATEGORY-ICON.jpg","contentUrl":"https:\/\/www.marchantschmidt.com\/wp-content\/uploads\/2019\/09\/2025-MS2500-CATEGORY-ICON.jpg","width":1920,"height":1920},{"@type":"BreadcrumbList","@id":"https:\/\/www.marchantschmidt.com\/es\/product\/cheese-converting-es\/shredding-and-grating-es\/collection-conveyors\/#breadcrumb","itemListElement":[{"@type":"ListItem","position":1,"name":"Home","item":"https:\/\/www.marchantschmidt.com\/es\/"},{"@type":"ListItem","position":2,"name":"Shop","item":"https:\/\/www.marchantschmidt.com\/?page_id=2232"},{"@type":"ListItem","position":3,"name":"Transportadores Colectores"}]},{"@type":"WebSite","@id":"https:\/\/www.marchantschmidt.com\/#website","url":"https:\/\/www.marchantschmidt.com\/","name":"Marchant Schmidt","description":"","publisher":{"@id":"https:\/\/www.marchantschmidt.com\/#organization"},"potentialAction":[{"@type":"SearchAction","target":{"@type":"EntryPoint","urlTemplate":"https:\/\/www.marchantschmidt.com\/?s={search_term_string}"},"query-input":{"@type":"PropertyValueSpecification","valueRequired":true,"valueName":"search_term_string"}}],"inLanguage":"es"},{"@type":"Organization","@id":"https:\/\/www.marchantschmidt.com\/#organization","name":"Marchant Schmidt, Inc.","url":"https:\/\/www.marchantschmidt.com\/","logo":{"@type":"ImageObject","inLanguage":"es","@id":"https:\/\/www.marchantschmidt.com\/#\/schema\/logo\/image\/","url":"https:\/\/www.marchantschmidt.com\/wp-content\/uploads\/2019\/08\/Marchant-Schmidt-Logo-Revised.png","contentUrl":"https:\/\/www.marchantschmidt.com\/wp-content\/uploads\/2019\/08\/Marchant-Schmidt-Logo-Revised.png","width":701,"height":117,"caption":"Marchant Schmidt, Inc."},"image":{"@id":"https:\/\/www.marchantschmidt.com\/#\/schema\/logo\/image\/"}}]}},"_links":{"self":[{"href":"https:\/\/www.marchantschmidt.com\/es\/wp-json\/wp\/v2\/product\/3428","targetHints":{"allow":["GET"]}}],"collection":[{"href":"https:\/\/www.marchantschmidt.com\/es\/wp-json\/wp\/v2\/product"}],"about":[{"href":"https:\/\/www.marchantschmidt.com\/es\/wp-json\/wp\/v2\/types\/product"}],"wp:featuredmedia":[{"embeddable":true,"href":"https:\/\/www.marchantschmidt.com\/es\/wp-json\/wp\/v2\/media\/8696"}],"wp:attachment":[{"href":"https:\/\/www.marchantschmidt.com\/es\/wp-json\/wp\/v2\/media?parent=3428"}],"wp:term":[{"taxonomy":"product_brand","embeddable":true,"href":"https:\/\/www.marchantschmidt.com\/es\/wp-json\/wp\/v2\/product_brand?post=3428"},{"taxonomy":"product_cat","embeddable":true,"href":"https:\/\/www.marchantschmidt.com\/es\/wp-json\/wp\/v2\/product_cat?post=3428"},{"taxonomy":"product_tag","embeddable":true,"href":"https:\/\/www.marchantschmidt.com\/es\/wp-json\/wp\/v2\/product_tag?post=3428"}],"curies":[{"name":"wp","href":"https:\/\/api.w.org\/{rel}","templated":true}]}}