{"id":3429,"date":"2019-09-03T17:19:58","date_gmt":"2019-09-03T17:19:58","guid":{"rendered":"https:\/\/www.marchantschmidt.com\/product\/sin%20categor\u00eda\/metering-conveyors\/"},"modified":"2024-07-11T15:46:57","modified_gmt":"2024-07-11T15:46:57","slug":"metering-conveyors","status":"publish","type":"product","link":"https:\/\/www.marchantschmidt.com\/es\/product\/cheese-converting-es\/shredding-and-grating-es\/metering-conveyors\/","title":{"rendered":"Transportadores dosificadores"},"content":{"rendered":"<p>El transportador dosificador de cubos MS3000 optimiza la producci\u00f3n de la l\u00ednea de rallado al convertir un proceso por lotes en una operaci\u00f3n continua. Los cubos se reciben en la secci\u00f3n horizontal inferior y avanzan lentamente por la pendiente. Debido al \u00e1ngulo pronunciado de la pendiente, los cubos vuelven a caer en la secci\u00f3n horizontal y se mezclan con el siguiente lote de queso. Los cubos que permanecen en las bandas transportadoras se mandan a un ritmo constante hacia la m\u00e1quina ralladora o cubicadora corriente abajo. La banda transportadora de uretano s\u00f3lido con un solo empalme permite una f\u00e1cil extracci\u00f3n. El MS3000 se puede configurar con una secci\u00f3n horizontal extendida para agregar f\u00e1cilmente recortes.<\/p>\n","protected":false},"excerpt":{"rendered":"El transportador dosificador de cubos MS3000 optimiza la producci\u00f3n de la l\u00ednea de rallado al convertir un proceso por lotes en una operaci\u00f3n continua. Los cubos se reciben en la secci\u00f3n horizontal inferior y avanzan lentamente por la pendiente. Debido al \u00e1ngulo pronunciado de la pendiente, los cubos vuelven a caer en la secci\u00f3n horizontal&#8230; ","protected":false},"featured_media":8453,"template":"","meta":{"_acf_changed":false},"product_brand":[],"product_cat":[184],"product_tag":[],"class_list":{"0":"post-3429","1":"product","2":"type-product","3":"status-publish","4":"has-post-thumbnail","6":"product_cat-shredding-and-grating-es","8":"first","9":"instock","10":"product-type-simple"},"acf":[],"yoast_head":"<!-- This site is optimized with the Yoast SEO plugin v27.2 - https:\/\/yoast.com\/product\/yoast-seo-wordpress\/ -->\n<title>Transportadores dosificadores - Marchant Schmidt<\/title>\n<meta name=\"robots\" content=\"index, follow, max-snippet:-1, max-image-preview:large, max-video-preview:-1\" \/>\n<link rel=\"canonical\" href=\"https:\/\/www.marchantschmidt.com\/es\/product\/cheese-converting-es\/shredding-and-grating-es\/metering-conveyors\/\" \/>\n<meta property=\"og:locale\" content=\"es_MX\" \/>\n<meta property=\"og:type\" content=\"article\" \/>\n<meta property=\"og:title\" content=\"Transportadores dosificadores - Marchant Schmidt\" \/>\n<meta property=\"og:description\" content=\"El transportador dosificador de cubos MS3000 optimiza la producci\u00f3n de la l\u00ednea de rallado al convertir un proceso por lotes en una operaci\u00f3n continua. Los cubos se reciben en la secci\u00f3n horizontal inferior y avanzan lentamente por la pendiente. Debido al \u00e1ngulo pronunciado de la pendiente, los cubos vuelven a caer en la secci\u00f3n horizontal...\" \/>\n<meta property=\"og:url\" content=\"https:\/\/www.marchantschmidt.com\/es\/product\/cheese-converting-es\/shredding-and-grating-es\/metering-conveyors\/\" \/>\n<meta property=\"og:site_name\" content=\"Marchant Schmidt\" \/>\n<meta property=\"article:modified_time\" content=\"2024-07-11T15:46:57+00:00\" \/>\n<meta property=\"og:image\" content=\"https:\/\/www.marchantschmidt.com\/wp-content\/uploads\/2024\/02\/NEW-MS3000-DESIGN-2023_2024.png\" \/>\n\t<meta property=\"og:image:width\" content=\"1920\" \/>\n\t<meta property=\"og:image:height\" content=\"1080\" \/>\n\t<meta property=\"og:image:type\" content=\"image\/png\" \/>\n<meta name=\"twitter:card\" content=\"summary_large_image\" \/>\n<meta name=\"twitter:label1\" content=\"Tiempo de lectura\" \/>\n\t<meta name=\"twitter:data1\" content=\"1 minuto\" \/>\n<!-- \/ Yoast SEO plugin. -->","yoast_head_json":{"title":"Transportadores dosificadores - Marchant Schmidt","robots":{"index":"index","follow":"follow","max-snippet":"max-snippet:-1","max-image-preview":"max-image-preview:large","max-video-preview":"max-video-preview:-1"},"canonical":"https:\/\/www.marchantschmidt.com\/es\/product\/cheese-converting-es\/shredding-and-grating-es\/metering-conveyors\/","og_locale":"es_MX","og_type":"article","og_title":"Transportadores dosificadores - Marchant Schmidt","og_description":"El transportador dosificador de cubos MS3000 optimiza la producci\u00f3n de la l\u00ednea de rallado al convertir un proceso por lotes en una operaci\u00f3n continua. Los cubos se reciben en la secci\u00f3n horizontal inferior y avanzan lentamente por la pendiente. Debido al \u00e1ngulo pronunciado de la pendiente, los cubos vuelven a caer en la secci\u00f3n horizontal...","og_url":"https:\/\/www.marchantschmidt.com\/es\/product\/cheese-converting-es\/shredding-and-grating-es\/metering-conveyors\/","og_site_name":"Marchant Schmidt","article_modified_time":"2024-07-11T15:46:57+00:00","og_image":[{"width":1920,"height":1080,"url":"https:\/\/www.marchantschmidt.com\/wp-content\/uploads\/2024\/02\/NEW-MS3000-DESIGN-2023_2024.png","type":"image\/png"}],"twitter_card":"summary_large_image","twitter_misc":{"Tiempo de lectura":"1 minuto"},"schema":{"@context":"https:\/\/schema.org","@graph":[{"@type":"WebPage","@id":"https:\/\/www.marchantschmidt.com\/es\/product\/cheese-converting-es\/shredding-and-grating-es\/metering-conveyors\/","url":"https:\/\/www.marchantschmidt.com\/es\/product\/cheese-converting-es\/shredding-and-grating-es\/metering-conveyors\/","name":"Transportadores dosificadores - Marchant Schmidt","isPartOf":{"@id":"https:\/\/www.marchantschmidt.com\/#website"},"primaryImageOfPage":{"@id":"https:\/\/www.marchantschmidt.com\/es\/product\/cheese-converting-es\/shredding-and-grating-es\/metering-conveyors\/#primaryimage"},"image":{"@id":"https:\/\/www.marchantschmidt.com\/es\/product\/cheese-converting-es\/shredding-and-grating-es\/metering-conveyors\/#primaryimage"},"thumbnailUrl":"https:\/\/www.marchantschmidt.com\/wp-content\/uploads\/2024\/02\/NEW-MS3000-DESIGN-2023_2024.png","datePublished":"2019-09-03T17:19:58+00:00","dateModified":"2024-07-11T15:46:57+00:00","breadcrumb":{"@id":"https:\/\/www.marchantschmidt.com\/es\/product\/cheese-converting-es\/shredding-and-grating-es\/metering-conveyors\/#breadcrumb"},"inLanguage":"es","potentialAction":[{"@type":"ReadAction","target":["https:\/\/www.marchantschmidt.com\/es\/product\/cheese-converting-es\/shredding-and-grating-es\/metering-conveyors\/"]}]},{"@type":"ImageObject","inLanguage":"es","@id":"https:\/\/www.marchantschmidt.com\/es\/product\/cheese-converting-es\/shredding-and-grating-es\/metering-conveyors\/#primaryimage","url":"https:\/\/www.marchantschmidt.com\/wp-content\/uploads\/2024\/02\/NEW-MS3000-DESIGN-2023_2024.png","contentUrl":"https:\/\/www.marchantschmidt.com\/wp-content\/uploads\/2024\/02\/NEW-MS3000-DESIGN-2023_2024.png","width":1920,"height":1080},{"@type":"BreadcrumbList","@id":"https:\/\/www.marchantschmidt.com\/es\/product\/cheese-converting-es\/shredding-and-grating-es\/metering-conveyors\/#breadcrumb","itemListElement":[{"@type":"ListItem","position":1,"name":"Home","item":"https:\/\/www.marchantschmidt.com\/es\/"},{"@type":"ListItem","position":2,"name":"Shop","item":"https:\/\/www.marchantschmidt.com\/?page_id=2232"},{"@type":"ListItem","position":3,"name":"Transportadores dosificadores"}]},{"@type":"WebSite","@id":"https:\/\/www.marchantschmidt.com\/#website","url":"https:\/\/www.marchantschmidt.com\/","name":"Marchant Schmidt","description":"","publisher":{"@id":"https:\/\/www.marchantschmidt.com\/#organization"},"potentialAction":[{"@type":"SearchAction","target":{"@type":"EntryPoint","urlTemplate":"https:\/\/www.marchantschmidt.com\/?s={search_term_string}"},"query-input":{"@type":"PropertyValueSpecification","valueRequired":true,"valueName":"search_term_string"}}],"inLanguage":"es"},{"@type":"Organization","@id":"https:\/\/www.marchantschmidt.com\/#organization","name":"Marchant Schmidt, Inc.","url":"https:\/\/www.marchantschmidt.com\/","logo":{"@type":"ImageObject","inLanguage":"es","@id":"https:\/\/www.marchantschmidt.com\/#\/schema\/logo\/image\/","url":"https:\/\/www.marchantschmidt.com\/wp-content\/uploads\/2019\/08\/Marchant-Schmidt-Logo-Revised.png","contentUrl":"https:\/\/www.marchantschmidt.com\/wp-content\/uploads\/2019\/08\/Marchant-Schmidt-Logo-Revised.png","width":701,"height":117,"caption":"Marchant Schmidt, Inc."},"image":{"@id":"https:\/\/www.marchantschmidt.com\/#\/schema\/logo\/image\/"}}]}},"_links":{"self":[{"href":"https:\/\/www.marchantschmidt.com\/es\/wp-json\/wp\/v2\/product\/3429","targetHints":{"allow":["GET"]}}],"collection":[{"href":"https:\/\/www.marchantschmidt.com\/es\/wp-json\/wp\/v2\/product"}],"about":[{"href":"https:\/\/www.marchantschmidt.com\/es\/wp-json\/wp\/v2\/types\/product"}],"wp:featuredmedia":[{"embeddable":true,"href":"https:\/\/www.marchantschmidt.com\/es\/wp-json\/wp\/v2\/media\/8453"}],"wp:attachment":[{"href":"https:\/\/www.marchantschmidt.com\/es\/wp-json\/wp\/v2\/media?parent=3429"}],"wp:term":[{"taxonomy":"product_brand","embeddable":true,"href":"https:\/\/www.marchantschmidt.com\/es\/wp-json\/wp\/v2\/product_brand?post=3429"},{"taxonomy":"product_cat","embeddable":true,"href":"https:\/\/www.marchantschmidt.com\/es\/wp-json\/wp\/v2\/product_cat?post=3429"},{"taxonomy":"product_tag","embeddable":true,"href":"https:\/\/www.marchantschmidt.com\/es\/wp-json\/wp\/v2\/product_tag?post=3429"}],"curies":[{"name":"wp","href":"https:\/\/api.w.org\/{rel}","templated":true}]}}