{"id":3430,"date":"2019-09-03T17:19:44","date_gmt":"2019-09-03T17:19:44","guid":{"rendered":"https:\/\/www.marchantschmidt.com\/product\/sin%20categor\u00eda\/foodservice-system\/"},"modified":"2021-02-03T17:32:50","modified_gmt":"2021-02-03T17:32:50","slug":"foodservice-system","status":"publish","type":"product","link":"https:\/\/www.marchantschmidt.com\/es\/product\/cheese-converting-es\/shredding-and-grating-es\/complete-shred-lines-es\/foodservice-system\/","title":{"rendered":"Sistema Rallador de queso para el Sector de Food Service"},"content":{"rendered":"<p>Nuestro exclusivo sistema de transferencia de alimento en cubos en nuestra l\u00ednea de rallado de queso para el Sector del Food Service puede alimentar hasta seis ralladoras o cubicadoras de queso a la vez. El sistema de alimentaci\u00f3n de cubos transporta los cubos de manera constante para una alta tasa de producci\u00f3n, lo que permite maximizar el rendimiento del sistema y eliminar los atascos debidos al flujo desigual. El sistema de rallado de queso tambi\u00e9n est\u00e1 dise\u00f1ado con una retroalimentaci\u00f3n de carga de amperaje, por lo que los cubos en exceso se pueden desviar entre los carriles a trav\u00e9s de puertas operadas neum\u00e1ticamente que est\u00e1n dise\u00f1adas para modular el flujo de producto a la ralladora. Luego, el queso rallado es descargado desde la ralladora \/ cubicadora en un agitador de recolecci\u00f3n vibratorio donde se aplica el almid\u00f3n \/ celulosa. Desde all\u00ed, el producto se transporta al tambor mezclador giratorio y se transfiere al \u00e1rea de empaque.<\/p>\n","protected":false},"excerpt":{"rendered":"Nuestro exclusivo sistema de transferencia de alimento en cubos en nuestra l\u00ednea de rallado de queso para el Sector del Food Service puede alimentar hasta seis ralladoras o cubicadoras de queso a la vez. El sistema de alimentaci\u00f3n de cubos transporta los cubos de manera constante para una alta tasa de producci\u00f3n, lo que permite&#8230; ","protected":false},"featured_media":2758,"template":"","meta":{"_acf_changed":false},"product_brand":[],"product_cat":[191],"product_tag":[],"class_list":{"0":"post-3430","1":"product","2":"type-product","3":"status-publish","4":"has-post-thumbnail","6":"product_cat-complete-shred-lines-es","8":"first","9":"instock","10":"product-type-simple"},"acf":[],"yoast_head":"<!-- This site is optimized with the Yoast SEO plugin v27.2 - https:\/\/yoast.com\/product\/yoast-seo-wordpress\/ -->\n<title>Sistema Rallador de queso para el Sector de Food Service - Marchant Schmidt<\/title>\n<meta name=\"robots\" content=\"index, follow, max-snippet:-1, max-image-preview:large, max-video-preview:-1\" \/>\n<link rel=\"canonical\" href=\"https:\/\/www.marchantschmidt.com\/es\/product\/cheese-converting-es\/shredding-and-grating-es\/complete-shred-lines-es\/foodservice-system\/\" \/>\n<meta property=\"og:locale\" content=\"es_MX\" \/>\n<meta property=\"og:type\" content=\"article\" \/>\n<meta property=\"og:title\" content=\"Sistema Rallador de queso para el Sector de Food Service - Marchant Schmidt\" \/>\n<meta property=\"og:description\" content=\"Nuestro exclusivo sistema de transferencia de alimento en cubos en nuestra l\u00ednea de rallado de queso para el Sector del Food Service puede alimentar hasta seis ralladoras o cubicadoras de queso a la vez. El sistema de alimentaci\u00f3n de cubos transporta los cubos de manera constante para una alta tasa de producci\u00f3n, lo que permite...\" \/>\n<meta property=\"og:url\" content=\"https:\/\/www.marchantschmidt.com\/es\/product\/cheese-converting-es\/shredding-and-grating-es\/complete-shred-lines-es\/foodservice-system\/\" \/>\n<meta property=\"og:site_name\" content=\"Marchant Schmidt\" \/>\n<meta property=\"article:modified_time\" content=\"2021-02-03T17:32:50+00:00\" \/>\n<meta property=\"og:image\" content=\"https:\/\/www.marchantschmidt.com\/wp-content\/uploads\/2020\/08\/FOOD-SERVICE-SHRED-LINE-MAIN.jpg\" \/>\n\t<meta property=\"og:image:width\" content=\"600\" \/>\n\t<meta property=\"og:image:height\" content=\"600\" \/>\n\t<meta property=\"og:image:type\" content=\"image\/jpeg\" \/>\n<meta name=\"twitter:card\" content=\"summary_large_image\" \/>\n<meta name=\"twitter:label1\" content=\"Tiempo de lectura\" \/>\n\t<meta name=\"twitter:data1\" content=\"1 minuto\" \/>\n<!-- \/ Yoast SEO plugin. -->","yoast_head_json":{"title":"Sistema Rallador de queso para el Sector de Food Service - Marchant Schmidt","robots":{"index":"index","follow":"follow","max-snippet":"max-snippet:-1","max-image-preview":"max-image-preview:large","max-video-preview":"max-video-preview:-1"},"canonical":"https:\/\/www.marchantschmidt.com\/es\/product\/cheese-converting-es\/shredding-and-grating-es\/complete-shred-lines-es\/foodservice-system\/","og_locale":"es_MX","og_type":"article","og_title":"Sistema Rallador de queso para el Sector de Food Service - Marchant Schmidt","og_description":"Nuestro exclusivo sistema de transferencia de alimento en cubos en nuestra l\u00ednea de rallado de queso para el Sector del Food Service puede alimentar hasta seis ralladoras o cubicadoras de queso a la vez. El sistema de alimentaci\u00f3n de cubos transporta los cubos de manera constante para una alta tasa de producci\u00f3n, lo que permite...","og_url":"https:\/\/www.marchantschmidt.com\/es\/product\/cheese-converting-es\/shredding-and-grating-es\/complete-shred-lines-es\/foodservice-system\/","og_site_name":"Marchant Schmidt","article_modified_time":"2021-02-03T17:32:50+00:00","og_image":[{"width":600,"height":600,"url":"https:\/\/www.marchantschmidt.com\/wp-content\/uploads\/2020\/08\/FOOD-SERVICE-SHRED-LINE-MAIN.jpg","type":"image\/jpeg"}],"twitter_card":"summary_large_image","twitter_misc":{"Tiempo de lectura":"1 minuto"},"schema":{"@context":"https:\/\/schema.org","@graph":[{"@type":"WebPage","@id":"https:\/\/www.marchantschmidt.com\/es\/product\/cheese-converting-es\/shredding-and-grating-es\/complete-shred-lines-es\/foodservice-system\/","url":"https:\/\/www.marchantschmidt.com\/es\/product\/cheese-converting-es\/shredding-and-grating-es\/complete-shred-lines-es\/foodservice-system\/","name":"Sistema Rallador de queso para el Sector de Food Service - Marchant Schmidt","isPartOf":{"@id":"https:\/\/www.marchantschmidt.com\/#website"},"primaryImageOfPage":{"@id":"https:\/\/www.marchantschmidt.com\/es\/product\/cheese-converting-es\/shredding-and-grating-es\/complete-shred-lines-es\/foodservice-system\/#primaryimage"},"image":{"@id":"https:\/\/www.marchantschmidt.com\/es\/product\/cheese-converting-es\/shredding-and-grating-es\/complete-shred-lines-es\/foodservice-system\/#primaryimage"},"thumbnailUrl":"https:\/\/www.marchantschmidt.com\/wp-content\/uploads\/2020\/08\/FOOD-SERVICE-SHRED-LINE-MAIN.jpg","datePublished":"2019-09-03T17:19:44+00:00","dateModified":"2021-02-03T17:32:50+00:00","breadcrumb":{"@id":"https:\/\/www.marchantschmidt.com\/es\/product\/cheese-converting-es\/shredding-and-grating-es\/complete-shred-lines-es\/foodservice-system\/#breadcrumb"},"inLanguage":"es","potentialAction":[{"@type":"ReadAction","target":["https:\/\/www.marchantschmidt.com\/es\/product\/cheese-converting-es\/shredding-and-grating-es\/complete-shred-lines-es\/foodservice-system\/"]}]},{"@type":"ImageObject","inLanguage":"es","@id":"https:\/\/www.marchantschmidt.com\/es\/product\/cheese-converting-es\/shredding-and-grating-es\/complete-shred-lines-es\/foodservice-system\/#primaryimage","url":"https:\/\/www.marchantschmidt.com\/wp-content\/uploads\/2020\/08\/FOOD-SERVICE-SHRED-LINE-MAIN.jpg","contentUrl":"https:\/\/www.marchantschmidt.com\/wp-content\/uploads\/2020\/08\/FOOD-SERVICE-SHRED-LINE-MAIN.jpg","width":600,"height":600,"caption":"automated cheese shredding lines"},{"@type":"BreadcrumbList","@id":"https:\/\/www.marchantschmidt.com\/es\/product\/cheese-converting-es\/shredding-and-grating-es\/complete-shred-lines-es\/foodservice-system\/#breadcrumb","itemListElement":[{"@type":"ListItem","position":1,"name":"Home","item":"https:\/\/www.marchantschmidt.com\/es\/"},{"@type":"ListItem","position":2,"name":"Shop","item":"https:\/\/www.marchantschmidt.com\/?page_id=2232"},{"@type":"ListItem","position":3,"name":"Sistema Rallador de queso para el Sector de Food Service"}]},{"@type":"WebSite","@id":"https:\/\/www.marchantschmidt.com\/#website","url":"https:\/\/www.marchantschmidt.com\/","name":"Marchant Schmidt","description":"","publisher":{"@id":"https:\/\/www.marchantschmidt.com\/#organization"},"potentialAction":[{"@type":"SearchAction","target":{"@type":"EntryPoint","urlTemplate":"https:\/\/www.marchantschmidt.com\/?s={search_term_string}"},"query-input":{"@type":"PropertyValueSpecification","valueRequired":true,"valueName":"search_term_string"}}],"inLanguage":"es"},{"@type":"Organization","@id":"https:\/\/www.marchantschmidt.com\/#organization","name":"Marchant Schmidt, Inc.","url":"https:\/\/www.marchantschmidt.com\/","logo":{"@type":"ImageObject","inLanguage":"es","@id":"https:\/\/www.marchantschmidt.com\/#\/schema\/logo\/image\/","url":"https:\/\/www.marchantschmidt.com\/wp-content\/uploads\/2019\/08\/Marchant-Schmidt-Logo-Revised.png","contentUrl":"https:\/\/www.marchantschmidt.com\/wp-content\/uploads\/2019\/08\/Marchant-Schmidt-Logo-Revised.png","width":701,"height":117,"caption":"Marchant Schmidt, Inc."},"image":{"@id":"https:\/\/www.marchantschmidt.com\/#\/schema\/logo\/image\/"}}]}},"_links":{"self":[{"href":"https:\/\/www.marchantschmidt.com\/es\/wp-json\/wp\/v2\/product\/3430","targetHints":{"allow":["GET"]}}],"collection":[{"href":"https:\/\/www.marchantschmidt.com\/es\/wp-json\/wp\/v2\/product"}],"about":[{"href":"https:\/\/www.marchantschmidt.com\/es\/wp-json\/wp\/v2\/types\/product"}],"wp:featuredmedia":[{"embeddable":true,"href":"https:\/\/www.marchantschmidt.com\/es\/wp-json\/wp\/v2\/media\/2758"}],"wp:attachment":[{"href":"https:\/\/www.marchantschmidt.com\/es\/wp-json\/wp\/v2\/media?parent=3430"}],"wp:term":[{"taxonomy":"product_brand","embeddable":true,"href":"https:\/\/www.marchantschmidt.com\/es\/wp-json\/wp\/v2\/product_brand?post=3430"},{"taxonomy":"product_cat","embeddable":true,"href":"https:\/\/www.marchantschmidt.com\/es\/wp-json\/wp\/v2\/product_cat?post=3430"},{"taxonomy":"product_tag","embeddable":true,"href":"https:\/\/www.marchantschmidt.com\/es\/wp-json\/wp\/v2\/product_tag?post=3430"}],"curies":[{"name":"wp","href":"https:\/\/api.w.org\/{rel}","templated":true}]}}