{"id":3432,"date":"2019-09-03T17:19:44","date_gmt":"2019-09-03T17:19:44","guid":{"rendered":"https:\/\/www.marchantschmidt.com\/product\/sin%20categor\u00eda\/economy-cheese-shredding\/"},"modified":"2024-04-19T21:05:54","modified_gmt":"2024-04-19T21:05:54","slug":"economy-cheese-shredding","status":"publish","type":"product","link":"https:\/\/www.marchantschmidt.com\/es\/product\/cheese-converting-es\/shredding-and-grating-es\/complete-shred-lines-es\/economy-cheese-shredding\/","title":{"rendered":"L\u00ednea Completa de Rallado y Cubicado de Queso"},"content":{"rendered":"<p>Sistema de Rallado \/ Cubicado para queso completamente integrado con dise\u00f1o compacto que requiere un espacio m\u00ednimo en el piso de producci\u00f3n, permite una soluci\u00f3n econ\u00f3mica para sus necesidades de rallado. Este tama\u00f1o de l\u00ednea reduce los bloques de 40 lb (20 kg) o los recortes de queso introducidos manualmente en la cubicadora, luego pasan directamente a la Ralladora. El queso rallado se transfiere al tambor mezclador para revolver suavemente la celulosa o realizar mezclas de queso. El queso rallado se transporta luego al \u00e1rea de envasado para llenado a granel para y su posterior empacado.<\/p>\n","protected":false},"excerpt":{"rendered":"Sistema de Rallado \/ Cubicado para queso completamente integrado con dise\u00f1o compacto que requiere un espacio m\u00ednimo en el piso de producci\u00f3n, permite una soluci\u00f3n econ\u00f3mica para sus necesidades de rallado. Este tama\u00f1o de l\u00ednea reduce los bloques de 40 lb (20 kg) o los recortes de queso introducidos manualmente en la cubicadora, luego pasan&#8230; ","protected":false},"featured_media":3310,"template":"","meta":{"_acf_changed":false},"product_brand":[],"product_cat":[191],"product_tag":[],"class_list":{"0":"post-3432","1":"product","2":"type-product","3":"status-publish","4":"has-post-thumbnail","6":"product_cat-complete-shred-lines-es","8":"first","9":"instock","10":"product-type-simple"},"acf":[],"yoast_head":"<!-- This site is optimized with the Yoast SEO plugin v27.2 - https:\/\/yoast.com\/product\/yoast-seo-wordpress\/ -->\n<title>L\u00ednea Completa de Rallado y Cubicado de Queso - Marchant Schmidt<\/title>\n<meta name=\"description\" content=\"Discover our Economy Shred Line MAIN for efficient cheese grating and cubing. Compact design, minimal space, precise control. Perfect for bulk production.\" \/>\n<meta name=\"robots\" content=\"index, follow, max-snippet:-1, max-image-preview:large, max-video-preview:-1\" \/>\n<link rel=\"canonical\" href=\"https:\/\/www.marchantschmidt.com\/es\/product\/cheese-converting-es\/shredding-and-grating-es\/complete-shred-lines-es\/economy-cheese-shredding\/\" \/>\n<meta property=\"og:locale\" content=\"es_MX\" \/>\n<meta property=\"og:type\" content=\"article\" \/>\n<meta property=\"og:title\" content=\"L\u00ednea Completa de Rallado y Cubicado de Queso - Marchant Schmidt\" \/>\n<meta property=\"og:description\" content=\"Discover our Economy Shred Line MAIN for efficient cheese grating and cubing. Compact design, minimal space, precise control. Perfect for bulk production.\" \/>\n<meta property=\"og:url\" content=\"https:\/\/www.marchantschmidt.com\/es\/product\/cheese-converting-es\/shredding-and-grating-es\/complete-shred-lines-es\/economy-cheese-shredding\/\" \/>\n<meta property=\"og:site_name\" content=\"Marchant Schmidt\" \/>\n<meta property=\"article:modified_time\" content=\"2024-04-19T21:05:54+00:00\" \/>\n<meta property=\"og:image\" content=\"https:\/\/www.marchantschmidt.com\/wp-content\/uploads\/2019\/09\/ECONOMY-SHRED-LINE-MAIN.jpg\" \/>\n\t<meta property=\"og:image:width\" content=\"2312\" \/>\n\t<meta property=\"og:image:height\" content=\"1301\" \/>\n\t<meta property=\"og:image:type\" content=\"image\/jpeg\" \/>\n<meta name=\"twitter:card\" content=\"summary_large_image\" \/>\n<meta name=\"twitter:label1\" content=\"Tiempo de lectura\" \/>\n\t<meta name=\"twitter:data1\" content=\"1 minuto\" \/>\n<!-- \/ Yoast SEO plugin. -->","yoast_head_json":{"title":"L\u00ednea Completa de Rallado y Cubicado de Queso - Marchant Schmidt","description":"Discover our Economy Shred Line MAIN for efficient cheese grating and cubing. Compact design, minimal space, precise control. Perfect for bulk production.","robots":{"index":"index","follow":"follow","max-snippet":"max-snippet:-1","max-image-preview":"max-image-preview:large","max-video-preview":"max-video-preview:-1"},"canonical":"https:\/\/www.marchantschmidt.com\/es\/product\/cheese-converting-es\/shredding-and-grating-es\/complete-shred-lines-es\/economy-cheese-shredding\/","og_locale":"es_MX","og_type":"article","og_title":"L\u00ednea Completa de Rallado y Cubicado de Queso - Marchant Schmidt","og_description":"Discover our Economy Shred Line MAIN for efficient cheese grating and cubing. Compact design, minimal space, precise control. Perfect for bulk production.","og_url":"https:\/\/www.marchantschmidt.com\/es\/product\/cheese-converting-es\/shredding-and-grating-es\/complete-shred-lines-es\/economy-cheese-shredding\/","og_site_name":"Marchant Schmidt","article_modified_time":"2024-04-19T21:05:54+00:00","og_image":[{"width":2312,"height":1301,"url":"https:\/\/www.marchantschmidt.com\/wp-content\/uploads\/2019\/09\/ECONOMY-SHRED-LINE-MAIN.jpg","type":"image\/jpeg"}],"twitter_card":"summary_large_image","twitter_misc":{"Tiempo de lectura":"1 minuto"},"schema":{"@context":"https:\/\/schema.org","@graph":[{"@type":"WebPage","@id":"https:\/\/www.marchantschmidt.com\/es\/product\/cheese-converting-es\/shredding-and-grating-es\/complete-shred-lines-es\/economy-cheese-shredding\/","url":"https:\/\/www.marchantschmidt.com\/es\/product\/cheese-converting-es\/shredding-and-grating-es\/complete-shred-lines-es\/economy-cheese-shredding\/","name":"L\u00ednea Completa de Rallado y Cubicado de Queso - Marchant Schmidt","isPartOf":{"@id":"https:\/\/www.marchantschmidt.com\/#website"},"primaryImageOfPage":{"@id":"https:\/\/www.marchantschmidt.com\/es\/product\/cheese-converting-es\/shredding-and-grating-es\/complete-shred-lines-es\/economy-cheese-shredding\/#primaryimage"},"image":{"@id":"https:\/\/www.marchantschmidt.com\/es\/product\/cheese-converting-es\/shredding-and-grating-es\/complete-shred-lines-es\/economy-cheese-shredding\/#primaryimage"},"thumbnailUrl":"https:\/\/www.marchantschmidt.com\/wp-content\/uploads\/2019\/09\/ECONOMY-SHRED-LINE-MAIN.jpg","datePublished":"2019-09-03T17:19:44+00:00","dateModified":"2024-04-19T21:05:54+00:00","description":"Discover our Economy Shred Line MAIN for efficient cheese grating and cubing. Compact design, minimal space, precise control. Perfect for bulk production.","breadcrumb":{"@id":"https:\/\/www.marchantschmidt.com\/es\/product\/cheese-converting-es\/shredding-and-grating-es\/complete-shred-lines-es\/economy-cheese-shredding\/#breadcrumb"},"inLanguage":"es","potentialAction":[{"@type":"ReadAction","target":["https:\/\/www.marchantschmidt.com\/es\/product\/cheese-converting-es\/shredding-and-grating-es\/complete-shred-lines-es\/economy-cheese-shredding\/"]}]},{"@type":"ImageObject","inLanguage":"es","@id":"https:\/\/www.marchantschmidt.com\/es\/product\/cheese-converting-es\/shredding-and-grating-es\/complete-shred-lines-es\/economy-cheese-shredding\/#primaryimage","url":"https:\/\/www.marchantschmidt.com\/wp-content\/uploads\/2019\/09\/ECONOMY-SHRED-LINE-MAIN.jpg","contentUrl":"https:\/\/www.marchantschmidt.com\/wp-content\/uploads\/2019\/09\/ECONOMY-SHRED-LINE-MAIN.jpg","width":2312,"height":1301},{"@type":"BreadcrumbList","@id":"https:\/\/www.marchantschmidt.com\/es\/product\/cheese-converting-es\/shredding-and-grating-es\/complete-shred-lines-es\/economy-cheese-shredding\/#breadcrumb","itemListElement":[{"@type":"ListItem","position":1,"name":"Home","item":"https:\/\/www.marchantschmidt.com\/es\/"},{"@type":"ListItem","position":2,"name":"Shop","item":"https:\/\/www.marchantschmidt.com\/?page_id=2232"},{"@type":"ListItem","position":3,"name":"L\u00ednea Completa de Rallado y Cubicado de Queso"}]},{"@type":"WebSite","@id":"https:\/\/www.marchantschmidt.com\/#website","url":"https:\/\/www.marchantschmidt.com\/","name":"Marchant Schmidt","description":"","publisher":{"@id":"https:\/\/www.marchantschmidt.com\/#organization"},"potentialAction":[{"@type":"SearchAction","target":{"@type":"EntryPoint","urlTemplate":"https:\/\/www.marchantschmidt.com\/?s={search_term_string}"},"query-input":{"@type":"PropertyValueSpecification","valueRequired":true,"valueName":"search_term_string"}}],"inLanguage":"es"},{"@type":"Organization","@id":"https:\/\/www.marchantschmidt.com\/#organization","name":"Marchant Schmidt, Inc.","url":"https:\/\/www.marchantschmidt.com\/","logo":{"@type":"ImageObject","inLanguage":"es","@id":"https:\/\/www.marchantschmidt.com\/#\/schema\/logo\/image\/","url":"https:\/\/www.marchantschmidt.com\/wp-content\/uploads\/2019\/08\/Marchant-Schmidt-Logo-Revised.png","contentUrl":"https:\/\/www.marchantschmidt.com\/wp-content\/uploads\/2019\/08\/Marchant-Schmidt-Logo-Revised.png","width":701,"height":117,"caption":"Marchant Schmidt, Inc."},"image":{"@id":"https:\/\/www.marchantschmidt.com\/#\/schema\/logo\/image\/"}}]}},"_links":{"self":[{"href":"https:\/\/www.marchantschmidt.com\/es\/wp-json\/wp\/v2\/product\/3432","targetHints":{"allow":["GET"]}}],"collection":[{"href":"https:\/\/www.marchantschmidt.com\/es\/wp-json\/wp\/v2\/product"}],"about":[{"href":"https:\/\/www.marchantschmidt.com\/es\/wp-json\/wp\/v2\/types\/product"}],"wp:featuredmedia":[{"embeddable":true,"href":"https:\/\/www.marchantschmidt.com\/es\/wp-json\/wp\/v2\/media\/3310"}],"wp:attachment":[{"href":"https:\/\/www.marchantschmidt.com\/es\/wp-json\/wp\/v2\/media?parent=3432"}],"wp:term":[{"taxonomy":"product_brand","embeddable":true,"href":"https:\/\/www.marchantschmidt.com\/es\/wp-json\/wp\/v2\/product_brand?post=3432"},{"taxonomy":"product_cat","embeddable":true,"href":"https:\/\/www.marchantschmidt.com\/es\/wp-json\/wp\/v2\/product_cat?post=3432"},{"taxonomy":"product_tag","embeddable":true,"href":"https:\/\/www.marchantschmidt.com\/es\/wp-json\/wp\/v2\/product_tag?post=3432"}],"curies":[{"name":"wp","href":"https:\/\/api.w.org\/{rel}","templated":true}]}}