{"id":6553,"date":"2021-03-09T19:49:51","date_gmt":"2021-04-09T19:17:44","guid":{"rendered":"https:\/\/www.marchantschmidt.com\/?post_type=product&#038;p=6553"},"modified":"2021-04-13T15:19:10","modified_gmt":"2021-04-13T15:19:10","slug":"bomba-de-repuesto-modelo-25","status":"publish","type":"product","link":"https:\/\/www.marchantschmidt.com\/es\/product\/vms_division-es\/bomba-de-repuesto-modelo-25\/","title":{"rendered":"Bomba de Repuesto Modelo 25"},"content":{"rendered":"<p>Las bombas de succi\u00f3n de caja modelo 25 de Manzel se utilizan en cocedores continuos, refrigeradores, cerradoras, m\u00e1quinas de cierre y compresores grandes. Ampliamente conocidos por su dise\u00f1o de doble \u00e9mbolo, proporcionan una dosificaci\u00f3n precisa de todos los aceites.<\/p>\n<p>Debido a su alta confiabilidad, a menudo se utilizan en entornos hostiles.\u00a0 El lubricador Manzel Modelo 25 es el pilar de la industria cuando se trata de lubricadores tipo caja de alimentaci\u00f3n forzada de presi\u00f3n media (hasta 1000 psi). Ampliamente conocido por su dise\u00f1o de doble \u00e9mbolo, el modelo 25 proporciona una medici\u00f3n precisa de aceite mineral y lubricantes sint\u00e9ticos. Las opciones de accionamiento son accionadas por maquinaria, rotativas o rec\u00edprocas o accionadas por motor independiente.<\/p>\n<p>Para obtener asistencia sobre el producto, precios o una solicitud de cat\u00e1logo, comun\u00edquese con:<br \/>\nJim Schmidt, ingeniero de ventas<br \/>\n920) 921-4760 ext 175<br \/>\njpschmidt@marchantschmidt.com<\/p>\n","protected":false},"excerpt":{"rendered":"Las bombas de succi\u00f3n de caja modelo 25 de Manzel se utilizan en cocedores continuos, refrigeradores, cerradoras, m\u00e1quinas de cierre y compresores grandes. Ampliamente conocidos por su dise\u00f1o de doble \u00e9mbolo, proporcionan una dosificaci\u00f3n precisa de todos los aceites. Debido a su alta confiabilidad, a menudo se utilizan en entornos hostiles.\u00a0 El lubricador Manzel Modelo&#8230; ","protected":false},"featured_media":6013,"template":"","meta":{"_acf_changed":false},"product_brand":[],"product_cat":[198],"product_tag":[],"class_list":{"0":"post-6553","1":"product","2":"type-product","3":"status-publish","4":"has-post-thumbnail","6":"product_cat-vms_division-es","8":"first","9":"instock","10":"shipping-taxable","11":"product-type-simple"},"acf":[],"yoast_head":"<!-- This site is optimized with the Yoast SEO plugin v27.2 - https:\/\/yoast.com\/product\/yoast-seo-wordpress\/ -->\n<title>Bomba de Repuesto Modelo 25 - Marchant Schmidt<\/title>\n<meta name=\"robots\" content=\"index, follow, max-snippet:-1, max-image-preview:large, max-video-preview:-1\" \/>\n<link rel=\"canonical\" href=\"https:\/\/www.marchantschmidt.com\/es\/product\/vms_division-es\/bomba-de-repuesto-modelo-25\/\" \/>\n<meta property=\"og:locale\" content=\"es_MX\" \/>\n<meta property=\"og:type\" content=\"article\" \/>\n<meta property=\"og:title\" content=\"Bomba de Repuesto Modelo 25 - Marchant Schmidt\" \/>\n<meta property=\"og:description\" content=\"Las bombas de succi\u00f3n de caja modelo 25 de Manzel se utilizan en cocedores continuos, refrigeradores, cerradoras, m\u00e1quinas de cierre y compresores grandes. Ampliamente conocidos por su dise\u00f1o de doble \u00e9mbolo, proporcionan una dosificaci\u00f3n precisa de todos los aceites. Debido a su alta confiabilidad, a menudo se utilizan en entornos hostiles.\u00a0 El lubricador Manzel Modelo...\" \/>\n<meta property=\"og:url\" content=\"https:\/\/www.marchantschmidt.com\/es\/product\/vms_division-es\/bomba-de-repuesto-modelo-25\/\" \/>\n<meta property=\"og:site_name\" content=\"Marchant Schmidt\" \/>\n<meta property=\"article:modified_time\" content=\"2021-04-13T15:19:10+00:00\" \/>\n<meta property=\"og:image\" content=\"https:\/\/www.marchantschmidt.com\/wp-content\/uploads\/2021\/03\/5-04_square.jpg\" \/>\n\t<meta property=\"og:image:width\" content=\"600\" \/>\n\t<meta property=\"og:image:height\" content=\"600\" \/>\n\t<meta property=\"og:image:type\" content=\"image\/jpeg\" \/>\n<meta name=\"twitter:card\" content=\"summary_large_image\" \/>\n<meta name=\"twitter:label1\" content=\"Tiempo de lectura\" \/>\n\t<meta name=\"twitter:data1\" content=\"1 minuto\" \/>\n<!-- \/ Yoast SEO plugin. -->","yoast_head_json":{"title":"Bomba de Repuesto Modelo 25 - Marchant Schmidt","robots":{"index":"index","follow":"follow","max-snippet":"max-snippet:-1","max-image-preview":"max-image-preview:large","max-video-preview":"max-video-preview:-1"},"canonical":"https:\/\/www.marchantschmidt.com\/es\/product\/vms_division-es\/bomba-de-repuesto-modelo-25\/","og_locale":"es_MX","og_type":"article","og_title":"Bomba de Repuesto Modelo 25 - Marchant Schmidt","og_description":"Las bombas de succi\u00f3n de caja modelo 25 de Manzel se utilizan en cocedores continuos, refrigeradores, cerradoras, m\u00e1quinas de cierre y compresores grandes. Ampliamente conocidos por su dise\u00f1o de doble \u00e9mbolo, proporcionan una dosificaci\u00f3n precisa de todos los aceites. Debido a su alta confiabilidad, a menudo se utilizan en entornos hostiles.\u00a0 El lubricador Manzel Modelo...","og_url":"https:\/\/www.marchantschmidt.com\/es\/product\/vms_division-es\/bomba-de-repuesto-modelo-25\/","og_site_name":"Marchant Schmidt","article_modified_time":"2021-04-13T15:19:10+00:00","og_image":[{"width":600,"height":600,"url":"https:\/\/www.marchantschmidt.com\/wp-content\/uploads\/2021\/03\/5-04_square.jpg","type":"image\/jpeg"}],"twitter_card":"summary_large_image","twitter_misc":{"Tiempo de lectura":"1 minuto"},"schema":{"@context":"https:\/\/schema.org","@graph":[{"@type":"WebPage","@id":"https:\/\/www.marchantschmidt.com\/es\/product\/vms_division-es\/bomba-de-repuesto-modelo-25\/","url":"https:\/\/www.marchantschmidt.com\/es\/product\/vms_division-es\/bomba-de-repuesto-modelo-25\/","name":"Bomba de Repuesto Modelo 25 - Marchant Schmidt","isPartOf":{"@id":"https:\/\/www.marchantschmidt.com\/#website"},"primaryImageOfPage":{"@id":"https:\/\/www.marchantschmidt.com\/es\/product\/vms_division-es\/bomba-de-repuesto-modelo-25\/#primaryimage"},"image":{"@id":"https:\/\/www.marchantschmidt.com\/es\/product\/vms_division-es\/bomba-de-repuesto-modelo-25\/#primaryimage"},"thumbnailUrl":"https:\/\/www.marchantschmidt.com\/wp-content\/uploads\/2021\/03\/5-04_square.jpg","datePublished":"2021-04-09T19:17:44+00:00","dateModified":"2021-04-13T15:19:10+00:00","breadcrumb":{"@id":"https:\/\/www.marchantschmidt.com\/es\/product\/vms_division-es\/bomba-de-repuesto-modelo-25\/#breadcrumb"},"inLanguage":"es","potentialAction":[{"@type":"ReadAction","target":["https:\/\/www.marchantschmidt.com\/es\/product\/vms_division-es\/bomba-de-repuesto-modelo-25\/"]}]},{"@type":"ImageObject","inLanguage":"es","@id":"https:\/\/www.marchantschmidt.com\/es\/product\/vms_division-es\/bomba-de-repuesto-modelo-25\/#primaryimage","url":"https:\/\/www.marchantschmidt.com\/wp-content\/uploads\/2021\/03\/5-04_square.jpg","contentUrl":"https:\/\/www.marchantschmidt.com\/wp-content\/uploads\/2021\/03\/5-04_square.jpg","width":600,"height":600,"caption":"manzel lubricator pump"},{"@type":"BreadcrumbList","@id":"https:\/\/www.marchantschmidt.com\/es\/product\/vms_division-es\/bomba-de-repuesto-modelo-25\/#breadcrumb","itemListElement":[{"@type":"ListItem","position":1,"name":"Home","item":"https:\/\/www.marchantschmidt.com\/es\/"},{"@type":"ListItem","position":2,"name":"Shop","item":"https:\/\/www.marchantschmidt.com\/?page_id=2232"},{"@type":"ListItem","position":3,"name":"Bomba de Repuesto Modelo 25"}]},{"@type":"WebSite","@id":"https:\/\/www.marchantschmidt.com\/#website","url":"https:\/\/www.marchantschmidt.com\/","name":"Marchant Schmidt","description":"","publisher":{"@id":"https:\/\/www.marchantschmidt.com\/#organization"},"potentialAction":[{"@type":"SearchAction","target":{"@type":"EntryPoint","urlTemplate":"https:\/\/www.marchantschmidt.com\/?s={search_term_string}"},"query-input":{"@type":"PropertyValueSpecification","valueRequired":true,"valueName":"search_term_string"}}],"inLanguage":"es"},{"@type":"Organization","@id":"https:\/\/www.marchantschmidt.com\/#organization","name":"Marchant Schmidt, Inc.","url":"https:\/\/www.marchantschmidt.com\/","logo":{"@type":"ImageObject","inLanguage":"es","@id":"https:\/\/www.marchantschmidt.com\/#\/schema\/logo\/image\/","url":"https:\/\/www.marchantschmidt.com\/wp-content\/uploads\/2019\/08\/Marchant-Schmidt-Logo-Revised.png","contentUrl":"https:\/\/www.marchantschmidt.com\/wp-content\/uploads\/2019\/08\/Marchant-Schmidt-Logo-Revised.png","width":701,"height":117,"caption":"Marchant Schmidt, Inc."},"image":{"@id":"https:\/\/www.marchantschmidt.com\/#\/schema\/logo\/image\/"}}]}},"_links":{"self":[{"href":"https:\/\/www.marchantschmidt.com\/es\/wp-json\/wp\/v2\/product\/6553","targetHints":{"allow":["GET"]}}],"collection":[{"href":"https:\/\/www.marchantschmidt.com\/es\/wp-json\/wp\/v2\/product"}],"about":[{"href":"https:\/\/www.marchantschmidt.com\/es\/wp-json\/wp\/v2\/types\/product"}],"wp:featuredmedia":[{"embeddable":true,"href":"https:\/\/www.marchantschmidt.com\/es\/wp-json\/wp\/v2\/media\/6013"}],"wp:attachment":[{"href":"https:\/\/www.marchantschmidt.com\/es\/wp-json\/wp\/v2\/media?parent=6553"}],"wp:term":[{"taxonomy":"product_brand","embeddable":true,"href":"https:\/\/www.marchantschmidt.com\/es\/wp-json\/wp\/v2\/product_brand?post=6553"},{"taxonomy":"product_cat","embeddable":true,"href":"https:\/\/www.marchantschmidt.com\/es\/wp-json\/wp\/v2\/product_cat?post=6553"},{"taxonomy":"product_tag","embeddable":true,"href":"https:\/\/www.marchantschmidt.com\/es\/wp-json\/wp\/v2\/product_tag?post=6553"}],"curies":[{"name":"wp","href":"https:\/\/api.w.org\/{rel}","templated":true}]}}