{"id":6560,"date":"2021-03-09T20:03:22","date_gmt":"2021-04-09T19:36:46","guid":{"rendered":"https:\/\/www.marchantschmidt.com\/?post_type=product&#038;p=6560"},"modified":"2021-04-13T15:17:21","modified_gmt":"2021-04-13T15:17:21","slug":"bombas-de-repuesto-modelos-55-76-88","status":"publish","type":"product","link":"https:\/\/www.marchantschmidt.com\/es\/product\/vms_division-es\/bombas-de-repuesto-modelos-55-76-88\/","title":{"rendered":"Bombas de Repuesto Modelos 55, 76, 88"},"content":{"rendered":"<p>MSI ofrece dos modelos Graco rigurosamente probados dise\u00f1ados<br \/>\npara una larga vida \u00fatil y fiabilidad. Cada modelo tiene dise\u00f1os innovadores con patente pendiente para funcionar en aplicaciones de mejores pr\u00e1cticas para una soluci\u00f3n duradera que es dif\u00edcil de superar.<br \/>\nEstas bombas de succi\u00f3n son reemplazos para las bombas modelo Manzel 55, 76 y 88. Tambi\u00e9n reemplazan las bombas de las series Premier, CPI y Lincoln 55.<\/p>\n","protected":false},"excerpt":{"rendered":"MSI ofrece dos modelos Graco rigurosamente probados dise\u00f1ados para una larga vida \u00fatil y fiabilidad. Cada modelo tiene dise\u00f1os innovadores con patente pendiente para funcionar en aplicaciones de mejores pr\u00e1cticas para una soluci\u00f3n duradera que es dif\u00edcil de superar. Estas bombas de succi\u00f3n son reemplazos para las bombas modelo Manzel 55, 76 y 88. Tambi\u00e9n&#8230; ","protected":false},"featured_media":6015,"template":"","meta":{"_acf_changed":false},"product_brand":[],"product_cat":[198],"product_tag":[],"class_list":{"0":"post-6560","1":"product","2":"type-product","3":"status-publish","4":"has-post-thumbnail","6":"product_cat-vms_division-es","8":"first","9":"instock","10":"shipping-taxable","11":"product-type-simple"},"acf":[],"yoast_head":"<!-- This site is optimized with the Yoast SEO plugin v27.2 - https:\/\/yoast.com\/product\/yoast-seo-wordpress\/ -->\n<title>Bombas de Repuesto Modelos 55, 76, 88 - Marchant Schmidt<\/title>\n<meta name=\"robots\" content=\"index, follow, max-snippet:-1, max-image-preview:large, max-video-preview:-1\" \/>\n<link rel=\"canonical\" href=\"https:\/\/www.marchantschmidt.com\/es\/product\/vms_division-es\/bombas-de-repuesto-modelos-55-76-88\/\" \/>\n<meta property=\"og:locale\" content=\"es_MX\" \/>\n<meta property=\"og:type\" content=\"article\" \/>\n<meta property=\"og:title\" content=\"Bombas de Repuesto Modelos 55, 76, 88 - Marchant Schmidt\" \/>\n<meta property=\"og:description\" content=\"MSI ofrece dos modelos Graco rigurosamente probados dise\u00f1ados para una larga vida \u00fatil y fiabilidad. Cada modelo tiene dise\u00f1os innovadores con patente pendiente para funcionar en aplicaciones de mejores pr\u00e1cticas para una soluci\u00f3n duradera que es dif\u00edcil de superar. Estas bombas de succi\u00f3n son reemplazos para las bombas modelo Manzel 55, 76 y 88. Tambi\u00e9n...\" \/>\n<meta property=\"og:url\" content=\"https:\/\/www.marchantschmidt.com\/es\/product\/vms_division-es\/bombas-de-repuesto-modelos-55-76-88\/\" \/>\n<meta property=\"og:site_name\" content=\"Marchant Schmidt\" \/>\n<meta property=\"article:modified_time\" content=\"2021-04-13T15:17:21+00:00\" \/>\n<meta property=\"og:image\" content=\"https:\/\/www.marchantschmidt.com\/wp-content\/uploads\/2021\/03\/5-05_horizontal.jpg\" \/>\n\t<meta property=\"og:image:width\" content=\"2312\" \/>\n\t<meta property=\"og:image:height\" content=\"1536\" \/>\n\t<meta property=\"og:image:type\" content=\"image\/jpeg\" \/>\n<meta name=\"twitter:card\" content=\"summary_large_image\" \/>\n<meta name=\"twitter:label1\" content=\"Tiempo de lectura\" \/>\n\t<meta name=\"twitter:data1\" content=\"1 minuto\" \/>\n<!-- \/ Yoast SEO plugin. -->","yoast_head_json":{"title":"Bombas de Repuesto Modelos 55, 76, 88 - Marchant Schmidt","robots":{"index":"index","follow":"follow","max-snippet":"max-snippet:-1","max-image-preview":"max-image-preview:large","max-video-preview":"max-video-preview:-1"},"canonical":"https:\/\/www.marchantschmidt.com\/es\/product\/vms_division-es\/bombas-de-repuesto-modelos-55-76-88\/","og_locale":"es_MX","og_type":"article","og_title":"Bombas de Repuesto Modelos 55, 76, 88 - Marchant Schmidt","og_description":"MSI ofrece dos modelos Graco rigurosamente probados dise\u00f1ados para una larga vida \u00fatil y fiabilidad. Cada modelo tiene dise\u00f1os innovadores con patente pendiente para funcionar en aplicaciones de mejores pr\u00e1cticas para una soluci\u00f3n duradera que es dif\u00edcil de superar. Estas bombas de succi\u00f3n son reemplazos para las bombas modelo Manzel 55, 76 y 88. Tambi\u00e9n...","og_url":"https:\/\/www.marchantschmidt.com\/es\/product\/vms_division-es\/bombas-de-repuesto-modelos-55-76-88\/","og_site_name":"Marchant Schmidt","article_modified_time":"2021-04-13T15:17:21+00:00","og_image":[{"width":2312,"height":1536,"url":"https:\/\/www.marchantschmidt.com\/wp-content\/uploads\/2021\/03\/5-05_horizontal.jpg","type":"image\/jpeg"}],"twitter_card":"summary_large_image","twitter_misc":{"Tiempo de lectura":"1 minuto"},"schema":{"@context":"https:\/\/schema.org","@graph":[{"@type":"WebPage","@id":"https:\/\/www.marchantschmidt.com\/es\/product\/vms_division-es\/bombas-de-repuesto-modelos-55-76-88\/","url":"https:\/\/www.marchantschmidt.com\/es\/product\/vms_division-es\/bombas-de-repuesto-modelos-55-76-88\/","name":"Bombas de Repuesto Modelos 55, 76, 88 - Marchant Schmidt","isPartOf":{"@id":"https:\/\/www.marchantschmidt.com\/#website"},"primaryImageOfPage":{"@id":"https:\/\/www.marchantschmidt.com\/es\/product\/vms_division-es\/bombas-de-repuesto-modelos-55-76-88\/#primaryimage"},"image":{"@id":"https:\/\/www.marchantschmidt.com\/es\/product\/vms_division-es\/bombas-de-repuesto-modelos-55-76-88\/#primaryimage"},"thumbnailUrl":"https:\/\/www.marchantschmidt.com\/wp-content\/uploads\/2021\/03\/5-05_horizontal.jpg","datePublished":"2021-04-09T19:36:46+00:00","dateModified":"2021-04-13T15:17:21+00:00","breadcrumb":{"@id":"https:\/\/www.marchantschmidt.com\/es\/product\/vms_division-es\/bombas-de-repuesto-modelos-55-76-88\/#breadcrumb"},"inLanguage":"es","potentialAction":[{"@type":"ReadAction","target":["https:\/\/www.marchantschmidt.com\/es\/product\/vms_division-es\/bombas-de-repuesto-modelos-55-76-88\/"]}]},{"@type":"ImageObject","inLanguage":"es","@id":"https:\/\/www.marchantschmidt.com\/es\/product\/vms_division-es\/bombas-de-repuesto-modelos-55-76-88\/#primaryimage","url":"https:\/\/www.marchantschmidt.com\/wp-content\/uploads\/2021\/03\/5-05_horizontal.jpg","contentUrl":"https:\/\/www.marchantschmidt.com\/wp-content\/uploads\/2021\/03\/5-05_horizontal.jpg","width":2312,"height":1536,"caption":"manzel model 55, 76 & 88 box lubricator pumps"},{"@type":"BreadcrumbList","@id":"https:\/\/www.marchantschmidt.com\/es\/product\/vms_division-es\/bombas-de-repuesto-modelos-55-76-88\/#breadcrumb","itemListElement":[{"@type":"ListItem","position":1,"name":"Home","item":"https:\/\/www.marchantschmidt.com\/es\/"},{"@type":"ListItem","position":2,"name":"Shop","item":"https:\/\/www.marchantschmidt.com\/?page_id=2232"},{"@type":"ListItem","position":3,"name":"Bombas de Repuesto Modelos 55, 76, 88"}]},{"@type":"WebSite","@id":"https:\/\/www.marchantschmidt.com\/#website","url":"https:\/\/www.marchantschmidt.com\/","name":"Marchant Schmidt","description":"","publisher":{"@id":"https:\/\/www.marchantschmidt.com\/#organization"},"potentialAction":[{"@type":"SearchAction","target":{"@type":"EntryPoint","urlTemplate":"https:\/\/www.marchantschmidt.com\/?s={search_term_string}"},"query-input":{"@type":"PropertyValueSpecification","valueRequired":true,"valueName":"search_term_string"}}],"inLanguage":"es"},{"@type":"Organization","@id":"https:\/\/www.marchantschmidt.com\/#organization","name":"Marchant Schmidt, Inc.","url":"https:\/\/www.marchantschmidt.com\/","logo":{"@type":"ImageObject","inLanguage":"es","@id":"https:\/\/www.marchantschmidt.com\/#\/schema\/logo\/image\/","url":"https:\/\/www.marchantschmidt.com\/wp-content\/uploads\/2019\/08\/Marchant-Schmidt-Logo-Revised.png","contentUrl":"https:\/\/www.marchantschmidt.com\/wp-content\/uploads\/2019\/08\/Marchant-Schmidt-Logo-Revised.png","width":701,"height":117,"caption":"Marchant Schmidt, Inc."},"image":{"@id":"https:\/\/www.marchantschmidt.com\/#\/schema\/logo\/image\/"}}]}},"_links":{"self":[{"href":"https:\/\/www.marchantschmidt.com\/es\/wp-json\/wp\/v2\/product\/6560","targetHints":{"allow":["GET"]}}],"collection":[{"href":"https:\/\/www.marchantschmidt.com\/es\/wp-json\/wp\/v2\/product"}],"about":[{"href":"https:\/\/www.marchantschmidt.com\/es\/wp-json\/wp\/v2\/types\/product"}],"wp:featuredmedia":[{"embeddable":true,"href":"https:\/\/www.marchantschmidt.com\/es\/wp-json\/wp\/v2\/media\/6015"}],"wp:attachment":[{"href":"https:\/\/www.marchantschmidt.com\/es\/wp-json\/wp\/v2\/media?parent=6560"}],"wp:term":[{"taxonomy":"product_brand","embeddable":true,"href":"https:\/\/www.marchantschmidt.com\/es\/wp-json\/wp\/v2\/product_brand?post=6560"},{"taxonomy":"product_cat","embeddable":true,"href":"https:\/\/www.marchantschmidt.com\/es\/wp-json\/wp\/v2\/product_cat?post=6560"},{"taxonomy":"product_tag","embeddable":true,"href":"https:\/\/www.marchantschmidt.com\/es\/wp-json\/wp\/v2\/product_tag?post=6560"}],"curies":[{"name":"wp","href":"https:\/\/api.w.org\/{rel}","templated":true}]}}