{"id":6587,"date":"2021-03-09T20:29:33","date_gmt":"2021-03-09T20:29:33","guid":{"rendered":"https:\/\/www.marchantschmidt.com\/product\/sin%20categor\u00eda\/evaluating-your-lubricators-pumps\/"},"modified":"2021-04-12T20:41:52","modified_gmt":"2021-04-12T20:41:52","slug":"evaluating-your-lubricators-pumps","status":"publish","type":"product","link":"https:\/\/www.marchantschmidt.com\/es\/product\/vms_division-es\/evaluating-your-lubricators-pumps\/","title":{"rendered":"Evaluando su bomba de Lubricante"},"content":{"rendered":"<p>Cont\u00e1ctenos para una evaluaci\u00f3n de sus lubricadores \/ bombas y env\u00edenos su lubricador y bomba. Nuestro personal capacitado en f\u00e1brica evaluar\u00e1 la condici\u00f3n con una prueba de presi\u00f3n y determinar\u00e1 si el reacondicionamiento o reemplazo ser\u00e1 m\u00e1s rentable. Sabemos que el tiempo de inactividad en la industria de procesamiento de alimentos es costoso. Por eso contamos con uno de los mayores inventarios de repuestos y lubricadores nuevos.<\/p>\n<p>Si sus bombas no proporcionan la presi\u00f3n adecuada para lubricar sus componentes puede reducir dr\u00e1sticamente la vida \u00fatil de su equipo. Confirmaremos que las partes internas de cada bomba individual est\u00e1n dentro de la tolerancia para bombear el aceite con la velocidad correcta.<\/p>\n","protected":false},"excerpt":{"rendered":"Cont\u00e1ctenos para una evaluaci\u00f3n de sus lubricadores \/ bombas y env\u00edenos su lubricador y bomba. Nuestro personal capacitado en f\u00e1brica evaluar\u00e1 la condici\u00f3n con una prueba de presi\u00f3n y determinar\u00e1 si el reacondicionamiento o reemplazo ser\u00e1 m\u00e1s rentable. Sabemos que el tiempo de inactividad en la industria de procesamiento de alimentos es costoso. Por eso&#8230; ","protected":false},"featured_media":6029,"template":"","meta":{"_acf_changed":false},"product_brand":[],"product_cat":[198],"product_tag":[],"class_list":{"0":"post-6587","1":"product","2":"type-product","3":"status-publish","4":"has-post-thumbnail","6":"product_cat-vms_division-es","8":"first","9":"instock","10":"shipping-taxable","11":"product-type-simple"},"acf":[],"yoast_head":"<!-- This site is optimized with the Yoast SEO plugin v27.2 - https:\/\/yoast.com\/product\/yoast-seo-wordpress\/ -->\n<title>Evaluando su bomba de Lubricante - Marchant Schmidt<\/title>\n<meta name=\"robots\" content=\"index, follow, max-snippet:-1, max-image-preview:large, max-video-preview:-1\" \/>\n<link rel=\"canonical\" href=\"https:\/\/www.marchantschmidt.com\/es\/product\/vms_division-es\/evaluating-your-lubricators-pumps\/\" \/>\n<meta property=\"og:locale\" content=\"es_MX\" \/>\n<meta property=\"og:type\" content=\"article\" \/>\n<meta property=\"og:title\" content=\"Evaluando su bomba de Lubricante - Marchant Schmidt\" \/>\n<meta property=\"og:description\" content=\"Cont\u00e1ctenos para una evaluaci\u00f3n de sus lubricadores \/ bombas y env\u00edenos su lubricador y bomba. Nuestro personal capacitado en f\u00e1brica evaluar\u00e1 la condici\u00f3n con una prueba de presi\u00f3n y determinar\u00e1 si el reacondicionamiento o reemplazo ser\u00e1 m\u00e1s rentable. Sabemos que el tiempo de inactividad en la industria de procesamiento de alimentos es costoso. Por eso...\" \/>\n<meta property=\"og:url\" content=\"https:\/\/www.marchantschmidt.com\/es\/product\/vms_division-es\/evaluating-your-lubricators-pumps\/\" \/>\n<meta property=\"og:site_name\" content=\"Marchant Schmidt\" \/>\n<meta property=\"article:modified_time\" content=\"2021-04-12T20:41:52+00:00\" \/>\n<meta property=\"og:image\" content=\"https:\/\/www.marchantschmidt.com\/wp-content\/uploads\/2021\/03\/5-08_square-2.jpg\" \/>\n\t<meta property=\"og:image:width\" content=\"600\" \/>\n\t<meta property=\"og:image:height\" content=\"600\" \/>\n\t<meta property=\"og:image:type\" content=\"image\/jpeg\" \/>\n<meta name=\"twitter:card\" content=\"summary_large_image\" \/>\n<meta name=\"twitter:label1\" content=\"Tiempo de lectura\" \/>\n\t<meta name=\"twitter:data1\" content=\"1 minuto\" \/>\n<!-- \/ Yoast SEO plugin. -->","yoast_head_json":{"title":"Evaluando su bomba de Lubricante - Marchant Schmidt","robots":{"index":"index","follow":"follow","max-snippet":"max-snippet:-1","max-image-preview":"max-image-preview:large","max-video-preview":"max-video-preview:-1"},"canonical":"https:\/\/www.marchantschmidt.com\/es\/product\/vms_division-es\/evaluating-your-lubricators-pumps\/","og_locale":"es_MX","og_type":"article","og_title":"Evaluando su bomba de Lubricante - Marchant Schmidt","og_description":"Cont\u00e1ctenos para una evaluaci\u00f3n de sus lubricadores \/ bombas y env\u00edenos su lubricador y bomba. Nuestro personal capacitado en f\u00e1brica evaluar\u00e1 la condici\u00f3n con una prueba de presi\u00f3n y determinar\u00e1 si el reacondicionamiento o reemplazo ser\u00e1 m\u00e1s rentable. Sabemos que el tiempo de inactividad en la industria de procesamiento de alimentos es costoso. Por eso...","og_url":"https:\/\/www.marchantschmidt.com\/es\/product\/vms_division-es\/evaluating-your-lubricators-pumps\/","og_site_name":"Marchant Schmidt","article_modified_time":"2021-04-12T20:41:52+00:00","og_image":[{"width":600,"height":600,"url":"https:\/\/www.marchantschmidt.com\/wp-content\/uploads\/2021\/03\/5-08_square-2.jpg","type":"image\/jpeg"}],"twitter_card":"summary_large_image","twitter_misc":{"Tiempo de lectura":"1 minuto"},"schema":{"@context":"https:\/\/schema.org","@graph":[{"@type":"WebPage","@id":"https:\/\/www.marchantschmidt.com\/es\/product\/vms_division-es\/evaluating-your-lubricators-pumps\/","url":"https:\/\/www.marchantschmidt.com\/es\/product\/vms_division-es\/evaluating-your-lubricators-pumps\/","name":"Evaluando su bomba de Lubricante - Marchant Schmidt","isPartOf":{"@id":"https:\/\/www.marchantschmidt.com\/#website"},"primaryImageOfPage":{"@id":"https:\/\/www.marchantschmidt.com\/es\/product\/vms_division-es\/evaluating-your-lubricators-pumps\/#primaryimage"},"image":{"@id":"https:\/\/www.marchantschmidt.com\/es\/product\/vms_division-es\/evaluating-your-lubricators-pumps\/#primaryimage"},"thumbnailUrl":"https:\/\/www.marchantschmidt.com\/wp-content\/uploads\/2021\/03\/5-08_square-2.jpg","datePublished":"2021-03-09T20:29:33+00:00","dateModified":"2021-04-12T20:41:52+00:00","breadcrumb":{"@id":"https:\/\/www.marchantschmidt.com\/es\/product\/vms_division-es\/evaluating-your-lubricators-pumps\/#breadcrumb"},"inLanguage":"es","potentialAction":[{"@type":"ReadAction","target":["https:\/\/www.marchantschmidt.com\/es\/product\/vms_division-es\/evaluating-your-lubricators-pumps\/"]}]},{"@type":"ImageObject","inLanguage":"es","@id":"https:\/\/www.marchantschmidt.com\/es\/product\/vms_division-es\/evaluating-your-lubricators-pumps\/#primaryimage","url":"https:\/\/www.marchantschmidt.com\/wp-content\/uploads\/2021\/03\/5-08_square-2.jpg","contentUrl":"https:\/\/www.marchantschmidt.com\/wp-content\/uploads\/2021\/03\/5-08_square-2.jpg","width":600,"height":600,"caption":"marchant schmidt is a graco, manzel and trabon distributor located in the united states and the united kingdom"},{"@type":"BreadcrumbList","@id":"https:\/\/www.marchantschmidt.com\/es\/product\/vms_division-es\/evaluating-your-lubricators-pumps\/#breadcrumb","itemListElement":[{"@type":"ListItem","position":1,"name":"Home","item":"https:\/\/www.marchantschmidt.com\/es\/"},{"@type":"ListItem","position":2,"name":"Shop","item":"https:\/\/www.marchantschmidt.com\/?page_id=2232"},{"@type":"ListItem","position":3,"name":"Evaluando su bomba de Lubricante"}]},{"@type":"WebSite","@id":"https:\/\/www.marchantschmidt.com\/#website","url":"https:\/\/www.marchantschmidt.com\/","name":"Marchant Schmidt","description":"","publisher":{"@id":"https:\/\/www.marchantschmidt.com\/#organization"},"potentialAction":[{"@type":"SearchAction","target":{"@type":"EntryPoint","urlTemplate":"https:\/\/www.marchantschmidt.com\/?s={search_term_string}"},"query-input":{"@type":"PropertyValueSpecification","valueRequired":true,"valueName":"search_term_string"}}],"inLanguage":"es"},{"@type":"Organization","@id":"https:\/\/www.marchantschmidt.com\/#organization","name":"Marchant Schmidt, Inc.","url":"https:\/\/www.marchantschmidt.com\/","logo":{"@type":"ImageObject","inLanguage":"es","@id":"https:\/\/www.marchantschmidt.com\/#\/schema\/logo\/image\/","url":"https:\/\/www.marchantschmidt.com\/wp-content\/uploads\/2019\/08\/Marchant-Schmidt-Logo-Revised.png","contentUrl":"https:\/\/www.marchantschmidt.com\/wp-content\/uploads\/2019\/08\/Marchant-Schmidt-Logo-Revised.png","width":701,"height":117,"caption":"Marchant Schmidt, Inc."},"image":{"@id":"https:\/\/www.marchantschmidt.com\/#\/schema\/logo\/image\/"}}]}},"_links":{"self":[{"href":"https:\/\/www.marchantschmidt.com\/es\/wp-json\/wp\/v2\/product\/6587","targetHints":{"allow":["GET"]}}],"collection":[{"href":"https:\/\/www.marchantschmidt.com\/es\/wp-json\/wp\/v2\/product"}],"about":[{"href":"https:\/\/www.marchantschmidt.com\/es\/wp-json\/wp\/v2\/types\/product"}],"wp:featuredmedia":[{"embeddable":true,"href":"https:\/\/www.marchantschmidt.com\/es\/wp-json\/wp\/v2\/media\/6029"}],"wp:attachment":[{"href":"https:\/\/www.marchantschmidt.com\/es\/wp-json\/wp\/v2\/media?parent=6587"}],"wp:term":[{"taxonomy":"product_brand","embeddable":true,"href":"https:\/\/www.marchantschmidt.com\/es\/wp-json\/wp\/v2\/product_brand?post=6587"},{"taxonomy":"product_cat","embeddable":true,"href":"https:\/\/www.marchantschmidt.com\/es\/wp-json\/wp\/v2\/product_cat?post=6587"},{"taxonomy":"product_tag","embeddable":true,"href":"https:\/\/www.marchantschmidt.com\/es\/wp-json\/wp\/v2\/product_tag?post=6587"}],"curies":[{"name":"wp","href":"https:\/\/api.w.org\/{rel}","templated":true}]}}