{"id":6597,"date":"2021-03-19T15:20:30","date_gmt":"2021-04-13T15:11:37","guid":{"rendered":"https:\/\/www.marchantschmidt.com\/?post_type=product&#038;p=6597"},"modified":"2021-04-13T16:21:09","modified_gmt":"2021-04-13T16:21:09","slug":"tunel-de-contencion-de-ruido-de-cuchilla-de-aire-agua","status":"publish","type":"product","link":"https:\/\/www.marchantschmidt.com\/es\/product\/vms_division-es\/tunel-de-contencion-de-ruido-de-cuchilla-de-aire-agua\/","title":{"rendered":"T\u00fanel de Contenci\u00f3n de Ruido de Cuchilla de Aire &#8211; Agua"},"content":{"rendered":"<p>Los t\u00faneles de cuchilla de aire SMART de Sonic para la contenci\u00f3n de la humedad y el ruido est\u00e1n disponibles en secciones modulares de 24 pulgadas de largo.  Con las secciones modulares, un sistema de t\u00faneles se puede ampliar a cualquier longitud necesaria.<\/p>\n<p>Se encuentran disponibles paneles intercambiables que combinan con la forma y el tama\u00f1o del contenedor para las aberturas de entrada y salida. Estos paneles f\u00e1ciles de quitar garantizan que la humedad y el ruido se contengan cuando cambia la forma del recipiente en la l\u00ednea.<\/p>\n<p>Con las cubiertas y los paneles de entrada \/ salida con forma de contenedor en su lugar, el ruido de la cuchilla de aire se puede reducir a tan solo 75 dB, muy por debajo del nivel de OSHA que requiere protecci\u00f3n auditiva. Los t\u00faneles Sonic SMART tambi\u00e9n est\u00e1n dise\u00f1ados con bandejas colectoras y l\u00edneas de drenaje para eliminar el l\u00edquido expulsado.<\/p>\n","protected":false},"excerpt":{"rendered":"Los t\u00faneles de cuchilla de aire SMART de Sonic para la contenci\u00f3n de la humedad y el ruido est\u00e1n disponibles en secciones modulares de 24 pulgadas de largo. Con las secciones modulares, un sistema de t\u00faneles se puede ampliar a cualquier longitud necesaria. Se encuentran disponibles paneles intercambiables que combinan con la forma y el&#8230; ","protected":false},"featured_media":6236,"template":"","meta":{"_acf_changed":false},"product_brand":[],"product_cat":[198],"product_tag":[],"class_list":{"0":"post-6597","1":"product","2":"type-product","3":"status-publish","4":"has-post-thumbnail","6":"product_cat-vms_division-es","8":"first","9":"instock","10":"shipping-taxable","11":"product-type-simple"},"acf":[],"yoast_head":"<!-- This site is optimized with the Yoast SEO plugin v27.2 - https:\/\/yoast.com\/product\/yoast-seo-wordpress\/ -->\n<title>T\u00fanel de Contenci\u00f3n de Ruido de Cuchilla de Aire - Agua - Marchant Schmidt<\/title>\n<meta name=\"robots\" content=\"index, follow, max-snippet:-1, max-image-preview:large, max-video-preview:-1\" \/>\n<link rel=\"canonical\" href=\"https:\/\/www.marchantschmidt.com\/es\/product\/vms_division\/tunel-de-contencion-de-ruido-de-cuchilla-de-aire-agua\/\" \/>\n<meta property=\"og:locale\" content=\"es_MX\" \/>\n<meta property=\"og:type\" content=\"article\" \/>\n<meta property=\"og:title\" content=\"T\u00fanel de Contenci\u00f3n de Ruido de Cuchilla de Aire - Agua - Marchant Schmidt\" \/>\n<meta property=\"og:description\" content=\"Los t\u00faneles de cuchilla de aire SMART de Sonic para la contenci\u00f3n de la humedad y el ruido est\u00e1n disponibles en secciones modulares de 24 pulgadas de largo. Con las secciones modulares, un sistema de t\u00faneles se puede ampliar a cualquier longitud necesaria. Se encuentran disponibles paneles intercambiables que combinan con la forma y el...\" \/>\n<meta property=\"og:url\" content=\"https:\/\/www.marchantschmidt.com\/es\/product\/vms_division\/tunel-de-contencion-de-ruido-de-cuchilla-de-aire-agua\/\" \/>\n<meta property=\"og:site_name\" content=\"Marchant Schmidt\" \/>\n<meta property=\"article:modified_time\" content=\"2021-04-13T16:21:09+00:00\" \/>\n<meta property=\"og:image\" content=\"https:\/\/www.marchantschmidt.com\/wp-content\/uploads\/2021\/03\/8-04-sonic_horizontal.jpg\" \/>\n\t<meta property=\"og:image:width\" content=\"2312\" \/>\n\t<meta property=\"og:image:height\" content=\"1536\" \/>\n\t<meta property=\"og:image:type\" content=\"image\/jpeg\" \/>\n<meta name=\"twitter:card\" content=\"summary_large_image\" \/>\n<meta name=\"twitter:label1\" content=\"Tiempo de lectura\" \/>\n\t<meta name=\"twitter:data1\" content=\"1 minuto\" \/>\n<!-- \/ Yoast SEO plugin. -->","yoast_head_json":{"title":"T\u00fanel de Contenci\u00f3n de Ruido de Cuchilla de Aire - Agua - Marchant Schmidt","robots":{"index":"index","follow":"follow","max-snippet":"max-snippet:-1","max-image-preview":"max-image-preview:large","max-video-preview":"max-video-preview:-1"},"canonical":"https:\/\/www.marchantschmidt.com\/es\/product\/vms_division\/tunel-de-contencion-de-ruido-de-cuchilla-de-aire-agua\/","og_locale":"es_MX","og_type":"article","og_title":"T\u00fanel de Contenci\u00f3n de Ruido de Cuchilla de Aire - Agua - Marchant Schmidt","og_description":"Los t\u00faneles de cuchilla de aire SMART de Sonic para la contenci\u00f3n de la humedad y el ruido est\u00e1n disponibles en secciones modulares de 24 pulgadas de largo. Con las secciones modulares, un sistema de t\u00faneles se puede ampliar a cualquier longitud necesaria. Se encuentran disponibles paneles intercambiables que combinan con la forma y el...","og_url":"https:\/\/www.marchantschmidt.com\/es\/product\/vms_division\/tunel-de-contencion-de-ruido-de-cuchilla-de-aire-agua\/","og_site_name":"Marchant Schmidt","article_modified_time":"2021-04-13T16:21:09+00:00","og_image":[{"width":2312,"height":1536,"url":"https:\/\/www.marchantschmidt.com\/wp-content\/uploads\/2021\/03\/8-04-sonic_horizontal.jpg","type":"image\/jpeg"}],"twitter_card":"summary_large_image","twitter_misc":{"Tiempo de lectura":"1 minuto"},"schema":{"@context":"https:\/\/schema.org","@graph":[{"@type":"WebPage","@id":"https:\/\/www.marchantschmidt.com\/es\/product\/vms_division\/tunel-de-contencion-de-ruido-de-cuchilla-de-aire-agua\/","url":"https:\/\/www.marchantschmidt.com\/es\/product\/vms_division\/tunel-de-contencion-de-ruido-de-cuchilla-de-aire-agua\/","name":"T\u00fanel de Contenci\u00f3n de Ruido de Cuchilla de Aire - Agua - Marchant Schmidt","isPartOf":{"@id":"https:\/\/www.marchantschmidt.com\/#website"},"primaryImageOfPage":{"@id":"https:\/\/www.marchantschmidt.com\/es\/product\/vms_division\/tunel-de-contencion-de-ruido-de-cuchilla-de-aire-agua\/#primaryimage"},"image":{"@id":"https:\/\/www.marchantschmidt.com\/es\/product\/vms_division\/tunel-de-contencion-de-ruido-de-cuchilla-de-aire-agua\/#primaryimage"},"thumbnailUrl":"https:\/\/www.marchantschmidt.com\/wp-content\/uploads\/2021\/03\/8-04-sonic_horizontal.jpg","datePublished":"2021-04-13T15:11:37+00:00","dateModified":"2021-04-13T16:21:09+00:00","breadcrumb":{"@id":"https:\/\/www.marchantschmidt.com\/es\/product\/vms_division\/tunel-de-contencion-de-ruido-de-cuchilla-de-aire-agua\/#breadcrumb"},"inLanguage":"es","potentialAction":[{"@type":"ReadAction","target":["https:\/\/www.marchantschmidt.com\/es\/product\/vms_division\/tunel-de-contencion-de-ruido-de-cuchilla-de-aire-agua\/"]}]},{"@type":"ImageObject","inLanguage":"es","@id":"https:\/\/www.marchantschmidt.com\/es\/product\/vms_division\/tunel-de-contencion-de-ruido-de-cuchilla-de-aire-agua\/#primaryimage","url":"https:\/\/www.marchantschmidt.com\/wp-content\/uploads\/2021\/03\/8-04-sonic_horizontal.jpg","contentUrl":"https:\/\/www.marchantschmidt.com\/wp-content\/uploads\/2021\/03\/8-04-sonic_horizontal.jpg","width":2312,"height":1536,"caption":"sonic smart air knife tunnel"},{"@type":"BreadcrumbList","@id":"https:\/\/www.marchantschmidt.com\/es\/product\/vms_division\/tunel-de-contencion-de-ruido-de-cuchilla-de-aire-agua\/#breadcrumb","itemListElement":[{"@type":"ListItem","position":1,"name":"Home","item":"https:\/\/www.marchantschmidt.com\/es\/"},{"@type":"ListItem","position":2,"name":"Shop","item":"https:\/\/www.marchantschmidt.com\/?page_id=2232"},{"@type":"ListItem","position":3,"name":"T\u00fanel de Contenci\u00f3n de Ruido de Cuchilla de Aire &#8211; Agua"}]},{"@type":"WebSite","@id":"https:\/\/www.marchantschmidt.com\/#website","url":"https:\/\/www.marchantschmidt.com\/","name":"Marchant Schmidt","description":"","publisher":{"@id":"https:\/\/www.marchantschmidt.com\/#organization"},"potentialAction":[{"@type":"SearchAction","target":{"@type":"EntryPoint","urlTemplate":"https:\/\/www.marchantschmidt.com\/?s={search_term_string}"},"query-input":{"@type":"PropertyValueSpecification","valueRequired":true,"valueName":"search_term_string"}}],"inLanguage":"es"},{"@type":"Organization","@id":"https:\/\/www.marchantschmidt.com\/#organization","name":"Marchant Schmidt, Inc.","url":"https:\/\/www.marchantschmidt.com\/","logo":{"@type":"ImageObject","inLanguage":"es","@id":"https:\/\/www.marchantschmidt.com\/#\/schema\/logo\/image\/","url":"https:\/\/www.marchantschmidt.com\/wp-content\/uploads\/2019\/08\/Marchant-Schmidt-Logo-Revised.png","contentUrl":"https:\/\/www.marchantschmidt.com\/wp-content\/uploads\/2019\/08\/Marchant-Schmidt-Logo-Revised.png","width":701,"height":117,"caption":"Marchant Schmidt, Inc."},"image":{"@id":"https:\/\/www.marchantschmidt.com\/#\/schema\/logo\/image\/"}}]}},"_links":{"self":[{"href":"https:\/\/www.marchantschmidt.com\/es\/wp-json\/wp\/v2\/product\/6597","targetHints":{"allow":["GET"]}}],"collection":[{"href":"https:\/\/www.marchantschmidt.com\/es\/wp-json\/wp\/v2\/product"}],"about":[{"href":"https:\/\/www.marchantschmidt.com\/es\/wp-json\/wp\/v2\/types\/product"}],"wp:featuredmedia":[{"embeddable":true,"href":"https:\/\/www.marchantschmidt.com\/es\/wp-json\/wp\/v2\/media\/6236"}],"wp:attachment":[{"href":"https:\/\/www.marchantschmidt.com\/es\/wp-json\/wp\/v2\/media?parent=6597"}],"wp:term":[{"taxonomy":"product_brand","embeddable":true,"href":"https:\/\/www.marchantschmidt.com\/es\/wp-json\/wp\/v2\/product_brand?post=6597"},{"taxonomy":"product_cat","embeddable":true,"href":"https:\/\/www.marchantschmidt.com\/es\/wp-json\/wp\/v2\/product_cat?post=6597"},{"taxonomy":"product_tag","embeddable":true,"href":"https:\/\/www.marchantschmidt.com\/es\/wp-json\/wp\/v2\/product_tag?post=6597"}],"curies":[{"name":"wp","href":"https:\/\/api.w.org\/{rel}","templated":true}]}}