{"id":6606,"date":"2021-03-19T15:02:13","date_gmt":"2021-04-13T16:15:15","guid":{"rendered":"https:\/\/www.marchantschmidt.com\/?post_type=product&#038;p=6606"},"modified":"2021-04-13T16:17:39","modified_gmt":"2021-04-13T16:17:39","slug":"secado-de-botellas-latas","status":"publish","type":"product","link":"https:\/\/www.marchantschmidt.com\/es\/product\/vms_division-es\/secado-de-botellas-latas\/","title":{"rendered":"Secado de Botellas \/ Latas"},"content":{"rendered":"<p>La aplicaci\u00f3n m\u00e1s com\u00fan de los sistemas de cuchillas de aire accionados por soplador Sonic es el secado de botellas y latas en las industrias de alimentos, l\u00e1cteos y bebidas. Los desaf\u00edos vienen en forma de limpieza de contenedores, eliminaci\u00f3n \/ eliminaci\u00f3n de humedad y contenci\u00f3n de ruido.<\/p>\n<p>La limpieza de los contenedores es muy importante. Para garantizar que todas las botellas y latas est\u00e9n libres de residuos que puedan haber entrado en el contenedor desde el principio de la l\u00ednea, se fabrican cuchillas de aire tipo peine especialmente dise\u00f1adas con una barra ionizadora s\u00f3nica opcional para realizar esta tarea. Esto se logra dirigiendo aire ionizado de \u201cliberaci\u00f3n de polvo y escombros\u201d a alta velocidad hacia el contenedor sin llenar.<\/p>\n","protected":false},"excerpt":{"rendered":"La aplicaci\u00f3n m\u00e1s com\u00fan de los sistemas de cuchillas de aire accionados por soplador Sonic es el secado de botellas y latas en las industrias de alimentos, l\u00e1cteos y bebidas. Los desaf\u00edos vienen en forma de limpieza de contenedores, eliminaci\u00f3n \/ eliminaci\u00f3n de humedad y contenci\u00f3n de ruido. La limpieza de los contenedores es muy&#8230; ","protected":false},"featured_media":6232,"template":"","meta":{"_acf_changed":false},"product_brand":[],"product_cat":[198],"product_tag":[],"class_list":{"0":"post-6606","1":"product","2":"type-product","3":"status-publish","4":"has-post-thumbnail","6":"product_cat-vms_division-es","8":"first","9":"instock","10":"shipping-taxable","11":"product-type-simple"},"acf":[],"yoast_head":"<!-- This site is optimized with the Yoast SEO plugin v27.2 - https:\/\/yoast.com\/product\/yoast-seo-wordpress\/ -->\n<title>Secado de Botellas \/ Latas - Marchant Schmidt<\/title>\n<meta name=\"robots\" content=\"index, follow, max-snippet:-1, max-image-preview:large, max-video-preview:-1\" \/>\n<link rel=\"canonical\" href=\"https:\/\/www.marchantschmidt.com\/es\/product\/vms_division-es\/secado-de-botellas-latas\/\" \/>\n<meta property=\"og:locale\" content=\"es_MX\" \/>\n<meta property=\"og:type\" content=\"article\" \/>\n<meta property=\"og:title\" content=\"Secado de Botellas \/ Latas - Marchant Schmidt\" \/>\n<meta property=\"og:description\" content=\"La aplicaci\u00f3n m\u00e1s com\u00fan de los sistemas de cuchillas de aire accionados por soplador Sonic es el secado de botellas y latas en las industrias de alimentos, l\u00e1cteos y bebidas. Los desaf\u00edos vienen en forma de limpieza de contenedores, eliminaci\u00f3n \/ eliminaci\u00f3n de humedad y contenci\u00f3n de ruido. La limpieza de los contenedores es muy...\" \/>\n<meta property=\"og:url\" content=\"https:\/\/www.marchantschmidt.com\/es\/product\/vms_division-es\/secado-de-botellas-latas\/\" \/>\n<meta property=\"og:site_name\" content=\"Marchant Schmidt\" \/>\n<meta property=\"article:modified_time\" content=\"2021-04-13T16:17:39+00:00\" \/>\n<meta property=\"og:image\" content=\"https:\/\/www.marchantschmidt.com\/wp-content\/uploads\/2021\/03\/8-03-sonic_horizontal.jpg\" \/>\n\t<meta property=\"og:image:width\" content=\"2312\" \/>\n\t<meta property=\"og:image:height\" content=\"1536\" \/>\n\t<meta property=\"og:image:type\" content=\"image\/jpeg\" \/>\n<meta name=\"twitter:card\" content=\"summary_large_image\" \/>\n<meta name=\"twitter:label1\" content=\"Tiempo de lectura\" \/>\n\t<meta name=\"twitter:data1\" content=\"1 minuto\" \/>\n<!-- \/ Yoast SEO plugin. -->","yoast_head_json":{"title":"Secado de Botellas \/ Latas - Marchant Schmidt","robots":{"index":"index","follow":"follow","max-snippet":"max-snippet:-1","max-image-preview":"max-image-preview:large","max-video-preview":"max-video-preview:-1"},"canonical":"https:\/\/www.marchantschmidt.com\/es\/product\/vms_division-es\/secado-de-botellas-latas\/","og_locale":"es_MX","og_type":"article","og_title":"Secado de Botellas \/ Latas - Marchant Schmidt","og_description":"La aplicaci\u00f3n m\u00e1s com\u00fan de los sistemas de cuchillas de aire accionados por soplador Sonic es el secado de botellas y latas en las industrias de alimentos, l\u00e1cteos y bebidas. Los desaf\u00edos vienen en forma de limpieza de contenedores, eliminaci\u00f3n \/ eliminaci\u00f3n de humedad y contenci\u00f3n de ruido. La limpieza de los contenedores es muy...","og_url":"https:\/\/www.marchantschmidt.com\/es\/product\/vms_division-es\/secado-de-botellas-latas\/","og_site_name":"Marchant Schmidt","article_modified_time":"2021-04-13T16:17:39+00:00","og_image":[{"width":2312,"height":1536,"url":"https:\/\/www.marchantschmidt.com\/wp-content\/uploads\/2021\/03\/8-03-sonic_horizontal.jpg","type":"image\/jpeg"}],"twitter_card":"summary_large_image","twitter_misc":{"Tiempo de lectura":"1 minuto"},"schema":{"@context":"https:\/\/schema.org","@graph":[{"@type":"WebPage","@id":"https:\/\/www.marchantschmidt.com\/es\/product\/vms_division-es\/secado-de-botellas-latas\/","url":"https:\/\/www.marchantschmidt.com\/es\/product\/vms_division-es\/secado-de-botellas-latas\/","name":"Secado de Botellas \/ Latas - Marchant Schmidt","isPartOf":{"@id":"https:\/\/www.marchantschmidt.com\/#website"},"primaryImageOfPage":{"@id":"https:\/\/www.marchantschmidt.com\/es\/product\/vms_division-es\/secado-de-botellas-latas\/#primaryimage"},"image":{"@id":"https:\/\/www.marchantschmidt.com\/es\/product\/vms_division-es\/secado-de-botellas-latas\/#primaryimage"},"thumbnailUrl":"https:\/\/www.marchantschmidt.com\/wp-content\/uploads\/2021\/03\/8-03-sonic_horizontal.jpg","datePublished":"2021-04-13T16:15:15+00:00","dateModified":"2021-04-13T16:17:39+00:00","breadcrumb":{"@id":"https:\/\/www.marchantschmidt.com\/es\/product\/vms_division-es\/secado-de-botellas-latas\/#breadcrumb"},"inLanguage":"es","potentialAction":[{"@type":"ReadAction","target":["https:\/\/www.marchantschmidt.com\/es\/product\/vms_division-es\/secado-de-botellas-latas\/"]}]},{"@type":"ImageObject","inLanguage":"es","@id":"https:\/\/www.marchantschmidt.com\/es\/product\/vms_division-es\/secado-de-botellas-latas\/#primaryimage","url":"https:\/\/www.marchantschmidt.com\/wp-content\/uploads\/2021\/03\/8-03-sonic_horizontal.jpg","contentUrl":"https:\/\/www.marchantschmidt.com\/wp-content\/uploads\/2021\/03\/8-03-sonic_horizontal.jpg","width":2312,"height":1536,"caption":"bottle drying air knife system, can drying air knife system"},{"@type":"BreadcrumbList","@id":"https:\/\/www.marchantschmidt.com\/es\/product\/vms_division-es\/secado-de-botellas-latas\/#breadcrumb","itemListElement":[{"@type":"ListItem","position":1,"name":"Home","item":"https:\/\/www.marchantschmidt.com\/es\/"},{"@type":"ListItem","position":2,"name":"Shop","item":"https:\/\/www.marchantschmidt.com\/?page_id=2232"},{"@type":"ListItem","position":3,"name":"Secado de Botellas \/ Latas"}]},{"@type":"WebSite","@id":"https:\/\/www.marchantschmidt.com\/#website","url":"https:\/\/www.marchantschmidt.com\/","name":"Marchant Schmidt","description":"","publisher":{"@id":"https:\/\/www.marchantschmidt.com\/#organization"},"potentialAction":[{"@type":"SearchAction","target":{"@type":"EntryPoint","urlTemplate":"https:\/\/www.marchantschmidt.com\/?s={search_term_string}"},"query-input":{"@type":"PropertyValueSpecification","valueRequired":true,"valueName":"search_term_string"}}],"inLanguage":"es"},{"@type":"Organization","@id":"https:\/\/www.marchantschmidt.com\/#organization","name":"Marchant Schmidt, Inc.","url":"https:\/\/www.marchantschmidt.com\/","logo":{"@type":"ImageObject","inLanguage":"es","@id":"https:\/\/www.marchantschmidt.com\/#\/schema\/logo\/image\/","url":"https:\/\/www.marchantschmidt.com\/wp-content\/uploads\/2019\/08\/Marchant-Schmidt-Logo-Revised.png","contentUrl":"https:\/\/www.marchantschmidt.com\/wp-content\/uploads\/2019\/08\/Marchant-Schmidt-Logo-Revised.png","width":701,"height":117,"caption":"Marchant Schmidt, Inc."},"image":{"@id":"https:\/\/www.marchantschmidt.com\/#\/schema\/logo\/image\/"}}]}},"_links":{"self":[{"href":"https:\/\/www.marchantschmidt.com\/es\/wp-json\/wp\/v2\/product\/6606","targetHints":{"allow":["GET"]}}],"collection":[{"href":"https:\/\/www.marchantschmidt.com\/es\/wp-json\/wp\/v2\/product"}],"about":[{"href":"https:\/\/www.marchantschmidt.com\/es\/wp-json\/wp\/v2\/types\/product"}],"wp:featuredmedia":[{"embeddable":true,"href":"https:\/\/www.marchantschmidt.com\/es\/wp-json\/wp\/v2\/media\/6232"}],"wp:attachment":[{"href":"https:\/\/www.marchantschmidt.com\/es\/wp-json\/wp\/v2\/media?parent=6606"}],"wp:term":[{"taxonomy":"product_brand","embeddable":true,"href":"https:\/\/www.marchantschmidt.com\/es\/wp-json\/wp\/v2\/product_brand?post=6606"},{"taxonomy":"product_cat","embeddable":true,"href":"https:\/\/www.marchantschmidt.com\/es\/wp-json\/wp\/v2\/product_cat?post=6606"},{"taxonomy":"product_tag","embeddable":true,"href":"https:\/\/www.marchantschmidt.com\/es\/wp-json\/wp\/v2\/product_tag?post=6606"}],"curies":[{"name":"wp","href":"https:\/\/api.w.org\/{rel}","templated":true}]}}